{"id":50569,"date":"2024-03-15T00:15:32","date_gmt":"2024-03-14T23:15:32","guid":{"rendered":"https:\/\/www.fiorentini-iberia.com\/experiencia\/hidrogeno\/straubing\/"},"modified":"2024-03-15T18:58:25","modified_gmt":"2024-03-15T17:58:25","slug":"straubing","status":"publish","type":"page","link":"https:\/\/www.fiorentini-iberia.com\/es\/experiencia\/hidrogeno\/straubing\/","title":{"rendered":"STRAUBING"},"content":{"rendered":"\n<p class=\"has-text-color has-link-color wp-elements-177511d0cfa0729a1f9fa9c73fcf68d5\" style=\"color:#199782;font-size:24px\"><strong>LAS REINAS DE LAS ENERG\u00cdAS RENOVABLES CONQUISTAN ALEMANIA: COMIENZAN LAS OBRAS DE LA PLANTA PILOTO DE STRAUBING<\/strong><\/p>\n\n\n\n<div style=\"height:35px\" aria-hidden=\"true\" class=\"wp-block-spacer\"><\/div>\n\n\n\n<figure class=\"wp-block-image size-full is-resized\"><img loading=\"lazy\" decoding=\"async\" width=\"991\" height=\"495\" src=\"https:\/\/www.fiorentini-iberia.com\/wp-content\/uploads\/2024\/03\/MicroPyrosBioEnerTecHyterBiokompPietroFiorentini_BiomethanationPlantStraubing.png\" alt=\"\" class=\"wp-image-50430\" style=\"width:1031px;height:auto\" srcset=\"https:\/\/www.fiorentini-iberia.com\/wp-content\/uploads\/2024\/03\/MicroPyrosBioEnerTecHyterBiokompPietroFiorentini_BiomethanationPlantStraubing.png 991w, https:\/\/www.fiorentini-iberia.com\/wp-content\/uploads\/2024\/03\/MicroPyrosBioEnerTecHyterBiokompPietroFiorentini_BiomethanationPlantStraubing-300x150.png 300w, https:\/\/www.fiorentini-iberia.com\/wp-content\/uploads\/2024\/03\/MicroPyrosBioEnerTecHyterBiokompPietroFiorentini_BiomethanationPlantStraubing-768x384.png 768w\" sizes=\"auto, (max-width: 991px) 100vw, 991px\" \/><\/figure>\n\n\n\n<div style=\"height:54px\" aria-hidden=\"true\" class=\"wp-block-spacer\"><\/div>\n\n\n\n<p>El 28 de julio de 2022 se iniciaron en la&nbsp;<strong>planta de tratamiento de aguas residuales de Straubing<\/strong>&nbsp;(Alemania) las obras de instalaci\u00f3n de una soluci\u00f3n espec\u00edfica de&nbsp;<a href=\"https:\/\/www.fiorentini-iberia.com\/es\/grupo-pietro-fiorentini\/companias-y-marcas-grupo-pf\/#micropyros\"><strong>MicroPyros<\/strong>&nbsp;<strong>BioEnerTec<\/strong><\/a>,&nbsp;<a href=\"https:\/\/www.fiorentini-iberia.com\/es\/grupo-pietro-fiorentini\/companias-y-marcas-grupo-pf\/#hyter\"><strong>Hyter<\/strong><\/a>,&nbsp;<strong><a href=\"https:\/\/www.fiorentini-iberia.com\/es\/grupo-pietro-fiorentini\/companias-y-marcas-grupo-pf\/#biokomp\">Biokomp<\/a><\/strong>&nbsp;y&nbsp;<strong>Pietro Fiorentini<\/strong>&nbsp;para investigar y experimentar procesos de biometanizaci\u00f3n a partir de diversas fuentes, en particular biog\u00e1s y gas de s\u00edntesis.<\/p>\n\n\n\n<p>Todas las empresas implicadas en el dise\u00f1o, construcci\u00f3n e instalaci\u00f3n del proyecto forman parte del&nbsp;<a href=\"https:\/\/www.fiorentini-iberia.com\/es\/grupo-pietro-fiorentini\/companias-y-marcas-grupo-pf\/\"><strong>Grupo Pietro Fiorentini<\/strong><\/a>, principal promotor de un&nbsp;<strong>sistema de investigaci\u00f3n y experimentaci\u00f3n de biometanizaci\u00f3n<\/strong>&nbsp;\u00fanico en toda Europa, gracias al cual ser\u00e1 posible crear mezclas de gases in situ y contar con la alimentaci\u00f3n directa de biog\u00e1s procedente de los digestores de la depuradora.<\/p>\n\n\n\n<p>Cada empresa aporta su propia contribuci\u00f3n. La&nbsp;<strong>pila electrol\u00edtica con tecnolog\u00eda de electrolizador de agua con membrana de intercambio ani\u00f3nico (AEMWE)<\/strong>&nbsp;para la conversi\u00f3n de energ\u00eda en gas ser\u00e1 suministrada por&nbsp;<strong>Hyter<\/strong>.<\/p>\n\n\n\n<p>&nbsp;<\/p>\n\n\n\n<p class=\"has-text-color has-link-color has-large-font-size wp-elements-4a9dafd60467451762d2c453c8471c9f\" style=\"color:#199782\"><strong>> <\/strong><a href=\"https:\/\/hyter.it\/en\/straubing\/?bk=1\" target=\"_blank\" rel=\"noreferrer noopener\"><strong>M\u00e1s informaci\u00f3n del proyecto.<\/strong><\/a><\/p>\n\n\n\n<div style=\"height:20px\" aria-hidden=\"true\" class=\"wp-block-spacer\"><\/div>\n\n\n\n<p class=\"has-text-color has-link-color has-large-font-size wp-elements-cb8fe8a54ffd1341b6e124845328fcec\" style=\"color:#199782\"><strong>><\/strong>  <strong><a href=\"https:\/\/www.fiorentini-iberia.com\/es\/noticias\/hyter-generacion-ecologica-de-hidrogeno-mediante-electrolisis\/\">Visite la noticia de presentaci\u00f3n HYTER.<\/a><\/strong><\/p>\n","protected":false},"excerpt":{"rendered":"<p>Las reinas de las energ\u00edas renovables conquistan Alemania: comienzan las obras de la planta piloto de Straubing.<br \/>\n\u00a0<br \/>\nEl 28 de julio de 2022 se iniciaron en la\u00a0planta de tratamiento de aguas residuales de Straubing\u00a0(Alemania) las obras de instalaci\u00f3n de una soluci\u00f3n espec\u00edfica de\u00a0MicroPyros\u00a0BioEnerTec,\u00a0Hyter,\u00a0Biokomp\u00a0y\u00a0Pietro Fiorentini\u00a0para investigar y experimentar procesos de biometanizaci\u00f3n a partir de diversas fuentes, en particular biog\u00e1s y gas de s\u00edntesis.<\/p>\n","protected":false},"author":15,"featured_media":0,"parent":48274,"menu_order":0,"comment_status":"closed","ping_status":"closed","template":"template-expertise-post.php","meta":{"_acf_changed":false,"inline_featured_image":false,"footnotes":""},"class_list":["post-50569","page","type-page","status-publish","hentry"],"acf":[],"yoast_head":"<!-- This site is optimized with the Yoast SEO plugin v27.2 - https:\/\/yoast.com\/product\/yoast-seo-wordpress\/ -->\n<title>STRAUBING - Pietro Fiorentini Iberia<\/title>\n<meta name=\"description\" content=\"Las reinas de las energ\u00edas renovables conquistan Alemania: comienzan las obras de la planta piloto de Straubing.\" \/>\n<meta name=\"robots\" content=\"index, follow, max-snippet:-1, max-image-preview:large, max-video-preview:-1\" \/>\n<link rel=\"canonical\" href=\"https:\/\/www.fiorentini-iberia.com\/es\/experiencia\/hidrogeno\/straubing\/\" \/>\n<meta property=\"og:locale\" content=\"es_ES\" \/>\n<meta property=\"og:type\" content=\"article\" \/>\n<meta property=\"og:title\" content=\"STRAUBING - Pietro Fiorentini Iberia\" \/>\n<meta property=\"og:description\" content=\"Las reinas de las energ\u00edas renovables conquistan Alemania: comienzan las obras de la planta piloto de Straubing.\" \/>\n<meta property=\"og:url\" content=\"https:\/\/www.fiorentini-iberia.com\/es\/experiencia\/hidrogeno\/straubing\/\" \/>\n<meta property=\"og:site_name\" content=\"Pietro Fiorentini Iberia\" \/>\n<meta property=\"article:modified_time\" content=\"2024-03-15T17:58:25+00:00\" \/>\n<meta property=\"og:image\" content=\"https:\/\/www.fiorentini-iberia.com\/wp-content\/uploads\/2024\/03\/MicroPyrosBioEnerTecHyterBiokompPietroFiorentini_BiomethanationPlantStraubing.png\" \/>\n<meta name=\"twitter:card\" content=\"summary_large_image\" \/>\n<meta name=\"twitter:site\" content=\"@FiorentiniSpa\" \/>\n<meta name=\"twitter:label1\" content=\"Tiempo de lectura\" \/>\n\t<meta name=\"twitter:data1\" content=\"1 minuto\" \/>\n<script type=\"application\/ld+json\" class=\"yoast-schema-graph\">{\"@context\":\"https:\/\/schema.org\",\"@graph\":[{\"@type\":\"WebPage\",\"@id\":\"https:\/\/www.fiorentini-iberia.com\/es\/experiencia\/hidrogeno\/straubing\/\",\"url\":\"https:\/\/www.fiorentini-iberia.com\/es\/experiencia\/hidrogeno\/straubing\/\",\"name\":\"STRAUBING - Pietro Fiorentini Iberia\",\"isPartOf\":{\"@id\":\"https:\/\/www.fiorentini-iberia.com\/es\/#website\"},\"primaryImageOfPage\":{\"@id\":\"https:\/\/www.fiorentini-iberia.com\/es\/experiencia\/hidrogeno\/straubing\/#primaryimage\"},\"image\":{\"@id\":\"https:\/\/www.fiorentini-iberia.com\/es\/experiencia\/hidrogeno\/straubing\/#primaryimage\"},\"thumbnailUrl\":\"https:\/\/www.fiorentini-iberia.com\/wp-content\/uploads\/2024\/03\/MicroPyrosBioEnerTecHyterBiokompPietroFiorentini_BiomethanationPlantStraubing.png\",\"datePublished\":\"2024-03-14T23:15:32+00:00\",\"dateModified\":\"2024-03-15T17:58:25+00:00\",\"description\":\"Las reinas de las energ\u00edas renovables conquistan Alemania: comienzan las obras de la planta piloto de Straubing.\",\"breadcrumb\":{\"@id\":\"https:\/\/www.fiorentini-iberia.com\/es\/experiencia\/hidrogeno\/straubing\/#breadcrumb\"},\"inLanguage\":\"es\",\"potentialAction\":[{\"@type\":\"ReadAction\",\"target\":[\"https:\/\/www.fiorentini-iberia.com\/es\/experiencia\/hidrogeno\/straubing\/\"]}]},{\"@type\":\"ImageObject\",\"inLanguage\":\"es\",\"@id\":\"https:\/\/www.fiorentini-iberia.com\/es\/experiencia\/hidrogeno\/straubing\/#primaryimage\",\"url\":\"https:\/\/www.fiorentini-iberia.com\/wp-content\/uploads\/2024\/03\/MicroPyrosBioEnerTecHyterBiokompPietroFiorentini_BiomethanationPlantStraubing.png\",\"contentUrl\":\"https:\/\/www.fiorentini-iberia.com\/wp-content\/uploads\/2024\/03\/MicroPyrosBioEnerTecHyterBiokompPietroFiorentini_BiomethanationPlantStraubing.png\"},{\"@type\":\"BreadcrumbList\",\"@id\":\"https:\/\/www.fiorentini-iberia.com\/es\/experiencia\/hidrogeno\/straubing\/#breadcrumb\",\"itemListElement\":[{\"@type\":\"ListItem\",\"position\":1,\"name\":\"Home\",\"item\":\"https:\/\/www.fiorentini-iberia.com\/es\/\"},{\"@type\":\"ListItem\",\"position\":2,\"name\":\"Experiencia\",\"item\":\"https:\/\/www.fiorentini-iberia.com\/es\/experiencia\/\"},{\"@type\":\"ListItem\",\"position\":3,\"name\":\"Hidr\u00f3geno\",\"item\":\"https:\/\/www.fiorentini-iberia.com\/es\/experiencia\/hidrogeno\/\"},{\"@type\":\"ListItem\",\"position\":4,\"name\":\"STRAUBING\"}]},{\"@type\":\"WebSite\",\"@id\":\"https:\/\/www.fiorentini-iberia.com\/es\/#website\",\"url\":\"https:\/\/www.fiorentini-iberia.com\/es\/\",\"name\":\"Pietro Fiorentini Iberia\",\"description\":\"Pietro Fiorentini dise\u00f1a y fabrica componentes, sistemas y servicios para la regulaci\u00f3n, medici\u00f3n, gesti\u00f3n de redes de agua, energ\u00edas renovables, petr\u00f3leo y el gas natural, con sistemas adaptados 100% al hidr\u00f3geno.\",\"publisher\":{\"@id\":\"https:\/\/www.fiorentini-iberia.com\/es\/#organization\"},\"potentialAction\":[{\"@type\":\"SearchAction\",\"target\":{\"@type\":\"EntryPoint\",\"urlTemplate\":\"https:\/\/www.fiorentini-iberia.com\/es\/?s={search_term_string}\"},\"query-input\":{\"@type\":\"PropertyValueSpecification\",\"valueRequired\":true,\"valueName\":\"search_term_string\"}}],\"inLanguage\":\"es\"},{\"@type\":\"Organization\",\"@id\":\"https:\/\/www.fiorentini-iberia.com\/es\/#organization\",\"name\":\"Pietro Fiorentini Iberia\",\"url\":\"https:\/\/www.fiorentini-iberia.com\/es\/\",\"logo\":{\"@type\":\"ImageObject\",\"inLanguage\":\"es\",\"@id\":\"https:\/\/www.fiorentini-iberia.com\/es\/#\/schema\/logo\/image\/\",\"url\":\"https:\/\/www.fiorentini-iberia.com\/wp-content\/uploads\/2020\/11\/logo.svg\",\"contentUrl\":\"https:\/\/www.fiorentini-iberia.com\/wp-content\/uploads\/2020\/11\/logo.svg\",\"width\":227,\"height\":59,\"caption\":\"Pietro Fiorentini Iberia\"},\"image\":{\"@id\":\"https:\/\/www.fiorentini-iberia.com\/es\/#\/schema\/logo\/image\/\"},\"sameAs\":[\"https:\/\/x.com\/FiorentiniSpa\",\"https:\/\/www.linkedin.com\/company\/pietro-fiorentini-iberia\/\"]}]}<\/script>\n<!-- \/ Yoast SEO plugin. -->","yoast_head_json":{"title":"STRAUBING - Pietro Fiorentini Iberia","description":"Las reinas de las energ\u00edas renovables conquistan Alemania: comienzan las obras de la planta piloto de Straubing.","robots":{"index":"index","follow":"follow","max-snippet":"max-snippet:-1","max-image-preview":"max-image-preview:large","max-video-preview":"max-video-preview:-1"},"canonical":"https:\/\/www.fiorentini-iberia.com\/es\/experiencia\/hidrogeno\/straubing\/","og_locale":"es_ES","og_type":"article","og_title":"STRAUBING - Pietro Fiorentini Iberia","og_description":"Las reinas de las energ\u00edas renovables conquistan Alemania: comienzan las obras de la planta piloto de Straubing.","og_url":"https:\/\/www.fiorentini-iberia.com\/es\/experiencia\/hidrogeno\/straubing\/","og_site_name":"Pietro Fiorentini Iberia","article_modified_time":"2024-03-15T17:58:25+00:00","og_image":[{"url":"https:\/\/www.fiorentini-iberia.com\/wp-content\/uploads\/2024\/03\/MicroPyrosBioEnerTecHyterBiokompPietroFiorentini_BiomethanationPlantStraubing.png","type":"","width":"","height":""}],"twitter_card":"summary_large_image","twitter_site":"@FiorentiniSpa","twitter_misc":{"Tiempo de lectura":"1 minuto"},"schema":{"@context":"https:\/\/schema.org","@graph":[{"@type":"WebPage","@id":"https:\/\/www.fiorentini-iberia.com\/es\/experiencia\/hidrogeno\/straubing\/","url":"https:\/\/www.fiorentini-iberia.com\/es\/experiencia\/hidrogeno\/straubing\/","name":"STRAUBING - Pietro Fiorentini Iberia","isPartOf":{"@id":"https:\/\/www.fiorentini-iberia.com\/es\/#website"},"primaryImageOfPage":{"@id":"https:\/\/www.fiorentini-iberia.com\/es\/experiencia\/hidrogeno\/straubing\/#primaryimage"},"image":{"@id":"https:\/\/www.fiorentini-iberia.com\/es\/experiencia\/hidrogeno\/straubing\/#primaryimage"},"thumbnailUrl":"https:\/\/www.fiorentini-iberia.com\/wp-content\/uploads\/2024\/03\/MicroPyrosBioEnerTecHyterBiokompPietroFiorentini_BiomethanationPlantStraubing.png","datePublished":"2024-03-14T23:15:32+00:00","dateModified":"2024-03-15T17:58:25+00:00","description":"Las reinas de las energ\u00edas renovables conquistan Alemania: comienzan las obras de la planta piloto de Straubing.","breadcrumb":{"@id":"https:\/\/www.fiorentini-iberia.com\/es\/experiencia\/hidrogeno\/straubing\/#breadcrumb"},"inLanguage":"es","potentialAction":[{"@type":"ReadAction","target":["https:\/\/www.fiorentini-iberia.com\/es\/experiencia\/hidrogeno\/straubing\/"]}]},{"@type":"ImageObject","inLanguage":"es","@id":"https:\/\/www.fiorentini-iberia.com\/es\/experiencia\/hidrogeno\/straubing\/#primaryimage","url":"https:\/\/www.fiorentini-iberia.com\/wp-content\/uploads\/2024\/03\/MicroPyrosBioEnerTecHyterBiokompPietroFiorentini_BiomethanationPlantStraubing.png","contentUrl":"https:\/\/www.fiorentini-iberia.com\/wp-content\/uploads\/2024\/03\/MicroPyrosBioEnerTecHyterBiokompPietroFiorentini_BiomethanationPlantStraubing.png"},{"@type":"BreadcrumbList","@id":"https:\/\/www.fiorentini-iberia.com\/es\/experiencia\/hidrogeno\/straubing\/#breadcrumb","itemListElement":[{"@type":"ListItem","position":1,"name":"Home","item":"https:\/\/www.fiorentini-iberia.com\/es\/"},{"@type":"ListItem","position":2,"name":"Experiencia","item":"https:\/\/www.fiorentini-iberia.com\/es\/experiencia\/"},{"@type":"ListItem","position":3,"name":"Hidr\u00f3geno","item":"https:\/\/www.fiorentini-iberia.com\/es\/experiencia\/hidrogeno\/"},{"@type":"ListItem","position":4,"name":"STRAUBING"}]},{"@type":"WebSite","@id":"https:\/\/www.fiorentini-iberia.com\/es\/#website","url":"https:\/\/www.fiorentini-iberia.com\/es\/","name":"Pietro Fiorentini Iberia","description":"Pietro Fiorentini dise\u00f1a y fabrica componentes, sistemas y servicios para la regulaci\u00f3n, medici\u00f3n, gesti\u00f3n de redes de agua, energ\u00edas renovables, petr\u00f3leo y el gas natural, con sistemas adaptados 100% al hidr\u00f3geno.","publisher":{"@id":"https:\/\/www.fiorentini-iberia.com\/es\/#organization"},"potentialAction":[{"@type":"SearchAction","target":{"@type":"EntryPoint","urlTemplate":"https:\/\/www.fiorentini-iberia.com\/es\/?s={search_term_string}"},"query-input":{"@type":"PropertyValueSpecification","valueRequired":true,"valueName":"search_term_string"}}],"inLanguage":"es"},{"@type":"Organization","@id":"https:\/\/www.fiorentini-iberia.com\/es\/#organization","name":"Pietro Fiorentini Iberia","url":"https:\/\/www.fiorentini-iberia.com\/es\/","logo":{"@type":"ImageObject","inLanguage":"es","@id":"https:\/\/www.fiorentini-iberia.com\/es\/#\/schema\/logo\/image\/","url":"https:\/\/www.fiorentini-iberia.com\/wp-content\/uploads\/2020\/11\/logo.svg","contentUrl":"https:\/\/www.fiorentini-iberia.com\/wp-content\/uploads\/2020\/11\/logo.svg","width":227,"height":59,"caption":"Pietro Fiorentini Iberia"},"image":{"@id":"https:\/\/www.fiorentini-iberia.com\/es\/#\/schema\/logo\/image\/"},"sameAs":["https:\/\/x.com\/FiorentiniSpa","https:\/\/www.linkedin.com\/company\/pietro-fiorentini-iberia\/"]}]}},"_links":{"self":[{"href":"https:\/\/www.fiorentini-iberia.com\/es\/wp-json\/wp\/v2\/pages\/50569","targetHints":{"allow":["GET"]}}],"collection":[{"href":"https:\/\/www.fiorentini-iberia.com\/es\/wp-json\/wp\/v2\/pages"}],"about":[{"href":"https:\/\/www.fiorentini-iberia.com\/es\/wp-json\/wp\/v2\/types\/page"}],"author":[{"embeddable":true,"href":"https:\/\/www.fiorentini-iberia.com\/es\/wp-json\/wp\/v2\/users\/15"}],"replies":[{"embeddable":true,"href":"https:\/\/www.fiorentini-iberia.com\/es\/wp-json\/wp\/v2\/comments?post=50569"}],"version-history":[{"count":1,"href":"https:\/\/www.fiorentini-iberia.com\/es\/wp-json\/wp\/v2\/pages\/50569\/revisions"}],"predecessor-version":[{"id":50571,"href":"https:\/\/www.fiorentini-iberia.com\/es\/wp-json\/wp\/v2\/pages\/50569\/revisions\/50571"}],"up":[{"embeddable":true,"href":"https:\/\/www.fiorentini-iberia.com\/es\/wp-json\/wp\/v2\/pages\/48274"}],"wp:attachment":[{"href":"https:\/\/www.fiorentini-iberia.com\/es\/wp-json\/wp\/v2\/media?parent=50569"}],"curies":[{"name":"wp","href":"https:\/\/api.w.org\/{rel}","templated":true}]}}