{"id":55879,"date":"2024-09-16T15:30:23","date_gmt":"2024-09-16T13:30:23","guid":{"rendered":"https:\/\/www.fiorentini-iberia.com\/experiencia\/e-fuels\/"},"modified":"2024-09-16T21:05:23","modified_gmt":"2024-09-16T19:05:23","slug":"e-combustibles","status":"publish","type":"page","link":"https:\/\/www.fiorentini-iberia.com\/es\/experiencia\/e-combustibles\/","title":{"rendered":"E-combustibles"},"content":{"rendered":"\n<h2 class=\"wp-block-heading\"><strong>Combustibles renovables para reducir las emisiones de carbono<\/strong><\/h2>\n\n\n\n<p>Los <strong>e-combustibles<\/strong> son <strong>combustibles no f\u00f3siles y renovables<\/strong> producidos mediante un proceso de s\u00edntesis qu\u00edmica artificial a partir de fuentes renovables.<\/p>\n\n\n\n<p>El proceso convierte un gas compuesto por <strong><a href=\"https:\/\/www.fiorentini-iberia.com\/es\/experiencia\/hidrogeno\/\">hidr\u00f3geno<\/a><\/strong> electrol\u00edtico (H<sub>2<\/sub>) y una mol\u00e9cula que contiene carbono, como el di\u00f3xido de carbono (CO<sub>2<\/sub>) procedente de material de desecho biog\u00e9nico.<\/p>\n\n\n\n<p>El proceso de metanaci\u00f3n produce <strong>e-metano<\/strong>, un gas renovable pr\u00e1cticamente id\u00e9ntico al gas natural que conocemos. Esto tiene muchas ventajas, como la posibilidad de <strong>almacenar electricidad<\/strong> en forma de metano renovable en infraestructuras de gas, <strong><a href=\"https:\/\/www.fiorentini.com\/en\/category\/solutions\/systems\/solutions-renewable-energies\/ccus\/\" target=\"_blank\" rel=\"noreferrer noopener\">capturar di\u00f3xido de carbono<\/a><\/strong> para su uso posterior y <strong>sustituir una fuente f\u00f3sil<\/strong>, ya que puede utilizarse directamente en calefacci\u00f3n o veh\u00edculos como combustible de sustituci\u00f3n inmediata.<\/p>\n\n\n\n<p>La soluci\u00f3n tecnol\u00f3gica de <strong>Pietro Fiorentini<\/strong> se basa en un proceso de <strong><a href=\"https:\/\/www.fiorentini-iberia.com\/es\/soluciones\/sistemas\/energias-renovables\/metanacion-biologica\/\">metanaci\u00f3n biol\u00f3gica<\/a><\/strong> para generar metano renovable.<\/p>\n","protected":false},"excerpt":{"rendered":"<p>El proceso de metanaci\u00f3n tiene muchas ventajas, como la posibilidad de almacenar electricidad en forma de metano renovable en infraestructuras de gas, capturar di\u00f3xido de carbono para su uso posterior y sustituir una fuente f\u00f3sil, ya que puede utilizarse directamente en calefacci\u00f3n o veh\u00edculos como combustible de sustituci\u00f3n inmediata.<br \/>\n<\/b><br \/>\nLa soluci\u00f3n tecnol\u00f3gica de Pietro Fiorentini se basa en un proceso biol\u00f3gico de metanaci\u00f3n para generar metano renovable. La biolog\u00eda de este proceso ha sido desarrollada por MicroPyros BioEnerTec GmbH\u2122, que forma parte del Grupo Pietro Fiorentini.<\/p>\n","protected":false},"author":15,"featured_media":55819,"parent":48199,"menu_order":4,"comment_status":"closed","ping_status":"closed","template":"template-expertise-child.php","meta":{"_acf_changed":false,"inline_featured_image":false,"footnotes":""},"class_list":["post-55879","page","type-page","status-publish","has-post-thumbnail","hentry"],"acf":[],"yoast_head":"<!-- This site is optimized with the Yoast SEO plugin v27.2 - https:\/\/yoast.com\/product\/yoast-seo-wordpress\/ -->\n<title>E-combustibles - Pietro Fiorentini Iberia<\/title>\n<meta name=\"description\" content=\"Los e-combustibles son combustibles no f\u00f3siles y renovables producidos mediante un proceso de s\u00edntesis qu\u00edmica artificial a partir de fuentes renovables.\" \/>\n<meta name=\"robots\" content=\"index, follow, max-snippet:-1, max-image-preview:large, max-video-preview:-1\" \/>\n<link rel=\"canonical\" href=\"https:\/\/www.fiorentini-iberia.com\/es\/experiencia\/e-combustibles\/\" \/>\n<meta property=\"og:locale\" content=\"es_ES\" \/>\n<meta property=\"og:type\" content=\"article\" \/>\n<meta property=\"og:title\" content=\"E-combustibles - Pietro Fiorentini Iberia\" \/>\n<meta property=\"og:description\" content=\"Los e-combustibles son combustibles no f\u00f3siles y renovables producidos mediante un proceso de s\u00edntesis qu\u00edmica artificial a partir de fuentes renovables.\" \/>\n<meta property=\"og:url\" content=\"https:\/\/www.fiorentini-iberia.com\/es\/experiencia\/e-combustibles\/\" \/>\n<meta property=\"og:site_name\" content=\"Pietro Fiorentini Iberia\" \/>\n<meta property=\"article:modified_time\" content=\"2024-09-16T19:05:23+00:00\" \/>\n<meta property=\"og:image\" content=\"https:\/\/www.fiorentini-iberia.com\/wp-content\/uploads\/2024\/09\/e-fuels-thumb.jpg\" \/>\n\t<meta property=\"og:image:width\" content=\"930\" \/>\n\t<meta property=\"og:image:height\" content=\"930\" \/>\n\t<meta property=\"og:image:type\" content=\"image\/jpeg\" \/>\n<meta name=\"twitter:card\" content=\"summary_large_image\" \/>\n<meta name=\"twitter:site\" content=\"@FiorentiniSpa\" \/>\n<meta name=\"twitter:label1\" content=\"Tiempo de lectura\" \/>\n\t<meta name=\"twitter:data1\" content=\"1 minuto\" \/>\n<script type=\"application\/ld+json\" class=\"yoast-schema-graph\">{\"@context\":\"https:\/\/schema.org\",\"@graph\":[{\"@type\":\"WebPage\",\"@id\":\"https:\/\/www.fiorentini-iberia.com\/es\/experiencia\/e-combustibles\/\",\"url\":\"https:\/\/www.fiorentini-iberia.com\/es\/experiencia\/e-combustibles\/\",\"name\":\"E-combustibles - Pietro Fiorentini Iberia\",\"isPartOf\":{\"@id\":\"https:\/\/www.fiorentini-iberia.com\/es\/#website\"},\"primaryImageOfPage\":{\"@id\":\"https:\/\/www.fiorentini-iberia.com\/es\/experiencia\/e-combustibles\/#primaryimage\"},\"image\":{\"@id\":\"https:\/\/www.fiorentini-iberia.com\/es\/experiencia\/e-combustibles\/#primaryimage\"},\"thumbnailUrl\":\"https:\/\/www.fiorentini-iberia.com\/wp-content\/uploads\/2024\/09\/e-fuels-thumb.jpg\",\"datePublished\":\"2024-09-16T13:30:23+00:00\",\"dateModified\":\"2024-09-16T19:05:23+00:00\",\"description\":\"Los e-combustibles son combustibles no f\u00f3siles y renovables producidos mediante un proceso de s\u00edntesis qu\u00edmica artificial a partir de fuentes renovables.\",\"breadcrumb\":{\"@id\":\"https:\/\/www.fiorentini-iberia.com\/es\/experiencia\/e-combustibles\/#breadcrumb\"},\"inLanguage\":\"es\",\"potentialAction\":[{\"@type\":\"ReadAction\",\"target\":[\"https:\/\/www.fiorentini-iberia.com\/es\/experiencia\/e-combustibles\/\"]}]},{\"@type\":\"ImageObject\",\"inLanguage\":\"es\",\"@id\":\"https:\/\/www.fiorentini-iberia.com\/es\/experiencia\/e-combustibles\/#primaryimage\",\"url\":\"https:\/\/www.fiorentini-iberia.com\/wp-content\/uploads\/2024\/09\/e-fuels-thumb.jpg\",\"contentUrl\":\"https:\/\/www.fiorentini-iberia.com\/wp-content\/uploads\/2024\/09\/e-fuels-thumb.jpg\",\"width\":930,\"height\":930,\"caption\":\"e-fuels\"},{\"@type\":\"BreadcrumbList\",\"@id\":\"https:\/\/www.fiorentini-iberia.com\/es\/experiencia\/e-combustibles\/#breadcrumb\",\"itemListElement\":[{\"@type\":\"ListItem\",\"position\":1,\"name\":\"Home\",\"item\":\"https:\/\/www.fiorentini-iberia.com\/es\/\"},{\"@type\":\"ListItem\",\"position\":2,\"name\":\"Experiencia\",\"item\":\"https:\/\/www.fiorentini-iberia.com\/es\/experiencia\/\"},{\"@type\":\"ListItem\",\"position\":3,\"name\":\"E-combustibles\"}]},{\"@type\":\"WebSite\",\"@id\":\"https:\/\/www.fiorentini-iberia.com\/es\/#website\",\"url\":\"https:\/\/www.fiorentini-iberia.com\/es\/\",\"name\":\"Pietro Fiorentini Iberia\",\"description\":\"Pietro Fiorentini dise\u00f1a y fabrica componentes, sistemas y servicios para la regulaci\u00f3n, medici\u00f3n, gesti\u00f3n de redes de agua, energ\u00edas renovables, petr\u00f3leo y el gas natural, con sistemas adaptados 100% al hidr\u00f3geno.\",\"publisher\":{\"@id\":\"https:\/\/www.fiorentini-iberia.com\/es\/#organization\"},\"potentialAction\":[{\"@type\":\"SearchAction\",\"target\":{\"@type\":\"EntryPoint\",\"urlTemplate\":\"https:\/\/www.fiorentini-iberia.com\/es\/?s={search_term_string}\"},\"query-input\":{\"@type\":\"PropertyValueSpecification\",\"valueRequired\":true,\"valueName\":\"search_term_string\"}}],\"inLanguage\":\"es\"},{\"@type\":\"Organization\",\"@id\":\"https:\/\/www.fiorentini-iberia.com\/es\/#organization\",\"name\":\"Pietro Fiorentini Iberia\",\"url\":\"https:\/\/www.fiorentini-iberia.com\/es\/\",\"logo\":{\"@type\":\"ImageObject\",\"inLanguage\":\"es\",\"@id\":\"https:\/\/www.fiorentini-iberia.com\/es\/#\/schema\/logo\/image\/\",\"url\":\"https:\/\/www.fiorentini-iberia.com\/wp-content\/uploads\/2020\/11\/logo.svg\",\"contentUrl\":\"https:\/\/www.fiorentini-iberia.com\/wp-content\/uploads\/2020\/11\/logo.svg\",\"width\":227,\"height\":59,\"caption\":\"Pietro Fiorentini Iberia\"},\"image\":{\"@id\":\"https:\/\/www.fiorentini-iberia.com\/es\/#\/schema\/logo\/image\/\"},\"sameAs\":[\"https:\/\/x.com\/FiorentiniSpa\",\"https:\/\/www.linkedin.com\/company\/pietro-fiorentini-iberia\/\"]}]}<\/script>\n<!-- \/ Yoast SEO plugin. -->","yoast_head_json":{"title":"E-combustibles - Pietro Fiorentini Iberia","description":"Los e-combustibles son combustibles no f\u00f3siles y renovables producidos mediante un proceso de s\u00edntesis qu\u00edmica artificial a partir de fuentes renovables.","robots":{"index":"index","follow":"follow","max-snippet":"max-snippet:-1","max-image-preview":"max-image-preview:large","max-video-preview":"max-video-preview:-1"},"canonical":"https:\/\/www.fiorentini-iberia.com\/es\/experiencia\/e-combustibles\/","og_locale":"es_ES","og_type":"article","og_title":"E-combustibles - Pietro Fiorentini Iberia","og_description":"Los e-combustibles son combustibles no f\u00f3siles y renovables producidos mediante un proceso de s\u00edntesis qu\u00edmica artificial a partir de fuentes renovables.","og_url":"https:\/\/www.fiorentini-iberia.com\/es\/experiencia\/e-combustibles\/","og_site_name":"Pietro Fiorentini Iberia","article_modified_time":"2024-09-16T19:05:23+00:00","og_image":[{"width":930,"height":930,"url":"https:\/\/www.fiorentini-iberia.com\/wp-content\/uploads\/2024\/09\/e-fuels-thumb.jpg","type":"image\/jpeg"}],"twitter_card":"summary_large_image","twitter_site":"@FiorentiniSpa","twitter_misc":{"Tiempo de lectura":"1 minuto"},"schema":{"@context":"https:\/\/schema.org","@graph":[{"@type":"WebPage","@id":"https:\/\/www.fiorentini-iberia.com\/es\/experiencia\/e-combustibles\/","url":"https:\/\/www.fiorentini-iberia.com\/es\/experiencia\/e-combustibles\/","name":"E-combustibles - Pietro Fiorentini Iberia","isPartOf":{"@id":"https:\/\/www.fiorentini-iberia.com\/es\/#website"},"primaryImageOfPage":{"@id":"https:\/\/www.fiorentini-iberia.com\/es\/experiencia\/e-combustibles\/#primaryimage"},"image":{"@id":"https:\/\/www.fiorentini-iberia.com\/es\/experiencia\/e-combustibles\/#primaryimage"},"thumbnailUrl":"https:\/\/www.fiorentini-iberia.com\/wp-content\/uploads\/2024\/09\/e-fuels-thumb.jpg","datePublished":"2024-09-16T13:30:23+00:00","dateModified":"2024-09-16T19:05:23+00:00","description":"Los e-combustibles son combustibles no f\u00f3siles y renovables producidos mediante un proceso de s\u00edntesis qu\u00edmica artificial a partir de fuentes renovables.","breadcrumb":{"@id":"https:\/\/www.fiorentini-iberia.com\/es\/experiencia\/e-combustibles\/#breadcrumb"},"inLanguage":"es","potentialAction":[{"@type":"ReadAction","target":["https:\/\/www.fiorentini-iberia.com\/es\/experiencia\/e-combustibles\/"]}]},{"@type":"ImageObject","inLanguage":"es","@id":"https:\/\/www.fiorentini-iberia.com\/es\/experiencia\/e-combustibles\/#primaryimage","url":"https:\/\/www.fiorentini-iberia.com\/wp-content\/uploads\/2024\/09\/e-fuels-thumb.jpg","contentUrl":"https:\/\/www.fiorentini-iberia.com\/wp-content\/uploads\/2024\/09\/e-fuels-thumb.jpg","width":930,"height":930,"caption":"e-fuels"},{"@type":"BreadcrumbList","@id":"https:\/\/www.fiorentini-iberia.com\/es\/experiencia\/e-combustibles\/#breadcrumb","itemListElement":[{"@type":"ListItem","position":1,"name":"Home","item":"https:\/\/www.fiorentini-iberia.com\/es\/"},{"@type":"ListItem","position":2,"name":"Experiencia","item":"https:\/\/www.fiorentini-iberia.com\/es\/experiencia\/"},{"@type":"ListItem","position":3,"name":"E-combustibles"}]},{"@type":"WebSite","@id":"https:\/\/www.fiorentini-iberia.com\/es\/#website","url":"https:\/\/www.fiorentini-iberia.com\/es\/","name":"Pietro Fiorentini Iberia","description":"Pietro Fiorentini dise\u00f1a y fabrica componentes, sistemas y servicios para la regulaci\u00f3n, medici\u00f3n, gesti\u00f3n de redes de agua, energ\u00edas renovables, petr\u00f3leo y el gas natural, con sistemas adaptados 100% al hidr\u00f3geno.","publisher":{"@id":"https:\/\/www.fiorentini-iberia.com\/es\/#organization"},"potentialAction":[{"@type":"SearchAction","target":{"@type":"EntryPoint","urlTemplate":"https:\/\/www.fiorentini-iberia.com\/es\/?s={search_term_string}"},"query-input":{"@type":"PropertyValueSpecification","valueRequired":true,"valueName":"search_term_string"}}],"inLanguage":"es"},{"@type":"Organization","@id":"https:\/\/www.fiorentini-iberia.com\/es\/#organization","name":"Pietro Fiorentini Iberia","url":"https:\/\/www.fiorentini-iberia.com\/es\/","logo":{"@type":"ImageObject","inLanguage":"es","@id":"https:\/\/www.fiorentini-iberia.com\/es\/#\/schema\/logo\/image\/","url":"https:\/\/www.fiorentini-iberia.com\/wp-content\/uploads\/2020\/11\/logo.svg","contentUrl":"https:\/\/www.fiorentini-iberia.com\/wp-content\/uploads\/2020\/11\/logo.svg","width":227,"height":59,"caption":"Pietro Fiorentini Iberia"},"image":{"@id":"https:\/\/www.fiorentini-iberia.com\/es\/#\/schema\/logo\/image\/"},"sameAs":["https:\/\/x.com\/FiorentiniSpa","https:\/\/www.linkedin.com\/company\/pietro-fiorentini-iberia\/"]}]}},"_links":{"self":[{"href":"https:\/\/www.fiorentini-iberia.com\/es\/wp-json\/wp\/v2\/pages\/55879","targetHints":{"allow":["GET"]}}],"collection":[{"href":"https:\/\/www.fiorentini-iberia.com\/es\/wp-json\/wp\/v2\/pages"}],"about":[{"href":"https:\/\/www.fiorentini-iberia.com\/es\/wp-json\/wp\/v2\/types\/page"}],"author":[{"embeddable":true,"href":"https:\/\/www.fiorentini-iberia.com\/es\/wp-json\/wp\/v2\/users\/15"}],"replies":[{"embeddable":true,"href":"https:\/\/www.fiorentini-iberia.com\/es\/wp-json\/wp\/v2\/comments?post=55879"}],"version-history":[{"count":3,"href":"https:\/\/www.fiorentini-iberia.com\/es\/wp-json\/wp\/v2\/pages\/55879\/revisions"}],"predecessor-version":[{"id":55912,"href":"https:\/\/www.fiorentini-iberia.com\/es\/wp-json\/wp\/v2\/pages\/55879\/revisions\/55912"}],"up":[{"embeddable":true,"href":"https:\/\/www.fiorentini-iberia.com\/es\/wp-json\/wp\/v2\/pages\/48199"}],"wp:featuredmedia":[{"embeddable":true,"href":"https:\/\/www.fiorentini-iberia.com\/es\/wp-json\/wp\/v2\/media\/55819"}],"wp:attachment":[{"href":"https:\/\/www.fiorentini-iberia.com\/es\/wp-json\/wp\/v2\/media?parent=55879"}],"curies":[{"name":"wp","href":"https:\/\/api.w.org\/{rel}","templated":true}]}}