{"id":47514,"date":"2022-11-29T16:48:48","date_gmt":"2022-11-29T15:48:48","guid":{"rendered":"https:\/\/www.fiorentini-iberia.com\/a-nossa-equipa\/"},"modified":"2025-09-19T09:49:11","modified_gmt":"2025-09-19T07:49:11","slug":"a-nossa-equipa","status":"publish","type":"page","link":"https:\/\/www.fiorentini-iberia.com\/pt\/pietro-fiorentini-iberia\/a-nossa-equipa\/","title":{"rendered":"A nossa equipa"},"content":{"rendered":"\n<p>A <strong>Pietro Fiorentini Iberia<\/strong> \u00e9 uma empresa jovem, mas, al\u00e9m de contar com o apoio de Pietro Fiorentini, <strong>l\u00edder mundial no sector da energia<\/strong>, orgulha-se de ser constitu\u00edda por <strong>magn\u00edficos profissionais<\/strong> com uma vasta experi\u00eancia no sector.<\/p>\n\n\n\n<p>A prioridade m\u00e1xima da equipa da Pietro Fiorentini Iberia \u00e9 oferecer <strong>a melhor solu\u00e7\u00e3o e servi\u00e7o aos seus clientes em Espanha e Portugal<\/strong>. <a href=https:\/\/www.fiorentini-iberia.com\/pt-pt\/contacte-nos\/\" style=\"text-decoration:none\"><strong>Contacte-nos!<\/strong><\/a><\/p>\n","protected":false},"excerpt":{"rendered":"<p>A Pietro Fiorentini Iberia \u00e9 uma empresa jovem, mas, al\u00e9m de contar com o apoio de Pietro Fiorentini, l\u00edder mundial no sector da energia, orgulha-se de ser constitu\u00edda por magn\u00edficos profissionais com uma vasta experi\u00eancia no sector. A prioridade m\u00e1xima da equipa da Pietro Fiorentini Iberia \u00e9 oferecer a melhor solu\u00e7\u00e3o e servi\u00e7o aos seus [&hellip;]<\/p>\n","protected":false},"author":12,"featured_media":31264,"parent":47515,"menu_order":0,"comment_status":"closed","ping_status":"closed","template":"template-team.php","meta":{"_acf_changed":false,"inline_featured_image":false,"footnotes":""},"class_list":["post-47514","page","type-page","status-publish","has-post-thumbnail","hentry"],"acf":[],"yoast_head":"<!-- This site is optimized with the Yoast SEO plugin v27.2 - https:\/\/yoast.com\/product\/yoast-seo-wordpress\/ -->\n<title>A nossa equipa - Pietro Fiorentini<\/title>\n<meta name=\"description\" content=\"A Pietro Fiorentini Iberia orgulha-se de ser constitu\u00edda por magn\u00edficos profissionais com uma vasta experi\u00eancia no sector.\" \/>\n<meta name=\"robots\" content=\"index, follow, max-snippet:-1, max-image-preview:large, max-video-preview:-1\" \/>\n<link rel=\"canonical\" href=\"https:\/\/www.fiorentini-iberia.com\/pt\/pietro-fiorentini-iberia\/a-nossa-equipa\/\" \/>\n<meta property=\"og:locale\" content=\"pt_PT\" \/>\n<meta property=\"og:type\" content=\"article\" \/>\n<meta property=\"og:title\" content=\"A nossa equipa - Pietro Fiorentini\" \/>\n<meta property=\"og:description\" content=\"A Pietro Fiorentini Iberia orgulha-se de ser constitu\u00edda por magn\u00edficos profissionais com uma vasta experi\u00eancia no sector.\" \/>\n<meta property=\"og:url\" content=\"https:\/\/www.fiorentini-iberia.com\/pt\/pietro-fiorentini-iberia\/a-nossa-equipa\/\" \/>\n<meta property=\"og:site_name\" content=\"Pietro Fiorentini\" \/>\n<meta property=\"article:modified_time\" content=\"2025-09-19T07:49:11+00:00\" \/>\n<meta property=\"og:image\" content=\"https:\/\/www.fiorentini-iberia.com\/wp-content\/uploads\/2022\/12\/Team-header-02.jpg\" \/>\n\t<meta property=\"og:image:width\" content=\"1331\" \/>\n\t<meta property=\"og:image:height\" content=\"621\" \/>\n\t<meta property=\"og:image:type\" content=\"image\/jpeg\" \/>\n<meta name=\"twitter:card\" content=\"summary_large_image\" \/>\n<meta name=\"twitter:site\" content=\"@FiorentiniSpa\" \/>\n<meta name=\"twitter:label1\" content=\"Est. reading time\" \/>\n\t<meta name=\"twitter:data1\" content=\"1 minute\" \/>\n<script type=\"application\/ld+json\" class=\"yoast-schema-graph\">{\"@context\":\"https:\/\/schema.org\",\"@graph\":[{\"@type\":\"WebPage\",\"@id\":\"https:\/\/www.fiorentini-iberia.com\/pt\/pietro-fiorentini-iberia\/a-nossa-equipa\/\",\"url\":\"https:\/\/www.fiorentini-iberia.com\/pt\/pietro-fiorentini-iberia\/a-nossa-equipa\/\",\"name\":\"A nossa equipa - Pietro Fiorentini\",\"isPartOf\":{\"@id\":\"https:\/\/www.fiorentini-iberia.com\/pt\/#website\"},\"primaryImageOfPage\":{\"@id\":\"https:\/\/www.fiorentini-iberia.com\/pt\/pietro-fiorentini-iberia\/a-nossa-equipa\/#primaryimage\"},\"image\":{\"@id\":\"https:\/\/www.fiorentini-iberia.com\/pt\/pietro-fiorentini-iberia\/a-nossa-equipa\/#primaryimage\"},\"thumbnailUrl\":\"https:\/\/www.fiorentini-iberia.com\/wp-content\/uploads\/2022\/12\/Team-header-02.jpg\",\"datePublished\":\"2022-11-29T15:48:48+00:00\",\"dateModified\":\"2025-09-19T07:49:11+00:00\",\"description\":\"A Pietro Fiorentini Iberia orgulha-se de ser constitu\u00edda por magn\u00edficos profissionais com uma vasta experi\u00eancia no sector.\",\"breadcrumb\":{\"@id\":\"https:\/\/www.fiorentini-iberia.com\/pt\/pietro-fiorentini-iberia\/a-nossa-equipa\/#breadcrumb\"},\"inLanguage\":\"pt-PTD\",\"potentialAction\":[{\"@type\":\"ReadAction\",\"target\":[\"https:\/\/www.fiorentini-iberia.com\/pt\/pietro-fiorentini-iberia\/a-nossa-equipa\/\"]}]},{\"@type\":\"ImageObject\",\"inLanguage\":\"pt-PTD\",\"@id\":\"https:\/\/www.fiorentini-iberia.com\/pt\/pietro-fiorentini-iberia\/a-nossa-equipa\/#primaryimage\",\"url\":\"https:\/\/www.fiorentini-iberia.com\/wp-content\/uploads\/2022\/12\/Team-header-02.jpg\",\"contentUrl\":\"https:\/\/www.fiorentini-iberia.com\/wp-content\/uploads\/2022\/12\/Team-header-02.jpg\",\"width\":1331,\"height\":621},{\"@type\":\"BreadcrumbList\",\"@id\":\"https:\/\/www.fiorentini-iberia.com\/pt\/pietro-fiorentini-iberia\/a-nossa-equipa\/#breadcrumb\",\"itemListElement\":[{\"@type\":\"ListItem\",\"position\":1,\"name\":\"Home\",\"item\":\"https:\/\/www.fiorentini-iberia.com\/pt\/\"},{\"@type\":\"ListItem\",\"position\":2,\"name\":\"Pietro Fiorentini Iberia\",\"item\":\"https:\/\/www.fiorentini-iberia.com\/pt\/pietro-fiorentini-iberia\/\"},{\"@type\":\"ListItem\",\"position\":3,\"name\":\"A nossa equipa\"}]},{\"@type\":\"WebSite\",\"@id\":\"https:\/\/www.fiorentini-iberia.com\/pt\/#website\",\"url\":\"https:\/\/www.fiorentini-iberia.com\/pt\/\",\"name\":\"Pietro Fiorentini Iberia\",\"description\":\"Pietro Fiorentini dise\u00f1a y fabrica componentes, sistemas y servicios para la regulaci\u00f3n, medici\u00f3n, gesti\u00f3n de redes de agua, energ\u00edas renovables, petr\u00f3leo y el gas natural, con sistemas adaptados 100% al hidr\u00f3geno.\",\"publisher\":{\"@id\":\"https:\/\/www.fiorentini-iberia.com\/pt\/#organization\"},\"potentialAction\":[{\"@type\":\"SearchAction\",\"target\":{\"@type\":\"EntryPoint\",\"urlTemplate\":\"https:\/\/www.fiorentini-iberia.com\/pt\/?s={search_term_string}\"},\"query-input\":{\"@type\":\"PropertyValueSpecification\",\"valueRequired\":true,\"valueName\":\"search_term_string\"}}],\"inLanguage\":\"pt-PTD\"},{\"@type\":\"Organization\",\"@id\":\"https:\/\/www.fiorentini-iberia.com\/pt\/#organization\",\"name\":\"Pietro Fiorentini Iberia\",\"url\":\"https:\/\/www.fiorentini-iberia.com\/pt\/\",\"logo\":{\"@type\":\"ImageObject\",\"inLanguage\":\"pt-PTD\",\"@id\":\"https:\/\/www.fiorentini-iberia.com\/pt\/#\/schema\/logo\/image\/\",\"url\":\"https:\/\/www.fiorentini-iberia.com\/wp-content\/uploads\/2020\/11\/logo.svg\",\"contentUrl\":\"https:\/\/www.fiorentini-iberia.com\/wp-content\/uploads\/2020\/11\/logo.svg\",\"width\":227,\"height\":59,\"caption\":\"Pietro Fiorentini Iberia\"},\"image\":{\"@id\":\"https:\/\/www.fiorentini-iberia.com\/pt\/#\/schema\/logo\/image\/\"},\"sameAs\":[\"https:\/\/x.com\/FiorentiniSpa\",\"https:\/\/www.linkedin.com\/company\/pietro-fiorentini-iberia\/\"]}]}<\/script>\n<!-- \/ Yoast SEO plugin. -->","yoast_head_json":{"title":"A nossa equipa - Pietro Fiorentini","description":"A Pietro Fiorentini Iberia orgulha-se de ser constitu\u00edda por magn\u00edficos profissionais com uma vasta experi\u00eancia no sector.","robots":{"index":"index","follow":"follow","max-snippet":"max-snippet:-1","max-image-preview":"max-image-preview:large","max-video-preview":"max-video-preview:-1"},"canonical":"https:\/\/www.fiorentini-iberia.com\/pt\/pietro-fiorentini-iberia\/a-nossa-equipa\/","og_locale":"pt_PT","og_type":"article","og_title":"A nossa equipa - Pietro Fiorentini","og_description":"A Pietro Fiorentini Iberia orgulha-se de ser constitu\u00edda por magn\u00edficos profissionais com uma vasta experi\u00eancia no sector.","og_url":"https:\/\/www.fiorentini-iberia.com\/pt\/pietro-fiorentini-iberia\/a-nossa-equipa\/","og_site_name":"Pietro Fiorentini","article_modified_time":"2025-09-19T07:49:11+00:00","og_image":[{"width":1331,"height":621,"url":"https:\/\/www.fiorentini-iberia.com\/wp-content\/uploads\/2022\/12\/Team-header-02.jpg","type":"image\/jpeg"}],"twitter_card":"summary_large_image","twitter_site":"@FiorentiniSpa","twitter_misc":{"Est. reading time":"1 minute"},"schema":{"@context":"https:\/\/schema.org","@graph":[{"@type":"WebPage","@id":"https:\/\/www.fiorentini-iberia.com\/pt\/pietro-fiorentini-iberia\/a-nossa-equipa\/","url":"https:\/\/www.fiorentini-iberia.com\/pt\/pietro-fiorentini-iberia\/a-nossa-equipa\/","name":"A nossa equipa - Pietro Fiorentini","isPartOf":{"@id":"https:\/\/www.fiorentini-iberia.com\/pt\/#website"},"primaryImageOfPage":{"@id":"https:\/\/www.fiorentini-iberia.com\/pt\/pietro-fiorentini-iberia\/a-nossa-equipa\/#primaryimage"},"image":{"@id":"https:\/\/www.fiorentini-iberia.com\/pt\/pietro-fiorentini-iberia\/a-nossa-equipa\/#primaryimage"},"thumbnailUrl":"https:\/\/www.fiorentini-iberia.com\/wp-content\/uploads\/2022\/12\/Team-header-02.jpg","datePublished":"2022-11-29T15:48:48+00:00","dateModified":"2025-09-19T07:49:11+00:00","description":"A Pietro Fiorentini Iberia orgulha-se de ser constitu\u00edda por magn\u00edficos profissionais com uma vasta experi\u00eancia no sector.","breadcrumb":{"@id":"https:\/\/www.fiorentini-iberia.com\/pt\/pietro-fiorentini-iberia\/a-nossa-equipa\/#breadcrumb"},"inLanguage":"pt-PTD","potentialAction":[{"@type":"ReadAction","target":["https:\/\/www.fiorentini-iberia.com\/pt\/pietro-fiorentini-iberia\/a-nossa-equipa\/"]}]},{"@type":"ImageObject","inLanguage":"pt-PTD","@id":"https:\/\/www.fiorentini-iberia.com\/pt\/pietro-fiorentini-iberia\/a-nossa-equipa\/#primaryimage","url":"https:\/\/www.fiorentini-iberia.com\/wp-content\/uploads\/2022\/12\/Team-header-02.jpg","contentUrl":"https:\/\/www.fiorentini-iberia.com\/wp-content\/uploads\/2022\/12\/Team-header-02.jpg","width":1331,"height":621},{"@type":"BreadcrumbList","@id":"https:\/\/www.fiorentini-iberia.com\/pt\/pietro-fiorentini-iberia\/a-nossa-equipa\/#breadcrumb","itemListElement":[{"@type":"ListItem","position":1,"name":"Home","item":"https:\/\/www.fiorentini-iberia.com\/pt\/"},{"@type":"ListItem","position":2,"name":"Pietro Fiorentini Iberia","item":"https:\/\/www.fiorentini-iberia.com\/pt\/pietro-fiorentini-iberia\/"},{"@type":"ListItem","position":3,"name":"A nossa equipa"}]},{"@type":"WebSite","@id":"https:\/\/www.fiorentini-iberia.com\/pt\/#website","url":"https:\/\/www.fiorentini-iberia.com\/pt\/","name":"Pietro Fiorentini Iberia","description":"Pietro Fiorentini dise\u00f1a y fabrica componentes, sistemas y servicios para la regulaci\u00f3n, medici\u00f3n, gesti\u00f3n de redes de agua, energ\u00edas renovables, petr\u00f3leo y el gas natural, con sistemas adaptados 100% al hidr\u00f3geno.","publisher":{"@id":"https:\/\/www.fiorentini-iberia.com\/pt\/#organization"},"potentialAction":[{"@type":"SearchAction","target":{"@type":"EntryPoint","urlTemplate":"https:\/\/www.fiorentini-iberia.com\/pt\/?s={search_term_string}"},"query-input":{"@type":"PropertyValueSpecification","valueRequired":true,"valueName":"search_term_string"}}],"inLanguage":"pt-PTD"},{"@type":"Organization","@id":"https:\/\/www.fiorentini-iberia.com\/pt\/#organization","name":"Pietro Fiorentini Iberia","url":"https:\/\/www.fiorentini-iberia.com\/pt\/","logo":{"@type":"ImageObject","inLanguage":"pt-PTD","@id":"https:\/\/www.fiorentini-iberia.com\/pt\/#\/schema\/logo\/image\/","url":"https:\/\/www.fiorentini-iberia.com\/wp-content\/uploads\/2020\/11\/logo.svg","contentUrl":"https:\/\/www.fiorentini-iberia.com\/wp-content\/uploads\/2020\/11\/logo.svg","width":227,"height":59,"caption":"Pietro Fiorentini Iberia"},"image":{"@id":"https:\/\/www.fiorentini-iberia.com\/pt\/#\/schema\/logo\/image\/"},"sameAs":["https:\/\/x.com\/FiorentiniSpa","https:\/\/www.linkedin.com\/company\/pietro-fiorentini-iberia\/"]}]}},"_links":{"self":[{"href":"https:\/\/www.fiorentini-iberia.com\/pt\/wp-json\/wp\/v2\/pages\/47514","targetHints":{"allow":["GET"]}}],"collection":[{"href":"https:\/\/www.fiorentini-iberia.com\/pt\/wp-json\/wp\/v2\/pages"}],"about":[{"href":"https:\/\/www.fiorentini-iberia.com\/pt\/wp-json\/wp\/v2\/types\/page"}],"author":[{"embeddable":true,"href":"https:\/\/www.fiorentini-iberia.com\/pt\/wp-json\/wp\/v2\/users\/12"}],"replies":[{"embeddable":true,"href":"https:\/\/www.fiorentini-iberia.com\/pt\/wp-json\/wp\/v2\/comments?post=47514"}],"version-history":[{"count":2,"href":"https:\/\/www.fiorentini-iberia.com\/pt\/wp-json\/wp\/v2\/pages\/47514\/revisions"}],"predecessor-version":[{"id":61867,"href":"https:\/\/www.fiorentini-iberia.com\/pt\/wp-json\/wp\/v2\/pages\/47514\/revisions\/61867"}],"up":[{"embeddable":true,"href":"https:\/\/www.fiorentini-iberia.com\/pt\/wp-json\/wp\/v2\/pages\/47515"}],"wp:featuredmedia":[{"embeddable":true,"href":"https:\/\/www.fiorentini-iberia.com\/pt\/wp-json\/wp\/v2\/media\/31264"}],"wp:attachment":[{"href":"https:\/\/www.fiorentini-iberia.com\/pt\/wp-json\/wp\/v2\/media?parent=47514"}],"curies":[{"name":"wp","href":"https:\/\/api.w.org\/{rel}","templated":true}]}}