{"id":48238,"date":"2023-12-11T10:22:33","date_gmt":"2023-12-11T09:22:33","guid":{"rendered":"https:\/\/www.fiorentini-iberia.com\/especialistas\/biometano\/"},"modified":"2026-03-10T15:54:31","modified_gmt":"2026-03-10T14:54:31","slug":"biometano","status":"publish","type":"page","link":"https:\/\/www.fiorentini-iberia.com\/pt\/especialistas\/biometano\/","title":{"rendered":"Biometano"},"content":{"rendered":"\n<h2 class=\"wp-block-heading\"><strong>Um dos pilares da transi\u00e7\u00e3o energ\u00e9tica<\/strong><\/h2>\n\n\n\n<p>O<strong> <a href=\"https:\/\/www.fiorentini-iberia.com\/pt\/solucoes\/sistemas\/energias-renovaveis\/servico-de-biometano\/\">biometano<\/a><\/strong> assume um papel de destaque. Ao contr\u00e1rio de outras energias renov\u00e1veis, requer um <strong>investimento limitado a n\u00edvel de infraestruturas<\/strong> e, no que diz respeito \u00e0s emiss\u00f5es, \u00e9 considerada <strong>neutra em termos de emiss\u00f5es, <\/strong>sendo produzida atrav\u00e9s da digest\u00e3o de biomassa proveniente de subprodutos agr\u00edcolas, res\u00edduos de processamento industrial e outros materiais org\u00e2nicos.<\/p>\n\n\n\n<p>Na <strong>Pietro Fiorentini<\/strong> fornece solu\u00e7\u00f5es integradas para todos os tipos de instala\u00e7\u00f5es, desde a\u00a0<strong><a href=\"https:\/\/www.fiorentini-iberia.com\/pt\/solucoes\/sistemas\/energias-renovaveis\/injecao-de-biometano\/\">inje\u00e7\u00e3o direta de biometano<\/a><\/strong>\u00a0na rede de transporte ou de distribui\u00e7\u00e3o, at\u00e9 \u00e0s solu\u00e7\u00f5es para <strong><a href=\"https:\/\/www.fiorentini-iberia.com\/pt\/solucoes\/sistemas\/energias-renovaveis\/metrologia-do-biometano-liquido\/\">biometano l\u00edquido<\/a><\/strong>.<\/p>\n\n\n\n<p>Al\u00e9m disso, gra\u00e7as \u00e0s solu\u00e7\u00f5es de\u00a0<strong><a href=\"https:\/\/www.fiorentini-iberia.com\/pt\/solucoes\/sistemas\/energias-renovaveis\/valorizacao-do-biogas\/\">valoriza\u00e7\u00e3o do biog\u00e1s<\/a>\u00a0<\/strong>da <strong>Pietro Fiorentini<\/strong>, os contaminantes e as subst\u00e2ncias inertes que reduzem o poder calor\u00edfico s\u00e3o eliminados do biog\u00e1s, transformando-o em biometano.\u00a0<\/p>\n\n\n\n<p>Detetando diretamente e constantemente os crit\u00e9rios do sistema, podemos gerir a automatiza\u00e7\u00e3o \u00e0 dist\u00e2ncia e informar <strong>autom\u00e1tica e prontamente<\/strong> sobre qualquer anomalia.<\/p>\n","protected":false},"excerpt":{"rendered":"<p>Ao contr\u00e1rio de outras energias renov\u00e1veis, o biometano requer um investimento limitado em infraestruturas. Al\u00e9m disso, como \u00e9 produzido atrav\u00e9s da digest\u00e3o de biomassa de subprodutos, res\u00edduos de processamentos industriais e material org\u00e2nico, \u00e9 considerado neutro em termos de emiss\u00f5es.<br \/>\n\u00a0<br \/>\nTamb\u00e9m gra\u00e7as aos incentivos espec\u00edficos promovidos a n\u00edvel europeu para tornar a sua utiliza\u00e7\u00e3o economicamente vi\u00e1vel, a produ\u00e7\u00e3o e a utiliza\u00e7\u00e3o desta fonte est\u00e3o atualmente a receber um forte impulso.<\/p>\n","protected":false},"author":12,"featured_media":33401,"parent":48206,"menu_order":0,"comment_status":"closed","ping_status":"closed","template":"template-expertise-child.php","meta":{"_acf_changed":false,"inline_featured_image":false,"footnotes":""},"class_list":["post-48238","page","type-page","status-publish","has-post-thumbnail","hentry"],"acf":[],"yoast_head":"<!-- This site is optimized with the Yoast SEO plugin v27.2 - https:\/\/yoast.com\/product\/yoast-seo-wordpress\/ -->\n<title>Biometano - Pietro Fiorentini<\/title>\n<meta name=\"description\" content=\"Na Pietro Fiorentini fornecemos solu\u00e7\u00f5es integrais para todos os tipos de instala\u00e7\u00f5es, desde a inje\u00e7\u00e3o direta de biometano na rede.\" \/>\n<meta name=\"robots\" content=\"index, follow, max-snippet:-1, max-image-preview:large, max-video-preview:-1\" \/>\n<link rel=\"canonical\" href=\"https:\/\/www.fiorentini-iberia.com\/pt\/especialistas\/biometano\/\" \/>\n<meta property=\"og:locale\" content=\"pt_PT\" \/>\n<meta property=\"og:type\" content=\"article\" \/>\n<meta property=\"og:title\" content=\"Biometano - Pietro Fiorentini\" \/>\n<meta property=\"og:description\" content=\"Na Pietro Fiorentini fornecemos solu\u00e7\u00f5es integrais para todos os tipos de instala\u00e7\u00f5es, desde a inje\u00e7\u00e3o direta de biometano na rede.\" \/>\n<meta property=\"og:url\" content=\"https:\/\/www.fiorentini-iberia.com\/pt\/especialistas\/biometano\/\" \/>\n<meta property=\"og:site_name\" content=\"Pietro Fiorentini\" \/>\n<meta property=\"article:modified_time\" content=\"2026-03-10T14:54:31+00:00\" \/>\n<meta property=\"og:image\" content=\"https:\/\/www.fiorentini-iberia.com\/wp-content\/uploads\/2021\/03\/01_expertise_biogas.jpeg\" \/>\n\t<meta property=\"og:image:width\" content=\"991\" \/>\n\t<meta property=\"og:image:height\" content=\"991\" \/>\n\t<meta property=\"og:image:type\" content=\"image\/jpeg\" \/>\n<meta name=\"twitter:card\" content=\"summary_large_image\" \/>\n<meta name=\"twitter:site\" content=\"@FiorentiniSpa\" \/>\n<meta name=\"twitter:label1\" content=\"Est. reading time\" \/>\n\t<meta name=\"twitter:data1\" content=\"1 minute\" \/>\n<script type=\"application\/ld+json\" class=\"yoast-schema-graph\">{\"@context\":\"https:\/\/schema.org\",\"@graph\":[{\"@type\":\"WebPage\",\"@id\":\"https:\/\/www.fiorentini-iberia.com\/pt\/especialistas\/biometano\/\",\"url\":\"https:\/\/www.fiorentini-iberia.com\/pt\/especialistas\/biometano\/\",\"name\":\"Biometano - Pietro Fiorentini\",\"isPartOf\":{\"@id\":\"https:\/\/www.fiorentini-iberia.com\/pt\/#website\"},\"primaryImageOfPage\":{\"@id\":\"https:\/\/www.fiorentini-iberia.com\/pt\/especialistas\/biometano\/#primaryimage\"},\"image\":{\"@id\":\"https:\/\/www.fiorentini-iberia.com\/pt\/especialistas\/biometano\/#primaryimage\"},\"thumbnailUrl\":\"https:\/\/www.fiorentini-iberia.com\/wp-content\/uploads\/2021\/03\/01_expertise_biogas.jpeg\",\"datePublished\":\"2023-12-11T09:22:33+00:00\",\"dateModified\":\"2026-03-10T14:54:31+00:00\",\"description\":\"Na Pietro Fiorentini fornecemos solu\u00e7\u00f5es integrais para todos os tipos de instala\u00e7\u00f5es, desde a inje\u00e7\u00e3o direta de biometano na rede.\",\"breadcrumb\":{\"@id\":\"https:\/\/www.fiorentini-iberia.com\/pt\/especialistas\/biometano\/#breadcrumb\"},\"inLanguage\":\"pt-PTD\",\"potentialAction\":[{\"@type\":\"ReadAction\",\"target\":[\"https:\/\/www.fiorentini-iberia.com\/pt\/especialistas\/biometano\/\"]}]},{\"@type\":\"ImageObject\",\"inLanguage\":\"pt-PTD\",\"@id\":\"https:\/\/www.fiorentini-iberia.com\/pt\/especialistas\/biometano\/#primaryimage\",\"url\":\"https:\/\/www.fiorentini-iberia.com\/wp-content\/uploads\/2021\/03\/01_expertise_biogas.jpeg\",\"contentUrl\":\"https:\/\/www.fiorentini-iberia.com\/wp-content\/uploads\/2021\/03\/01_expertise_biogas.jpeg\",\"width\":991,\"height\":991},{\"@type\":\"BreadcrumbList\",\"@id\":\"https:\/\/www.fiorentini-iberia.com\/pt\/especialistas\/biometano\/#breadcrumb\",\"itemListElement\":[{\"@type\":\"ListItem\",\"position\":1,\"name\":\"Home\",\"item\":\"https:\/\/www.fiorentini-iberia.com\/pt\/\"},{\"@type\":\"ListItem\",\"position\":2,\"name\":\"Especialistas\",\"item\":\"https:\/\/www.fiorentini-iberia.com\/pt\/especialistas\/\"},{\"@type\":\"ListItem\",\"position\":3,\"name\":\"Biometano\"}]},{\"@type\":\"WebSite\",\"@id\":\"https:\/\/www.fiorentini-iberia.com\/pt\/#website\",\"url\":\"https:\/\/www.fiorentini-iberia.com\/pt\/\",\"name\":\"Pietro Fiorentini Iberia\",\"description\":\"Pietro Fiorentini dise\u00f1a y fabrica componentes, sistemas y servicios para la regulaci\u00f3n, medici\u00f3n, gesti\u00f3n de redes de agua, energ\u00edas renovables, petr\u00f3leo y el gas natural, con sistemas adaptados 100% al hidr\u00f3geno.\",\"publisher\":{\"@id\":\"https:\/\/www.fiorentini-iberia.com\/pt\/#organization\"},\"potentialAction\":[{\"@type\":\"SearchAction\",\"target\":{\"@type\":\"EntryPoint\",\"urlTemplate\":\"https:\/\/www.fiorentini-iberia.com\/pt\/?s={search_term_string}\"},\"query-input\":{\"@type\":\"PropertyValueSpecification\",\"valueRequired\":true,\"valueName\":\"search_term_string\"}}],\"inLanguage\":\"pt-PTD\"},{\"@type\":\"Organization\",\"@id\":\"https:\/\/www.fiorentini-iberia.com\/pt\/#organization\",\"name\":\"Pietro Fiorentini Iberia\",\"url\":\"https:\/\/www.fiorentini-iberia.com\/pt\/\",\"logo\":{\"@type\":\"ImageObject\",\"inLanguage\":\"pt-PTD\",\"@id\":\"https:\/\/www.fiorentini-iberia.com\/pt\/#\/schema\/logo\/image\/\",\"url\":\"https:\/\/www.fiorentini-iberia.com\/wp-content\/uploads\/2020\/11\/logo.svg\",\"contentUrl\":\"https:\/\/www.fiorentini-iberia.com\/wp-content\/uploads\/2020\/11\/logo.svg\",\"width\":227,\"height\":59,\"caption\":\"Pietro Fiorentini Iberia\"},\"image\":{\"@id\":\"https:\/\/www.fiorentini-iberia.com\/pt\/#\/schema\/logo\/image\/\"},\"sameAs\":[\"https:\/\/x.com\/FiorentiniSpa\",\"https:\/\/www.linkedin.com\/company\/pietro-fiorentini-iberia\/\"]}]}<\/script>\n<!-- \/ Yoast SEO plugin. -->","yoast_head_json":{"title":"Biometano - Pietro Fiorentini","description":"Na Pietro Fiorentini fornecemos solu\u00e7\u00f5es integrais para todos os tipos de instala\u00e7\u00f5es, desde a inje\u00e7\u00e3o direta de biometano na rede.","robots":{"index":"index","follow":"follow","max-snippet":"max-snippet:-1","max-image-preview":"max-image-preview:large","max-video-preview":"max-video-preview:-1"},"canonical":"https:\/\/www.fiorentini-iberia.com\/pt\/especialistas\/biometano\/","og_locale":"pt_PT","og_type":"article","og_title":"Biometano - Pietro Fiorentini","og_description":"Na Pietro Fiorentini fornecemos solu\u00e7\u00f5es integrais para todos os tipos de instala\u00e7\u00f5es, desde a inje\u00e7\u00e3o direta de biometano na rede.","og_url":"https:\/\/www.fiorentini-iberia.com\/pt\/especialistas\/biometano\/","og_site_name":"Pietro Fiorentini","article_modified_time":"2026-03-10T14:54:31+00:00","og_image":[{"width":991,"height":991,"url":"https:\/\/www.fiorentini-iberia.com\/wp-content\/uploads\/2021\/03\/01_expertise_biogas.jpeg","type":"image\/jpeg"}],"twitter_card":"summary_large_image","twitter_site":"@FiorentiniSpa","twitter_misc":{"Est. reading time":"1 minute"},"schema":{"@context":"https:\/\/schema.org","@graph":[{"@type":"WebPage","@id":"https:\/\/www.fiorentini-iberia.com\/pt\/especialistas\/biometano\/","url":"https:\/\/www.fiorentini-iberia.com\/pt\/especialistas\/biometano\/","name":"Biometano - Pietro Fiorentini","isPartOf":{"@id":"https:\/\/www.fiorentini-iberia.com\/pt\/#website"},"primaryImageOfPage":{"@id":"https:\/\/www.fiorentini-iberia.com\/pt\/especialistas\/biometano\/#primaryimage"},"image":{"@id":"https:\/\/www.fiorentini-iberia.com\/pt\/especialistas\/biometano\/#primaryimage"},"thumbnailUrl":"https:\/\/www.fiorentini-iberia.com\/wp-content\/uploads\/2021\/03\/01_expertise_biogas.jpeg","datePublished":"2023-12-11T09:22:33+00:00","dateModified":"2026-03-10T14:54:31+00:00","description":"Na Pietro Fiorentini fornecemos solu\u00e7\u00f5es integrais para todos os tipos de instala\u00e7\u00f5es, desde a inje\u00e7\u00e3o direta de biometano na rede.","breadcrumb":{"@id":"https:\/\/www.fiorentini-iberia.com\/pt\/especialistas\/biometano\/#breadcrumb"},"inLanguage":"pt-PTD","potentialAction":[{"@type":"ReadAction","target":["https:\/\/www.fiorentini-iberia.com\/pt\/especialistas\/biometano\/"]}]},{"@type":"ImageObject","inLanguage":"pt-PTD","@id":"https:\/\/www.fiorentini-iberia.com\/pt\/especialistas\/biometano\/#primaryimage","url":"https:\/\/www.fiorentini-iberia.com\/wp-content\/uploads\/2021\/03\/01_expertise_biogas.jpeg","contentUrl":"https:\/\/www.fiorentini-iberia.com\/wp-content\/uploads\/2021\/03\/01_expertise_biogas.jpeg","width":991,"height":991},{"@type":"BreadcrumbList","@id":"https:\/\/www.fiorentini-iberia.com\/pt\/especialistas\/biometano\/#breadcrumb","itemListElement":[{"@type":"ListItem","position":1,"name":"Home","item":"https:\/\/www.fiorentini-iberia.com\/pt\/"},{"@type":"ListItem","position":2,"name":"Especialistas","item":"https:\/\/www.fiorentini-iberia.com\/pt\/especialistas\/"},{"@type":"ListItem","position":3,"name":"Biometano"}]},{"@type":"WebSite","@id":"https:\/\/www.fiorentini-iberia.com\/pt\/#website","url":"https:\/\/www.fiorentini-iberia.com\/pt\/","name":"Pietro Fiorentini Iberia","description":"Pietro Fiorentini dise\u00f1a y fabrica componentes, sistemas y servicios para la regulaci\u00f3n, medici\u00f3n, gesti\u00f3n de redes de agua, energ\u00edas renovables, petr\u00f3leo y el gas natural, con sistemas adaptados 100% al hidr\u00f3geno.","publisher":{"@id":"https:\/\/www.fiorentini-iberia.com\/pt\/#organization"},"potentialAction":[{"@type":"SearchAction","target":{"@type":"EntryPoint","urlTemplate":"https:\/\/www.fiorentini-iberia.com\/pt\/?s={search_term_string}"},"query-input":{"@type":"PropertyValueSpecification","valueRequired":true,"valueName":"search_term_string"}}],"inLanguage":"pt-PTD"},{"@type":"Organization","@id":"https:\/\/www.fiorentini-iberia.com\/pt\/#organization","name":"Pietro Fiorentini Iberia","url":"https:\/\/www.fiorentini-iberia.com\/pt\/","logo":{"@type":"ImageObject","inLanguage":"pt-PTD","@id":"https:\/\/www.fiorentini-iberia.com\/pt\/#\/schema\/logo\/image\/","url":"https:\/\/www.fiorentini-iberia.com\/wp-content\/uploads\/2020\/11\/logo.svg","contentUrl":"https:\/\/www.fiorentini-iberia.com\/wp-content\/uploads\/2020\/11\/logo.svg","width":227,"height":59,"caption":"Pietro Fiorentini Iberia"},"image":{"@id":"https:\/\/www.fiorentini-iberia.com\/pt\/#\/schema\/logo\/image\/"},"sameAs":["https:\/\/x.com\/FiorentiniSpa","https:\/\/www.linkedin.com\/company\/pietro-fiorentini-iberia\/"]}]}},"_links":{"self":[{"href":"https:\/\/www.fiorentini-iberia.com\/pt\/wp-json\/wp\/v2\/pages\/48238","targetHints":{"allow":["GET"]}}],"collection":[{"href":"https:\/\/www.fiorentini-iberia.com\/pt\/wp-json\/wp\/v2\/pages"}],"about":[{"href":"https:\/\/www.fiorentini-iberia.com\/pt\/wp-json\/wp\/v2\/types\/page"}],"author":[{"embeddable":true,"href":"https:\/\/www.fiorentini-iberia.com\/pt\/wp-json\/wp\/v2\/users\/12"}],"replies":[{"embeddable":true,"href":"https:\/\/www.fiorentini-iberia.com\/pt\/wp-json\/wp\/v2\/comments?post=48238"}],"version-history":[{"count":3,"href":"https:\/\/www.fiorentini-iberia.com\/pt\/wp-json\/wp\/v2\/pages\/48238\/revisions"}],"predecessor-version":[{"id":63345,"href":"https:\/\/www.fiorentini-iberia.com\/pt\/wp-json\/wp\/v2\/pages\/48238\/revisions\/63345"}],"up":[{"embeddable":true,"href":"https:\/\/www.fiorentini-iberia.com\/pt\/wp-json\/wp\/v2\/pages\/48206"}],"wp:featuredmedia":[{"embeddable":true,"href":"https:\/\/www.fiorentini-iberia.com\/pt\/wp-json\/wp\/v2\/media\/33401"}],"wp:attachment":[{"href":"https:\/\/www.fiorentini-iberia.com\/pt\/wp-json\/wp\/v2\/media?parent=48238"}],"curies":[{"name":"wp","href":"https:\/\/api.w.org\/{rel}","templated":true}]}}