{"id":48269,"date":"2023-12-13T14:30:00","date_gmt":"2023-12-13T13:30:00","guid":{"rendered":"https:\/\/www.fiorentini-iberia.com\/especialistas\/protecao-catodica\/experiencia-de-pietro-fiorentini-en-proteccion-catodica\/"},"modified":"2024-03-14T12:28:09","modified_gmt":"2024-03-14T11:28:09","slug":"a-experiencia-de-pietro-fiorentini-em-protecao-catodica","status":"publish","type":"page","link":"https:\/\/www.fiorentini-iberia.com\/pt\/especialistas\/protecao-catodica\/a-experiencia-de-pietro-fiorentini-em-protecao-catodica\/","title":{"rendered":"A experi\u00eancia de Pietro Fiorentini em prote\u00e7\u00e3o cat\u00f3dica"},"content":{"rendered":"\n<p>Para cumprir as mais recentes especifica\u00e7\u00f5es e normas t\u00e9cnicas da ind\u00fastria, a Pietro Fiorentini est\u00e1 agora a trabalhar para desenvolver a <strong>\u00faltima gera\u00e7\u00e3o de registadores de dados de monitoriza\u00e7\u00e3o remota <\/strong>com m\u00f3dulos de comunica\u00e7\u00e3o que suportam a nova tecnologia 4G\/LTE e interrutor c\u00edclico integrado para medi\u00e7\u00f5es E<sub>OFF<\/sub>.<\/p>\n\n\n\n<p>A empresa come\u00e7ou a desenvolver e a implementar <strong>sistemas de monitoriza\u00e7\u00e3o para prote\u00e7\u00e3o cat\u00f3dica <\/strong>em 2016, com a <strong>aquisi\u00e7\u00e3o do <\/strong><a href=\"http:\/\/www.tecnosystemgroup.com\/\" target=\"_blank\" rel=\"noreferrer noopener\"><strong>Tecnosystem Group<\/strong><\/a>, uma empresa italiana de renome que opera em servi\u00e7os de aquisi\u00e7\u00e3o de dados para o setor. Assim, a carteira de produtos da Pietro Fiorentini foi enriquecida com <strong>registadores de campo <\/strong>facilmente instal\u00e1veis que registam e enviam automaticamente os principais par\u00e2metros el\u00e9tricos para centros de recolha de dados sem qualquer controlo manual.<\/p>\n\n\n\n<div style=\"height:32px\" aria-hidden=\"true\" class=\"wp-block-spacer\"><\/div>\n\n\n\n<div class=\"wp-block-group index\"><div class=\"wp-block-group__inner-container is-layout-flow wp-block-group-is-layout-flow\">\n<ol class=\"wp-block-list\">\n<li><strong><a href=\"#hardware-and-software-for-cathodic-protection\">Hardware e software dispon\u00edveis para prote\u00e7\u00e3o cat\u00f3dica<\/a><\/strong><\/li>\n\n\n\n<li><strong><a href=\"#the-cathodic-protection-test-field-in-rosate\">O campo de ensaios de prote\u00e7\u00e3o cat\u00f3dica em Rosate<\/a><\/strong><\/li>\n<\/ol>\n<\/div><\/div>\n\n\n\n<div id=\"hardware-and-software-for-cathodic-protection\" class=\"wp-block-group\"><div class=\"wp-block-group__inner-container is-layout-flow wp-block-group-is-layout-flow\">\n<h3 class=\"wp-block-heading\"><strong>Hardware e software dispon\u00edveis para prote\u00e7\u00e3o cat\u00f3dica<\/strong><\/h3>\n\n\n\n<p>Em 2019, para o cliente franc\u00eas GRTgaz, a Pietro Fiorentini coloca \u00e0 disposi\u00e7\u00e3o <strong>um novo software de monitoriza\u00e7\u00e3o da prote\u00e7\u00e3o cat\u00f3dica<\/strong>: <a href=\"https:\/\/www.fiorentini-iberia.com\/pt\/solucoes\/monitorizacao-da-protecao-catodica\/\" target=\"_blank\" rel=\"noreferrer noopener\"><strong><strong><a href=\"https:\/\/www.fiorentini-iberia.com\/pt\/solucoes\/monitorizacao-da-protecao-catodica\/\"><strong>Service2Business<\/strong><\/a><\/strong><\/strong><\/a>. A plataforma cumpre todas as caracter\u00edsticas do controlo remoto, melhorando tamb\u00e9m os procedimentos de centro e de servi\u00e7o oferecidos. A partir de 2020, o S2B tamb\u00e9m est\u00e1 dispon\u00edvel para clientes no mercado italiano e pode estabelecer interface com o <a href=\"https:\/\/www.fiorentini-iberia.com\/pt\/solucoes\/next\/\"><strong><a href=\"https:\/\/www.fiorentini-iberia.com\/pt\/solucoes\/next\/\"><strong>NEXT<\/strong><\/a><\/strong><\/a> e o <a href=\"https:\/\/www.fiorentini-iberia.com\/pt\/solucoes\/kairos\/\"><strong><a href=\"https:\/\/www.fiorentini-iberia.com\/pt\/solucoes\/kairos\/\"><strong><a href=\"https:\/\/www.fiorentini-iberia.com\/pt\/solucoes\/kairos\/\"><strong>Kairos<\/strong><\/a><\/strong><\/a><\/strong><\/a> os dispositivos da Pietro Fiorentini para a vigil\u00e2ncia e o controlo remoto dos sistemas de prote\u00e7\u00e3o cat\u00f3dica.<\/p>\n<\/div><\/div>\n\n\n\n<div style=\"height:32px\" aria-hidden=\"true\" class=\"wp-block-spacer\"><\/div>\n\n\n\n<div id=\"the-cathodic-protection-test-field-in-rosate\" class=\"wp-block-group\"><div class=\"wp-block-group__inner-container is-layout-flow wp-block-group-is-layout-flow\">\n<h3 class=\"wp-block-heading\"><strong><strong>O campo de ensaios de prote\u00e7\u00e3o cat\u00f3dica em Rosate<\/strong><\/strong><\/h3>\n\n\n\n<p>Em 2021, a Pietro Fiorentini instalou um <strong>campo de ensaios de prote\u00e7\u00e3o cat\u00f3dica na sua f\u00e1brica de Rosate <\/strong>(Mil\u00e3o), que possui a certifica\u00e7\u00e3o UNI EN ISO 15257. A estrutura satisfaz as necessidades de <strong>forma\u00e7\u00e3o do pessoal interno e externo <\/strong>e \u00e9 utilizada para o desenvolvimento de aplica\u00e7\u00f5es e novos produtos. \u00c9 tamb\u00e9m colocado \u00e0 disposi\u00e7\u00e3o de polit\u00e9cnicos, universidades e organismos de investiga\u00e7\u00e3o que solicitem a sua utiliza\u00e7\u00e3o para testes, estudos e medi\u00e7\u00f5es de v\u00e1rios tipos.<\/p>\n\n\n\n<div style=\"height:32px\" aria-hidden=\"true\" class=\"wp-block-spacer\"><\/div>\n\n\n\n<figure class=\"wp-block-image size-full\"><img loading=\"lazy\" decoding=\"async\" width=\"1024\" height=\"402\" src=\"https:\/\/www.fiorentini-iberia.com\/wp-content\/uploads\/2023\/12\/2021-02-23-CampoProveRosate_2-EXPPAGE-unite-orizzontali-1024x402-1.jpeg\" alt=\"\" class=\"wp-image-29298\" srcset=\"https:\/\/www.fiorentini-iberia.com\/wp-content\/uploads\/2023\/12\/2021-02-23-CampoProveRosate_2-EXPPAGE-unite-orizzontali-1024x402-1.jpeg 1024w, https:\/\/www.fiorentini-iberia.com\/wp-content\/uploads\/2023\/12\/2021-02-23-CampoProveRosate_2-EXPPAGE-unite-orizzontali-1024x402-1-300x118.jpeg 300w, https:\/\/www.fiorentini-iberia.com\/wp-content\/uploads\/2023\/12\/2021-02-23-CampoProveRosate_2-EXPPAGE-unite-orizzontali-1024x402-1-768x302.jpeg 768w\" sizes=\"auto, (max-width: 1024px) 100vw, 1024px\" \/><\/figure>\n\n\n\n<div style=\"height:32px\" aria-hidden=\"true\" class=\"wp-block-spacer\"><\/div>\n\n\n\n<p><a href=\"https:\/\/www.fiorentini.com\/en\/news\/the-new-cathodic-protection-test-field-at-pietro-fiorentinis-rosate-factory-has-been-opened\/\" target=\"_blank\" rel=\"noreferrer noopener\">Inaugura\u00e7\u00e3o do campo de ensaios de prote\u00e7\u00e3o cat\u00f3dica na f\u00e1brica de Rosate da Pietro Fiorentini<\/a><\/p>\n<\/div><\/div>\n","protected":false},"excerpt":{"rendered":"<p>A Pietro Fiorentini tem vindo a desenvolver e a implementar sistemas de monitoriza\u00e7\u00e3o para prote\u00e7\u00e3o cat\u00f3dica desde 2016. Service2Business \u00e9 o software capaz de interagir com dispositivos de vigil\u00e2ncia e controlo remoto das instala\u00e7\u00f5es de prote\u00e7\u00e3o cat\u00f3dica.<\/p>\n","protected":false},"author":15,"featured_media":0,"parent":48253,"menu_order":0,"comment_status":"closed","ping_status":"closed","template":"template-expertise-post.php","meta":{"_acf_changed":false,"inline_featured_image":false,"footnotes":""},"class_list":["post-48269","page","type-page","status-publish","hentry"],"acf":[],"yoast_head":"<!-- This site is optimized with the Yoast SEO plugin v27.2 - https:\/\/yoast.com\/product\/yoast-seo-wordpress\/ -->\n<title>A experi\u00eancia de Pietro Fiorentini em prote\u00e7\u00e3o cat\u00f3dica - Pietro Fiorentini<\/title>\n<meta name=\"description\" content=\"A Pietro Fiorentini tem vindo a desenvolver e a implementar sistemas de monitoriza\u00e7\u00e3o para prote\u00e7\u00e3o cat\u00f3dica desde 2016.\" \/>\n<meta name=\"robots\" content=\"index, follow, max-snippet:-1, max-image-preview:large, max-video-preview:-1\" \/>\n<link rel=\"canonical\" href=\"https:\/\/www.fiorentini-iberia.com\/pt\/especialistas\/protecao-catodica\/a-experiencia-de-pietro-fiorentini-em-protecao-catodica\/\" \/>\n<meta property=\"og:locale\" content=\"pt_PT\" \/>\n<meta property=\"og:type\" content=\"article\" \/>\n<meta property=\"og:title\" content=\"A experi\u00eancia de Pietro Fiorentini em prote\u00e7\u00e3o cat\u00f3dica - Pietro Fiorentini\" \/>\n<meta property=\"og:description\" content=\"A Pietro Fiorentini tem vindo a desenvolver e a implementar sistemas de monitoriza\u00e7\u00e3o para prote\u00e7\u00e3o cat\u00f3dica desde 2016.\" \/>\n<meta property=\"og:url\" content=\"https:\/\/www.fiorentini-iberia.com\/pt\/especialistas\/protecao-catodica\/a-experiencia-de-pietro-fiorentini-em-protecao-catodica\/\" \/>\n<meta property=\"og:site_name\" content=\"Pietro Fiorentini\" \/>\n<meta property=\"article:modified_time\" content=\"2024-03-14T11:28:09+00:00\" \/>\n<meta property=\"og:image\" content=\"https:\/\/www.fiorentini-iberia.com\/wp-content\/uploads\/2023\/12\/2021-02-23-CampoProveRosate_2-EXPPAGE-unite-orizzontali-1024x402-1.jpeg\" \/>\n<meta name=\"twitter:card\" content=\"summary_large_image\" \/>\n<meta name=\"twitter:site\" content=\"@FiorentiniSpa\" \/>\n<meta name=\"twitter:label1\" content=\"Est. reading time\" \/>\n\t<meta name=\"twitter:data1\" content=\"9 minutes\" \/>\n<script type=\"application\/ld+json\" class=\"yoast-schema-graph\">{\"@context\":\"https:\/\/schema.org\",\"@graph\":[{\"@type\":\"WebPage\",\"@id\":\"https:\/\/www.fiorentini-iberia.com\/pt\/especialistas\/protecao-catodica\/a-experiencia-de-pietro-fiorentini-em-protecao-catodica\/\",\"url\":\"https:\/\/www.fiorentini-iberia.com\/pt\/especialistas\/protecao-catodica\/a-experiencia-de-pietro-fiorentini-em-protecao-catodica\/\",\"name\":\"A experi\u00eancia de Pietro Fiorentini em prote\u00e7\u00e3o cat\u00f3dica - Pietro Fiorentini\",\"isPartOf\":{\"@id\":\"https:\/\/www.fiorentini-iberia.com\/pt\/#website\"},\"primaryImageOfPage\":{\"@id\":\"https:\/\/www.fiorentini-iberia.com\/pt\/especialistas\/protecao-catodica\/a-experiencia-de-pietro-fiorentini-em-protecao-catodica\/#primaryimage\"},\"image\":{\"@id\":\"https:\/\/www.fiorentini-iberia.com\/pt\/especialistas\/protecao-catodica\/a-experiencia-de-pietro-fiorentini-em-protecao-catodica\/#primaryimage\"},\"thumbnailUrl\":\"https:\/\/www.fiorentini-iberia.com\/wp-content\/uploads\/2023\/12\/2021-02-23-CampoProveRosate_2-EXPPAGE-unite-orizzontali-1024x402-1.jpeg\",\"datePublished\":\"2023-12-13T13:30:00+00:00\",\"dateModified\":\"2024-03-14T11:28:09+00:00\",\"description\":\"A Pietro Fiorentini tem vindo a desenvolver e a implementar sistemas de monitoriza\u00e7\u00e3o para prote\u00e7\u00e3o cat\u00f3dica desde 2016.\",\"breadcrumb\":{\"@id\":\"https:\/\/www.fiorentini-iberia.com\/pt\/especialistas\/protecao-catodica\/a-experiencia-de-pietro-fiorentini-em-protecao-catodica\/#breadcrumb\"},\"inLanguage\":\"pt-PTD\",\"potentialAction\":[{\"@type\":\"ReadAction\",\"target\":[\"https:\/\/www.fiorentini-iberia.com\/pt\/especialistas\/protecao-catodica\/a-experiencia-de-pietro-fiorentini-em-protecao-catodica\/\"]}]},{\"@type\":\"ImageObject\",\"inLanguage\":\"pt-PTD\",\"@id\":\"https:\/\/www.fiorentini-iberia.com\/pt\/especialistas\/protecao-catodica\/a-experiencia-de-pietro-fiorentini-em-protecao-catodica\/#primaryimage\",\"url\":\"https:\/\/www.fiorentini-iberia.com\/wp-content\/uploads\/2023\/12\/2021-02-23-CampoProveRosate_2-EXPPAGE-unite-orizzontali-1024x402-1.jpeg\",\"contentUrl\":\"https:\/\/www.fiorentini-iberia.com\/wp-content\/uploads\/2023\/12\/2021-02-23-CampoProveRosate_2-EXPPAGE-unite-orizzontali-1024x402-1.jpeg\"},{\"@type\":\"BreadcrumbList\",\"@id\":\"https:\/\/www.fiorentini-iberia.com\/pt\/especialistas\/protecao-catodica\/a-experiencia-de-pietro-fiorentini-em-protecao-catodica\/#breadcrumb\",\"itemListElement\":[{\"@type\":\"ListItem\",\"position\":1,\"name\":\"Home\",\"item\":\"https:\/\/www.fiorentini-iberia.com\/pt\/\"},{\"@type\":\"ListItem\",\"position\":2,\"name\":\"Especialistas\",\"item\":\"https:\/\/www.fiorentini-iberia.com\/pt\/especialistas\/\"},{\"@type\":\"ListItem\",\"position\":3,\"name\":\"Prote\u00e7\u00e3o cat\u00f3dica\",\"item\":\"https:\/\/www.fiorentini-iberia.com\/pt\/especialistas\/protecao-catodica\/\"},{\"@type\":\"ListItem\",\"position\":4,\"name\":\"A experi\u00eancia de Pietro Fiorentini em prote\u00e7\u00e3o cat\u00f3dica\"}]},{\"@type\":\"WebSite\",\"@id\":\"https:\/\/www.fiorentini-iberia.com\/pt\/#website\",\"url\":\"https:\/\/www.fiorentini-iberia.com\/pt\/\",\"name\":\"Pietro Fiorentini Iberia\",\"description\":\"Pietro Fiorentini dise\u00f1a y fabrica componentes, sistemas y servicios para la regulaci\u00f3n, medici\u00f3n, gesti\u00f3n de redes de agua, energ\u00edas renovables, petr\u00f3leo y el gas natural, con sistemas adaptados 100% al hidr\u00f3geno.\",\"publisher\":{\"@id\":\"https:\/\/www.fiorentini-iberia.com\/pt\/#organization\"},\"potentialAction\":[{\"@type\":\"SearchAction\",\"target\":{\"@type\":\"EntryPoint\",\"urlTemplate\":\"https:\/\/www.fiorentini-iberia.com\/pt\/?s={search_term_string}\"},\"query-input\":{\"@type\":\"PropertyValueSpecification\",\"valueRequired\":true,\"valueName\":\"search_term_string\"}}],\"inLanguage\":\"pt-PTD\"},{\"@type\":\"Organization\",\"@id\":\"https:\/\/www.fiorentini-iberia.com\/pt\/#organization\",\"name\":\"Pietro Fiorentini Iberia\",\"url\":\"https:\/\/www.fiorentini-iberia.com\/pt\/\",\"logo\":{\"@type\":\"ImageObject\",\"inLanguage\":\"pt-PTD\",\"@id\":\"https:\/\/www.fiorentini-iberia.com\/pt\/#\/schema\/logo\/image\/\",\"url\":\"https:\/\/www.fiorentini-iberia.com\/wp-content\/uploads\/2020\/11\/logo.svg\",\"contentUrl\":\"https:\/\/www.fiorentini-iberia.com\/wp-content\/uploads\/2020\/11\/logo.svg\",\"width\":227,\"height\":59,\"caption\":\"Pietro Fiorentini Iberia\"},\"image\":{\"@id\":\"https:\/\/www.fiorentini-iberia.com\/pt\/#\/schema\/logo\/image\/\"},\"sameAs\":[\"https:\/\/x.com\/FiorentiniSpa\",\"https:\/\/www.linkedin.com\/company\/pietro-fiorentini-iberia\/\"]}]}<\/script>\n<!-- \/ Yoast SEO plugin. -->","yoast_head_json":{"title":"A experi\u00eancia de Pietro Fiorentini em prote\u00e7\u00e3o cat\u00f3dica - Pietro Fiorentini","description":"A Pietro Fiorentini tem vindo a desenvolver e a implementar sistemas de monitoriza\u00e7\u00e3o para prote\u00e7\u00e3o cat\u00f3dica desde 2016.","robots":{"index":"index","follow":"follow","max-snippet":"max-snippet:-1","max-image-preview":"max-image-preview:large","max-video-preview":"max-video-preview:-1"},"canonical":"https:\/\/www.fiorentini-iberia.com\/pt\/especialistas\/protecao-catodica\/a-experiencia-de-pietro-fiorentini-em-protecao-catodica\/","og_locale":"pt_PT","og_type":"article","og_title":"A experi\u00eancia de Pietro Fiorentini em prote\u00e7\u00e3o cat\u00f3dica - Pietro Fiorentini","og_description":"A Pietro Fiorentini tem vindo a desenvolver e a implementar sistemas de monitoriza\u00e7\u00e3o para prote\u00e7\u00e3o cat\u00f3dica desde 2016.","og_url":"https:\/\/www.fiorentini-iberia.com\/pt\/especialistas\/protecao-catodica\/a-experiencia-de-pietro-fiorentini-em-protecao-catodica\/","og_site_name":"Pietro Fiorentini","article_modified_time":"2024-03-14T11:28:09+00:00","og_image":[{"url":"https:\/\/www.fiorentini-iberia.com\/wp-content\/uploads\/2023\/12\/2021-02-23-CampoProveRosate_2-EXPPAGE-unite-orizzontali-1024x402-1.jpeg","type":"","width":"","height":""}],"twitter_card":"summary_large_image","twitter_site":"@FiorentiniSpa","twitter_misc":{"Est. reading time":"9 minutes"},"schema":{"@context":"https:\/\/schema.org","@graph":[{"@type":"WebPage","@id":"https:\/\/www.fiorentini-iberia.com\/pt\/especialistas\/protecao-catodica\/a-experiencia-de-pietro-fiorentini-em-protecao-catodica\/","url":"https:\/\/www.fiorentini-iberia.com\/pt\/especialistas\/protecao-catodica\/a-experiencia-de-pietro-fiorentini-em-protecao-catodica\/","name":"A experi\u00eancia de Pietro Fiorentini em prote\u00e7\u00e3o cat\u00f3dica - Pietro Fiorentini","isPartOf":{"@id":"https:\/\/www.fiorentini-iberia.com\/pt\/#website"},"primaryImageOfPage":{"@id":"https:\/\/www.fiorentini-iberia.com\/pt\/especialistas\/protecao-catodica\/a-experiencia-de-pietro-fiorentini-em-protecao-catodica\/#primaryimage"},"image":{"@id":"https:\/\/www.fiorentini-iberia.com\/pt\/especialistas\/protecao-catodica\/a-experiencia-de-pietro-fiorentini-em-protecao-catodica\/#primaryimage"},"thumbnailUrl":"https:\/\/www.fiorentini-iberia.com\/wp-content\/uploads\/2023\/12\/2021-02-23-CampoProveRosate_2-EXPPAGE-unite-orizzontali-1024x402-1.jpeg","datePublished":"2023-12-13T13:30:00+00:00","dateModified":"2024-03-14T11:28:09+00:00","description":"A Pietro Fiorentini tem vindo a desenvolver e a implementar sistemas de monitoriza\u00e7\u00e3o para prote\u00e7\u00e3o cat\u00f3dica desde 2016.","breadcrumb":{"@id":"https:\/\/www.fiorentini-iberia.com\/pt\/especialistas\/protecao-catodica\/a-experiencia-de-pietro-fiorentini-em-protecao-catodica\/#breadcrumb"},"inLanguage":"pt-PTD","potentialAction":[{"@type":"ReadAction","target":["https:\/\/www.fiorentini-iberia.com\/pt\/especialistas\/protecao-catodica\/a-experiencia-de-pietro-fiorentini-em-protecao-catodica\/"]}]},{"@type":"ImageObject","inLanguage":"pt-PTD","@id":"https:\/\/www.fiorentini-iberia.com\/pt\/especialistas\/protecao-catodica\/a-experiencia-de-pietro-fiorentini-em-protecao-catodica\/#primaryimage","url":"https:\/\/www.fiorentini-iberia.com\/wp-content\/uploads\/2023\/12\/2021-02-23-CampoProveRosate_2-EXPPAGE-unite-orizzontali-1024x402-1.jpeg","contentUrl":"https:\/\/www.fiorentini-iberia.com\/wp-content\/uploads\/2023\/12\/2021-02-23-CampoProveRosate_2-EXPPAGE-unite-orizzontali-1024x402-1.jpeg"},{"@type":"BreadcrumbList","@id":"https:\/\/www.fiorentini-iberia.com\/pt\/especialistas\/protecao-catodica\/a-experiencia-de-pietro-fiorentini-em-protecao-catodica\/#breadcrumb","itemListElement":[{"@type":"ListItem","position":1,"name":"Home","item":"https:\/\/www.fiorentini-iberia.com\/pt\/"},{"@type":"ListItem","position":2,"name":"Especialistas","item":"https:\/\/www.fiorentini-iberia.com\/pt\/especialistas\/"},{"@type":"ListItem","position":3,"name":"Prote\u00e7\u00e3o cat\u00f3dica","item":"https:\/\/www.fiorentini-iberia.com\/pt\/especialistas\/protecao-catodica\/"},{"@type":"ListItem","position":4,"name":"A experi\u00eancia de Pietro Fiorentini em prote\u00e7\u00e3o cat\u00f3dica"}]},{"@type":"WebSite","@id":"https:\/\/www.fiorentini-iberia.com\/pt\/#website","url":"https:\/\/www.fiorentini-iberia.com\/pt\/","name":"Pietro Fiorentini Iberia","description":"Pietro Fiorentini dise\u00f1a y fabrica componentes, sistemas y servicios para la regulaci\u00f3n, medici\u00f3n, gesti\u00f3n de redes de agua, energ\u00edas renovables, petr\u00f3leo y el gas natural, con sistemas adaptados 100% al hidr\u00f3geno.","publisher":{"@id":"https:\/\/www.fiorentini-iberia.com\/pt\/#organization"},"potentialAction":[{"@type":"SearchAction","target":{"@type":"EntryPoint","urlTemplate":"https:\/\/www.fiorentini-iberia.com\/pt\/?s={search_term_string}"},"query-input":{"@type":"PropertyValueSpecification","valueRequired":true,"valueName":"search_term_string"}}],"inLanguage":"pt-PTD"},{"@type":"Organization","@id":"https:\/\/www.fiorentini-iberia.com\/pt\/#organization","name":"Pietro Fiorentini Iberia","url":"https:\/\/www.fiorentini-iberia.com\/pt\/","logo":{"@type":"ImageObject","inLanguage":"pt-PTD","@id":"https:\/\/www.fiorentini-iberia.com\/pt\/#\/schema\/logo\/image\/","url":"https:\/\/www.fiorentini-iberia.com\/wp-content\/uploads\/2020\/11\/logo.svg","contentUrl":"https:\/\/www.fiorentini-iberia.com\/wp-content\/uploads\/2020\/11\/logo.svg","width":227,"height":59,"caption":"Pietro Fiorentini Iberia"},"image":{"@id":"https:\/\/www.fiorentini-iberia.com\/pt\/#\/schema\/logo\/image\/"},"sameAs":["https:\/\/x.com\/FiorentiniSpa","https:\/\/www.linkedin.com\/company\/pietro-fiorentini-iberia\/"]}]}},"_links":{"self":[{"href":"https:\/\/www.fiorentini-iberia.com\/pt\/wp-json\/wp\/v2\/pages\/48269","targetHints":{"allow":["GET"]}}],"collection":[{"href":"https:\/\/www.fiorentini-iberia.com\/pt\/wp-json\/wp\/v2\/pages"}],"about":[{"href":"https:\/\/www.fiorentini-iberia.com\/pt\/wp-json\/wp\/v2\/types\/page"}],"author":[{"embeddable":true,"href":"https:\/\/www.fiorentini-iberia.com\/pt\/wp-json\/wp\/v2\/users\/15"}],"replies":[{"embeddable":true,"href":"https:\/\/www.fiorentini-iberia.com\/pt\/wp-json\/wp\/v2\/comments?post=48269"}],"version-history":[{"count":1,"href":"https:\/\/www.fiorentini-iberia.com\/pt\/wp-json\/wp\/v2\/pages\/48269\/revisions"}],"predecessor-version":[{"id":48271,"href":"https:\/\/www.fiorentini-iberia.com\/pt\/wp-json\/wp\/v2\/pages\/48269\/revisions\/48271"}],"up":[{"embeddable":true,"href":"https:\/\/www.fiorentini-iberia.com\/pt\/wp-json\/wp\/v2\/pages\/48253"}],"wp:attachment":[{"href":"https:\/\/www.fiorentini-iberia.com\/pt\/wp-json\/wp\/v2\/media?parent=48269"}],"curies":[{"name":"wp","href":"https:\/\/api.w.org\/{rel}","templated":true}]}}