{"id":48278,"date":"2023-12-11T10:24:25","date_gmt":"2023-12-11T09:24:25","guid":{"rendered":"https:\/\/www.fiorentini-iberia.com\/especialistas\/hidrogeno\/"},"modified":"2024-06-25T19:01:07","modified_gmt":"2024-06-25T17:01:07","slug":"hidrogenio","status":"publish","type":"page","link":"https:\/\/www.fiorentini-iberia.com\/pt\/especialistas\/hidrogenio\/","title":{"rendered":"Hidrog\u00e9nio"},"content":{"rendered":"\n<h2 class=\"wp-block-heading\"><strong>O aliado ideal para a energia sustent\u00e1vel<\/strong><\/h2>\n\n\n\n<p>O hidrog\u00e9nio, pelo menos, por enquanto, s\u00f3 pode ser injetado na rede de gasodutos e misturado com g\u00e1s natural at\u00e9 determinadas percentagens. O nosso compromisso \u00e9 <strong>criar sistemas e dispositivos que possam aumentar esta percentagem<\/strong>, um desafio tecnol\u00f3gico que abrir\u00e1 oportunidades incr\u00edveis para o desenvolvimento de uma energia mais sustent\u00e1vel.<\/p>\n\n\n\n<p>Nesta linha, a <strong>Pietro Fiorentini<\/strong> lan\u00e7ou uma vasta <strong><a href=\"https:\/\/www.fiorentini-iberia.com\/pt\/category\/solucoes\/produtos\/produtos-100-hidrogenio\/\">gama de produtos 100% hidrog\u00e9nio<\/a><\/strong>, tanto para <strong>v\u00e1lvulas<\/strong>, como para <strong>contadores, reguladores<\/strong> e <strong>electrolisadores<\/strong>.<\/p>\n\n\n\n<p>A este respeito, o <strong><a href=\"https:\/\/www.fiorentini-iberia.com\/pt\/solucoes\/produtos\/produtos-100-hidrogenio\/eletrolisadores\/geradores-hyter\/\">eletrolisador de hidrog\u00e9nio da Hyter<\/a><\/strong>, uma empresa do <strong><a href=\"https:\/\/www.fiorentini-iberia.com\/pt\/pietro-fiorentini-group\/empresas-e-marcas-do-grupo-pietro-fiorentini\/#hyter\">Grupo Pietro Fiorentini<\/a><\/strong>, utiliza a&nbsp;<strong>tecnologia avan\u00e7ada AEMWE<\/strong>&nbsp;(Anion Exchange Membrane Water Electrolysis) para produzir hidrog\u00e9nio de alta pureza de forma sustent\u00e1vel.<\/p>\n\n\n\n<p>Por outro lado, a necessidade de uma utiliza\u00e7\u00e3o em grande escala do hidrog\u00e9nio inspirou-nos a desenvolver novas\u00a0<strong><a href=\"https:\/\/www.fiorentini-iberia.com\/pt\/solucoes\/sistemas\/energias-renovaveis\/estacoes-de-mistura-de-hidrogenio\/\">esta\u00e7\u00f5es de mistura de hidrog\u00e9nio<\/a><\/strong>. Concebidos para se adaptarem facilmente desde <strong>distritos de baixa press\u00e3o a redes de transporte de alta press\u00e3o e aplica\u00e7\u00f5es industriais<\/strong>.<\/p>\n","protected":false},"excerpt":{"rendered":"<p>A sua combust\u00e3o n\u00e3o emite di\u00f3xido de carbono, mas sim vapor, e \u00e9 mais f\u00e1cil de transportar e armazenar do que a eletricidade. S\u00e3o estas caracter\u00edsticas que fazem do hidrog\u00e9nio o aliado ideal para a produ\u00e7\u00e3o de energia renov\u00e1vel.<br \/>\n\u00a0<br \/>\nAtualmente, o hidrog\u00e9nio s\u00f3 pode ser injetado na rede de gasodutos e misturado com g\u00e1s natural at\u00e9 determinadas percentagens: o nosso principal objetivo \u00e9 criar sistemas e dispositivos que possam ultrapassar esta limita\u00e7\u00e3o.<\/p>\n","protected":false},"author":15,"featured_media":33403,"parent":48206,"menu_order":0,"comment_status":"closed","ping_status":"closed","template":"template-expertise-child.php","meta":{"_acf_changed":false,"inline_featured_image":false,"footnotes":""},"class_list":["post-48278","page","type-page","status-publish","has-post-thumbnail","hentry"],"acf":[],"yoast_head":"<!-- This site is optimized with the Yoast SEO plugin v27.2 - https:\/\/yoast.com\/product\/yoast-seo-wordpress\/ -->\n<title>Hidrog\u00e9nio - Pietro Fiorentini<\/title>\n<meta name=\"description\" content=\"O hidrog\u00e9nio foi o primeiro elemento a formar-se ap\u00f3s o Big Bang e representa sozinho quase 90% da massa do universo.\" \/>\n<meta name=\"robots\" content=\"index, follow, max-snippet:-1, max-image-preview:large, max-video-preview:-1\" \/>\n<link rel=\"canonical\" href=\"https:\/\/www.fiorentini-iberia.com\/pt\/especialistas\/hidrogenio\/\" \/>\n<meta property=\"og:locale\" content=\"pt_PT\" \/>\n<meta property=\"og:type\" content=\"article\" \/>\n<meta property=\"og:title\" content=\"Hidrog\u00e9nio - Pietro Fiorentini\" \/>\n<meta property=\"og:description\" content=\"O hidrog\u00e9nio foi o primeiro elemento a formar-se ap\u00f3s o Big Bang e representa sozinho quase 90% da massa do universo.\" \/>\n<meta property=\"og:url\" content=\"https:\/\/www.fiorentini-iberia.com\/pt\/especialistas\/hidrogenio\/\" \/>\n<meta property=\"og:site_name\" content=\"Pietro Fiorentini\" \/>\n<meta property=\"article:modified_time\" content=\"2024-06-25T17:01:07+00:00\" \/>\n<meta property=\"og:image\" content=\"https:\/\/www.fiorentini-iberia.com\/wp-content\/uploads\/2021\/03\/03_expertise_hydrogen.jpeg\" \/>\n\t<meta property=\"og:image:width\" content=\"991\" \/>\n\t<meta property=\"og:image:height\" content=\"991\" \/>\n\t<meta property=\"og:image:type\" content=\"image\/jpeg\" \/>\n<meta name=\"twitter:card\" content=\"summary_large_image\" \/>\n<meta name=\"twitter:site\" content=\"@FiorentiniSpa\" \/>\n<meta name=\"twitter:label1\" content=\"Est. reading time\" \/>\n\t<meta name=\"twitter:data1\" content=\"1 minute\" \/>\n<script type=\"application\/ld+json\" class=\"yoast-schema-graph\">{\"@context\":\"https:\/\/schema.org\",\"@graph\":[{\"@type\":\"WebPage\",\"@id\":\"https:\/\/www.fiorentini-iberia.com\/pt\/especialistas\/hidrogenio\/\",\"url\":\"https:\/\/www.fiorentini-iberia.com\/pt\/especialistas\/hidrogenio\/\",\"name\":\"Hidrog\u00e9nio - Pietro Fiorentini\",\"isPartOf\":{\"@id\":\"https:\/\/www.fiorentini-iberia.com\/pt\/#website\"},\"primaryImageOfPage\":{\"@id\":\"https:\/\/www.fiorentini-iberia.com\/pt\/especialistas\/hidrogenio\/#primaryimage\"},\"image\":{\"@id\":\"https:\/\/www.fiorentini-iberia.com\/pt\/especialistas\/hidrogenio\/#primaryimage\"},\"thumbnailUrl\":\"https:\/\/www.fiorentini-iberia.com\/wp-content\/uploads\/2021\/03\/03_expertise_hydrogen.jpeg\",\"datePublished\":\"2023-12-11T09:24:25+00:00\",\"dateModified\":\"2024-06-25T17:01:07+00:00\",\"description\":\"O hidrog\u00e9nio foi o primeiro elemento a formar-se ap\u00f3s o Big Bang e representa sozinho quase 90% da massa do universo.\",\"breadcrumb\":{\"@id\":\"https:\/\/www.fiorentini-iberia.com\/pt\/especialistas\/hidrogenio\/#breadcrumb\"},\"inLanguage\":\"pt-PTD\",\"potentialAction\":[{\"@type\":\"ReadAction\",\"target\":[\"https:\/\/www.fiorentini-iberia.com\/pt\/especialistas\/hidrogenio\/\"]}]},{\"@type\":\"ImageObject\",\"inLanguage\":\"pt-PTD\",\"@id\":\"https:\/\/www.fiorentini-iberia.com\/pt\/especialistas\/hidrogenio\/#primaryimage\",\"url\":\"https:\/\/www.fiorentini-iberia.com\/wp-content\/uploads\/2021\/03\/03_expertise_hydrogen.jpeg\",\"contentUrl\":\"https:\/\/www.fiorentini-iberia.com\/wp-content\/uploads\/2021\/03\/03_expertise_hydrogen.jpeg\",\"width\":991,\"height\":991},{\"@type\":\"BreadcrumbList\",\"@id\":\"https:\/\/www.fiorentini-iberia.com\/pt\/especialistas\/hidrogenio\/#breadcrumb\",\"itemListElement\":[{\"@type\":\"ListItem\",\"position\":1,\"name\":\"Home\",\"item\":\"https:\/\/www.fiorentini-iberia.com\/pt\/\"},{\"@type\":\"ListItem\",\"position\":2,\"name\":\"Especialistas\",\"item\":\"https:\/\/www.fiorentini-iberia.com\/pt\/especialistas\/\"},{\"@type\":\"ListItem\",\"position\":3,\"name\":\"Hidrog\u00e9nio\"}]},{\"@type\":\"WebSite\",\"@id\":\"https:\/\/www.fiorentini-iberia.com\/pt\/#website\",\"url\":\"https:\/\/www.fiorentini-iberia.com\/pt\/\",\"name\":\"Pietro Fiorentini Iberia\",\"description\":\"Pietro Fiorentini dise\u00f1a y fabrica componentes, sistemas y servicios para la regulaci\u00f3n, medici\u00f3n, gesti\u00f3n de redes de agua, energ\u00edas renovables, petr\u00f3leo y el gas natural, con sistemas adaptados 100% al hidr\u00f3geno.\",\"publisher\":{\"@id\":\"https:\/\/www.fiorentini-iberia.com\/pt\/#organization\"},\"potentialAction\":[{\"@type\":\"SearchAction\",\"target\":{\"@type\":\"EntryPoint\",\"urlTemplate\":\"https:\/\/www.fiorentini-iberia.com\/pt\/?s={search_term_string}\"},\"query-input\":{\"@type\":\"PropertyValueSpecification\",\"valueRequired\":true,\"valueName\":\"search_term_string\"}}],\"inLanguage\":\"pt-PTD\"},{\"@type\":\"Organization\",\"@id\":\"https:\/\/www.fiorentini-iberia.com\/pt\/#organization\",\"name\":\"Pietro Fiorentini Iberia\",\"url\":\"https:\/\/www.fiorentini-iberia.com\/pt\/\",\"logo\":{\"@type\":\"ImageObject\",\"inLanguage\":\"pt-PTD\",\"@id\":\"https:\/\/www.fiorentini-iberia.com\/pt\/#\/schema\/logo\/image\/\",\"url\":\"https:\/\/www.fiorentini-iberia.com\/wp-content\/uploads\/2020\/11\/logo.svg\",\"contentUrl\":\"https:\/\/www.fiorentini-iberia.com\/wp-content\/uploads\/2020\/11\/logo.svg\",\"width\":227,\"height\":59,\"caption\":\"Pietro Fiorentini Iberia\"},\"image\":{\"@id\":\"https:\/\/www.fiorentini-iberia.com\/pt\/#\/schema\/logo\/image\/\"},\"sameAs\":[\"https:\/\/x.com\/FiorentiniSpa\",\"https:\/\/www.linkedin.com\/company\/pietro-fiorentini-iberia\/\"]}]}<\/script>\n<!-- \/ Yoast SEO plugin. -->","yoast_head_json":{"title":"Hidrog\u00e9nio - Pietro Fiorentini","description":"O hidrog\u00e9nio foi o primeiro elemento a formar-se ap\u00f3s o Big Bang e representa sozinho quase 90% da massa do universo.","robots":{"index":"index","follow":"follow","max-snippet":"max-snippet:-1","max-image-preview":"max-image-preview:large","max-video-preview":"max-video-preview:-1"},"canonical":"https:\/\/www.fiorentini-iberia.com\/pt\/especialistas\/hidrogenio\/","og_locale":"pt_PT","og_type":"article","og_title":"Hidrog\u00e9nio - Pietro Fiorentini","og_description":"O hidrog\u00e9nio foi o primeiro elemento a formar-se ap\u00f3s o Big Bang e representa sozinho quase 90% da massa do universo.","og_url":"https:\/\/www.fiorentini-iberia.com\/pt\/especialistas\/hidrogenio\/","og_site_name":"Pietro Fiorentini","article_modified_time":"2024-06-25T17:01:07+00:00","og_image":[{"width":991,"height":991,"url":"https:\/\/www.fiorentini-iberia.com\/wp-content\/uploads\/2021\/03\/03_expertise_hydrogen.jpeg","type":"image\/jpeg"}],"twitter_card":"summary_large_image","twitter_site":"@FiorentiniSpa","twitter_misc":{"Est. reading time":"1 minute"},"schema":{"@context":"https:\/\/schema.org","@graph":[{"@type":"WebPage","@id":"https:\/\/www.fiorentini-iberia.com\/pt\/especialistas\/hidrogenio\/","url":"https:\/\/www.fiorentini-iberia.com\/pt\/especialistas\/hidrogenio\/","name":"Hidrog\u00e9nio - Pietro Fiorentini","isPartOf":{"@id":"https:\/\/www.fiorentini-iberia.com\/pt\/#website"},"primaryImageOfPage":{"@id":"https:\/\/www.fiorentini-iberia.com\/pt\/especialistas\/hidrogenio\/#primaryimage"},"image":{"@id":"https:\/\/www.fiorentini-iberia.com\/pt\/especialistas\/hidrogenio\/#primaryimage"},"thumbnailUrl":"https:\/\/www.fiorentini-iberia.com\/wp-content\/uploads\/2021\/03\/03_expertise_hydrogen.jpeg","datePublished":"2023-12-11T09:24:25+00:00","dateModified":"2024-06-25T17:01:07+00:00","description":"O hidrog\u00e9nio foi o primeiro elemento a formar-se ap\u00f3s o Big Bang e representa sozinho quase 90% da massa do universo.","breadcrumb":{"@id":"https:\/\/www.fiorentini-iberia.com\/pt\/especialistas\/hidrogenio\/#breadcrumb"},"inLanguage":"pt-PTD","potentialAction":[{"@type":"ReadAction","target":["https:\/\/www.fiorentini-iberia.com\/pt\/especialistas\/hidrogenio\/"]}]},{"@type":"ImageObject","inLanguage":"pt-PTD","@id":"https:\/\/www.fiorentini-iberia.com\/pt\/especialistas\/hidrogenio\/#primaryimage","url":"https:\/\/www.fiorentini-iberia.com\/wp-content\/uploads\/2021\/03\/03_expertise_hydrogen.jpeg","contentUrl":"https:\/\/www.fiorentini-iberia.com\/wp-content\/uploads\/2021\/03\/03_expertise_hydrogen.jpeg","width":991,"height":991},{"@type":"BreadcrumbList","@id":"https:\/\/www.fiorentini-iberia.com\/pt\/especialistas\/hidrogenio\/#breadcrumb","itemListElement":[{"@type":"ListItem","position":1,"name":"Home","item":"https:\/\/www.fiorentini-iberia.com\/pt\/"},{"@type":"ListItem","position":2,"name":"Especialistas","item":"https:\/\/www.fiorentini-iberia.com\/pt\/especialistas\/"},{"@type":"ListItem","position":3,"name":"Hidrog\u00e9nio"}]},{"@type":"WebSite","@id":"https:\/\/www.fiorentini-iberia.com\/pt\/#website","url":"https:\/\/www.fiorentini-iberia.com\/pt\/","name":"Pietro Fiorentini Iberia","description":"Pietro Fiorentini dise\u00f1a y fabrica componentes, sistemas y servicios para la regulaci\u00f3n, medici\u00f3n, gesti\u00f3n de redes de agua, energ\u00edas renovables, petr\u00f3leo y el gas natural, con sistemas adaptados 100% al hidr\u00f3geno.","publisher":{"@id":"https:\/\/www.fiorentini-iberia.com\/pt\/#organization"},"potentialAction":[{"@type":"SearchAction","target":{"@type":"EntryPoint","urlTemplate":"https:\/\/www.fiorentini-iberia.com\/pt\/?s={search_term_string}"},"query-input":{"@type":"PropertyValueSpecification","valueRequired":true,"valueName":"search_term_string"}}],"inLanguage":"pt-PTD"},{"@type":"Organization","@id":"https:\/\/www.fiorentini-iberia.com\/pt\/#organization","name":"Pietro Fiorentini Iberia","url":"https:\/\/www.fiorentini-iberia.com\/pt\/","logo":{"@type":"ImageObject","inLanguage":"pt-PTD","@id":"https:\/\/www.fiorentini-iberia.com\/pt\/#\/schema\/logo\/image\/","url":"https:\/\/www.fiorentini-iberia.com\/wp-content\/uploads\/2020\/11\/logo.svg","contentUrl":"https:\/\/www.fiorentini-iberia.com\/wp-content\/uploads\/2020\/11\/logo.svg","width":227,"height":59,"caption":"Pietro Fiorentini Iberia"},"image":{"@id":"https:\/\/www.fiorentini-iberia.com\/pt\/#\/schema\/logo\/image\/"},"sameAs":["https:\/\/x.com\/FiorentiniSpa","https:\/\/www.linkedin.com\/company\/pietro-fiorentini-iberia\/"]}]}},"_links":{"self":[{"href":"https:\/\/www.fiorentini-iberia.com\/pt\/wp-json\/wp\/v2\/pages\/48278","targetHints":{"allow":["GET"]}}],"collection":[{"href":"https:\/\/www.fiorentini-iberia.com\/pt\/wp-json\/wp\/v2\/pages"}],"about":[{"href":"https:\/\/www.fiorentini-iberia.com\/pt\/wp-json\/wp\/v2\/types\/page"}],"author":[{"embeddable":true,"href":"https:\/\/www.fiorentini-iberia.com\/pt\/wp-json\/wp\/v2\/users\/15"}],"replies":[{"embeddable":true,"href":"https:\/\/www.fiorentini-iberia.com\/pt\/wp-json\/wp\/v2\/comments?post=48278"}],"version-history":[{"count":3,"href":"https:\/\/www.fiorentini-iberia.com\/pt\/wp-json\/wp\/v2\/pages\/48278\/revisions"}],"predecessor-version":[{"id":55187,"href":"https:\/\/www.fiorentini-iberia.com\/pt\/wp-json\/wp\/v2\/pages\/48278\/revisions\/55187"}],"up":[{"embeddable":true,"href":"https:\/\/www.fiorentini-iberia.com\/pt\/wp-json\/wp\/v2\/pages\/48206"}],"wp:featuredmedia":[{"embeddable":true,"href":"https:\/\/www.fiorentini-iberia.com\/pt\/wp-json\/wp\/v2\/media\/33403"}],"wp:attachment":[{"href":"https:\/\/www.fiorentini-iberia.com\/pt\/wp-json\/wp\/v2\/media?parent=48278"}],"curies":[{"name":"wp","href":"https:\/\/api.w.org\/{rel}","templated":true}]}}