{"id":48325,"date":"2023-12-11T10:28:01","date_gmt":"2023-12-11T09:28:01","guid":{"rendered":"https:\/\/www.fiorentini-iberia.com\/especialistas\/smart-gas-grids\/"},"modified":"2024-06-07T14:57:18","modified_gmt":"2024-06-07T12:57:18","slug":"redes-de-gas-inteligentes","status":"publish","type":"page","link":"https:\/\/www.fiorentini-iberia.com\/pt\/especialistas\/redes-de-gas-inteligentes\/","title":{"rendered":"Redes de g\u00e1s inteligentes"},"content":{"rendered":"\n<h2 class=\"wp-block-heading\"><strong><strong>Redes inteligentes e autorreguladas<\/strong><\/strong><\/h2>\n\n\n\n<p><strong>Sistemas ativos <\/strong>que integram energias de diferentes tipos e <strong>tomam decis\u00f5es aut\u00f3nomas <\/strong>para otimizar a distribui\u00e7\u00e3o de energia: as redes de g\u00e1s inteligentes s\u00e3o um projeto ambicioso em que, num futuro muito pr\u00f3ximo, a energia ser\u00e1 distribu\u00edda atrav\u00e9s de redes capazes de <strong>gerir e regular instantaneamente fluxos m\u00faltiplos<\/strong>, <strong>descont\u00ednuos e bidirecionais<\/strong>.<br>\u00a0<\/p>\n\n\n\n<figure class=\"wp-block-image size-full is-resized\"><a href=\"https:\/\/www.fiorentini-iberia.com\/es\/grupo-pietro-fiorentini\/companias-y-marcas-grupo-pf\/#terranova\"><img loading=\"lazy\" decoding=\"async\" width=\"391\" height=\"60\" src=\"https:\/\/www.fiorentini-iberia.com\/wp-content\/uploads\/2021\/07\/Terranova-Logo-60px.png\" alt=\"\" class=\"wp-image-16336\" style=\"width:302px;height:auto\" srcset=\"https:\/\/www.fiorentini-iberia.com\/wp-content\/uploads\/2021\/07\/Terranova-Logo-60px.png 391w, https:\/\/www.fiorentini-iberia.com\/wp-content\/uploads\/2021\/07\/Terranova-Logo-60px-300x46.png 300w\" sizes=\"auto, (max-width: 391px) 100vw, 391px\" \/><\/a><\/figure>\n\n\n\n<p><strong><a href=\"https:\/\/www.fiorentini-iberia.com\/pt\/pietro-fiorentini-group\/empresas-e-marcas-do-grupo-pietro-fiorentini\/#terranova\">TERRANOVA<\/a><\/strong>, uma empresa do <a href=\"https:\/\/www.fiorentini-iberia.com\/pt\/pietro-fiorentini-group\/empresas-e-marcas-do-grupo-pietro-fiorentini\/\"><strong>Grupo<\/strong> <strong>Pietro Fiorentini<\/strong><\/a>, l\u00edder no desenvolvimento de software para a contagem inteligente, opera\u00e7\u00f5es e gest\u00e3o de redes inteligentes, oferece uma vasta gama de software estudado ad hoc para responder \u00e0s complexas necessidades do sector dos servi\u00e7os p\u00fablicos.<br>\u00a0<\/p>\n\n\n\n<figure class=\"wp-block-image size-large is-resized\"><img loading=\"lazy\" decoding=\"async\" width=\"1024\" height=\"324\" src=\"https:\/\/www.fiorentini-iberia.com\/wp-content\/uploads\/2024\/02\/1213_t_tamm-logo-1024x324.png\" alt=\"\" class=\"wp-image-49467\" style=\"width:293px;height:auto\" srcset=\"https:\/\/www.fiorentini-iberia.com\/wp-content\/uploads\/2024\/02\/1213_t_tamm-logo-1024x324.png 1024w, https:\/\/www.fiorentini-iberia.com\/wp-content\/uploads\/2024\/02\/1213_t_tamm-logo-300x95.png 300w, https:\/\/www.fiorentini-iberia.com\/wp-content\/uploads\/2024\/02\/1213_t_tamm-logo-768x243.png 768w, https:\/\/www.fiorentini-iberia.com\/wp-content\/uploads\/2024\/02\/1213_t_tamm-logo.png 1258w\" sizes=\"auto, (max-width: 1024px) 100vw, 1024px\" \/><\/figure>\n\n\n\n<p>O <strong>TAMM<\/strong> \u00e9 um sistema de software multi-servi\u00e7o concebido para automatizar os <strong>processos de telemetria e gest\u00e3o remota<\/strong> de contadores de G\u00e1s, Eletricidade e \u00c1gua num cen\u00e1rio de <strong>smart metering<\/strong>. A aplica\u00e7\u00e3o <strong>TAMM<\/strong> foi concebida para apoiar as empresas de distribui\u00e7\u00e3o na gest\u00e3o dos processos de telemetria e gest\u00e3o remota de grupos de contadores para os servi\u00e7os fornecidos, cumprindo os padr\u00f5es de funcionalidade, efici\u00eancia e seguran\u00e7a estabelecidos nos diferentes cen\u00e1rios de aplica\u00e7\u00e3o: <strong>Industrial, Comercial e Residencial<\/strong>.<\/p>\n\n\n\n<p>Tudo isso integrado \u00e0 tecnologia <strong>Narrow Band Internet of Things (NBIoT)<\/strong>, a mais promissora tecnologia de comunica\u00e7\u00e3o para medi\u00e7\u00e3o de utilidades.<br>\u00a0<\/p>\n\n\n\n<div class=\"wp-block-buttons is-layout-flex wp-block-buttons-is-layout-flex\">\n<div class=\"wp-block-button has-custom-font-size is-style-fill\" style=\"font-size:18px\"><a class=\"wp-block-button__link has-background wp-element-button\" href=\"https:\/\/www.fiorentini-iberia.com\/wp-content\/uploads\/2024\/02\/terranova-tamm-smart-metering-pdf.pdf\" style=\"border-radius:0px;background-color:#199782\" target=\"_blank\" rel=\"noreferrer noopener\"><strong>\u2013 Apresenta\u00e7\u00e3o TAMM<\/strong><\/a><\/div>\n<\/div>\n\n\n\n<p>\u00a0<br>Para mais informa\u00e7\u00f5es:\u00a0<a href=\"https:\/\/www.terranovasoftware.eu\/en\" target=\"_blank\" rel=\"noreferrer noopener\"><strong>terranovasoftware.eu<\/strong><\/a><\/p>\n","protected":false},"excerpt":{"rendered":"<p>Integra\u00e7\u00e3o de diferentes tipos de energia e tomada de decis\u00f5es aut\u00f3nomas para otimizar a distribui\u00e7\u00e3o de energia: as redes inteligentes s\u00e3o um projeto ambicioso em que, num futuro muito pr\u00f3ximo, a energia ser\u00e1 gerida atrav\u00e9s de redes capazes de regular instantaneamente fluxos m\u00faltiplos, descont\u00ednuos e bidirecionais.<\/p>\n","protected":false},"author":15,"featured_media":31533,"parent":48206,"menu_order":5,"comment_status":"closed","ping_status":"closed","template":"template-expertise-child.php","meta":{"_acf_changed":false,"inline_featured_image":false,"footnotes":""},"class_list":["post-48325","page","type-page","status-publish","has-post-thumbnail","hentry"],"acf":[],"yoast_head":"<!-- This site is optimized with the Yoast SEO plugin v27.2 - https:\/\/yoast.com\/product\/yoast-seo-wordpress\/ -->\n<title>Redes de g\u00e1s inteligentes - Pietro Fiorentini<\/title>\n<meta name=\"description\" content=\"Sistemas ativos que integram energias de diferentes tipos e tomam decis\u00f5es aut\u00f3nomas para otimizar a distribui\u00e7\u00e3o de energia.\" \/>\n<meta name=\"robots\" content=\"index, follow, max-snippet:-1, max-image-preview:large, max-video-preview:-1\" \/>\n<link rel=\"canonical\" href=\"https:\/\/www.fiorentini-iberia.com\/pt\/especialistas\/redes-de-gas-inteligentes\/\" \/>\n<meta property=\"og:locale\" content=\"pt_PT\" \/>\n<meta property=\"og:type\" content=\"article\" \/>\n<meta property=\"og:title\" content=\"Redes de g\u00e1s inteligentes - Pietro Fiorentini\" \/>\n<meta property=\"og:description\" content=\"Sistemas ativos que integram energias de diferentes tipos e tomam decis\u00f5es aut\u00f3nomas para otimizar a distribui\u00e7\u00e3o de energia.\" \/>\n<meta property=\"og:url\" content=\"https:\/\/www.fiorentini-iberia.com\/pt\/especialistas\/redes-de-gas-inteligentes\/\" \/>\n<meta property=\"og:site_name\" content=\"Pietro Fiorentini\" \/>\n<meta property=\"article:modified_time\" content=\"2024-06-07T12:57:18+00:00\" \/>\n<meta property=\"og:image\" content=\"https:\/\/www.fiorentini-iberia.com\/wp-content\/uploads\/2022\/09\/02_expertise_smartgrids.jpeg\" \/>\n\t<meta property=\"og:image:width\" content=\"991\" \/>\n\t<meta property=\"og:image:height\" content=\"991\" \/>\n\t<meta property=\"og:image:type\" content=\"image\/jpeg\" \/>\n<meta name=\"twitter:card\" content=\"summary_large_image\" \/>\n<meta name=\"twitter:site\" content=\"@FiorentiniSpa\" \/>\n<meta name=\"twitter:label1\" content=\"Est. reading time\" \/>\n\t<meta name=\"twitter:data1\" content=\"2 minutes\" \/>\n<script type=\"application\/ld+json\" class=\"yoast-schema-graph\">{\"@context\":\"https:\/\/schema.org\",\"@graph\":[{\"@type\":\"WebPage\",\"@id\":\"https:\/\/www.fiorentini-iberia.com\/pt\/especialistas\/redes-de-gas-inteligentes\/\",\"url\":\"https:\/\/www.fiorentini-iberia.com\/pt\/especialistas\/redes-de-gas-inteligentes\/\",\"name\":\"Redes de g\u00e1s inteligentes - Pietro Fiorentini\",\"isPartOf\":{\"@id\":\"https:\/\/www.fiorentini-iberia.com\/pt\/#website\"},\"primaryImageOfPage\":{\"@id\":\"https:\/\/www.fiorentini-iberia.com\/pt\/especialistas\/redes-de-gas-inteligentes\/#primaryimage\"},\"image\":{\"@id\":\"https:\/\/www.fiorentini-iberia.com\/pt\/especialistas\/redes-de-gas-inteligentes\/#primaryimage\"},\"thumbnailUrl\":\"https:\/\/www.fiorentini-iberia.com\/wp-content\/uploads\/2022\/09\/02_expertise_smartgrids.jpeg\",\"datePublished\":\"2023-12-11T09:28:01+00:00\",\"dateModified\":\"2024-06-07T12:57:18+00:00\",\"description\":\"Sistemas ativos que integram energias de diferentes tipos e tomam decis\u00f5es aut\u00f3nomas para otimizar a distribui\u00e7\u00e3o de energia.\",\"breadcrumb\":{\"@id\":\"https:\/\/www.fiorentini-iberia.com\/pt\/especialistas\/redes-de-gas-inteligentes\/#breadcrumb\"},\"inLanguage\":\"pt-PTD\",\"potentialAction\":[{\"@type\":\"ReadAction\",\"target\":[\"https:\/\/www.fiorentini-iberia.com\/pt\/especialistas\/redes-de-gas-inteligentes\/\"]}]},{\"@type\":\"ImageObject\",\"inLanguage\":\"pt-PTD\",\"@id\":\"https:\/\/www.fiorentini-iberia.com\/pt\/especialistas\/redes-de-gas-inteligentes\/#primaryimage\",\"url\":\"https:\/\/www.fiorentini-iberia.com\/wp-content\/uploads\/2022\/09\/02_expertise_smartgrids.jpeg\",\"contentUrl\":\"https:\/\/www.fiorentini-iberia.com\/wp-content\/uploads\/2022\/09\/02_expertise_smartgrids.jpeg\",\"width\":991,\"height\":991,\"caption\":\"II RENEWABLE GAS EXHIBITION\"},{\"@type\":\"BreadcrumbList\",\"@id\":\"https:\/\/www.fiorentini-iberia.com\/pt\/especialistas\/redes-de-gas-inteligentes\/#breadcrumb\",\"itemListElement\":[{\"@type\":\"ListItem\",\"position\":1,\"name\":\"Home\",\"item\":\"https:\/\/www.fiorentini-iberia.com\/pt\/\"},{\"@type\":\"ListItem\",\"position\":2,\"name\":\"Especialistas\",\"item\":\"https:\/\/www.fiorentini-iberia.com\/pt\/especialistas\/\"},{\"@type\":\"ListItem\",\"position\":3,\"name\":\"Redes de g\u00e1s inteligentes\"}]},{\"@type\":\"WebSite\",\"@id\":\"https:\/\/www.fiorentini-iberia.com\/pt\/#website\",\"url\":\"https:\/\/www.fiorentini-iberia.com\/pt\/\",\"name\":\"Pietro Fiorentini Iberia\",\"description\":\"Pietro Fiorentini dise\u00f1a y fabrica componentes, sistemas y servicios para la regulaci\u00f3n, medici\u00f3n, gesti\u00f3n de redes de agua, energ\u00edas renovables, petr\u00f3leo y el gas natural, con sistemas adaptados 100% al hidr\u00f3geno.\",\"publisher\":{\"@id\":\"https:\/\/www.fiorentini-iberia.com\/pt\/#organization\"},\"potentialAction\":[{\"@type\":\"SearchAction\",\"target\":{\"@type\":\"EntryPoint\",\"urlTemplate\":\"https:\/\/www.fiorentini-iberia.com\/pt\/?s={search_term_string}\"},\"query-input\":{\"@type\":\"PropertyValueSpecification\",\"valueRequired\":true,\"valueName\":\"search_term_string\"}}],\"inLanguage\":\"pt-PTD\"},{\"@type\":\"Organization\",\"@id\":\"https:\/\/www.fiorentini-iberia.com\/pt\/#organization\",\"name\":\"Pietro Fiorentini Iberia\",\"url\":\"https:\/\/www.fiorentini-iberia.com\/pt\/\",\"logo\":{\"@type\":\"ImageObject\",\"inLanguage\":\"pt-PTD\",\"@id\":\"https:\/\/www.fiorentini-iberia.com\/pt\/#\/schema\/logo\/image\/\",\"url\":\"https:\/\/www.fiorentini-iberia.com\/wp-content\/uploads\/2020\/11\/logo.svg\",\"contentUrl\":\"https:\/\/www.fiorentini-iberia.com\/wp-content\/uploads\/2020\/11\/logo.svg\",\"width\":227,\"height\":59,\"caption\":\"Pietro Fiorentini Iberia\"},\"image\":{\"@id\":\"https:\/\/www.fiorentini-iberia.com\/pt\/#\/schema\/logo\/image\/\"},\"sameAs\":[\"https:\/\/x.com\/FiorentiniSpa\",\"https:\/\/www.linkedin.com\/company\/pietro-fiorentini-iberia\/\"]}]}<\/script>\n<!-- \/ Yoast SEO plugin. -->","yoast_head_json":{"title":"Redes de g\u00e1s inteligentes - Pietro Fiorentini","description":"Sistemas ativos que integram energias de diferentes tipos e tomam decis\u00f5es aut\u00f3nomas para otimizar a distribui\u00e7\u00e3o de energia.","robots":{"index":"index","follow":"follow","max-snippet":"max-snippet:-1","max-image-preview":"max-image-preview:large","max-video-preview":"max-video-preview:-1"},"canonical":"https:\/\/www.fiorentini-iberia.com\/pt\/especialistas\/redes-de-gas-inteligentes\/","og_locale":"pt_PT","og_type":"article","og_title":"Redes de g\u00e1s inteligentes - Pietro Fiorentini","og_description":"Sistemas ativos que integram energias de diferentes tipos e tomam decis\u00f5es aut\u00f3nomas para otimizar a distribui\u00e7\u00e3o de energia.","og_url":"https:\/\/www.fiorentini-iberia.com\/pt\/especialistas\/redes-de-gas-inteligentes\/","og_site_name":"Pietro Fiorentini","article_modified_time":"2024-06-07T12:57:18+00:00","og_image":[{"width":991,"height":991,"url":"https:\/\/www.fiorentini-iberia.com\/wp-content\/uploads\/2022\/09\/02_expertise_smartgrids.jpeg","type":"image\/jpeg"}],"twitter_card":"summary_large_image","twitter_site":"@FiorentiniSpa","twitter_misc":{"Est. reading time":"2 minutes"},"schema":{"@context":"https:\/\/schema.org","@graph":[{"@type":"WebPage","@id":"https:\/\/www.fiorentini-iberia.com\/pt\/especialistas\/redes-de-gas-inteligentes\/","url":"https:\/\/www.fiorentini-iberia.com\/pt\/especialistas\/redes-de-gas-inteligentes\/","name":"Redes de g\u00e1s inteligentes - Pietro Fiorentini","isPartOf":{"@id":"https:\/\/www.fiorentini-iberia.com\/pt\/#website"},"primaryImageOfPage":{"@id":"https:\/\/www.fiorentini-iberia.com\/pt\/especialistas\/redes-de-gas-inteligentes\/#primaryimage"},"image":{"@id":"https:\/\/www.fiorentini-iberia.com\/pt\/especialistas\/redes-de-gas-inteligentes\/#primaryimage"},"thumbnailUrl":"https:\/\/www.fiorentini-iberia.com\/wp-content\/uploads\/2022\/09\/02_expertise_smartgrids.jpeg","datePublished":"2023-12-11T09:28:01+00:00","dateModified":"2024-06-07T12:57:18+00:00","description":"Sistemas ativos que integram energias de diferentes tipos e tomam decis\u00f5es aut\u00f3nomas para otimizar a distribui\u00e7\u00e3o de energia.","breadcrumb":{"@id":"https:\/\/www.fiorentini-iberia.com\/pt\/especialistas\/redes-de-gas-inteligentes\/#breadcrumb"},"inLanguage":"pt-PTD","potentialAction":[{"@type":"ReadAction","target":["https:\/\/www.fiorentini-iberia.com\/pt\/especialistas\/redes-de-gas-inteligentes\/"]}]},{"@type":"ImageObject","inLanguage":"pt-PTD","@id":"https:\/\/www.fiorentini-iberia.com\/pt\/especialistas\/redes-de-gas-inteligentes\/#primaryimage","url":"https:\/\/www.fiorentini-iberia.com\/wp-content\/uploads\/2022\/09\/02_expertise_smartgrids.jpeg","contentUrl":"https:\/\/www.fiorentini-iberia.com\/wp-content\/uploads\/2022\/09\/02_expertise_smartgrids.jpeg","width":991,"height":991,"caption":"II RENEWABLE GAS EXHIBITION"},{"@type":"BreadcrumbList","@id":"https:\/\/www.fiorentini-iberia.com\/pt\/especialistas\/redes-de-gas-inteligentes\/#breadcrumb","itemListElement":[{"@type":"ListItem","position":1,"name":"Home","item":"https:\/\/www.fiorentini-iberia.com\/pt\/"},{"@type":"ListItem","position":2,"name":"Especialistas","item":"https:\/\/www.fiorentini-iberia.com\/pt\/especialistas\/"},{"@type":"ListItem","position":3,"name":"Redes de g\u00e1s inteligentes"}]},{"@type":"WebSite","@id":"https:\/\/www.fiorentini-iberia.com\/pt\/#website","url":"https:\/\/www.fiorentini-iberia.com\/pt\/","name":"Pietro Fiorentini Iberia","description":"Pietro Fiorentini dise\u00f1a y fabrica componentes, sistemas y servicios para la regulaci\u00f3n, medici\u00f3n, gesti\u00f3n de redes de agua, energ\u00edas renovables, petr\u00f3leo y el gas natural, con sistemas adaptados 100% al hidr\u00f3geno.","publisher":{"@id":"https:\/\/www.fiorentini-iberia.com\/pt\/#organization"},"potentialAction":[{"@type":"SearchAction","target":{"@type":"EntryPoint","urlTemplate":"https:\/\/www.fiorentini-iberia.com\/pt\/?s={search_term_string}"},"query-input":{"@type":"PropertyValueSpecification","valueRequired":true,"valueName":"search_term_string"}}],"inLanguage":"pt-PTD"},{"@type":"Organization","@id":"https:\/\/www.fiorentini-iberia.com\/pt\/#organization","name":"Pietro Fiorentini Iberia","url":"https:\/\/www.fiorentini-iberia.com\/pt\/","logo":{"@type":"ImageObject","inLanguage":"pt-PTD","@id":"https:\/\/www.fiorentini-iberia.com\/pt\/#\/schema\/logo\/image\/","url":"https:\/\/www.fiorentini-iberia.com\/wp-content\/uploads\/2020\/11\/logo.svg","contentUrl":"https:\/\/www.fiorentini-iberia.com\/wp-content\/uploads\/2020\/11\/logo.svg","width":227,"height":59,"caption":"Pietro Fiorentini Iberia"},"image":{"@id":"https:\/\/www.fiorentini-iberia.com\/pt\/#\/schema\/logo\/image\/"},"sameAs":["https:\/\/x.com\/FiorentiniSpa","https:\/\/www.linkedin.com\/company\/pietro-fiorentini-iberia\/"]}]}},"_links":{"self":[{"href":"https:\/\/www.fiorentini-iberia.com\/pt\/wp-json\/wp\/v2\/pages\/48325","targetHints":{"allow":["GET"]}}],"collection":[{"href":"https:\/\/www.fiorentini-iberia.com\/pt\/wp-json\/wp\/v2\/pages"}],"about":[{"href":"https:\/\/www.fiorentini-iberia.com\/pt\/wp-json\/wp\/v2\/types\/page"}],"author":[{"embeddable":true,"href":"https:\/\/www.fiorentini-iberia.com\/pt\/wp-json\/wp\/v2\/users\/15"}],"replies":[{"embeddable":true,"href":"https:\/\/www.fiorentini-iberia.com\/pt\/wp-json\/wp\/v2\/comments?post=48325"}],"version-history":[{"count":2,"href":"https:\/\/www.fiorentini-iberia.com\/pt\/wp-json\/wp\/v2\/pages\/48325\/revisions"}],"predecessor-version":[{"id":49481,"href":"https:\/\/www.fiorentini-iberia.com\/pt\/wp-json\/wp\/v2\/pages\/48325\/revisions\/49481"}],"up":[{"embeddable":true,"href":"https:\/\/www.fiorentini-iberia.com\/pt\/wp-json\/wp\/v2\/pages\/48206"}],"wp:featuredmedia":[{"embeddable":true,"href":"https:\/\/www.fiorentini-iberia.com\/pt\/wp-json\/wp\/v2\/media\/31533"}],"wp:attachment":[{"href":"https:\/\/www.fiorentini-iberia.com\/pt\/wp-json\/wp\/v2\/media?parent=48325"}],"curies":[{"name":"wp","href":"https:\/\/api.w.org\/{rel}","templated":true}]}}