{"id":48336,"date":"2023-12-13T14:29:20","date_gmt":"2023-12-13T13:29:20","guid":{"rendered":"https:\/\/www.fiorentini-iberia.com\/especialistas\/redes-de-gas-inteligentes\/pietro-fiorentinis-systemic-approach\/"},"modified":"2024-03-14T13:47:13","modified_gmt":"2024-03-14T12:47:13","slug":"a-abordagem-holistica-da-pietro-fiorentini","status":"publish","type":"page","link":"https:\/\/www.fiorentini-iberia.com\/pt\/especialistas\/redes-de-gas-inteligentes\/a-abordagem-holistica-da-pietro-fiorentini\/","title":{"rendered":"A abordagem hol\u00edstica da Pietro Fiorentini"},"content":{"rendered":"\n<p>A implementa\u00e7\u00e3o das redes inteligentes do futuro exige o desenvolvimento cont\u00ednuo de sistemas compat\u00edveis com as fontes renov\u00e1veis e de solu\u00e7\u00f5es capazes de interagir entre si.<\/p>\n\n\n\n<p>Perante um cen\u00e1rio t\u00e3o complexo, a Pietro Fiorentini optou por adotar uma abordagem hol\u00edstica, ou seja, <strong>criar rela\u00e7\u00f5es simples que interagem entre si para criar sistemas resilientes<\/strong>.<\/p>\n\n\n\n<div class=\"wp-block-group index\"><div class=\"wp-block-group__inner-container is-layout-flow wp-block-group-is-layout-flow\">\n<ol class=\"wp-block-list\">\n<li><strong><a href=\"#the-4-steps-for-smart-gas-grids-implementation\">As 4 etapas para a implementa\u00e7\u00e3o de redes de g\u00e1s inteligentes<\/a><\/strong><\/li>\n\n\n\n<li><strong><a href=\"#smart-grids-and-renewable-gases\">Redes inteligentes y gas renovable<\/a><\/strong><\/li>\n\n\n\n<li><strong><a href=\"#life-13-green-gas-network\">LIFE 13 Green Gas Network<\/a><\/strong><\/li>\n<\/ol>\n<\/div><\/div>\n\n\n\n<div style=\"height:32px\" aria-hidden=\"true\" class=\"wp-block-spacer\"><\/div>\n\n\n\n<div id=\"the-4-steps-for-smart-gas-grids-implementation\" class=\"wp-block-group\"><div class=\"wp-block-group__inner-container is-layout-flow wp-block-group-is-layout-flow\">\n<h3 class=\"wp-block-heading\"><strong>As 4 etapas para a implementa\u00e7\u00e3o de redes de g\u00e1s inteligentes<\/strong><\/h3>\n\n\n\n<p>De acordo com a nossa vis\u00e3o, para atingir o n\u00edvel m\u00e1ximo de implementa\u00e7\u00e3o das redes de g\u00e1s inteligentes s\u00e3o necess\u00e1rias quatro etapas:<\/p>\n\n\n\n<ol class=\"wp-block-list\" style=\"list-style-type:1\">\n<li><strong>Monitoriza\u00e7\u00e3o generalizada<\/strong>, conseguida atrav\u00e9s da expans\u00e3o da rede de sensores.<\/li>\n\n\n\n<li><strong>Configura\u00e7\u00e3o <\/strong>com l\u00f3gicas de automa\u00e7\u00e3o local <strong>e controlo <\/strong>remoto para equilibrar dinamicamente a configura\u00e7\u00e3o da rede.<\/li>\n\n\n\n<li>Atrav\u00e9s da agrega\u00e7\u00e3o e an\u00e1lise de dados recolhidos, <strong>previs\u00f5es e a\u00e7\u00f5es de otimiza\u00e7\u00e3o <\/strong>utilizando tecnologias de intelig\u00eancia artificial.<\/li>\n\n\n\n<li>Ado\u00e7\u00e3o de <strong>sistemas totalmente aut\u00f3nomos, integrados e resilientes <\/strong>que respondam \u00e0 l\u00f3gica da energia inteligente e das cidades inteligentes.<\/li>\n<\/ol>\n\n\n\n<p>Se as duas primeiras etapas podem agora ser consideradas conclu\u00eddas, o empenhamento da Pietro Fiorentini centra-se agora nas etapas seguintes. O objetivo final \u00e9 conseguir a plena integra\u00e7\u00e3o das modernas redes de distribui\u00e7\u00e3o e transporte de g\u00e1s em todas as suas formas.<\/p>\n<\/div><\/div>\n\n\n\n<div style=\"height:32px\" aria-hidden=\"true\" class=\"wp-block-spacer\"><\/div>\n\n\n\n<div id=\"smart-grids-and-renewable-gases\" class=\"wp-block-group\"><div class=\"wp-block-group__inner-container is-layout-flow wp-block-group-is-layout-flow\">\n<h3 class=\"wp-block-heading\"><strong><strong>Redes inteligentes e g\u00e1s renov\u00e1vel<\/strong><\/strong><\/h3>\n\n\n\n<p>Criar redes de distribui\u00e7\u00e3o de g\u00e1s inteligentes e sustent\u00e1veis significa conceber solu\u00e7\u00f5es para gerir fluxos que prov\u00eam de fontes com caracter\u00edsticas diferentes, como o hidrog\u00e9nio e o biometano, e que prov\u00eam de locais de produ\u00e7\u00e3o m\u00faltiplos e descentralizados.<\/p>\n\n\n\n<p>O cen\u00e1rio que se avizinha \u00e9 muito complexo e exige <strong>sistemas capazes de absorver a produ\u00e7\u00e3o local e de manter o equil\u00edbrio e a estrutura <\/strong>de toda a rede.<\/p>\n\n\n\n<div style=\"height:32px\" aria-hidden=\"true\" class=\"wp-block-spacer\"><\/div>\n\n\n\n<figure class=\"wp-block-image size-full\"><img loading=\"lazy\" decoding=\"async\" width=\"1024\" height=\"576\" src=\"https:\/\/www.fiorentini-iberia.com\/wp-content\/uploads\/2023\/12\/Expertise_SmartGasGrids_2ENG-EXPPAG-1024x576-1.jpg\" alt=\"\" class=\"wp-image-29317\" srcset=\"https:\/\/www.fiorentini-iberia.com\/wp-content\/uploads\/2023\/12\/Expertise_SmartGasGrids_2ENG-EXPPAG-1024x576-1.jpg 1024w, https:\/\/www.fiorentini-iberia.com\/wp-content\/uploads\/2023\/12\/Expertise_SmartGasGrids_2ENG-EXPPAG-1024x576-1-300x169.jpg 300w, https:\/\/www.fiorentini-iberia.com\/wp-content\/uploads\/2023\/12\/Expertise_SmartGasGrids_2ENG-EXPPAG-1024x576-1-768x432.jpg 768w\" sizes=\"auto, (max-width: 1024px) 100vw, 1024px\" \/><\/figure>\n\n\n\n<p class=\"has-text-align-center\"><em><em><em>Redes inteligentes e g\u00e1s renov\u00e1vel<\/em><\/em><\/em><\/p>\n\n\n\n<div style=\"height:32px\" aria-hidden=\"true\" class=\"wp-block-spacer\"><\/div>\n\n\n\n<p>Para o efeito, a Pietro Fiorentini concebeu e desenvolveu a <strong><strong><a href=\"https:\/\/www.fiorentini-iberia.com\/pt\/solucoes\/biremi-reverse-flow\/\">BiRemi\u2122<\/a><\/strong><\/strong>, a esta\u00e7\u00e3o prim\u00e1ria bidirecional capaz de maximizar a capacidade da rede de distribui\u00e7\u00e3o para receber g\u00e1s produzido a partir de fontes renov\u00e1veis atrav\u00e9s da reinje\u00e7\u00e3o de qualquer excesso de produ\u00e7\u00e3o na rede de transporte.<\/p>\n<\/div><\/div>\n\n\n\n<div style=\"height:32px\" aria-hidden=\"true\" class=\"wp-block-spacer\"><\/div>\n\n\n\n<div id=\"life-13-green-gas-network\" class=\"wp-block-group\"><div class=\"wp-block-group__inner-container is-layout-flow wp-block-group-is-layout-flow\">\n<h3 class=\"wp-block-heading\"><strong>LIFE 13 Green Gas Network<\/strong><\/h3>\n\n\n\n<p>Atualmente, a Pietro Fiorentini j\u00e1 consegue implementar <strong>automatiza\u00e7\u00f5es que gerem dinamicamente toda a rede<\/strong>. O exemplo mais recente \u00e9 o <strong>projeto LIFE 13 Green Gas Network<\/strong>, realizado em coopera\u00e7\u00e3o com a RetiPi\u00f9 e a <a href=\"http:\/\/www.terranovasoftware.eu\/\" target=\"_blank\" rel=\"noreferrer noopener\"><strong>Terranova<\/strong><\/a>, uma empresa l\u00edder no mercado dos Servi\u00e7os Energ\u00e9ticos e parte do <strong><a href=\"https:\/\/www.fiorentini-iberia.com\/pt\/pietro-fiorentini-group\/\">Grupo Pietro Fiorentini<\/a><\/strong> desde 2011.<\/p>\n\n\n\n<p>Com o objetivo de resolver o problema das fugas fisiol\u00f3gicas que ocorrem nas redes de distribui\u00e7\u00e3o de g\u00e1s natural, foi desenvolvido um<strong> sistema constitu\u00eddo por um dispositivo f\u00edsico e uma infraestrutura de software<\/strong>. O dispositivo deteta as tend\u00eancias de press\u00e3o e reage com base no perfil de modula\u00e7\u00e3o din\u00e2mica previamente desenvolvido por um operador do centro de controlo. O operador pode monitorizar a tend\u00eancia atual das press\u00f5es e intervir remotamente atrav\u00e9s da plataforma de software.<\/p>\n\n\n\n<p>O resultado \u00e9 <strong>uma rede que se autorregula e adapta as press\u00f5es de funcionamento em fun\u00e7\u00e3o das necessidades reais<\/strong>, evitando assim a ocorr\u00eancia de sobrepress\u00f5es e limitando as emiss\u00f5es resultantes das perdas fisiol\u00f3gicas.<\/p>\n\n\n\n<p>O projeto foi <strong>nomeado entre os finalistas da categoria Altera\u00e7\u00f5es Clim\u00e1ticas da edi\u00e7\u00e3o de 2019 dos LIFE Awards<\/strong>, a ferramenta com a qual a Uni\u00e3o Europeia apoia as organiza\u00e7\u00f5es nos seus esfor\u00e7os para proteger o clima e o ambiente.<\/p>\n\n\n\n<p>Descarregar o <a href=\"https:\/\/www.fiorentini.com\/wp-content\/uploads\/2021\/04\/Case-Study_ProgettoLIFE13_ITA.pdf\" target=\"_blank\" rel=\"noreferrer noopener\">estudo de caso do projeto LIFE 13<\/a>.<\/p>\n<\/div><\/div>\n","protected":false},"excerpt":{"rendered":"<p>A abordagem da Pietro Fiorentini consiste em criar rela\u00e7\u00f5es simples que interagem entre si para criar sistemas resilientes. Atingir o n\u00edvel m\u00e1ximo de implementa\u00e7\u00e3o das Redes de G\u00e1s Inteligentes visa, de facto, uma integra\u00e7\u00e3o completa das novas redes de distribui\u00e7\u00e3o e de transporte.<\/p>\n","protected":false},"author":15,"featured_media":0,"parent":48325,"menu_order":0,"comment_status":"closed","ping_status":"closed","template":"template-expertise-post.php","meta":{"_acf_changed":false,"inline_featured_image":false,"footnotes":""},"class_list":["post-48336","page","type-page","status-publish","hentry"],"acf":[],"yoast_head":"<!-- This site is optimized with the Yoast SEO plugin v27.2 - https:\/\/yoast.com\/product\/yoast-seo-wordpress\/ -->\n<title>A abordagem hol\u00edstica da Pietro Fiorentini - Pietro Fiorentini<\/title>\n<meta name=\"description\" content=\"A Pietro Fiorentini optou por adotar uma abordagem hol\u00edstica, ou seja, criar rela\u00e7\u00f5es simples que interagem entre si para criar sistemas resilientes.\" \/>\n<meta name=\"robots\" content=\"index, follow, max-snippet:-1, max-image-preview:large, max-video-preview:-1\" \/>\n<link rel=\"canonical\" href=\"https:\/\/www.fiorentini-iberia.com\/pt\/especialistas\/redes-de-gas-inteligentes\/a-abordagem-holistica-da-pietro-fiorentini\/\" \/>\n<meta property=\"og:locale\" content=\"pt_PT\" \/>\n<meta property=\"og:type\" content=\"article\" \/>\n<meta property=\"og:title\" content=\"A abordagem hol\u00edstica da Pietro Fiorentini - Pietro Fiorentini\" \/>\n<meta property=\"og:description\" content=\"A Pietro Fiorentini optou por adotar uma abordagem hol\u00edstica, ou seja, criar rela\u00e7\u00f5es simples que interagem entre si para criar sistemas resilientes.\" \/>\n<meta property=\"og:url\" content=\"https:\/\/www.fiorentini-iberia.com\/pt\/especialistas\/redes-de-gas-inteligentes\/a-abordagem-holistica-da-pietro-fiorentini\/\" \/>\n<meta property=\"og:site_name\" content=\"Pietro Fiorentini\" \/>\n<meta property=\"article:modified_time\" content=\"2024-03-14T12:47:13+00:00\" \/>\n<meta property=\"og:image\" content=\"https:\/\/www.fiorentini-iberia.com\/wp-content\/uploads\/2023\/12\/Expertise_SmartGasGrids_2ENG-EXPPAG-1024x576-1.jpg\" \/>\n<meta name=\"twitter:card\" content=\"summary_large_image\" \/>\n<meta name=\"twitter:site\" content=\"@FiorentiniSpa\" \/>\n<meta name=\"twitter:label1\" content=\"Est. reading time\" \/>\n\t<meta name=\"twitter:data1\" content=\"17 minutes\" \/>\n<script type=\"application\/ld+json\" class=\"yoast-schema-graph\">{\"@context\":\"https:\/\/schema.org\",\"@graph\":[{\"@type\":\"WebPage\",\"@id\":\"https:\/\/www.fiorentini-iberia.com\/pt\/especialistas\/redes-de-gas-inteligentes\/a-abordagem-holistica-da-pietro-fiorentini\/\",\"url\":\"https:\/\/www.fiorentini-iberia.com\/pt\/especialistas\/redes-de-gas-inteligentes\/a-abordagem-holistica-da-pietro-fiorentini\/\",\"name\":\"A abordagem hol\u00edstica da Pietro Fiorentini - Pietro Fiorentini\",\"isPartOf\":{\"@id\":\"https:\/\/www.fiorentini-iberia.com\/pt\/#website\"},\"primaryImageOfPage\":{\"@id\":\"https:\/\/www.fiorentini-iberia.com\/pt\/especialistas\/redes-de-gas-inteligentes\/a-abordagem-holistica-da-pietro-fiorentini\/#primaryimage\"},\"image\":{\"@id\":\"https:\/\/www.fiorentini-iberia.com\/pt\/especialistas\/redes-de-gas-inteligentes\/a-abordagem-holistica-da-pietro-fiorentini\/#primaryimage\"},\"thumbnailUrl\":\"https:\/\/www.fiorentini-iberia.com\/wp-content\/uploads\/2023\/12\/Expertise_SmartGasGrids_2ENG-EXPPAG-1024x576-1.jpg\",\"datePublished\":\"2023-12-13T13:29:20+00:00\",\"dateModified\":\"2024-03-14T12:47:13+00:00\",\"description\":\"A Pietro Fiorentini optou por adotar uma abordagem hol\u00edstica, ou seja, criar rela\u00e7\u00f5es simples que interagem entre si para criar sistemas resilientes.\",\"breadcrumb\":{\"@id\":\"https:\/\/www.fiorentini-iberia.com\/pt\/especialistas\/redes-de-gas-inteligentes\/a-abordagem-holistica-da-pietro-fiorentini\/#breadcrumb\"},\"inLanguage\":\"pt-PTD\",\"potentialAction\":[{\"@type\":\"ReadAction\",\"target\":[\"https:\/\/www.fiorentini-iberia.com\/pt\/especialistas\/redes-de-gas-inteligentes\/a-abordagem-holistica-da-pietro-fiorentini\/\"]}]},{\"@type\":\"ImageObject\",\"inLanguage\":\"pt-PTD\",\"@id\":\"https:\/\/www.fiorentini-iberia.com\/pt\/especialistas\/redes-de-gas-inteligentes\/a-abordagem-holistica-da-pietro-fiorentini\/#primaryimage\",\"url\":\"https:\/\/www.fiorentini-iberia.com\/wp-content\/uploads\/2023\/12\/Expertise_SmartGasGrids_2ENG-EXPPAG-1024x576-1.jpg\",\"contentUrl\":\"https:\/\/www.fiorentini-iberia.com\/wp-content\/uploads\/2023\/12\/Expertise_SmartGasGrids_2ENG-EXPPAG-1024x576-1.jpg\"},{\"@type\":\"BreadcrumbList\",\"@id\":\"https:\/\/www.fiorentini-iberia.com\/pt\/especialistas\/redes-de-gas-inteligentes\/a-abordagem-holistica-da-pietro-fiorentini\/#breadcrumb\",\"itemListElement\":[{\"@type\":\"ListItem\",\"position\":1,\"name\":\"Home\",\"item\":\"https:\/\/www.fiorentini-iberia.com\/pt\/\"},{\"@type\":\"ListItem\",\"position\":2,\"name\":\"Especialistas\",\"item\":\"https:\/\/www.fiorentini-iberia.com\/pt\/especialistas\/\"},{\"@type\":\"ListItem\",\"position\":3,\"name\":\"Redes de g\u00e1s inteligentes\",\"item\":\"https:\/\/www.fiorentini-iberia.com\/pt\/especialistas\/redes-de-gas-inteligentes\/\"},{\"@type\":\"ListItem\",\"position\":4,\"name\":\"A abordagem hol\u00edstica da Pietro Fiorentini\"}]},{\"@type\":\"WebSite\",\"@id\":\"https:\/\/www.fiorentini-iberia.com\/pt\/#website\",\"url\":\"https:\/\/www.fiorentini-iberia.com\/pt\/\",\"name\":\"Pietro Fiorentini Iberia\",\"description\":\"Pietro Fiorentini dise\u00f1a y fabrica componentes, sistemas y servicios para la regulaci\u00f3n, medici\u00f3n, gesti\u00f3n de redes de agua, energ\u00edas renovables, petr\u00f3leo y el gas natural, con sistemas adaptados 100% al hidr\u00f3geno.\",\"publisher\":{\"@id\":\"https:\/\/www.fiorentini-iberia.com\/pt\/#organization\"},\"potentialAction\":[{\"@type\":\"SearchAction\",\"target\":{\"@type\":\"EntryPoint\",\"urlTemplate\":\"https:\/\/www.fiorentini-iberia.com\/pt\/?s={search_term_string}\"},\"query-input\":{\"@type\":\"PropertyValueSpecification\",\"valueRequired\":true,\"valueName\":\"search_term_string\"}}],\"inLanguage\":\"pt-PTD\"},{\"@type\":\"Organization\",\"@id\":\"https:\/\/www.fiorentini-iberia.com\/pt\/#organization\",\"name\":\"Pietro Fiorentini Iberia\",\"url\":\"https:\/\/www.fiorentini-iberia.com\/pt\/\",\"logo\":{\"@type\":\"ImageObject\",\"inLanguage\":\"pt-PTD\",\"@id\":\"https:\/\/www.fiorentini-iberia.com\/pt\/#\/schema\/logo\/image\/\",\"url\":\"https:\/\/www.fiorentini-iberia.com\/wp-content\/uploads\/2020\/11\/logo.svg\",\"contentUrl\":\"https:\/\/www.fiorentini-iberia.com\/wp-content\/uploads\/2020\/11\/logo.svg\",\"width\":227,\"height\":59,\"caption\":\"Pietro Fiorentini Iberia\"},\"image\":{\"@id\":\"https:\/\/www.fiorentini-iberia.com\/pt\/#\/schema\/logo\/image\/\"},\"sameAs\":[\"https:\/\/x.com\/FiorentiniSpa\",\"https:\/\/www.linkedin.com\/company\/pietro-fiorentini-iberia\/\"]}]}<\/script>\n<!-- \/ Yoast SEO plugin. -->","yoast_head_json":{"title":"A abordagem hol\u00edstica da Pietro Fiorentini - Pietro Fiorentini","description":"A Pietro Fiorentini optou por adotar uma abordagem hol\u00edstica, ou seja, criar rela\u00e7\u00f5es simples que interagem entre si para criar sistemas resilientes.","robots":{"index":"index","follow":"follow","max-snippet":"max-snippet:-1","max-image-preview":"max-image-preview:large","max-video-preview":"max-video-preview:-1"},"canonical":"https:\/\/www.fiorentini-iberia.com\/pt\/especialistas\/redes-de-gas-inteligentes\/a-abordagem-holistica-da-pietro-fiorentini\/","og_locale":"pt_PT","og_type":"article","og_title":"A abordagem hol\u00edstica da Pietro Fiorentini - Pietro Fiorentini","og_description":"A Pietro Fiorentini optou por adotar uma abordagem hol\u00edstica, ou seja, criar rela\u00e7\u00f5es simples que interagem entre si para criar sistemas resilientes.","og_url":"https:\/\/www.fiorentini-iberia.com\/pt\/especialistas\/redes-de-gas-inteligentes\/a-abordagem-holistica-da-pietro-fiorentini\/","og_site_name":"Pietro Fiorentini","article_modified_time":"2024-03-14T12:47:13+00:00","og_image":[{"url":"https:\/\/www.fiorentini-iberia.com\/wp-content\/uploads\/2023\/12\/Expertise_SmartGasGrids_2ENG-EXPPAG-1024x576-1.jpg","type":"","width":"","height":""}],"twitter_card":"summary_large_image","twitter_site":"@FiorentiniSpa","twitter_misc":{"Est. reading time":"17 minutes"},"schema":{"@context":"https:\/\/schema.org","@graph":[{"@type":"WebPage","@id":"https:\/\/www.fiorentini-iberia.com\/pt\/especialistas\/redes-de-gas-inteligentes\/a-abordagem-holistica-da-pietro-fiorentini\/","url":"https:\/\/www.fiorentini-iberia.com\/pt\/especialistas\/redes-de-gas-inteligentes\/a-abordagem-holistica-da-pietro-fiorentini\/","name":"A abordagem hol\u00edstica da Pietro Fiorentini - Pietro Fiorentini","isPartOf":{"@id":"https:\/\/www.fiorentini-iberia.com\/pt\/#website"},"primaryImageOfPage":{"@id":"https:\/\/www.fiorentini-iberia.com\/pt\/especialistas\/redes-de-gas-inteligentes\/a-abordagem-holistica-da-pietro-fiorentini\/#primaryimage"},"image":{"@id":"https:\/\/www.fiorentini-iberia.com\/pt\/especialistas\/redes-de-gas-inteligentes\/a-abordagem-holistica-da-pietro-fiorentini\/#primaryimage"},"thumbnailUrl":"https:\/\/www.fiorentini-iberia.com\/wp-content\/uploads\/2023\/12\/Expertise_SmartGasGrids_2ENG-EXPPAG-1024x576-1.jpg","datePublished":"2023-12-13T13:29:20+00:00","dateModified":"2024-03-14T12:47:13+00:00","description":"A Pietro Fiorentini optou por adotar uma abordagem hol\u00edstica, ou seja, criar rela\u00e7\u00f5es simples que interagem entre si para criar sistemas resilientes.","breadcrumb":{"@id":"https:\/\/www.fiorentini-iberia.com\/pt\/especialistas\/redes-de-gas-inteligentes\/a-abordagem-holistica-da-pietro-fiorentini\/#breadcrumb"},"inLanguage":"pt-PTD","potentialAction":[{"@type":"ReadAction","target":["https:\/\/www.fiorentini-iberia.com\/pt\/especialistas\/redes-de-gas-inteligentes\/a-abordagem-holistica-da-pietro-fiorentini\/"]}]},{"@type":"ImageObject","inLanguage":"pt-PTD","@id":"https:\/\/www.fiorentini-iberia.com\/pt\/especialistas\/redes-de-gas-inteligentes\/a-abordagem-holistica-da-pietro-fiorentini\/#primaryimage","url":"https:\/\/www.fiorentini-iberia.com\/wp-content\/uploads\/2023\/12\/Expertise_SmartGasGrids_2ENG-EXPPAG-1024x576-1.jpg","contentUrl":"https:\/\/www.fiorentini-iberia.com\/wp-content\/uploads\/2023\/12\/Expertise_SmartGasGrids_2ENG-EXPPAG-1024x576-1.jpg"},{"@type":"BreadcrumbList","@id":"https:\/\/www.fiorentini-iberia.com\/pt\/especialistas\/redes-de-gas-inteligentes\/a-abordagem-holistica-da-pietro-fiorentini\/#breadcrumb","itemListElement":[{"@type":"ListItem","position":1,"name":"Home","item":"https:\/\/www.fiorentini-iberia.com\/pt\/"},{"@type":"ListItem","position":2,"name":"Especialistas","item":"https:\/\/www.fiorentini-iberia.com\/pt\/especialistas\/"},{"@type":"ListItem","position":3,"name":"Redes de g\u00e1s inteligentes","item":"https:\/\/www.fiorentini-iberia.com\/pt\/especialistas\/redes-de-gas-inteligentes\/"},{"@type":"ListItem","position":4,"name":"A abordagem hol\u00edstica da Pietro Fiorentini"}]},{"@type":"WebSite","@id":"https:\/\/www.fiorentini-iberia.com\/pt\/#website","url":"https:\/\/www.fiorentini-iberia.com\/pt\/","name":"Pietro Fiorentini Iberia","description":"Pietro Fiorentini dise\u00f1a y fabrica componentes, sistemas y servicios para la regulaci\u00f3n, medici\u00f3n, gesti\u00f3n de redes de agua, energ\u00edas renovables, petr\u00f3leo y el gas natural, con sistemas adaptados 100% al hidr\u00f3geno.","publisher":{"@id":"https:\/\/www.fiorentini-iberia.com\/pt\/#organization"},"potentialAction":[{"@type":"SearchAction","target":{"@type":"EntryPoint","urlTemplate":"https:\/\/www.fiorentini-iberia.com\/pt\/?s={search_term_string}"},"query-input":{"@type":"PropertyValueSpecification","valueRequired":true,"valueName":"search_term_string"}}],"inLanguage":"pt-PTD"},{"@type":"Organization","@id":"https:\/\/www.fiorentini-iberia.com\/pt\/#organization","name":"Pietro Fiorentini Iberia","url":"https:\/\/www.fiorentini-iberia.com\/pt\/","logo":{"@type":"ImageObject","inLanguage":"pt-PTD","@id":"https:\/\/www.fiorentini-iberia.com\/pt\/#\/schema\/logo\/image\/","url":"https:\/\/www.fiorentini-iberia.com\/wp-content\/uploads\/2020\/11\/logo.svg","contentUrl":"https:\/\/www.fiorentini-iberia.com\/wp-content\/uploads\/2020\/11\/logo.svg","width":227,"height":59,"caption":"Pietro Fiorentini Iberia"},"image":{"@id":"https:\/\/www.fiorentini-iberia.com\/pt\/#\/schema\/logo\/image\/"},"sameAs":["https:\/\/x.com\/FiorentiniSpa","https:\/\/www.linkedin.com\/company\/pietro-fiorentini-iberia\/"]}]}},"_links":{"self":[{"href":"https:\/\/www.fiorentini-iberia.com\/pt\/wp-json\/wp\/v2\/pages\/48336","targetHints":{"allow":["GET"]}}],"collection":[{"href":"https:\/\/www.fiorentini-iberia.com\/pt\/wp-json\/wp\/v2\/pages"}],"about":[{"href":"https:\/\/www.fiorentini-iberia.com\/pt\/wp-json\/wp\/v2\/types\/page"}],"author":[{"embeddable":true,"href":"https:\/\/www.fiorentini-iberia.com\/pt\/wp-json\/wp\/v2\/users\/15"}],"replies":[{"embeddable":true,"href":"https:\/\/www.fiorentini-iberia.com\/pt\/wp-json\/wp\/v2\/comments?post=48336"}],"version-history":[{"count":2,"href":"https:\/\/www.fiorentini-iberia.com\/pt\/wp-json\/wp\/v2\/pages\/48336\/revisions"}],"predecessor-version":[{"id":48340,"href":"https:\/\/www.fiorentini-iberia.com\/pt\/wp-json\/wp\/v2\/pages\/48336\/revisions\/48340"}],"up":[{"embeddable":true,"href":"https:\/\/www.fiorentini-iberia.com\/pt\/wp-json\/wp\/v2\/pages\/48325"}],"wp:attachment":[{"href":"https:\/\/www.fiorentini-iberia.com\/pt\/wp-json\/wp\/v2\/media?parent=48336"}],"curies":[{"name":"wp","href":"https:\/\/api.w.org\/{rel}","templated":true}]}}