{"id":48345,"date":"2023-12-11T10:26:47","date_gmt":"2023-12-11T09:26:47","guid":{"rendered":"https:\/\/www.fiorentini-iberia.com\/especialistas\/agua\/"},"modified":"2026-02-17T12:58:18","modified_gmt":"2026-02-17T11:58:18","slug":"agua","status":"publish","type":"page","link":"https:\/\/www.fiorentini-iberia.com\/pt\/especialistas\/agua\/","title":{"rendered":"\u00c1gua"},"content":{"rendered":"\n<h2 class=\"wp-block-heading\">A evolu\u00e7\u00e3o mais eficaz na monitoriza\u00e7\u00e3o de redes<\/h2>\n\n\n\n<p>Como especialistas em <strong>contadores inteligentes<\/strong>, concentramo-nos no sector da \u00e1gua com um objetivo principal, a <strong>otimiza\u00e7\u00e3o das redes de distribui\u00e7\u00e3o<\/strong>.<\/p>\n\n\n\n<p>O <strong>Presidente do Grupo Fiorentini, Cristiano Nardi<\/strong>, explica o empenho da Pietro Fiorentini na transi\u00e7\u00e3o natural da empresa para o sector da \u00e1gua.<br>&nbsp;<\/p>\n\n\n\n<figure><video height=\"720\" style=\"aspect-ratio: 1280 \/ 720;\" width=\"1280\" controls poster=\"https:\/\/www.fiorentini-iberia.com\/wp-content\/uploads\/2024\/10\/cartela-video.jpg\" src=\"https:\/\/www.fiorentini-iberia.com\/wp-content\/uploads\/2024\/10\/Festival_dellAcqua_2024_-_Cristiano_Nardi_-_Gruppo_Fiorentini-PT.mp4\"><\/video><\/figure>\n\n\n\n<p class=\"has-text-color has-link-color wp-elements-c7429d94d23892ba504e134a9200396b\" style=\"color:#069782;font-size:24px\">&nbsp;<br><strong>TECNOLOGIA ULTRA-S\u00d3NICA PARA UM CONTROLO ABSOLUTO<\/strong><br>&nbsp;<\/p>\n\n\n\n<figure class=\"wp-block-image size-full\"><img loading=\"lazy\" decoding=\"async\" width=\"970\" height=\"223\" src=\"https:\/\/www.fiorentini-iberia.com\/wp-content\/uploads\/2026\/02\/banner-Aigua-PT.jpg\" alt=\"\" class=\"wp-image-63255\" srcset=\"https:\/\/www.fiorentini-iberia.com\/wp-content\/uploads\/2026\/02\/banner-Aigua-PT.jpg 970w, https:\/\/www.fiorentini-iberia.com\/wp-content\/uploads\/2026\/02\/banner-Aigua-PT-300x69.jpg 300w, https:\/\/www.fiorentini-iberia.com\/wp-content\/uploads\/2026\/02\/banner-Aigua-PT-768x177.jpg 768w\" sizes=\"auto, (max-width: 970px) 100vw, 970px\" \/><\/figure>\n\n\n\n<p>&nbsp;<br><strong><a href=\"https:\/\/www.fiorentini-iberia.com\/pt\/solucoes\/produtos\/medidores-de-agua\/contadores-de-agua-inteligentes-ultra-sonicos\/ssm-aquo\/\">SSM-AQUO<\/a><\/strong>&nbsp;s\u00e3o os <strong>contadores de \u00e1gua ultra-s\u00f3nicos da Pietro Fiorentini para leitura remota<\/strong>, que fornecem todos os dados necess\u00e1rios para um controlo preciso e eficiente do caudal e do consumo.<\/p>\n\n\n\n<p>Para al\u00e9m de <strong>fornecerem os consumos<\/strong>, monitorizam tamb\u00e9m informa\u00e7\u00f5es sobre uma poss\u00edvel <strong>rutura da tubagem, falta de consumo ou invers\u00e3o de fluxo<\/strong>, permitindo deduzir uma poss\u00edvel fuga.<\/p>\n\n\n\n<p><strong>Processos automatizados para o controlo total do fluxo de \u00e1gua atrav\u00e9s da leitura remota integrada em tempo real.<br><\/strong>&nbsp;&nbsp;<br><strong><a href=\"https:\/\/www.fiorentini-iberia.com\/pt\/especialistas\/agua\/contadores-de-agua-ultra-sonicos-inteligentes\/\">Descubra aqui as vantagens dos contadores de \u00e1gua ultra-s\u00f3nicos SSM-AQUO.<\/a><\/strong><br>&nbsp;<\/p>\n","protected":false},"excerpt":{"rendered":"<p>A \u00e1gua \u00e9 um recurso prim\u00e1rio, uma necessidade b\u00e1sica para a vida e, como tal, requer uma gest\u00e3o adequada de todos os pontos de vista: institucional, ambiental e econ\u00f3mico.<br \/>\n\u00a0<br \/>\nO objetivo atual do sector \u00e9 automatizar o processo atrav\u00e9s da digitaliza\u00e7\u00e3o das redes de \u00e1gua, optimizando assim os recursos e a gest\u00e3o de dados para otimizar a gest\u00e3o e minimizar a perda de \u00e1gua n\u00e3o contabilizada, seja por fugas ou fraudes.<\/p>\n","protected":false},"author":15,"featured_media":34256,"parent":48206,"menu_order":2,"comment_status":"closed","ping_status":"closed","template":"template-expertise-child.php","meta":{"_acf_changed":false,"inline_featured_image":false,"footnotes":""},"class_list":["post-48345","page","type-page","status-publish","has-post-thumbnail","hentry"],"acf":[],"yoast_head":"<!-- This site is optimized with the Yoast SEO plugin v27.2 - https:\/\/yoast.com\/product\/yoast-seo-wordpress\/ -->\n<title>\u00c1gua - Pietro Fiorentini<\/title>\n<meta name=\"description\" content=\"O objetivo \u00e9 automatizar o processo atrav\u00e9s da digitaliza\u00e7\u00e3o das redes, conseguindo assim otimizar os recursos.\" \/>\n<meta name=\"robots\" content=\"index, follow, max-snippet:-1, max-image-preview:large, max-video-preview:-1\" \/>\n<link rel=\"canonical\" href=\"https:\/\/www.fiorentini-iberia.com\/pt\/especialistas\/agua\/\" \/>\n<meta property=\"og:locale\" content=\"pt_PT\" \/>\n<meta property=\"og:type\" content=\"article\" \/>\n<meta property=\"og:title\" content=\"\u00c1gua - Pietro Fiorentini\" \/>\n<meta property=\"og:description\" content=\"O objetivo \u00e9 automatizar o processo atrav\u00e9s da digitaliza\u00e7\u00e3o das redes, conseguindo assim otimizar os recursos.\" \/>\n<meta property=\"og:url\" content=\"https:\/\/www.fiorentini-iberia.com\/pt\/especialistas\/agua\/\" \/>\n<meta property=\"og:site_name\" content=\"Pietro Fiorentini\" \/>\n<meta property=\"article:modified_time\" content=\"2026-02-17T11:58:18+00:00\" \/>\n<meta property=\"og:image\" content=\"https:\/\/www.fiorentini-iberia.com\/wp-content\/uploads\/2021\/07\/as_fluid_as_water_quadrata.jpeg\" \/>\n\t<meta property=\"og:image:width\" content=\"991\" \/>\n\t<meta property=\"og:image:height\" content=\"991\" \/>\n\t<meta property=\"og:image:type\" content=\"image\/jpeg\" \/>\n<meta name=\"twitter:card\" content=\"summary_large_image\" \/>\n<meta name=\"twitter:site\" content=\"@FiorentiniSpa\" \/>\n<meta name=\"twitter:label1\" content=\"Est. reading time\" \/>\n\t<meta name=\"twitter:data1\" content=\"2 minutes\" \/>\n<script type=\"application\/ld+json\" class=\"yoast-schema-graph\">{\"@context\":\"https:\/\/schema.org\",\"@graph\":[{\"@type\":\"WebPage\",\"@id\":\"https:\/\/www.fiorentini-iberia.com\/pt\/especialistas\/agua\/\",\"url\":\"https:\/\/www.fiorentini-iberia.com\/pt\/especialistas\/agua\/\",\"name\":\"\u00c1gua - Pietro Fiorentini\",\"isPartOf\":{\"@id\":\"https:\/\/www.fiorentini-iberia.com\/pt\/#website\"},\"primaryImageOfPage\":{\"@id\":\"https:\/\/www.fiorentini-iberia.com\/pt\/especialistas\/agua\/#primaryimage\"},\"image\":{\"@id\":\"https:\/\/www.fiorentini-iberia.com\/pt\/especialistas\/agua\/#primaryimage\"},\"thumbnailUrl\":\"https:\/\/www.fiorentini-iberia.com\/wp-content\/uploads\/2021\/07\/as_fluid_as_water_quadrata.jpeg\",\"datePublished\":\"2023-12-11T09:26:47+00:00\",\"dateModified\":\"2026-02-17T11:58:18+00:00\",\"description\":\"O objetivo \u00e9 automatizar o processo atrav\u00e9s da digitaliza\u00e7\u00e3o das redes, conseguindo assim otimizar os recursos.\",\"breadcrumb\":{\"@id\":\"https:\/\/www.fiorentini-iberia.com\/pt\/especialistas\/agua\/#breadcrumb\"},\"inLanguage\":\"pt-PTD\",\"potentialAction\":[{\"@type\":\"ReadAction\",\"target\":[\"https:\/\/www.fiorentini-iberia.com\/pt\/especialistas\/agua\/\"]}]},{\"@type\":\"ImageObject\",\"inLanguage\":\"pt-PTD\",\"@id\":\"https:\/\/www.fiorentini-iberia.com\/pt\/especialistas\/agua\/#primaryimage\",\"url\":\"https:\/\/www.fiorentini-iberia.com\/wp-content\/uploads\/2021\/07\/as_fluid_as_water_quadrata.jpeg\",\"contentUrl\":\"https:\/\/www.fiorentini-iberia.com\/wp-content\/uploads\/2021\/07\/as_fluid_as_water_quadrata.jpeg\",\"width\":991,\"height\":991},{\"@type\":\"BreadcrumbList\",\"@id\":\"https:\/\/www.fiorentini-iberia.com\/pt\/especialistas\/agua\/#breadcrumb\",\"itemListElement\":[{\"@type\":\"ListItem\",\"position\":1,\"name\":\"Home\",\"item\":\"https:\/\/www.fiorentini-iberia.com\/pt\/\"},{\"@type\":\"ListItem\",\"position\":2,\"name\":\"Especialistas\",\"item\":\"https:\/\/www.fiorentini-iberia.com\/pt\/especialistas\/\"},{\"@type\":\"ListItem\",\"position\":3,\"name\":\"\u00c1gua\"}]},{\"@type\":\"WebSite\",\"@id\":\"https:\/\/www.fiorentini-iberia.com\/pt\/#website\",\"url\":\"https:\/\/www.fiorentini-iberia.com\/pt\/\",\"name\":\"Pietro Fiorentini Iberia\",\"description\":\"Pietro Fiorentini dise\u00f1a y fabrica componentes, sistemas y servicios para la regulaci\u00f3n, medici\u00f3n, gesti\u00f3n de redes de agua, energ\u00edas renovables, petr\u00f3leo y el gas natural, con sistemas adaptados 100% al hidr\u00f3geno.\",\"publisher\":{\"@id\":\"https:\/\/www.fiorentini-iberia.com\/pt\/#organization\"},\"potentialAction\":[{\"@type\":\"SearchAction\",\"target\":{\"@type\":\"EntryPoint\",\"urlTemplate\":\"https:\/\/www.fiorentini-iberia.com\/pt\/?s={search_term_string}\"},\"query-input\":{\"@type\":\"PropertyValueSpecification\",\"valueRequired\":true,\"valueName\":\"search_term_string\"}}],\"inLanguage\":\"pt-PTD\"},{\"@type\":\"Organization\",\"@id\":\"https:\/\/www.fiorentini-iberia.com\/pt\/#organization\",\"name\":\"Pietro Fiorentini Iberia\",\"url\":\"https:\/\/www.fiorentini-iberia.com\/pt\/\",\"logo\":{\"@type\":\"ImageObject\",\"inLanguage\":\"pt-PTD\",\"@id\":\"https:\/\/www.fiorentini-iberia.com\/pt\/#\/schema\/logo\/image\/\",\"url\":\"https:\/\/www.fiorentini-iberia.com\/wp-content\/uploads\/2020\/11\/logo.svg\",\"contentUrl\":\"https:\/\/www.fiorentini-iberia.com\/wp-content\/uploads\/2020\/11\/logo.svg\",\"width\":227,\"height\":59,\"caption\":\"Pietro Fiorentini Iberia\"},\"image\":{\"@id\":\"https:\/\/www.fiorentini-iberia.com\/pt\/#\/schema\/logo\/image\/\"},\"sameAs\":[\"https:\/\/x.com\/FiorentiniSpa\",\"https:\/\/www.linkedin.com\/company\/pietro-fiorentini-iberia\/\"]}]}<\/script>\n<!-- \/ Yoast SEO plugin. -->","yoast_head_json":{"title":"\u00c1gua - Pietro Fiorentini","description":"O objetivo \u00e9 automatizar o processo atrav\u00e9s da digitaliza\u00e7\u00e3o das redes, conseguindo assim otimizar os recursos.","robots":{"index":"index","follow":"follow","max-snippet":"max-snippet:-1","max-image-preview":"max-image-preview:large","max-video-preview":"max-video-preview:-1"},"canonical":"https:\/\/www.fiorentini-iberia.com\/pt\/especialistas\/agua\/","og_locale":"pt_PT","og_type":"article","og_title":"\u00c1gua - Pietro Fiorentini","og_description":"O objetivo \u00e9 automatizar o processo atrav\u00e9s da digitaliza\u00e7\u00e3o das redes, conseguindo assim otimizar os recursos.","og_url":"https:\/\/www.fiorentini-iberia.com\/pt\/especialistas\/agua\/","og_site_name":"Pietro Fiorentini","article_modified_time":"2026-02-17T11:58:18+00:00","og_image":[{"width":991,"height":991,"url":"https:\/\/www.fiorentini-iberia.com\/wp-content\/uploads\/2021\/07\/as_fluid_as_water_quadrata.jpeg","type":"image\/jpeg"}],"twitter_card":"summary_large_image","twitter_site":"@FiorentiniSpa","twitter_misc":{"Est. reading time":"2 minutes"},"schema":{"@context":"https:\/\/schema.org","@graph":[{"@type":"WebPage","@id":"https:\/\/www.fiorentini-iberia.com\/pt\/especialistas\/agua\/","url":"https:\/\/www.fiorentini-iberia.com\/pt\/especialistas\/agua\/","name":"\u00c1gua - Pietro Fiorentini","isPartOf":{"@id":"https:\/\/www.fiorentini-iberia.com\/pt\/#website"},"primaryImageOfPage":{"@id":"https:\/\/www.fiorentini-iberia.com\/pt\/especialistas\/agua\/#primaryimage"},"image":{"@id":"https:\/\/www.fiorentini-iberia.com\/pt\/especialistas\/agua\/#primaryimage"},"thumbnailUrl":"https:\/\/www.fiorentini-iberia.com\/wp-content\/uploads\/2021\/07\/as_fluid_as_water_quadrata.jpeg","datePublished":"2023-12-11T09:26:47+00:00","dateModified":"2026-02-17T11:58:18+00:00","description":"O objetivo \u00e9 automatizar o processo atrav\u00e9s da digitaliza\u00e7\u00e3o das redes, conseguindo assim otimizar os recursos.","breadcrumb":{"@id":"https:\/\/www.fiorentini-iberia.com\/pt\/especialistas\/agua\/#breadcrumb"},"inLanguage":"pt-PTD","potentialAction":[{"@type":"ReadAction","target":["https:\/\/www.fiorentini-iberia.com\/pt\/especialistas\/agua\/"]}]},{"@type":"ImageObject","inLanguage":"pt-PTD","@id":"https:\/\/www.fiorentini-iberia.com\/pt\/especialistas\/agua\/#primaryimage","url":"https:\/\/www.fiorentini-iberia.com\/wp-content\/uploads\/2021\/07\/as_fluid_as_water_quadrata.jpeg","contentUrl":"https:\/\/www.fiorentini-iberia.com\/wp-content\/uploads\/2021\/07\/as_fluid_as_water_quadrata.jpeg","width":991,"height":991},{"@type":"BreadcrumbList","@id":"https:\/\/www.fiorentini-iberia.com\/pt\/especialistas\/agua\/#breadcrumb","itemListElement":[{"@type":"ListItem","position":1,"name":"Home","item":"https:\/\/www.fiorentini-iberia.com\/pt\/"},{"@type":"ListItem","position":2,"name":"Especialistas","item":"https:\/\/www.fiorentini-iberia.com\/pt\/especialistas\/"},{"@type":"ListItem","position":3,"name":"\u00c1gua"}]},{"@type":"WebSite","@id":"https:\/\/www.fiorentini-iberia.com\/pt\/#website","url":"https:\/\/www.fiorentini-iberia.com\/pt\/","name":"Pietro Fiorentini Iberia","description":"Pietro Fiorentini dise\u00f1a y fabrica componentes, sistemas y servicios para la regulaci\u00f3n, medici\u00f3n, gesti\u00f3n de redes de agua, energ\u00edas renovables, petr\u00f3leo y el gas natural, con sistemas adaptados 100% al hidr\u00f3geno.","publisher":{"@id":"https:\/\/www.fiorentini-iberia.com\/pt\/#organization"},"potentialAction":[{"@type":"SearchAction","target":{"@type":"EntryPoint","urlTemplate":"https:\/\/www.fiorentini-iberia.com\/pt\/?s={search_term_string}"},"query-input":{"@type":"PropertyValueSpecification","valueRequired":true,"valueName":"search_term_string"}}],"inLanguage":"pt-PTD"},{"@type":"Organization","@id":"https:\/\/www.fiorentini-iberia.com\/pt\/#organization","name":"Pietro Fiorentini Iberia","url":"https:\/\/www.fiorentini-iberia.com\/pt\/","logo":{"@type":"ImageObject","inLanguage":"pt-PTD","@id":"https:\/\/www.fiorentini-iberia.com\/pt\/#\/schema\/logo\/image\/","url":"https:\/\/www.fiorentini-iberia.com\/wp-content\/uploads\/2020\/11\/logo.svg","contentUrl":"https:\/\/www.fiorentini-iberia.com\/wp-content\/uploads\/2020\/11\/logo.svg","width":227,"height":59,"caption":"Pietro Fiorentini Iberia"},"image":{"@id":"https:\/\/www.fiorentini-iberia.com\/pt\/#\/schema\/logo\/image\/"},"sameAs":["https:\/\/x.com\/FiorentiniSpa","https:\/\/www.linkedin.com\/company\/pietro-fiorentini-iberia\/"]}]}},"_links":{"self":[{"href":"https:\/\/www.fiorentini-iberia.com\/pt\/wp-json\/wp\/v2\/pages\/48345","targetHints":{"allow":["GET"]}}],"collection":[{"href":"https:\/\/www.fiorentini-iberia.com\/pt\/wp-json\/wp\/v2\/pages"}],"about":[{"href":"https:\/\/www.fiorentini-iberia.com\/pt\/wp-json\/wp\/v2\/types\/page"}],"author":[{"embeddable":true,"href":"https:\/\/www.fiorentini-iberia.com\/pt\/wp-json\/wp\/v2\/users\/15"}],"replies":[{"embeddable":true,"href":"https:\/\/www.fiorentini-iberia.com\/pt\/wp-json\/wp\/v2\/comments?post=48345"}],"version-history":[{"count":3,"href":"https:\/\/www.fiorentini-iberia.com\/pt\/wp-json\/wp\/v2\/pages\/48345\/revisions"}],"predecessor-version":[{"id":63259,"href":"https:\/\/www.fiorentini-iberia.com\/pt\/wp-json\/wp\/v2\/pages\/48345\/revisions\/63259"}],"up":[{"embeddable":true,"href":"https:\/\/www.fiorentini-iberia.com\/pt\/wp-json\/wp\/v2\/pages\/48206"}],"wp:featuredmedia":[{"embeddable":true,"href":"https:\/\/www.fiorentini-iberia.com\/pt\/wp-json\/wp\/v2\/media\/34256"}],"wp:attachment":[{"href":"https:\/\/www.fiorentini-iberia.com\/pt\/wp-json\/wp\/v2\/media?parent=48345"}],"curies":[{"name":"wp","href":"https:\/\/api.w.org\/{rel}","templated":true}]}}