{"id":48358,"date":"2023-12-13T14:30:34","date_gmt":"2023-12-13T13:30:34","guid":{"rendered":"https:\/\/www.fiorentini-iberia.com\/especialistas\/agua\/las-soluciones-de-control-y-supervision-del-grupo-pf\/"},"modified":"2025-02-05T11:36:28","modified_gmt":"2025-02-05T10:36:28","slug":"solucoes-do-grupo-pf-para-o-controlo-e-a-monitorizacao","status":"publish","type":"page","link":"https:\/\/www.fiorentini-iberia.com\/pt\/especialistas\/agua\/solucoes-do-grupo-pf-para-o-controlo-e-a-monitorizacao\/","title":{"rendered":"Solu\u00e7\u00f5es do Grupo PF para monitoriza\u00e7\u00e3o e controlo"},"content":{"rendered":"\n<p>No seio do <strong><a href=\"https:\/\/www.fiorentini-iberia.com\/pt\/pietro-fiorentini-group\/\">Grupo Pietro Fiorentini<\/a><\/strong> existem v\u00e1rias empresas que desenvolvem <strong>solu\u00e7\u00f5es para o mundo da \u00e1gua<\/strong> que nos permitem oferecer um servi\u00e7o completo e integrado aos nossos clientes.<\/p>\n\n\n\n<p>Os desafios colocados pelo mundo atual exigem solu\u00e7\u00f5es em que o hardware e o software estejam perfeitamente integrados, de modo a que a monitoriza\u00e7\u00e3o em tempo real possa melhorar a efici\u00eancia dos controlos de gest\u00e3o da rede.<\/p>\n\n\n\n<p><strong><em>A Internet das coisas<\/em><\/strong>, a <strong>localiza\u00e7\u00e3o por sat\u00e9lite<\/strong> e a <strong>realidade aumentada<\/strong> s\u00e3o apenas algumas das tecnologias em que continuamos a investir para fazer evoluir a nossa oferta.<\/p>\n\n\n\n<div class=\"wp-block-group index\"><div class=\"wp-block-group__inner-container is-layout-flow wp-block-group-is-layout-flow\">\n<ol class=\"wp-block-list\">\n<li><strong><a href=\"#water-cycle-control-technologies\">Tecnologias de controlo do ciclo da \u00e1gua<\/a><\/strong><\/li>\n\n\n\n<li><strong><a href=\"#data-management-solutions\">Solu\u00e7\u00f5es de gest\u00e3o de dados<\/a><\/strong><\/li>\n\n\n\n<li><strong><a href=\"#on-field-workforce-management\">Gest\u00e3o das interven\u00e7\u00f5es no terreno<\/a><\/strong><\/li>\n<\/ol>\n<\/div><\/div>\n\n\n\n<div style=\"height:32px\" aria-hidden=\"true\" class=\"wp-block-spacer\"><\/div>\n\n\n\n<div id=\"water-cycle-control-technologies\" class=\"wp-block-group\"><div class=\"wp-block-group__inner-container is-layout-flow wp-block-group-is-layout-flow\">\n<h3 class=\"wp-block-heading\"><strong><strong>Tecnologias de controlo do ciclo da \u00e1gua<\/strong><\/strong><br>&nbsp;<\/h3>\n\n\n<div class=\"wp-block-image\">\n<figure class=\"alignleft size-full\"><img loading=\"lazy\" decoding=\"async\" width=\"300\" height=\"78\" src=\"https:\/\/www.fiorentini-iberia.com\/wp-content\/uploads\/2023\/12\/Fast_Logo.png\" alt=\"\" class=\"wp-image-29337\"\/><\/figure>\n<\/div>\n\n\n<p>A Fast oferece know-how e tecnologias inteligentes para o controlo completo das redes de \u00e1gua e de todas as fases do processo: <em>hardware <\/em>para a regula\u00e7\u00e3o do caudal e da press\u00e3o das redes e <em>software <\/em>desenvolvidos para a gest\u00e3o remota utilizando a tecnologia IoT e sistemas de an\u00e1lise de dados.<\/p>\n\n\n\n<p><strong>Os produtos e servi\u00e7os est\u00e3o perfeitamente integrados<\/strong>, melhorando o desempenho e a efic\u00e1cia nos diferentes contextos de servi\u00e7o: aqueduto, saneamento, tratamento, etc.<\/p>\n\n\n\n<p>As solu\u00e7\u00f5es oferecidas pela FAST integram fun\u00e7\u00f5es de controlo remoto e automatiza\u00e7\u00e3o, criando <strong>um sistema de gest\u00e3o eficiente que contribui para melhorar o servi\u00e7o e reduzir os consumos e os custos de gest\u00e3o<\/strong>.<\/p>\n\n\n\n<p><strong><a href=\"https:\/\/www.fiorentini-iberia.com\/pt\/category\/solucoes\/produtos\/medidores-de-agua\/digitalizacao-da-rede\/\">Descubra aqui as solu\u00e7\u00f5es FAST<\/a> <\/strong>para a gest\u00e3o das redes de abastecimento de \u00e1gua.<\/p>\n\n\n\n<p>Para mais informa\u00e7\u00f5es, visite <a href=\"https:\/\/www.fastonline.it\/it\" target=\"_blank\" rel=\"noreferrer noopener\">fastonline.co.uk<\/a><\/p>\n\n\n\n<div style=\"height:32px\" aria-hidden=\"true\" class=\"wp-block-spacer\"><\/div>\n\n\n\n<figure class=\"wp-block-image size-full\"><img loading=\"lazy\" decoding=\"async\" width=\"1024\" height=\"678\" src=\"https:\/\/www.fiorentini-iberia.com\/wp-content\/uploads\/2023\/12\/Fast_plant-1024x678-1.png\" alt=\"\" class=\"wp-image-29334\" srcset=\"https:\/\/www.fiorentini-iberia.com\/wp-content\/uploads\/2023\/12\/Fast_plant-1024x678-1.png 1024w, https:\/\/www.fiorentini-iberia.com\/wp-content\/uploads\/2023\/12\/Fast_plant-1024x678-1-300x199.png 300w, https:\/\/www.fiorentini-iberia.com\/wp-content\/uploads\/2023\/12\/Fast_plant-1024x678-1-768x509.png 768w\" sizes=\"auto, (max-width: 1024px) 100vw, 1024px\" \/><\/figure>\n<\/div><\/div>\n\n\n\n<div style=\"height:32px\" aria-hidden=\"true\" class=\"wp-block-spacer\"><\/div>\n\n\n\n<div id=\"data-management-solutions\" class=\"wp-block-group\"><div class=\"wp-block-group__inner-container is-layout-flow wp-block-group-is-layout-flow\">\n<h3 class=\"wp-block-heading\"><strong>Solu\u00e7\u00f5es de gest\u00e3o de dados<\/strong><br>&nbsp;<\/h3>\n\n\n<div class=\"wp-block-image\">\n<figure class=\"alignleft size-full is-resized\"><img loading=\"lazy\" decoding=\"async\" width=\"1024\" height=\"329\" src=\"https:\/\/www.fiorentini-iberia.com\/wp-content\/uploads\/2023\/12\/Terranova-CMYK-01-1-1024x329-1.png\" alt=\"\" class=\"wp-image-29331\" style=\"width:400px\" srcset=\"https:\/\/www.fiorentini-iberia.com\/wp-content\/uploads\/2023\/12\/Terranova-CMYK-01-1-1024x329-1.png 1024w, https:\/\/www.fiorentini-iberia.com\/wp-content\/uploads\/2023\/12\/Terranova-CMYK-01-1-1024x329-1-300x96.png 300w, https:\/\/www.fiorentini-iberia.com\/wp-content\/uploads\/2023\/12\/Terranova-CMYK-01-1-1024x329-1-768x247.png 768w\" sizes=\"auto, (max-width: 1024px) 100vw, 1024px\" \/><\/figure>\n<\/div>\n\n\n<p>Terranova \u00e9 um dos <strong>principais l\u00edderes no desenvolvimento de software <\/strong>para os setores da \u00e1gua, do g\u00e1s e da eletricidade. Com base no seu know-how em <strong>contadores inteligentes<\/strong>, gest\u00e3o de <strong>opera\u00e7\u00f5es <\/strong>e <strong>gest\u00e3o de redes inteligentes<\/strong>, a empresa oferece uma vasta gama de <strong>softwares concebidos especificamente para responder \u00e0s necessidades mais complexas do <\/strong>setor dos servi\u00e7os p\u00fablicos.<\/p>\n\n\n\n<p><strong>TAMM <\/strong>\u00e9 um software multisservi\u00e7os concebido para automatizar os processos de telecontagem e telegest\u00e3o de contadores de \u00e1gua (ou eletricidade ou g\u00e1s). A aplica\u00e7\u00e3o TAMM foi concebida para <strong>apoiar as empresas de distribui\u00e7\u00e3o nos processos de medi\u00e7\u00e3o e gest\u00e3o remota<\/strong>, em conformidade com as normas de funcionalidade, efici\u00eancia e seguran\u00e7a aplic\u00e1veis aos diferentes contextos (industrial, comercial e residencial).<\/p>\n\n\n\n<p>Para mais informa\u00e7\u00f5es, visite <a href=\"https:\/\/www.terranovasoftware.eu\/it\" target=\"_blank\" rel=\"noreferrer noopener\">terranovasoftware.eu<\/a><\/p>\n\n\n\n<div style=\"height:32px\" aria-hidden=\"true\" class=\"wp-block-spacer\"><\/div>\n\n\n\n<figure class=\"wp-block-image size-full\"><img loading=\"lazy\" decoding=\"async\" width=\"747\" height=\"665\" src=\"https:\/\/www.fiorentini-iberia.com\/wp-content\/uploads\/2023\/12\/Terranova_watermetering.png\" alt=\"\" class=\"wp-image-29327\" srcset=\"https:\/\/www.fiorentini-iberia.com\/wp-content\/uploads\/2023\/12\/Terranova_watermetering.png 747w, https:\/\/www.fiorentini-iberia.com\/wp-content\/uploads\/2023\/12\/Terranova_watermetering-300x267.png 300w\" sizes=\"auto, (max-width: 747px) 100vw, 747px\" \/><\/figure>\n<\/div><\/div>\n\n\n\n<div style=\"height:32px\" aria-hidden=\"true\" class=\"wp-block-spacer\"><\/div>\n\n\n\n<div id=\"on-field-workforce-management\" class=\"wp-block-group\"><div class=\"wp-block-group__inner-container is-layout-flow wp-block-group-is-layout-flow\">\n<h3 class=\"wp-block-heading\"><strong><strong>Gest\u00e3o das interven\u00e7\u00f5es no terreno<\/strong><\/strong><br>&nbsp;<\/h3>\n\n\n<div class=\"wp-block-image\">\n<figure class=\"alignleft size-full\"><img loading=\"lazy\" decoding=\"async\" width=\"300\" height=\"87\" src=\"https:\/\/www.fiorentini-iberia.com\/wp-content\/uploads\/2023\/12\/Logo-Arcoda-300x87-1.png\" alt=\"\" class=\"wp-image-29324\"\/><\/figure>\n<\/div>\n\n\n<p>A Arcoda faz parte do <strong>Grupo Terranova <\/strong>e desenvolve solu\u00e7\u00f5es de vanguarda para a <strong>gest\u00e3o da for\u00e7a de trabalho no terreno<\/strong>. As ofertas da Arcoda v\u00e3o desde a <strong>localiza\u00e7\u00e3o por sat\u00e9lite <\/strong>a aplica\u00e7\u00f5es de <strong>realidade aumentada<\/strong> de \u00faltima gera\u00e7\u00e3o: o elevado n\u00edvel de inova\u00e7\u00e3o que caracteriza cada solu\u00e7\u00e3o faz da Arcoda o parceiro perfeito para as <strong>empresas l\u00edderes mundiais<\/strong>.<\/p>\n\n\n\n<p>Para mais informa\u00e7\u00f5es, visite <a href=\"https:\/\/www.arcoda.it\/ws\/it\/index.html\" target=\"_blank\" rel=\"noreferrer noopener\">arcoda.it<\/a><\/p>\n\n\n\n<div style=\"height:32px\" aria-hidden=\"true\" class=\"wp-block-spacer\"><\/div>\n\n\n\n<figure class=\"wp-block-image size-full\"><img loading=\"lazy\" decoding=\"async\" width=\"1002\" height=\"454\" src=\"https:\/\/www.fiorentini-iberia.com\/wp-content\/uploads\/2023\/12\/arcoda_tracking.jpg\" alt=\"\" class=\"wp-image-29321\" srcset=\"https:\/\/www.fiorentini-iberia.com\/wp-content\/uploads\/2023\/12\/arcoda_tracking.jpg 1002w, https:\/\/www.fiorentini-iberia.com\/wp-content\/uploads\/2023\/12\/arcoda_tracking-300x136.jpg 300w, https:\/\/www.fiorentini-iberia.com\/wp-content\/uploads\/2023\/12\/arcoda_tracking-768x348.jpg 768w\" sizes=\"auto, (max-width: 1002px) 100vw, 1002px\" \/><\/figure>\n<\/div><\/div>\n","protected":false},"excerpt":{"rendered":"<p>Desenvolvemos solu\u00e7\u00f5es para o mundo da \u00e1gua que nos permitem oferecer um servi\u00e7o completo e integrado de hardware e software aos nossos clientes. IoT, localiza\u00e7\u00e3o por sat\u00e9lite e realidade aumentada s\u00e3o apenas algumas das tecnologias em que estamos a investir para fazer evoluir a nossa oferta.<\/p>\n","protected":false},"author":15,"featured_media":56714,"parent":48345,"menu_order":1,"comment_status":"closed","ping_status":"closed","template":"template-expertise-post.php","meta":{"_acf_changed":false,"inline_featured_image":false,"footnotes":""},"class_list":["post-48358","page","type-page","status-publish","has-post-thumbnail","hentry"],"acf":[],"yoast_head":"<!-- This site is optimized with the Yoast SEO plugin v27.2 - https:\/\/yoast.com\/product\/yoast-seo-wordpress\/ -->\n<title>Solu\u00e7\u00f5es do Grupo PF para monitoriza\u00e7\u00e3o e controlo - Pietro Fiorentini<\/title>\n<meta name=\"description\" content=\"No seio do Grupo Pietro Fiorentini existem v\u00e1rias empresas que desenvolvem solu\u00e7\u00f5es para o mundo da \u00e1gua.\" \/>\n<meta name=\"robots\" content=\"index, follow, max-snippet:-1, max-image-preview:large, max-video-preview:-1\" \/>\n<link rel=\"canonical\" href=\"https:\/\/www.fiorentini-iberia.com\/pt\/especialistas\/agua\/solucoes-do-grupo-pf-para-o-controlo-e-a-monitorizacao\/\" \/>\n<meta property=\"og:locale\" content=\"pt_PT\" \/>\n<meta property=\"og:type\" content=\"article\" \/>\n<meta property=\"og:title\" content=\"Solu\u00e7\u00f5es do Grupo PF para monitoriza\u00e7\u00e3o e controlo - Pietro Fiorentini\" \/>\n<meta property=\"og:description\" content=\"No seio do Grupo Pietro Fiorentini existem v\u00e1rias empresas que desenvolvem solu\u00e7\u00f5es para o mundo da \u00e1gua.\" \/>\n<meta property=\"og:url\" content=\"https:\/\/www.fiorentini-iberia.com\/pt\/especialistas\/agua\/solucoes-do-grupo-pf-para-o-controlo-e-a-monitorizacao\/\" \/>\n<meta property=\"og:site_name\" content=\"Pietro Fiorentini\" \/>\n<meta property=\"article:modified_time\" content=\"2025-02-05T10:36:28+00:00\" \/>\n<meta property=\"og:image\" content=\"https:\/\/www.fiorentini-iberia.com\/wp-content\/uploads\/2024\/10\/WATER_drop_visual-new-a.jpg\" \/>\n\t<meta property=\"og:image:width\" content=\"614\" \/>\n\t<meta property=\"og:image:height\" content=\"614\" \/>\n\t<meta property=\"og:image:type\" content=\"image\/jpeg\" \/>\n<meta name=\"twitter:card\" content=\"summary_large_image\" \/>\n<meta name=\"twitter:site\" content=\"@FiorentiniSpa\" \/>\n<meta name=\"twitter:label1\" content=\"Est. reading time\" \/>\n\t<meta name=\"twitter:data1\" content=\"1 minute\" \/>\n<script type=\"application\/ld+json\" class=\"yoast-schema-graph\">{\"@context\":\"https:\/\/schema.org\",\"@graph\":[{\"@type\":\"WebPage\",\"@id\":\"https:\/\/www.fiorentini-iberia.com\/pt\/especialistas\/agua\/solucoes-do-grupo-pf-para-o-controlo-e-a-monitorizacao\/\",\"url\":\"https:\/\/www.fiorentini-iberia.com\/pt\/especialistas\/agua\/solucoes-do-grupo-pf-para-o-controlo-e-a-monitorizacao\/\",\"name\":\"Solu\u00e7\u00f5es do Grupo PF para monitoriza\u00e7\u00e3o e controlo - Pietro Fiorentini\",\"isPartOf\":{\"@id\":\"https:\/\/www.fiorentini-iberia.com\/pt\/#website\"},\"primaryImageOfPage\":{\"@id\":\"https:\/\/www.fiorentini-iberia.com\/pt\/especialistas\/agua\/solucoes-do-grupo-pf-para-o-controlo-e-a-monitorizacao\/#primaryimage\"},\"image\":{\"@id\":\"https:\/\/www.fiorentini-iberia.com\/pt\/especialistas\/agua\/solucoes-do-grupo-pf-para-o-controlo-e-a-monitorizacao\/#primaryimage\"},\"thumbnailUrl\":\"https:\/\/www.fiorentini-iberia.com\/wp-content\/uploads\/2024\/10\/WATER_drop_visual-new-a.jpg\",\"datePublished\":\"2023-12-13T13:30:34+00:00\",\"dateModified\":\"2025-02-05T10:36:28+00:00\",\"description\":\"No seio do Grupo Pietro Fiorentini existem v\u00e1rias empresas que desenvolvem solu\u00e7\u00f5es para o mundo da \u00e1gua.\",\"breadcrumb\":{\"@id\":\"https:\/\/www.fiorentini-iberia.com\/pt\/especialistas\/agua\/solucoes-do-grupo-pf-para-o-controlo-e-a-monitorizacao\/#breadcrumb\"},\"inLanguage\":\"pt-PTD\",\"potentialAction\":[{\"@type\":\"ReadAction\",\"target\":[\"https:\/\/www.fiorentini-iberia.com\/pt\/especialistas\/agua\/solucoes-do-grupo-pf-para-o-controlo-e-a-monitorizacao\/\"]}]},{\"@type\":\"ImageObject\",\"inLanguage\":\"pt-PTD\",\"@id\":\"https:\/\/www.fiorentini-iberia.com\/pt\/especialistas\/agua\/solucoes-do-grupo-pf-para-o-controlo-e-a-monitorizacao\/#primaryimage\",\"url\":\"https:\/\/www.fiorentini-iberia.com\/wp-content\/uploads\/2024\/10\/WATER_drop_visual-new-a.jpg\",\"contentUrl\":\"https:\/\/www.fiorentini-iberia.com\/wp-content\/uploads\/2024\/10\/WATER_drop_visual-new-a.jpg\",\"width\":614,\"height\":614},{\"@type\":\"BreadcrumbList\",\"@id\":\"https:\/\/www.fiorentini-iberia.com\/pt\/especialistas\/agua\/solucoes-do-grupo-pf-para-o-controlo-e-a-monitorizacao\/#breadcrumb\",\"itemListElement\":[{\"@type\":\"ListItem\",\"position\":1,\"name\":\"Home\",\"item\":\"https:\/\/www.fiorentini-iberia.com\/pt\/\"},{\"@type\":\"ListItem\",\"position\":2,\"name\":\"Especialistas\",\"item\":\"https:\/\/www.fiorentini-iberia.com\/pt\/especialistas\/\"},{\"@type\":\"ListItem\",\"position\":3,\"name\":\"\u00c1gua\",\"item\":\"https:\/\/www.fiorentini-iberia.com\/pt\/especialistas\/agua\/\"},{\"@type\":\"ListItem\",\"position\":4,\"name\":\"Solu\u00e7\u00f5es do Grupo PF para monitoriza\u00e7\u00e3o e controlo\"}]},{\"@type\":\"WebSite\",\"@id\":\"https:\/\/www.fiorentini-iberia.com\/pt\/#website\",\"url\":\"https:\/\/www.fiorentini-iberia.com\/pt\/\",\"name\":\"Pietro Fiorentini Iberia\",\"description\":\"Pietro Fiorentini dise\u00f1a y fabrica componentes, sistemas y servicios para la regulaci\u00f3n, medici\u00f3n, gesti\u00f3n de redes de agua, energ\u00edas renovables, petr\u00f3leo y el gas natural, con sistemas adaptados 100% al hidr\u00f3geno.\",\"publisher\":{\"@id\":\"https:\/\/www.fiorentini-iberia.com\/pt\/#organization\"},\"potentialAction\":[{\"@type\":\"SearchAction\",\"target\":{\"@type\":\"EntryPoint\",\"urlTemplate\":\"https:\/\/www.fiorentini-iberia.com\/pt\/?s={search_term_string}\"},\"query-input\":{\"@type\":\"PropertyValueSpecification\",\"valueRequired\":true,\"valueName\":\"search_term_string\"}}],\"inLanguage\":\"pt-PTD\"},{\"@type\":\"Organization\",\"@id\":\"https:\/\/www.fiorentini-iberia.com\/pt\/#organization\",\"name\":\"Pietro Fiorentini Iberia\",\"url\":\"https:\/\/www.fiorentini-iberia.com\/pt\/\",\"logo\":{\"@type\":\"ImageObject\",\"inLanguage\":\"pt-PTD\",\"@id\":\"https:\/\/www.fiorentini-iberia.com\/pt\/#\/schema\/logo\/image\/\",\"url\":\"https:\/\/www.fiorentini-iberia.com\/wp-content\/uploads\/2020\/11\/logo.svg\",\"contentUrl\":\"https:\/\/www.fiorentini-iberia.com\/wp-content\/uploads\/2020\/11\/logo.svg\",\"width\":227,\"height\":59,\"caption\":\"Pietro Fiorentini Iberia\"},\"image\":{\"@id\":\"https:\/\/www.fiorentini-iberia.com\/pt\/#\/schema\/logo\/image\/\"},\"sameAs\":[\"https:\/\/x.com\/FiorentiniSpa\",\"https:\/\/www.linkedin.com\/company\/pietro-fiorentini-iberia\/\"]}]}<\/script>\n<!-- \/ Yoast SEO plugin. -->","yoast_head_json":{"title":"Solu\u00e7\u00f5es do Grupo PF para monitoriza\u00e7\u00e3o e controlo - Pietro Fiorentini","description":"No seio do Grupo Pietro Fiorentini existem v\u00e1rias empresas que desenvolvem solu\u00e7\u00f5es para o mundo da \u00e1gua.","robots":{"index":"index","follow":"follow","max-snippet":"max-snippet:-1","max-image-preview":"max-image-preview:large","max-video-preview":"max-video-preview:-1"},"canonical":"https:\/\/www.fiorentini-iberia.com\/pt\/especialistas\/agua\/solucoes-do-grupo-pf-para-o-controlo-e-a-monitorizacao\/","og_locale":"pt_PT","og_type":"article","og_title":"Solu\u00e7\u00f5es do Grupo PF para monitoriza\u00e7\u00e3o e controlo - Pietro Fiorentini","og_description":"No seio do Grupo Pietro Fiorentini existem v\u00e1rias empresas que desenvolvem solu\u00e7\u00f5es para o mundo da \u00e1gua.","og_url":"https:\/\/www.fiorentini-iberia.com\/pt\/especialistas\/agua\/solucoes-do-grupo-pf-para-o-controlo-e-a-monitorizacao\/","og_site_name":"Pietro Fiorentini","article_modified_time":"2025-02-05T10:36:28+00:00","og_image":[{"width":614,"height":614,"url":"https:\/\/www.fiorentini-iberia.com\/wp-content\/uploads\/2024\/10\/WATER_drop_visual-new-a.jpg","type":"image\/jpeg"}],"twitter_card":"summary_large_image","twitter_site":"@FiorentiniSpa","twitter_misc":{"Est. reading time":"1 minute"},"schema":{"@context":"https:\/\/schema.org","@graph":[{"@type":"WebPage","@id":"https:\/\/www.fiorentini-iberia.com\/pt\/especialistas\/agua\/solucoes-do-grupo-pf-para-o-controlo-e-a-monitorizacao\/","url":"https:\/\/www.fiorentini-iberia.com\/pt\/especialistas\/agua\/solucoes-do-grupo-pf-para-o-controlo-e-a-monitorizacao\/","name":"Solu\u00e7\u00f5es do Grupo PF para monitoriza\u00e7\u00e3o e controlo - Pietro Fiorentini","isPartOf":{"@id":"https:\/\/www.fiorentini-iberia.com\/pt\/#website"},"primaryImageOfPage":{"@id":"https:\/\/www.fiorentini-iberia.com\/pt\/especialistas\/agua\/solucoes-do-grupo-pf-para-o-controlo-e-a-monitorizacao\/#primaryimage"},"image":{"@id":"https:\/\/www.fiorentini-iberia.com\/pt\/especialistas\/agua\/solucoes-do-grupo-pf-para-o-controlo-e-a-monitorizacao\/#primaryimage"},"thumbnailUrl":"https:\/\/www.fiorentini-iberia.com\/wp-content\/uploads\/2024\/10\/WATER_drop_visual-new-a.jpg","datePublished":"2023-12-13T13:30:34+00:00","dateModified":"2025-02-05T10:36:28+00:00","description":"No seio do Grupo Pietro Fiorentini existem v\u00e1rias empresas que desenvolvem solu\u00e7\u00f5es para o mundo da \u00e1gua.","breadcrumb":{"@id":"https:\/\/www.fiorentini-iberia.com\/pt\/especialistas\/agua\/solucoes-do-grupo-pf-para-o-controlo-e-a-monitorizacao\/#breadcrumb"},"inLanguage":"pt-PTD","potentialAction":[{"@type":"ReadAction","target":["https:\/\/www.fiorentini-iberia.com\/pt\/especialistas\/agua\/solucoes-do-grupo-pf-para-o-controlo-e-a-monitorizacao\/"]}]},{"@type":"ImageObject","inLanguage":"pt-PTD","@id":"https:\/\/www.fiorentini-iberia.com\/pt\/especialistas\/agua\/solucoes-do-grupo-pf-para-o-controlo-e-a-monitorizacao\/#primaryimage","url":"https:\/\/www.fiorentini-iberia.com\/wp-content\/uploads\/2024\/10\/WATER_drop_visual-new-a.jpg","contentUrl":"https:\/\/www.fiorentini-iberia.com\/wp-content\/uploads\/2024\/10\/WATER_drop_visual-new-a.jpg","width":614,"height":614},{"@type":"BreadcrumbList","@id":"https:\/\/www.fiorentini-iberia.com\/pt\/especialistas\/agua\/solucoes-do-grupo-pf-para-o-controlo-e-a-monitorizacao\/#breadcrumb","itemListElement":[{"@type":"ListItem","position":1,"name":"Home","item":"https:\/\/www.fiorentini-iberia.com\/pt\/"},{"@type":"ListItem","position":2,"name":"Especialistas","item":"https:\/\/www.fiorentini-iberia.com\/pt\/especialistas\/"},{"@type":"ListItem","position":3,"name":"\u00c1gua","item":"https:\/\/www.fiorentini-iberia.com\/pt\/especialistas\/agua\/"},{"@type":"ListItem","position":4,"name":"Solu\u00e7\u00f5es do Grupo PF para monitoriza\u00e7\u00e3o e controlo"}]},{"@type":"WebSite","@id":"https:\/\/www.fiorentini-iberia.com\/pt\/#website","url":"https:\/\/www.fiorentini-iberia.com\/pt\/","name":"Pietro Fiorentini Iberia","description":"Pietro Fiorentini dise\u00f1a y fabrica componentes, sistemas y servicios para la regulaci\u00f3n, medici\u00f3n, gesti\u00f3n de redes de agua, energ\u00edas renovables, petr\u00f3leo y el gas natural, con sistemas adaptados 100% al hidr\u00f3geno.","publisher":{"@id":"https:\/\/www.fiorentini-iberia.com\/pt\/#organization"},"potentialAction":[{"@type":"SearchAction","target":{"@type":"EntryPoint","urlTemplate":"https:\/\/www.fiorentini-iberia.com\/pt\/?s={search_term_string}"},"query-input":{"@type":"PropertyValueSpecification","valueRequired":true,"valueName":"search_term_string"}}],"inLanguage":"pt-PTD"},{"@type":"Organization","@id":"https:\/\/www.fiorentini-iberia.com\/pt\/#organization","name":"Pietro Fiorentini Iberia","url":"https:\/\/www.fiorentini-iberia.com\/pt\/","logo":{"@type":"ImageObject","inLanguage":"pt-PTD","@id":"https:\/\/www.fiorentini-iberia.com\/pt\/#\/schema\/logo\/image\/","url":"https:\/\/www.fiorentini-iberia.com\/wp-content\/uploads\/2020\/11\/logo.svg","contentUrl":"https:\/\/www.fiorentini-iberia.com\/wp-content\/uploads\/2020\/11\/logo.svg","width":227,"height":59,"caption":"Pietro Fiorentini Iberia"},"image":{"@id":"https:\/\/www.fiorentini-iberia.com\/pt\/#\/schema\/logo\/image\/"},"sameAs":["https:\/\/x.com\/FiorentiniSpa","https:\/\/www.linkedin.com\/company\/pietro-fiorentini-iberia\/"]}]}},"_links":{"self":[{"href":"https:\/\/www.fiorentini-iberia.com\/pt\/wp-json\/wp\/v2\/pages\/48358","targetHints":{"allow":["GET"]}}],"collection":[{"href":"https:\/\/www.fiorentini-iberia.com\/pt\/wp-json\/wp\/v2\/pages"}],"about":[{"href":"https:\/\/www.fiorentini-iberia.com\/pt\/wp-json\/wp\/v2\/types\/page"}],"author":[{"embeddable":true,"href":"https:\/\/www.fiorentini-iberia.com\/pt\/wp-json\/wp\/v2\/users\/15"}],"replies":[{"embeddable":true,"href":"https:\/\/www.fiorentini-iberia.com\/pt\/wp-json\/wp\/v2\/comments?post=48358"}],"version-history":[{"count":3,"href":"https:\/\/www.fiorentini-iberia.com\/pt\/wp-json\/wp\/v2\/pages\/48358\/revisions"}],"predecessor-version":[{"id":58621,"href":"https:\/\/www.fiorentini-iberia.com\/pt\/wp-json\/wp\/v2\/pages\/48358\/revisions\/58621"}],"up":[{"embeddable":true,"href":"https:\/\/www.fiorentini-iberia.com\/pt\/wp-json\/wp\/v2\/pages\/48345"}],"wp:featuredmedia":[{"embeddable":true,"href":"https:\/\/www.fiorentini-iberia.com\/pt\/wp-json\/wp\/v2\/media\/56714"}],"wp:attachment":[{"href":"https:\/\/www.fiorentini-iberia.com\/pt\/wp-json\/wp\/v2\/media?parent=48358"}],"curies":[{"name":"wp","href":"https:\/\/api.w.org\/{rel}","templated":true}]}}