{"id":48587,"date":"2024-01-30T15:45:28","date_gmt":"2024-01-30T14:45:28","guid":{"rendered":"https:\/\/www.fiorentini-iberia.com\/especialistas\/biometano\/biogas-upgrading-plant-and-the-injection-of-biomethane-into-the-grid\/"},"modified":"2024-02-14T15:24:22","modified_gmt":"2024-02-14T14:24:22","slug":"instalacao-de-valorizacao-do-biogas-e-injecao-de-biometano-na-rede","status":"publish","type":"page","link":"https:\/\/www.fiorentini-iberia.com\/pt\/especialistas\/biometano\/instalacao-de-valorizacao-do-biogas-e-injecao-de-biometano-na-rede\/","title":{"rendered":"Instala\u00e7\u00e3o de valoriza\u00e7\u00e3o do biog\u00e1s e inje\u00e7\u00e3o de biometano na rede"},"content":{"rendered":"\n<p>Em 2022, foi projectada, constru\u00edda e instalada a <strong>central de valoriza\u00e7\u00e3o e inje\u00e7\u00e3o em Cella Dati <\/strong>(Cremona) para o Grupo EGEA e Santini Agricoltura Rinnovabile. Em funcionamento desde mar\u00e7o, a instala\u00e7\u00e3o injecta na rede de distribui\u00e7\u00e3o o biometano produzido a partir de estrume de gado e de biomassa vegetal cultivada na zona adjacente.<\/p>\n\n\n\n<p><strong>O volume produzido ultrapassa os 4 milh\u00f5es de metros c\u00fabicos por ano<\/strong>, o equivalente \u00e0s necessidades anuais de quase 4.000 autom\u00f3veis. Para al\u00e9m do biocombust\u00edvel, a central permite obter digestato a partir dos res\u00edduos da fermenta\u00e7\u00e3o, um importante fertilizante que pode ser utilizado em vez de fertilizantes sint\u00e9ticos.<\/p>\n\n\n\n<div style=\"height:34px\" aria-hidden=\"true\" class=\"wp-block-spacer\"><\/div>\n\n\n\n<figure class=\"wp-block-image size-large\"><img loading=\"lazy\" decoding=\"async\" width=\"1024\" height=\"577\" src=\"https:\/\/www.fiorentini-iberia.com\/wp-content\/uploads\/2024\/02\/Fiorentini_celladati_aerial-PT-2-1024x577.jpg\" alt=\"\" class=\"wp-image-48719\" srcset=\"https:\/\/www.fiorentini-iberia.com\/wp-content\/uploads\/2024\/02\/Fiorentini_celladati_aerial-PT-2-1024x577.jpg 1024w, https:\/\/www.fiorentini-iberia.com\/wp-content\/uploads\/2024\/02\/Fiorentini_celladati_aerial-PT-2-300x169.jpg 300w, https:\/\/www.fiorentini-iberia.com\/wp-content\/uploads\/2024\/02\/Fiorentini_celladati_aerial-PT-2-768x433.jpg 768w, https:\/\/www.fiorentini-iberia.com\/wp-content\/uploads\/2024\/02\/Fiorentini_celladati_aerial-PT-2.jpg 1196w\" sizes=\"auto, (max-width: 1024px) 100vw, 1024px\" \/><\/figure>\n\n\n\n<div style=\"height:29px\" aria-hidden=\"true\" class=\"wp-block-spacer\"><\/div>\n\n\n\n<figure class=\"wp-block-table is-style-stripes\"><table class=\"has-white-background-color has-background has-fixed-layout\"><tbody><tr><td>Localiza\u00e7\u00e3o<\/td><td><strong>Cella Dati (CR)<\/strong>&nbsp;<\/td><\/tr><tr><td>Parceiro industrial&nbsp;<\/td><td><strong>EGEA Group&nbsp;<\/strong><\/td><\/tr><tr><td>Parceiro agr\u00edcola&nbsp;<\/td><td><strong>Santini Agricoltura Rinnovabile<\/strong>&nbsp;<\/td><\/tr><tr><td>Instala\u00e7\u00e3o da f\u00e1brica<\/td><td><strong>Pietro Fiorentini SPA&nbsp;<\/strong><\/td><\/tr><tr><td>Capacidade de produ\u00e7\u00e3o<\/td><td><strong>4,000,000 m\u00b3\/ano<\/strong><\/td><\/tr><\/tbody><\/table><\/figure>\n\n\n\n<div style=\"height:51px\" aria-hidden=\"true\" class=\"wp-block-spacer\"><\/div>\n\n\n\n<p>O <strong>projeto Biometano Cella Dati<\/strong> nasce da vontade do <strong><a href=\"https:\/\/www.egea.it\/en\/egea-group\" target=\"_blank\" rel=\"noreferrer noopener\">Egea Group<\/a><\/strong> (parceiro industrial) e da <strong>Santini Agricoltura Rinnovabile<\/strong> (parceiro agr\u00edcola) de valorizar o biog\u00e1s proveniente dos subprodutos agr\u00edcolas das explora\u00e7\u00f5es locais, <strong>transformando-o em biometano a injetar na rede de distribui\u00e7\u00e3o de g\u00e1s natural<\/strong>.<\/p>\n\n\n\n<div style=\"height:20px\" aria-hidden=\"true\" class=\"wp-block-spacer\"><\/div>\n\n\n<div class=\"wp-block-image is-style-default\">\n<figure data-wp-context=\"{&quot;imageId&quot;:&quot;69d718ef9b5a5&quot;}\" data-wp-interactive=\"core\/image\" data-wp-key=\"69d718ef9b5a5\" class=\"aligncenter size-full is-resized wp-lightbox-container\"><img loading=\"lazy\" decoding=\"async\" width=\"1584\" height=\"1746\" data-wp-class--hide=\"state.isContentHidden\" data-wp-class--show=\"state.isContentVisible\" data-wp-init=\"callbacks.setButtonStyles\" data-wp-on--click=\"actions.showLightbox\" data-wp-on--load=\"callbacks.setButtonStyles\" data-wp-on-window--resize=\"callbacks.setButtonStyles\" src=\"https:\/\/www.fiorentini-iberia.com\/wp-content\/uploads\/2024\/01\/Foto-2-PT.jpg\" alt=\"\" class=\"wp-image-48625\" style=\"width:838px;height:auto\" srcset=\"https:\/\/www.fiorentini-iberia.com\/wp-content\/uploads\/2024\/01\/Foto-2-PT.jpg 1584w, https:\/\/www.fiorentini-iberia.com\/wp-content\/uploads\/2024\/01\/Foto-2-PT-272x300.jpg 272w, https:\/\/www.fiorentini-iberia.com\/wp-content\/uploads\/2024\/01\/Foto-2-PT-929x1024.jpg 929w, https:\/\/www.fiorentini-iberia.com\/wp-content\/uploads\/2024\/01\/Foto-2-PT-768x847.jpg 768w, https:\/\/www.fiorentini-iberia.com\/wp-content\/uploads\/2024\/01\/Foto-2-PT-1393x1536.jpg 1393w\" sizes=\"auto, (max-width: 1584px) 100vw, 1584px\" \/><button\n\t\t\tclass=\"lightbox-trigger\"\n\t\t\ttype=\"button\"\n\t\t\taria-haspopup=\"dialog\"\n\t\t\taria-label=\"Enlarge\"\n\t\t\tdata-wp-init=\"callbacks.initTriggerButton\"\n\t\t\tdata-wp-on--click=\"actions.showLightbox\"\n\t\t\tdata-wp-style--right=\"state.imageButtonRight\"\n\t\t\tdata-wp-style--top=\"state.imageButtonTop\"\n\t\t>\n\t\t\t<svg xmlns=\"http:\/\/www.w3.org\/2000\/svg\" width=\"12\" height=\"12\" fill=\"none\" viewBox=\"0 0 12 12\">\n\t\t\t\t<path fill=\"#fff\" d=\"M2 0a2 2 0 0 0-2 2v2h1.5V2a.5.5 0 0 1 .5-.5h2V0H2Zm2 10.5H2a.5.5 0 0 1-.5-.5V8H0v2a2 2 0 0 0 2 2h2v-1.5ZM8 12v-1.5h2a.5.5 0 0 0 .5-.5V8H12v2a2 2 0 0 1-2 2H8Zm2-12a2 2 0 0 1 2 2v2h-1.5V2a.5.5 0 0 0-.5-.5H8V0h2Z\" \/>\n\t\t\t<\/svg>\n\t\t<\/button><\/figure>\n<\/div>\n\n\n<div style=\"height:50px\" aria-hidden=\"true\" class=\"wp-block-spacer\"><\/div>\n\n\n\n<p class=\"has-text-color has-link-color wp-elements-77870cda90dac4e66d4c1ba5e335f1e7\" style=\"color:#1ca88c\"><strong>BENEF\u00cdCIOS ECON\u00d3MICOS E AMBIENTAIS<\/strong><\/p>\n\n\n\n<p>Em It\u00e1lia, s\u00e3o consumidos mais de 75 mil milh\u00f5es de m\u00b3 de g\u00e1s por ano. A central constru\u00edda pela Pietro Fiorentini <strong>produz 4 000 000 m\u00b3 de g\u00e1s por ano<\/strong>, utilizando subprodutos agr\u00edcolas recuperados diretamente por empresas locais.<\/p>\n\n\n\n<p>O subproduto da produ\u00e7\u00e3o de biometano, designado por digerido, pode ser utilizado como fertilizante em vez de fertilizantes qu\u00edmicos.<\/p>\n\n\n\n<div style=\"height:16px\" aria-hidden=\"true\" class=\"wp-block-spacer\"><\/div>\n\n\n<div class=\"wp-block-image\">\n<figure class=\"aligncenter size-full is-resized\"><img loading=\"lazy\" decoding=\"async\" width=\"1260\" height=\"586\" src=\"https:\/\/www.fiorentini-iberia.com\/wp-content\/uploads\/2024\/01\/foto-03-PT.png\" alt=\"\" class=\"wp-image-48620\" style=\"width:555px;height:auto\" srcset=\"https:\/\/www.fiorentini-iberia.com\/wp-content\/uploads\/2024\/01\/foto-03-PT.png 1260w, https:\/\/www.fiorentini-iberia.com\/wp-content\/uploads\/2024\/01\/foto-03-PT-300x140.png 300w, https:\/\/www.fiorentini-iberia.com\/wp-content\/uploads\/2024\/01\/foto-03-PT-1024x476.png 1024w, https:\/\/www.fiorentini-iberia.com\/wp-content\/uploads\/2024\/01\/foto-03-PT-768x357.png 768w\" sizes=\"auto, (max-width: 1260px) 100vw, 1260px\" \/><\/figure>\n<\/div>\n\n\n<div style=\"height:48px\" aria-hidden=\"true\" class=\"wp-block-spacer\"><\/div>\n\n\n\n<p>Muitos projectos semelhantes j\u00e1 foram encomendados e ser\u00e3o implementados nos pr\u00f3ximos anos.<br>&nbsp;<\/p>\n\n\n\n<p class=\"has-text-color has-link-color has-medium-font-size wp-elements-866c127cb98d07179371d3f75686e85a\" style=\"color:#1ca88c\"><strong>FOCO NAS EMPRESAS<\/strong><\/p>\n\n\n<div class=\"wp-block-image\">\n<figure class=\"alignleft size-full is-resized\"><a href=\"https:\/\/www.egea.it\/en\/egea-group\" target=\"_blank\" rel=\"noreferrer noopener\"><img loading=\"lazy\" decoding=\"async\" width=\"672\" height=\"262\" src=\"https:\/\/www.fiorentini-iberia.com\/wp-content\/uploads\/2024\/01\/EGEA.jpg\" alt=\"\" class=\"wp-image-48522\" style=\"width:186px;height:auto\" srcset=\"https:\/\/www.fiorentini-iberia.com\/wp-content\/uploads\/2024\/01\/EGEA.jpg 672w, https:\/\/www.fiorentini-iberia.com\/wp-content\/uploads\/2024\/01\/EGEA-300x117.jpg 300w\" sizes=\"auto, (max-width: 672px) 100vw, 672px\" \/><\/a><\/figure>\n<\/div>\n\n\n<p><\/p>\n\n\n\n<p><\/p>\n\n\n\n<div style=\"height:28px\" aria-hidden=\"true\" class=\"wp-block-spacer\"><\/div>\n\n\n\n<p>Grupo multisservi\u00e7os com sede em Alba, o <strong>Grupo EGEA<\/strong> sempre esteve atento \u00e0s necessidades locais e opera com um modelo deliberadamente glocal.<\/p>\n\n\n\n<div style=\"height:28px\" aria-hidden=\"true\" class=\"wp-block-spacer\"><\/div>\n\n\n<div class=\"wp-block-image\">\n<figure class=\"alignleft size-full is-resized\"><img loading=\"lazy\" decoding=\"async\" width=\"522\" height=\"186\" src=\"https:\/\/www.fiorentini-iberia.com\/wp-content\/uploads\/2024\/01\/SAR.jpg\" alt=\"\" class=\"wp-image-48526\" style=\"width:196px;height:auto\" srcset=\"https:\/\/www.fiorentini-iberia.com\/wp-content\/uploads\/2024\/01\/SAR.jpg 522w, https:\/\/www.fiorentini-iberia.com\/wp-content\/uploads\/2024\/01\/SAR-300x107.jpg 300w\" sizes=\"auto, (max-width: 522px) 100vw, 522px\" \/><\/figure>\n<\/div>\n\n\n<p>A fam\u00edlia Santini est\u00e1 presente na zona h\u00e1 mais de 200 anos e <strong>gere 500 hectares na prov\u00edncia de Cremona <\/strong>com mais de 4 000 cabe\u00e7as de gado e outros 300 hectares divididos entre a Em\u00edlia-Romanha e a Tosc\u00e2nia.<br>&nbsp;<\/p>\n\n\n\n<div style=\"height:15px\" aria-hidden=\"true\" class=\"wp-block-spacer\"><\/div>\n\n\n\n<p>Descarregar o <strong><a href=\"https:\/\/www.fiorentini-iberia.com\/wp-content\/uploads\/2024\/01\/case-study-BCD_ENG.pdf\" target=\"_blank\" rel=\"noreferrer noopener\">Estudo de caso do projeto Cella Dati<\/a><\/strong>.<\/p>\n","protected":false},"excerpt":{"rendered":"<p>Em 2022, foi projectada, constru\u00edda e instalada a central de valoriza\u00e7\u00e3o e inje\u00e7\u00e3o em Cella Dati (Cremona) para o Grupo EGEA e a Santini Agricoltura Rinnovabile. Em funcionamento desde mar\u00e7o, a instala\u00e7\u00e3o injecta na rede de distribui\u00e7\u00e3o o biometano produzido a partir de estrume de gado e de biomassa vegetal cultivada na zona adjacente. <\/p>\n","protected":false},"author":15,"featured_media":0,"parent":48238,"menu_order":0,"comment_status":"closed","ping_status":"closed","template":"template-expertise-post.php","meta":{"_acf_changed":false,"inline_featured_image":false,"footnotes":""},"class_list":["post-48587","page","type-page","status-publish","hentry"],"acf":[],"yoast_head":"<!-- This site is optimized with the Yoast SEO plugin v27.2 - https:\/\/yoast.com\/product\/yoast-seo-wordpress\/ -->\n<title>Instala\u00e7\u00e3o de valoriza\u00e7\u00e3o do biog\u00e1s e inje\u00e7\u00e3o de biometano na rede - Pietro Fiorentini<\/title>\n<meta name=\"description\" content=\"Em 2022, foi projectada, constru\u00edda e instalada a central de valoriza\u00e7\u00e3o e inje\u00e7\u00e3o em Cella Dati (Cremona) para o Grupo EGEA e a Santini Agricoltura Rinnovabile.\" \/>\n<meta name=\"robots\" content=\"index, follow, max-snippet:-1, max-image-preview:large, max-video-preview:-1\" \/>\n<link rel=\"canonical\" href=\"https:\/\/www.fiorentini-iberia.com\/pt\/especialistas\/biometano\/instalacao-de-valorizacao-do-biogas-e-injecao-de-biometano-na-rede\/\" \/>\n<meta property=\"og:locale\" content=\"pt_PT\" \/>\n<meta property=\"og:type\" content=\"article\" \/>\n<meta property=\"og:title\" content=\"Instala\u00e7\u00e3o de valoriza\u00e7\u00e3o do biog\u00e1s e inje\u00e7\u00e3o de biometano na rede - Pietro Fiorentini\" \/>\n<meta property=\"og:description\" content=\"Em 2022, foi projectada, constru\u00edda e instalada a central de valoriza\u00e7\u00e3o e inje\u00e7\u00e3o em Cella Dati (Cremona) para o Grupo EGEA e a Santini Agricoltura Rinnovabile.\" \/>\n<meta property=\"og:url\" content=\"https:\/\/www.fiorentini-iberia.com\/pt\/especialistas\/biometano\/instalacao-de-valorizacao-do-biogas-e-injecao-de-biometano-na-rede\/\" \/>\n<meta property=\"og:site_name\" content=\"Pietro Fiorentini\" \/>\n<meta property=\"article:modified_time\" content=\"2024-02-14T14:24:22+00:00\" \/>\n<meta property=\"og:image\" content=\"https:\/\/www.fiorentini-iberia.com\/wp-content\/uploads\/2024\/02\/Fiorentini_celladati_aerial-PT-2-1024x577.jpg\" \/>\n<meta name=\"twitter:card\" content=\"summary_large_image\" \/>\n<meta name=\"twitter:site\" content=\"@FiorentiniSpa\" \/>\n<meta name=\"twitter:label1\" content=\"Est. reading time\" \/>\n\t<meta name=\"twitter:data1\" content=\"3 minutes\" \/>\n<script type=\"application\/ld+json\" class=\"yoast-schema-graph\">{\"@context\":\"https:\/\/schema.org\",\"@graph\":[{\"@type\":\"WebPage\",\"@id\":\"https:\/\/www.fiorentini-iberia.com\/pt\/especialistas\/biometano\/instalacao-de-valorizacao-do-biogas-e-injecao-de-biometano-na-rede\/\",\"url\":\"https:\/\/www.fiorentini-iberia.com\/pt\/especialistas\/biometano\/instalacao-de-valorizacao-do-biogas-e-injecao-de-biometano-na-rede\/\",\"name\":\"Instala\u00e7\u00e3o de valoriza\u00e7\u00e3o do biog\u00e1s e inje\u00e7\u00e3o de biometano na rede - Pietro Fiorentini\",\"isPartOf\":{\"@id\":\"https:\/\/www.fiorentini-iberia.com\/pt\/#website\"},\"primaryImageOfPage\":{\"@id\":\"https:\/\/www.fiorentini-iberia.com\/pt\/especialistas\/biometano\/instalacao-de-valorizacao-do-biogas-e-injecao-de-biometano-na-rede\/#primaryimage\"},\"image\":{\"@id\":\"https:\/\/www.fiorentini-iberia.com\/pt\/especialistas\/biometano\/instalacao-de-valorizacao-do-biogas-e-injecao-de-biometano-na-rede\/#primaryimage\"},\"thumbnailUrl\":\"https:\/\/www.fiorentini-iberia.com\/wp-content\/uploads\/2024\/02\/Fiorentini_celladati_aerial-PT-2-1024x577.jpg\",\"datePublished\":\"2024-01-30T14:45:28+00:00\",\"dateModified\":\"2024-02-14T14:24:22+00:00\",\"description\":\"Em 2022, foi projectada, constru\u00edda e instalada a central de valoriza\u00e7\u00e3o e inje\u00e7\u00e3o em Cella Dati (Cremona) para o Grupo EGEA e a Santini Agricoltura Rinnovabile.\",\"breadcrumb\":{\"@id\":\"https:\/\/www.fiorentini-iberia.com\/pt\/especialistas\/biometano\/instalacao-de-valorizacao-do-biogas-e-injecao-de-biometano-na-rede\/#breadcrumb\"},\"inLanguage\":\"pt-PTD\",\"potentialAction\":[{\"@type\":\"ReadAction\",\"target\":[\"https:\/\/www.fiorentini-iberia.com\/pt\/especialistas\/biometano\/instalacao-de-valorizacao-do-biogas-e-injecao-de-biometano-na-rede\/\"]}]},{\"@type\":\"ImageObject\",\"inLanguage\":\"pt-PTD\",\"@id\":\"https:\/\/www.fiorentini-iberia.com\/pt\/especialistas\/biometano\/instalacao-de-valorizacao-do-biogas-e-injecao-de-biometano-na-rede\/#primaryimage\",\"url\":\"https:\/\/www.fiorentini-iberia.com\/wp-content\/uploads\/2024\/02\/Fiorentini_celladati_aerial-PT-2-1024x577.jpg\",\"contentUrl\":\"https:\/\/www.fiorentini-iberia.com\/wp-content\/uploads\/2024\/02\/Fiorentini_celladati_aerial-PT-2-1024x577.jpg\"},{\"@type\":\"BreadcrumbList\",\"@id\":\"https:\/\/www.fiorentini-iberia.com\/pt\/especialistas\/biometano\/instalacao-de-valorizacao-do-biogas-e-injecao-de-biometano-na-rede\/#breadcrumb\",\"itemListElement\":[{\"@type\":\"ListItem\",\"position\":1,\"name\":\"Home\",\"item\":\"https:\/\/www.fiorentini-iberia.com\/pt\/\"},{\"@type\":\"ListItem\",\"position\":2,\"name\":\"Especialistas\",\"item\":\"https:\/\/www.fiorentini-iberia.com\/pt\/especialistas\/\"},{\"@type\":\"ListItem\",\"position\":3,\"name\":\"Biometano\",\"item\":\"https:\/\/www.fiorentini-iberia.com\/pt\/especialistas\/biometano\/\"},{\"@type\":\"ListItem\",\"position\":4,\"name\":\"Instala\u00e7\u00e3o de valoriza\u00e7\u00e3o do biog\u00e1s e inje\u00e7\u00e3o de biometano na rede\"}]},{\"@type\":\"WebSite\",\"@id\":\"https:\/\/www.fiorentini-iberia.com\/pt\/#website\",\"url\":\"https:\/\/www.fiorentini-iberia.com\/pt\/\",\"name\":\"Pietro Fiorentini Iberia\",\"description\":\"Pietro Fiorentini dise\u00f1a y fabrica componentes, sistemas y servicios para la regulaci\u00f3n, medici\u00f3n, gesti\u00f3n de redes de agua, energ\u00edas renovables, petr\u00f3leo y el gas natural, con sistemas adaptados 100% al hidr\u00f3geno.\",\"publisher\":{\"@id\":\"https:\/\/www.fiorentini-iberia.com\/pt\/#organization\"},\"potentialAction\":[{\"@type\":\"SearchAction\",\"target\":{\"@type\":\"EntryPoint\",\"urlTemplate\":\"https:\/\/www.fiorentini-iberia.com\/pt\/?s={search_term_string}\"},\"query-input\":{\"@type\":\"PropertyValueSpecification\",\"valueRequired\":true,\"valueName\":\"search_term_string\"}}],\"inLanguage\":\"pt-PTD\"},{\"@type\":\"Organization\",\"@id\":\"https:\/\/www.fiorentini-iberia.com\/pt\/#organization\",\"name\":\"Pietro Fiorentini Iberia\",\"url\":\"https:\/\/www.fiorentini-iberia.com\/pt\/\",\"logo\":{\"@type\":\"ImageObject\",\"inLanguage\":\"pt-PTD\",\"@id\":\"https:\/\/www.fiorentini-iberia.com\/pt\/#\/schema\/logo\/image\/\",\"url\":\"https:\/\/www.fiorentini-iberia.com\/wp-content\/uploads\/2020\/11\/logo.svg\",\"contentUrl\":\"https:\/\/www.fiorentini-iberia.com\/wp-content\/uploads\/2020\/11\/logo.svg\",\"width\":227,\"height\":59,\"caption\":\"Pietro Fiorentini Iberia\"},\"image\":{\"@id\":\"https:\/\/www.fiorentini-iberia.com\/pt\/#\/schema\/logo\/image\/\"},\"sameAs\":[\"https:\/\/x.com\/FiorentiniSpa\",\"https:\/\/www.linkedin.com\/company\/pietro-fiorentini-iberia\/\"]}]}<\/script>\n<!-- \/ Yoast SEO plugin. -->","yoast_head_json":{"title":"Instala\u00e7\u00e3o de valoriza\u00e7\u00e3o do biog\u00e1s e inje\u00e7\u00e3o de biometano na rede - Pietro Fiorentini","description":"Em 2022, foi projectada, constru\u00edda e instalada a central de valoriza\u00e7\u00e3o e inje\u00e7\u00e3o em Cella Dati (Cremona) para o Grupo EGEA e a Santini Agricoltura Rinnovabile.","robots":{"index":"index","follow":"follow","max-snippet":"max-snippet:-1","max-image-preview":"max-image-preview:large","max-video-preview":"max-video-preview:-1"},"canonical":"https:\/\/www.fiorentini-iberia.com\/pt\/especialistas\/biometano\/instalacao-de-valorizacao-do-biogas-e-injecao-de-biometano-na-rede\/","og_locale":"pt_PT","og_type":"article","og_title":"Instala\u00e7\u00e3o de valoriza\u00e7\u00e3o do biog\u00e1s e inje\u00e7\u00e3o de biometano na rede - Pietro Fiorentini","og_description":"Em 2022, foi projectada, constru\u00edda e instalada a central de valoriza\u00e7\u00e3o e inje\u00e7\u00e3o em Cella Dati (Cremona) para o Grupo EGEA e a Santini Agricoltura Rinnovabile.","og_url":"https:\/\/www.fiorentini-iberia.com\/pt\/especialistas\/biometano\/instalacao-de-valorizacao-do-biogas-e-injecao-de-biometano-na-rede\/","og_site_name":"Pietro Fiorentini","article_modified_time":"2024-02-14T14:24:22+00:00","og_image":[{"url":"https:\/\/www.fiorentini-iberia.com\/wp-content\/uploads\/2024\/02\/Fiorentini_celladati_aerial-PT-2-1024x577.jpg","type":"","width":"","height":""}],"twitter_card":"summary_large_image","twitter_site":"@FiorentiniSpa","twitter_misc":{"Est. reading time":"3 minutes"},"schema":{"@context":"https:\/\/schema.org","@graph":[{"@type":"WebPage","@id":"https:\/\/www.fiorentini-iberia.com\/pt\/especialistas\/biometano\/instalacao-de-valorizacao-do-biogas-e-injecao-de-biometano-na-rede\/","url":"https:\/\/www.fiorentini-iberia.com\/pt\/especialistas\/biometano\/instalacao-de-valorizacao-do-biogas-e-injecao-de-biometano-na-rede\/","name":"Instala\u00e7\u00e3o de valoriza\u00e7\u00e3o do biog\u00e1s e inje\u00e7\u00e3o de biometano na rede - Pietro Fiorentini","isPartOf":{"@id":"https:\/\/www.fiorentini-iberia.com\/pt\/#website"},"primaryImageOfPage":{"@id":"https:\/\/www.fiorentini-iberia.com\/pt\/especialistas\/biometano\/instalacao-de-valorizacao-do-biogas-e-injecao-de-biometano-na-rede\/#primaryimage"},"image":{"@id":"https:\/\/www.fiorentini-iberia.com\/pt\/especialistas\/biometano\/instalacao-de-valorizacao-do-biogas-e-injecao-de-biometano-na-rede\/#primaryimage"},"thumbnailUrl":"https:\/\/www.fiorentini-iberia.com\/wp-content\/uploads\/2024\/02\/Fiorentini_celladati_aerial-PT-2-1024x577.jpg","datePublished":"2024-01-30T14:45:28+00:00","dateModified":"2024-02-14T14:24:22+00:00","description":"Em 2022, foi projectada, constru\u00edda e instalada a central de valoriza\u00e7\u00e3o e inje\u00e7\u00e3o em Cella Dati (Cremona) para o Grupo EGEA e a Santini Agricoltura Rinnovabile.","breadcrumb":{"@id":"https:\/\/www.fiorentini-iberia.com\/pt\/especialistas\/biometano\/instalacao-de-valorizacao-do-biogas-e-injecao-de-biometano-na-rede\/#breadcrumb"},"inLanguage":"pt-PTD","potentialAction":[{"@type":"ReadAction","target":["https:\/\/www.fiorentini-iberia.com\/pt\/especialistas\/biometano\/instalacao-de-valorizacao-do-biogas-e-injecao-de-biometano-na-rede\/"]}]},{"@type":"ImageObject","inLanguage":"pt-PTD","@id":"https:\/\/www.fiorentini-iberia.com\/pt\/especialistas\/biometano\/instalacao-de-valorizacao-do-biogas-e-injecao-de-biometano-na-rede\/#primaryimage","url":"https:\/\/www.fiorentini-iberia.com\/wp-content\/uploads\/2024\/02\/Fiorentini_celladati_aerial-PT-2-1024x577.jpg","contentUrl":"https:\/\/www.fiorentini-iberia.com\/wp-content\/uploads\/2024\/02\/Fiorentini_celladati_aerial-PT-2-1024x577.jpg"},{"@type":"BreadcrumbList","@id":"https:\/\/www.fiorentini-iberia.com\/pt\/especialistas\/biometano\/instalacao-de-valorizacao-do-biogas-e-injecao-de-biometano-na-rede\/#breadcrumb","itemListElement":[{"@type":"ListItem","position":1,"name":"Home","item":"https:\/\/www.fiorentini-iberia.com\/pt\/"},{"@type":"ListItem","position":2,"name":"Especialistas","item":"https:\/\/www.fiorentini-iberia.com\/pt\/especialistas\/"},{"@type":"ListItem","position":3,"name":"Biometano","item":"https:\/\/www.fiorentini-iberia.com\/pt\/especialistas\/biometano\/"},{"@type":"ListItem","position":4,"name":"Instala\u00e7\u00e3o de valoriza\u00e7\u00e3o do biog\u00e1s e inje\u00e7\u00e3o de biometano na rede"}]},{"@type":"WebSite","@id":"https:\/\/www.fiorentini-iberia.com\/pt\/#website","url":"https:\/\/www.fiorentini-iberia.com\/pt\/","name":"Pietro Fiorentini Iberia","description":"Pietro Fiorentini dise\u00f1a y fabrica componentes, sistemas y servicios para la regulaci\u00f3n, medici\u00f3n, gesti\u00f3n de redes de agua, energ\u00edas renovables, petr\u00f3leo y el gas natural, con sistemas adaptados 100% al hidr\u00f3geno.","publisher":{"@id":"https:\/\/www.fiorentini-iberia.com\/pt\/#organization"},"potentialAction":[{"@type":"SearchAction","target":{"@type":"EntryPoint","urlTemplate":"https:\/\/www.fiorentini-iberia.com\/pt\/?s={search_term_string}"},"query-input":{"@type":"PropertyValueSpecification","valueRequired":true,"valueName":"search_term_string"}}],"inLanguage":"pt-PTD"},{"@type":"Organization","@id":"https:\/\/www.fiorentini-iberia.com\/pt\/#organization","name":"Pietro Fiorentini Iberia","url":"https:\/\/www.fiorentini-iberia.com\/pt\/","logo":{"@type":"ImageObject","inLanguage":"pt-PTD","@id":"https:\/\/www.fiorentini-iberia.com\/pt\/#\/schema\/logo\/image\/","url":"https:\/\/www.fiorentini-iberia.com\/wp-content\/uploads\/2020\/11\/logo.svg","contentUrl":"https:\/\/www.fiorentini-iberia.com\/wp-content\/uploads\/2020\/11\/logo.svg","width":227,"height":59,"caption":"Pietro Fiorentini Iberia"},"image":{"@id":"https:\/\/www.fiorentini-iberia.com\/pt\/#\/schema\/logo\/image\/"},"sameAs":["https:\/\/x.com\/FiorentiniSpa","https:\/\/www.linkedin.com\/company\/pietro-fiorentini-iberia\/"]}]}},"_links":{"self":[{"href":"https:\/\/www.fiorentini-iberia.com\/pt\/wp-json\/wp\/v2\/pages\/48587","targetHints":{"allow":["GET"]}}],"collection":[{"href":"https:\/\/www.fiorentini-iberia.com\/pt\/wp-json\/wp\/v2\/pages"}],"about":[{"href":"https:\/\/www.fiorentini-iberia.com\/pt\/wp-json\/wp\/v2\/types\/page"}],"author":[{"embeddable":true,"href":"https:\/\/www.fiorentini-iberia.com\/pt\/wp-json\/wp\/v2\/users\/15"}],"replies":[{"embeddable":true,"href":"https:\/\/www.fiorentini-iberia.com\/pt\/wp-json\/wp\/v2\/comments?post=48587"}],"version-history":[{"count":3,"href":"https:\/\/www.fiorentini-iberia.com\/pt\/wp-json\/wp\/v2\/pages\/48587\/revisions"}],"predecessor-version":[{"id":48723,"href":"https:\/\/www.fiorentini-iberia.com\/pt\/wp-json\/wp\/v2\/pages\/48587\/revisions\/48723"}],"up":[{"embeddable":true,"href":"https:\/\/www.fiorentini-iberia.com\/pt\/wp-json\/wp\/v2\/pages\/48238"}],"wp:attachment":[{"href":"https:\/\/www.fiorentini-iberia.com\/pt\/wp-json\/wp\/v2\/media?parent=48587"}],"curies":[{"name":"wp","href":"https:\/\/api.w.org\/{rel}","templated":true}]}}