{"id":48847,"date":"2024-02-20T12:58:28","date_gmt":"2024-02-20T11:58:28","guid":{"rendered":"https:\/\/www.fiorentini-iberia.com\/especialistas\/biometano\/biogas-vs-biomethane\/"},"modified":"2024-02-20T14:30:29","modified_gmt":"2024-02-20T13:30:29","slug":"biogas-vs-biometano","status":"publish","type":"page","link":"https:\/\/www.fiorentini-iberia.com\/pt\/especialistas\/biometano\/biogas-vs-biometano\/","title":{"rendered":"BIOG\u00c1S VS BIOMETANO"},"content":{"rendered":"\n<p class=\"has-text-color has-link-color has-medium-font-size wp-elements-65a80d283931250e4e39423b61d36a0f\" style=\"color:#199782\"><strong>DO BIOG\u00c1S AO BIOMETANO<\/strong><br>\u00a0<\/p>\n\n\n\n<figure class=\"wp-block-image size-full\"><img loading=\"lazy\" decoding=\"async\" width=\"1024\" height=\"575\" src=\"https:\/\/www.fiorentini-iberia.com\/wp-content\/uploads\/2024\/02\/RENEWABLES_biogas-1-1024x575-1.jpg\" alt=\"From biogas to biomethane\" class=\"wp-image-48819\" srcset=\"https:\/\/www.fiorentini-iberia.com\/wp-content\/uploads\/2024\/02\/RENEWABLES_biogas-1-1024x575-1.jpg 1024w, https:\/\/www.fiorentini-iberia.com\/wp-content\/uploads\/2024\/02\/RENEWABLES_biogas-1-1024x575-1-300x168.jpg 300w, https:\/\/www.fiorentini-iberia.com\/wp-content\/uploads\/2024\/02\/RENEWABLES_biogas-1-1024x575-1-768x431.jpg 768w\" sizes=\"auto, (max-width: 1024px) 100vw, 1024px\" \/><\/figure>\n\n\n\n<p>O <strong>biog\u00e1s<\/strong> \u00e9 constitu\u00eddo maioritariamente por <strong>metano<\/strong> (entre 50-70%) e \u00e9 produzido pela digest\u00e3o de res\u00edduos org\u00e2nicos provenientes de biomassa agr\u00edcola (culturas dedicadas, subprodutos, res\u00edduos agr\u00edcolas e estrume animal), biomassa agroindustrial (res\u00edduos da cadeia de transforma\u00e7\u00e3o alimentar), res\u00edduos de transforma\u00e7\u00e3o industrial, lamas de \u00e1guas residuais municipais e frac\u00e7\u00f5es org\u00e2nicas de res\u00edduos s\u00f3lidos urbanos (OFMSW).<\/p>\n\n\n\n<p>O <strong>biometano<\/strong> \u00e9 um biog\u00e1s que foi submetido a um processo de refina\u00e7\u00e3o para obter uma concentra\u00e7\u00e3o de metano igual ou superior a 97%, que pode ser utilizado da mesma forma que o g\u00e1s natural, sendo injetado na rede, ou como biocombust\u00edvel sob a forma gasosa ou liquefeita para transporte.<\/p>\n\n\n\n<ol class=\"wp-block-list\">\n<li><strong><a href=\"#HOW\">Como produzir biometano<\/a><\/strong><\/li>\n\n\n\n<li><strong><a href=\"#WHAT\">O que acontece ap\u00f3s a valoriza\u00e7\u00e3o do biog\u00e1s<\/a><\/strong><\/li>\n<\/ol>\n\n\n\n<h2 class=\"wp-block-heading has-text-color has-link-color has-medium-font-size wp-elements-7cf14ca44d92188c9299b23e5dfd5f73\" id=\"HOW\" style=\"color:#199782\">\u00a0<br>\u00a0<br>COMO PRODUZIR BIOMETANO<\/h2>\n\n\n\n<p>A <strong>convers\u00e3o do biog\u00e1s em biometano<\/strong> ocorre atrav\u00e9s de um processo de <strong>melhoramento<\/strong>, que remove o di\u00f3xido de carbono atrav\u00e9s de um processo de separa\u00e7\u00e3o molecular em v\u00e1rias etapas. As v\u00e1rias fases do processo (pr\u00e9-tratamento, desidrata\u00e7\u00e3o, compress\u00e3o, etc.) s\u00e3o optimizadas em fun\u00e7\u00e3o da tecnologia de valoriza\u00e7\u00e3o escolhida e da composi\u00e7\u00e3o do biog\u00e1s a tratar.<\/p>\n\n\n\n<p>Para al\u00e9m do di\u00f3xido de carbono, s\u00e3o tamb\u00e9m removidos outros gases, como o sulfureto de hidrog\u00e9nio, o amon\u00edaco, os siloxanos, os compostos org\u00e2nicos vol\u00e1teis (COV), os contaminantes e outras subst\u00e2ncias inertes presentes no biog\u00e1s. A remo\u00e7\u00e3o destas subst\u00e2ncias \u00e9 essencial porque, se permanecerem presentes, podem dar origem a diferentes problemas: podem acabar por ser libertadas para a atmosfera, ou podem permanecer no biometano e alterar as suas especifica\u00e7\u00f5es de qualidade, bem como afetar o bom funcionamento da pr\u00f3pria instala\u00e7\u00e3o. Al\u00e9m disso, a presen\u00e7a de COVs tem efeitos negativos sobre a odorabilidade do biometano.<\/p>\n\n\n\n<figure class=\"wp-block-embed is-type-video is-provider-youtube wp-block-embed-youtube wp-embed-aspect-16-9 wp-has-aspect-ratio\"><div class=\"wp-block-embed__wrapper\">\n<iframe loading=\"lazy\" title=\"From Biogas to Gas Grid\" width=\"500\" height=\"281\" src=\"https:\/\/www.youtube.com\/embed\/jj2-LFS3ZJ0?feature=oembed\" frameborder=\"0\" allow=\"accelerometer; autoplay; clipboard-write; encrypted-media; gyroscope; picture-in-picture; web-share\" referrerpolicy=\"strict-origin-when-cross-origin\" allowfullscreen><\/iframe>\n<\/div><\/figure>\n\n\n\n<p>&nbsp;<\/p>\n\n\n\n<h2 class=\"wp-block-heading has-text-color has-link-color has-medium-font-size wp-elements-3c4e63ee508cacc00c56949233440c7e\" id=\"WHAT\" style=\"color:#199782\">O QUE ACONTECE AP\u00d3S A VALORIZA\u00c7\u00c3O DO BIOG\u00c1S<\/h2>\n\n\n\n<p>O biometano obtido ap\u00f3s a fase de valoriza\u00e7\u00e3o \u00e9 suscet\u00edvel de ser submetido \u00e0s diferentes etapas de <strong>controlo da qualidade, de dosagem, de compress\u00e3o, de regula\u00e7\u00e3o e de eventual odoriza\u00e7\u00e3o<\/strong>. Estas etapas devem necessariamente ser conclu\u00eddas antes de uma das poss\u00edveis etapas seguintes:<\/p>\n\n\n\n<ul class=\"wp-block-list\">\n<li>Fase de inje\u00e7\u00e3o da rede &#8211; pode ser a rede de transporte ou de distribui\u00e7\u00e3o &#8211; a ser executada em conformidade com as especifica\u00e7\u00f5es estabelecidas pela legisla\u00e7\u00e3o aplic\u00e1vel. Esta fase requer solu\u00e7\u00f5es dedicadas.<\/li>\n\n\n\n<li>Produ\u00e7\u00e3o de biometano liquefeito (GNL), que requer solu\u00e7\u00f5es dedicadas de an\u00e1lise de qualidade e de medi\u00e7\u00e3o fiscal.<\/li>\n<\/ul>\n\n\n\n<p>&nbsp;<\/p>\n\n\n\n<figure class=\"wp-block-image size-full\"><img loading=\"lazy\" decoding=\"async\" width=\"1024\" height=\"576\" src=\"https:\/\/www.fiorentini-iberia.com\/wp-content\/uploads\/2024\/02\/Expertise_Biometano_Map-EXPPAG-1-1024x576-PT.jpg\" alt=\"\" class=\"wp-image-48849\" srcset=\"https:\/\/www.fiorentini-iberia.com\/wp-content\/uploads\/2024\/02\/Expertise_Biometano_Map-EXPPAG-1-1024x576-PT.jpg 1024w, https:\/\/www.fiorentini-iberia.com\/wp-content\/uploads\/2024\/02\/Expertise_Biometano_Map-EXPPAG-1-1024x576-PT-300x169.jpg 300w, https:\/\/www.fiorentini-iberia.com\/wp-content\/uploads\/2024\/02\/Expertise_Biometano_Map-EXPPAG-1-1024x576-PT-768x432.jpg 768w\" sizes=\"auto, (max-width: 1024px) 100vw, 1024px\" \/><\/figure>\n","protected":false},"excerpt":{"rendered":"<p>Biogas and biomethane are different substances: biogas is a compound with a methane content of between 50 and 70 per cent, while biomethane is a biogas that has undergone a refining process to reach percentages of 97 per cent or more methane, ready to be injected into the transport and distribution grids.<\/p>\n","protected":false},"author":15,"featured_media":0,"parent":48238,"menu_order":0,"comment_status":"closed","ping_status":"closed","template":"template-expertise-post.php","meta":{"_acf_changed":false,"inline_featured_image":false,"footnotes":""},"class_list":["post-48847","page","type-page","status-publish","hentry"],"acf":[],"yoast_head":"<!-- This site is optimized with the Yoast SEO plugin v27.2 - https:\/\/yoast.com\/product\/yoast-seo-wordpress\/ -->\n<title>BIOG\u00c1S VS BIOMETANO - Pietro Fiorentini<\/title>\n<meta name=\"description\" content=\"The\u00a0conversion\u00a0occurs through a process of\u00a0upgrading, which removes carbon dioxide through a multi-step molecular separation process.\" \/>\n<meta name=\"robots\" content=\"index, follow, max-snippet:-1, max-image-preview:large, max-video-preview:-1\" \/>\n<link rel=\"canonical\" href=\"https:\/\/www.fiorentini-iberia.com\/pt\/especialistas\/biometano\/biogas-vs-biometano\/\" \/>\n<meta property=\"og:locale\" content=\"pt_PT\" \/>\n<meta property=\"og:type\" content=\"article\" \/>\n<meta property=\"og:title\" content=\"BIOG\u00c1S VS BIOMETANO - Pietro Fiorentini\" \/>\n<meta property=\"og:description\" content=\"The\u00a0conversion\u00a0occurs through a process of\u00a0upgrading, which removes carbon dioxide through a multi-step molecular separation process.\" \/>\n<meta property=\"og:url\" content=\"https:\/\/www.fiorentini-iberia.com\/pt\/especialistas\/biometano\/biogas-vs-biometano\/\" \/>\n<meta property=\"og:site_name\" content=\"Pietro Fiorentini\" \/>\n<meta property=\"article:modified_time\" content=\"2024-02-20T13:30:29+00:00\" \/>\n<meta property=\"og:image\" content=\"https:\/\/www.fiorentini-iberia.com\/wp-content\/uploads\/2024\/02\/RENEWABLES_biogas-1-1024x575-1.jpg\" \/>\n<meta name=\"twitter:card\" content=\"summary_large_image\" \/>\n<meta name=\"twitter:site\" content=\"@FiorentiniSpa\" \/>\n<meta name=\"twitter:label1\" content=\"Est. reading time\" \/>\n\t<meta name=\"twitter:data1\" content=\"3 minutes\" \/>\n<script type=\"application\/ld+json\" class=\"yoast-schema-graph\">{\"@context\":\"https:\/\/schema.org\",\"@graph\":[{\"@type\":\"WebPage\",\"@id\":\"https:\/\/www.fiorentini-iberia.com\/pt\/especialistas\/biometano\/biogas-vs-biometano\/\",\"url\":\"https:\/\/www.fiorentini-iberia.com\/pt\/especialistas\/biometano\/biogas-vs-biometano\/\",\"name\":\"BIOG\u00c1S VS BIOMETANO - Pietro Fiorentini\",\"isPartOf\":{\"@id\":\"https:\/\/www.fiorentini-iberia.com\/pt\/#website\"},\"primaryImageOfPage\":{\"@id\":\"https:\/\/www.fiorentini-iberia.com\/pt\/especialistas\/biometano\/biogas-vs-biometano\/#primaryimage\"},\"image\":{\"@id\":\"https:\/\/www.fiorentini-iberia.com\/pt\/especialistas\/biometano\/biogas-vs-biometano\/#primaryimage\"},\"thumbnailUrl\":\"https:\/\/www.fiorentini-iberia.com\/wp-content\/uploads\/2024\/02\/RENEWABLES_biogas-1-1024x575-1.jpg\",\"datePublished\":\"2024-02-20T11:58:28+00:00\",\"dateModified\":\"2024-02-20T13:30:29+00:00\",\"description\":\"The\u00a0conversion\u00a0occurs through a process of\u00a0upgrading, which removes carbon dioxide through a multi-step molecular separation process.\",\"breadcrumb\":{\"@id\":\"https:\/\/www.fiorentini-iberia.com\/pt\/especialistas\/biometano\/biogas-vs-biometano\/#breadcrumb\"},\"inLanguage\":\"pt-PTD\",\"potentialAction\":[{\"@type\":\"ReadAction\",\"target\":[\"https:\/\/www.fiorentini-iberia.com\/pt\/especialistas\/biometano\/biogas-vs-biometano\/\"]}]},{\"@type\":\"ImageObject\",\"inLanguage\":\"pt-PTD\",\"@id\":\"https:\/\/www.fiorentini-iberia.com\/pt\/especialistas\/biometano\/biogas-vs-biometano\/#primaryimage\",\"url\":\"https:\/\/www.fiorentini-iberia.com\/wp-content\/uploads\/2024\/02\/RENEWABLES_biogas-1-1024x575-1.jpg\",\"contentUrl\":\"https:\/\/www.fiorentini-iberia.com\/wp-content\/uploads\/2024\/02\/RENEWABLES_biogas-1-1024x575-1.jpg\"},{\"@type\":\"BreadcrumbList\",\"@id\":\"https:\/\/www.fiorentini-iberia.com\/pt\/especialistas\/biometano\/biogas-vs-biometano\/#breadcrumb\",\"itemListElement\":[{\"@type\":\"ListItem\",\"position\":1,\"name\":\"Home\",\"item\":\"https:\/\/www.fiorentini-iberia.com\/pt\/\"},{\"@type\":\"ListItem\",\"position\":2,\"name\":\"Especialistas\",\"item\":\"https:\/\/www.fiorentini-iberia.com\/pt\/especialistas\/\"},{\"@type\":\"ListItem\",\"position\":3,\"name\":\"Biometano\",\"item\":\"https:\/\/www.fiorentini-iberia.com\/pt\/especialistas\/biometano\/\"},{\"@type\":\"ListItem\",\"position\":4,\"name\":\"BIOG\u00c1S VS BIOMETANO\"}]},{\"@type\":\"WebSite\",\"@id\":\"https:\/\/www.fiorentini-iberia.com\/pt\/#website\",\"url\":\"https:\/\/www.fiorentini-iberia.com\/pt\/\",\"name\":\"Pietro Fiorentini Iberia\",\"description\":\"Pietro Fiorentini dise\u00f1a y fabrica componentes, sistemas y servicios para la regulaci\u00f3n, medici\u00f3n, gesti\u00f3n de redes de agua, energ\u00edas renovables, petr\u00f3leo y el gas natural, con sistemas adaptados 100% al hidr\u00f3geno.\",\"publisher\":{\"@id\":\"https:\/\/www.fiorentini-iberia.com\/pt\/#organization\"},\"potentialAction\":[{\"@type\":\"SearchAction\",\"target\":{\"@type\":\"EntryPoint\",\"urlTemplate\":\"https:\/\/www.fiorentini-iberia.com\/pt\/?s={search_term_string}\"},\"query-input\":{\"@type\":\"PropertyValueSpecification\",\"valueRequired\":true,\"valueName\":\"search_term_string\"}}],\"inLanguage\":\"pt-PTD\"},{\"@type\":\"Organization\",\"@id\":\"https:\/\/www.fiorentini-iberia.com\/pt\/#organization\",\"name\":\"Pietro Fiorentini Iberia\",\"url\":\"https:\/\/www.fiorentini-iberia.com\/pt\/\",\"logo\":{\"@type\":\"ImageObject\",\"inLanguage\":\"pt-PTD\",\"@id\":\"https:\/\/www.fiorentini-iberia.com\/pt\/#\/schema\/logo\/image\/\",\"url\":\"https:\/\/www.fiorentini-iberia.com\/wp-content\/uploads\/2020\/11\/logo.svg\",\"contentUrl\":\"https:\/\/www.fiorentini-iberia.com\/wp-content\/uploads\/2020\/11\/logo.svg\",\"width\":227,\"height\":59,\"caption\":\"Pietro Fiorentini Iberia\"},\"image\":{\"@id\":\"https:\/\/www.fiorentini-iberia.com\/pt\/#\/schema\/logo\/image\/\"},\"sameAs\":[\"https:\/\/x.com\/FiorentiniSpa\",\"https:\/\/www.linkedin.com\/company\/pietro-fiorentini-iberia\/\"]}]}<\/script>\n<!-- \/ Yoast SEO plugin. -->","yoast_head_json":{"title":"BIOG\u00c1S VS BIOMETANO - Pietro Fiorentini","description":"The\u00a0conversion\u00a0occurs through a process of\u00a0upgrading, which removes carbon dioxide through a multi-step molecular separation process.","robots":{"index":"index","follow":"follow","max-snippet":"max-snippet:-1","max-image-preview":"max-image-preview:large","max-video-preview":"max-video-preview:-1"},"canonical":"https:\/\/www.fiorentini-iberia.com\/pt\/especialistas\/biometano\/biogas-vs-biometano\/","og_locale":"pt_PT","og_type":"article","og_title":"BIOG\u00c1S VS BIOMETANO - Pietro Fiorentini","og_description":"The\u00a0conversion\u00a0occurs through a process of\u00a0upgrading, which removes carbon dioxide through a multi-step molecular separation process.","og_url":"https:\/\/www.fiorentini-iberia.com\/pt\/especialistas\/biometano\/biogas-vs-biometano\/","og_site_name":"Pietro Fiorentini","article_modified_time":"2024-02-20T13:30:29+00:00","og_image":[{"url":"https:\/\/www.fiorentini-iberia.com\/wp-content\/uploads\/2024\/02\/RENEWABLES_biogas-1-1024x575-1.jpg","type":"","width":"","height":""}],"twitter_card":"summary_large_image","twitter_site":"@FiorentiniSpa","twitter_misc":{"Est. reading time":"3 minutes"},"schema":{"@context":"https:\/\/schema.org","@graph":[{"@type":"WebPage","@id":"https:\/\/www.fiorentini-iberia.com\/pt\/especialistas\/biometano\/biogas-vs-biometano\/","url":"https:\/\/www.fiorentini-iberia.com\/pt\/especialistas\/biometano\/biogas-vs-biometano\/","name":"BIOG\u00c1S VS BIOMETANO - Pietro Fiorentini","isPartOf":{"@id":"https:\/\/www.fiorentini-iberia.com\/pt\/#website"},"primaryImageOfPage":{"@id":"https:\/\/www.fiorentini-iberia.com\/pt\/especialistas\/biometano\/biogas-vs-biometano\/#primaryimage"},"image":{"@id":"https:\/\/www.fiorentini-iberia.com\/pt\/especialistas\/biometano\/biogas-vs-biometano\/#primaryimage"},"thumbnailUrl":"https:\/\/www.fiorentini-iberia.com\/wp-content\/uploads\/2024\/02\/RENEWABLES_biogas-1-1024x575-1.jpg","datePublished":"2024-02-20T11:58:28+00:00","dateModified":"2024-02-20T13:30:29+00:00","description":"The\u00a0conversion\u00a0occurs through a process of\u00a0upgrading, which removes carbon dioxide through a multi-step molecular separation process.","breadcrumb":{"@id":"https:\/\/www.fiorentini-iberia.com\/pt\/especialistas\/biometano\/biogas-vs-biometano\/#breadcrumb"},"inLanguage":"pt-PTD","potentialAction":[{"@type":"ReadAction","target":["https:\/\/www.fiorentini-iberia.com\/pt\/especialistas\/biometano\/biogas-vs-biometano\/"]}]},{"@type":"ImageObject","inLanguage":"pt-PTD","@id":"https:\/\/www.fiorentini-iberia.com\/pt\/especialistas\/biometano\/biogas-vs-biometano\/#primaryimage","url":"https:\/\/www.fiorentini-iberia.com\/wp-content\/uploads\/2024\/02\/RENEWABLES_biogas-1-1024x575-1.jpg","contentUrl":"https:\/\/www.fiorentini-iberia.com\/wp-content\/uploads\/2024\/02\/RENEWABLES_biogas-1-1024x575-1.jpg"},{"@type":"BreadcrumbList","@id":"https:\/\/www.fiorentini-iberia.com\/pt\/especialistas\/biometano\/biogas-vs-biometano\/#breadcrumb","itemListElement":[{"@type":"ListItem","position":1,"name":"Home","item":"https:\/\/www.fiorentini-iberia.com\/pt\/"},{"@type":"ListItem","position":2,"name":"Especialistas","item":"https:\/\/www.fiorentini-iberia.com\/pt\/especialistas\/"},{"@type":"ListItem","position":3,"name":"Biometano","item":"https:\/\/www.fiorentini-iberia.com\/pt\/especialistas\/biometano\/"},{"@type":"ListItem","position":4,"name":"BIOG\u00c1S VS BIOMETANO"}]},{"@type":"WebSite","@id":"https:\/\/www.fiorentini-iberia.com\/pt\/#website","url":"https:\/\/www.fiorentini-iberia.com\/pt\/","name":"Pietro Fiorentini Iberia","description":"Pietro Fiorentini dise\u00f1a y fabrica componentes, sistemas y servicios para la regulaci\u00f3n, medici\u00f3n, gesti\u00f3n de redes de agua, energ\u00edas renovables, petr\u00f3leo y el gas natural, con sistemas adaptados 100% al hidr\u00f3geno.","publisher":{"@id":"https:\/\/www.fiorentini-iberia.com\/pt\/#organization"},"potentialAction":[{"@type":"SearchAction","target":{"@type":"EntryPoint","urlTemplate":"https:\/\/www.fiorentini-iberia.com\/pt\/?s={search_term_string}"},"query-input":{"@type":"PropertyValueSpecification","valueRequired":true,"valueName":"search_term_string"}}],"inLanguage":"pt-PTD"},{"@type":"Organization","@id":"https:\/\/www.fiorentini-iberia.com\/pt\/#organization","name":"Pietro Fiorentini Iberia","url":"https:\/\/www.fiorentini-iberia.com\/pt\/","logo":{"@type":"ImageObject","inLanguage":"pt-PTD","@id":"https:\/\/www.fiorentini-iberia.com\/pt\/#\/schema\/logo\/image\/","url":"https:\/\/www.fiorentini-iberia.com\/wp-content\/uploads\/2020\/11\/logo.svg","contentUrl":"https:\/\/www.fiorentini-iberia.com\/wp-content\/uploads\/2020\/11\/logo.svg","width":227,"height":59,"caption":"Pietro Fiorentini Iberia"},"image":{"@id":"https:\/\/www.fiorentini-iberia.com\/pt\/#\/schema\/logo\/image\/"},"sameAs":["https:\/\/x.com\/FiorentiniSpa","https:\/\/www.linkedin.com\/company\/pietro-fiorentini-iberia\/"]}]}},"_links":{"self":[{"href":"https:\/\/www.fiorentini-iberia.com\/pt\/wp-json\/wp\/v2\/pages\/48847","targetHints":{"allow":["GET"]}}],"collection":[{"href":"https:\/\/www.fiorentini-iberia.com\/pt\/wp-json\/wp\/v2\/pages"}],"about":[{"href":"https:\/\/www.fiorentini-iberia.com\/pt\/wp-json\/wp\/v2\/types\/page"}],"author":[{"embeddable":true,"href":"https:\/\/www.fiorentini-iberia.com\/pt\/wp-json\/wp\/v2\/users\/15"}],"replies":[{"embeddable":true,"href":"https:\/\/www.fiorentini-iberia.com\/pt\/wp-json\/wp\/v2\/comments?post=48847"}],"version-history":[{"count":3,"href":"https:\/\/www.fiorentini-iberia.com\/pt\/wp-json\/wp\/v2\/pages\/48847\/revisions"}],"predecessor-version":[{"id":48862,"href":"https:\/\/www.fiorentini-iberia.com\/pt\/wp-json\/wp\/v2\/pages\/48847\/revisions\/48862"}],"up":[{"embeddable":true,"href":"https:\/\/www.fiorentini-iberia.com\/pt\/wp-json\/wp\/v2\/pages\/48238"}],"wp:attachment":[{"href":"https:\/\/www.fiorentini-iberia.com\/pt\/wp-json\/wp\/v2\/media?parent=48847"}],"curies":[{"name":"wp","href":"https:\/\/api.w.org\/{rel}","templated":true}]}}