{"id":48886,"date":"2024-02-20T14:40:34","date_gmt":"2024-02-20T13:40:34","guid":{"rendered":"https:\/\/www.fiorentini-iberia.com\/especialistas\/biometano\/biomethane-the-advantages-of-this-gas\/"},"modified":"2024-03-14T00:39:53","modified_gmt":"2024-03-13T23:39:53","slug":"biometano-as-vantagens-deste-gas","status":"publish","type":"page","link":"https:\/\/www.fiorentini-iberia.com\/pt\/especialistas\/biometano\/biometano-as-vantagens-deste-gas\/","title":{"rendered":"Biometano: as vantagens deste g\u00e1s"},"content":{"rendered":"\n<p class=\"has-text-color has-link-color has-medium-font-size wp-elements-d9b27303d822ecbacd66af569edf198b\" style=\"color:#199782\"><strong>UM G\u00c1S, MUITAS VANTAGENS PARA AS COMUNIDADES<\/strong><\/p>\n\n\n\n<figure class=\"wp-block-image size-full\"><img loading=\"lazy\" decoding=\"async\" width=\"1024\" height=\"723\" src=\"https:\/\/www.fiorentini-iberia.com\/wp-content\/uploads\/2024\/02\/RENEWABLES_green_world-1-1024x723-1.jpg\" alt=\"RENEWABLES_green_world-1-1024x723\" class=\"wp-image-48864\" srcset=\"https:\/\/www.fiorentini-iberia.com\/wp-content\/uploads\/2024\/02\/RENEWABLES_green_world-1-1024x723-1.jpg 1024w, https:\/\/www.fiorentini-iberia.com\/wp-content\/uploads\/2024\/02\/RENEWABLES_green_world-1-1024x723-1-300x212.jpg 300w, https:\/\/www.fiorentini-iberia.com\/wp-content\/uploads\/2024\/02\/RENEWABLES_green_world-1-1024x723-1-768x542.jpg 768w\" sizes=\"auto, (max-width: 1024px) 100vw, 1024px\" \/><\/figure>\n\n\n\n<p>Como parte de uma via de efici\u00eancia energ\u00e9tica e de emiss\u00f5es zero, o g\u00e1s natural ser\u00e1 cada vez mais complementado pela <strong>produ\u00e7\u00e3o de biog\u00e1s e biometano<\/strong>, que \u00e9 considerado como um dos recursos que mais contribuir\u00e1 para reduzir o atual estado de polui\u00e7\u00e3o atmosf\u00e9rica.<\/p>\n\n\n\n<p>A crescente produ\u00e7\u00e3o e posterior utiliza\u00e7\u00e3o do biometano trar\u00e1 como <strong>vantagens uma acelera\u00e7\u00e3o dos processos rumo \u00e0 neutralidade carb\u00f3nica e \u00e0 economia circular<\/strong>.<\/p>\n\n\n\n<ol class=\"wp-block-list\">\n<li><strong><a href=\"#Sustainability\">Sustentabilidade e economia circular: o que s\u00e3o<\/a><\/strong><\/li>\n\n\n\n<li><strong><a href=\"#why\">Porque \u00e9 que o biometano \u00e9 um g\u00e1s sustent\u00e1vel<\/a><\/strong><br>\u00a0<\/li>\n<\/ol>\n\n\n\n<h3 class=\"wp-block-heading has-text-color has-link-color wp-elements-997f29eb4eca93c2f7208eddb13eaad8\" id=\"Sustainability\" style=\"color:#199782;text-transform:uppercase\">Sustentabilidade e economia circular: o que s\u00e3o<\/h3>\n\n\n\n<p>Sob a \u00e9gide da &#8220;sustentabilidade&#8221;, encontramos diferentes dom\u00ednios em que esta pode ser declinada. Em geral, podemos definir <strong>sustentabilidade<\/strong> como a <strong>condi\u00e7\u00e3o de desenvolvimento que satisfaz as necessidades da gera\u00e7\u00e3o atual sem comprometer a capacidade das gera\u00e7\u00f5es seguintes de satisfazerem as suas pr\u00f3prias necessidades<\/strong>. Existem tr\u00eas grandes \u00e1reas de sustentabilidade que, quando se cruzam, podem permitir a realiza\u00e7\u00e3o de um <strong>desenvolvimento sustent\u00e1vel pleno<\/strong>: a sustentabilidade econ\u00f3mica, a sustentabilidade ambiental e a sustentabilidade social.<\/p>\n\n\n\n<p>A <strong>economia circular<\/strong> est\u00e1 estritamente ligada \u00e0 sustentabilidade: trata-se, de facto, de um modelo de produ\u00e7\u00e3o e consumo em que se privilegia a <strong>partilha, a reutiliza\u00e7\u00e3o, a repara\u00e7\u00e3o, o recondicionamento e a reciclagem de materiais<\/strong>. O que na economia &#8220;tradicional&#8221; \u00e9 considerado lixo, aqui \u00e9 recuperado e reutilizado, reduzindo assim o desperd\u00edcio e valorizando as especificidades e potencialidades do territ\u00f3rio.<\/p>\n\n\n\n<figure class=\"wp-block-image size-full\"><img loading=\"lazy\" decoding=\"async\" width=\"1024\" height=\"790\" src=\"https:\/\/www.fiorentini-iberia.com\/wp-content\/uploads\/2024\/02\/RENEWABLES_cycle-1-1024x790-1.jpg\" alt=\"\" class=\"wp-image-48868\" srcset=\"https:\/\/www.fiorentini-iberia.com\/wp-content\/uploads\/2024\/02\/RENEWABLES_cycle-1-1024x790-1.jpg 1024w, https:\/\/www.fiorentini-iberia.com\/wp-content\/uploads\/2024\/02\/RENEWABLES_cycle-1-1024x790-1-300x231.jpg 300w, https:\/\/www.fiorentini-iberia.com\/wp-content\/uploads\/2024\/02\/RENEWABLES_cycle-1-1024x790-1-768x593.jpg 768w\" sizes=\"auto, (max-width: 1024px) 100vw, 1024px\" \/><\/figure>\n\n\n\n<h3 class=\"wp-block-heading has-text-color has-link-color wp-elements-6d85eb0af0484a1ebf7d03f134d5b5b3\" id=\"why\" style=\"color:#199782;text-transform:uppercase\">\u00a0<br>Porque \u00e9 que o biometano \u00e9 um g\u00e1s sustent\u00e1vel<\/h3>\n\n\n\n<p>O <strong>biometano \u00e9 um g\u00e1s sustent\u00e1vel<\/strong> produzido atrav\u00e9s da digest\u00e3o de biomassa de mat\u00e9ria org\u00e2nica, maioritariamente subprodutos e res\u00edduos de processamento agr\u00edcola ou industrial. A utiliza\u00e7\u00e3o de mat\u00e9rias-primas consideradas res\u00edduos, que quando devidamente processadas d\u00e3o origem ao <strong>biometano<\/strong>, \u00e9 um <strong>exemplo virtuoso de neg\u00f3cio eco-sustent\u00e1vel e circular<\/strong>.<\/p>\n\n\n\n<p>Em v\u00e1rios casos, como quando a mat\u00e9ria-prima utilizada \u00e9 um res\u00edduo agr\u00edcola, o processamento para obten\u00e7\u00e3o do biometano produz tamb\u00e9m um subproduto diferente, denominado <strong>digestato<\/strong>. Esta subst\u00e2ncia \u00e9 co-produzida pela digest\u00e3o anaer\u00f3bia e n\u00e3o depende da biomassa utilizada: por exemplo, a digest\u00e3o de res\u00edduos tamb\u00e9m produz digerido. Este subproduto pode ser utilizado como <strong>fertilizante agr\u00edcola<\/strong>, evitando a utiliza\u00e7\u00e3o de produtos qu\u00edmicos e tendo em vista a completa circularidade do ciclo de transforma\u00e7\u00e3o das mat\u00e9rias-primas.<br>\u00a0<\/p>\n\n\n\n<figure class=\"wp-block-image size-full\"><img loading=\"lazy\" decoding=\"async\" width=\"1024\" height=\"683\" src=\"https:\/\/www.fiorentini-iberia.com\/wp-content\/uploads\/2024\/02\/biomethane-plant-1-1024x683-1.jpg\" alt=\"\" class=\"wp-image-48872\" srcset=\"https:\/\/www.fiorentini-iberia.com\/wp-content\/uploads\/2024\/02\/biomethane-plant-1-1024x683-1.jpg 1024w, https:\/\/www.fiorentini-iberia.com\/wp-content\/uploads\/2024\/02\/biomethane-plant-1-1024x683-1-300x200.jpg 300w, https:\/\/www.fiorentini-iberia.com\/wp-content\/uploads\/2024\/02\/biomethane-plant-1-1024x683-1-768x512.jpg 768w\" sizes=\"auto, (max-width: 1024px) 100vw, 1024px\" \/><\/figure>\n","protected":false},"excerpt":{"rendered":"<p>O biometano \u00e9 um aliado valioso no processo de transi\u00e7\u00e3o energ\u00e9tica: \u00e9 um g\u00e1s sustent\u00e1vel produzido a partir da digest\u00e3o da biomassa, uma mat\u00e9ria-prima considerada um res\u00edduo que inicia um c\u00edrculo virtuoso no qual o subproduto final tamb\u00e9m encontra uma nova utiliza\u00e7\u00e3o.<\/p>\n","protected":false},"author":15,"featured_media":0,"parent":48238,"menu_order":0,"comment_status":"closed","ping_status":"closed","template":"template-expertise-post.php","meta":{"_acf_changed":false,"inline_featured_image":false,"footnotes":""},"class_list":["post-48886","page","type-page","status-publish","hentry"],"acf":[],"yoast_head":"<!-- This site is optimized with the Yoast SEO plugin v27.2 - https:\/\/yoast.com\/product\/yoast-seo-wordpress\/ -->\n<title>Biometano: as vantagens deste g\u00e1s - Pietro Fiorentini<\/title>\n<meta name=\"description\" content=\"O biometano \u00e9 considerado como um dos recursos que mais contribuir\u00e1 para reduzir o atual estado de polui\u00e7\u00e3o atmosf\u00e9rica.\" \/>\n<meta name=\"robots\" content=\"index, follow, max-snippet:-1, max-image-preview:large, max-video-preview:-1\" \/>\n<link rel=\"canonical\" href=\"https:\/\/www.fiorentini-iberia.com\/pt\/especialistas\/biometano\/biometano-as-vantagens-deste-gas\/\" \/>\n<meta property=\"og:locale\" content=\"pt_PT\" \/>\n<meta property=\"og:type\" content=\"article\" \/>\n<meta property=\"og:title\" content=\"Biometano: as vantagens deste g\u00e1s - Pietro Fiorentini\" \/>\n<meta property=\"og:description\" content=\"O biometano \u00e9 considerado como um dos recursos que mais contribuir\u00e1 para reduzir o atual estado de polui\u00e7\u00e3o atmosf\u00e9rica.\" \/>\n<meta property=\"og:url\" content=\"https:\/\/www.fiorentini-iberia.com\/pt\/especialistas\/biometano\/biometano-as-vantagens-deste-gas\/\" \/>\n<meta property=\"og:site_name\" content=\"Pietro Fiorentini\" \/>\n<meta property=\"article:modified_time\" content=\"2024-03-13T23:39:53+00:00\" \/>\n<meta property=\"og:image\" content=\"https:\/\/www.fiorentini-iberia.com\/wp-content\/uploads\/2024\/02\/RENEWABLES_green_world-1-1024x723-1.jpg\" \/>\n<meta name=\"twitter:card\" content=\"summary_large_image\" \/>\n<meta name=\"twitter:site\" content=\"@FiorentiniSpa\" \/>\n<meta name=\"twitter:label1\" content=\"Est. reading time\" \/>\n\t<meta name=\"twitter:data1\" content=\"3 minutes\" \/>\n<script type=\"application\/ld+json\" class=\"yoast-schema-graph\">{\"@context\":\"https:\/\/schema.org\",\"@graph\":[{\"@type\":\"WebPage\",\"@id\":\"https:\/\/www.fiorentini-iberia.com\/pt\/especialistas\/biometano\/biometano-as-vantagens-deste-gas\/\",\"url\":\"https:\/\/www.fiorentini-iberia.com\/pt\/especialistas\/biometano\/biometano-as-vantagens-deste-gas\/\",\"name\":\"Biometano: as vantagens deste g\u00e1s - Pietro Fiorentini\",\"isPartOf\":{\"@id\":\"https:\/\/www.fiorentini-iberia.com\/pt\/#website\"},\"primaryImageOfPage\":{\"@id\":\"https:\/\/www.fiorentini-iberia.com\/pt\/especialistas\/biometano\/biometano-as-vantagens-deste-gas\/#primaryimage\"},\"image\":{\"@id\":\"https:\/\/www.fiorentini-iberia.com\/pt\/especialistas\/biometano\/biometano-as-vantagens-deste-gas\/#primaryimage\"},\"thumbnailUrl\":\"https:\/\/www.fiorentini-iberia.com\/wp-content\/uploads\/2024\/02\/RENEWABLES_green_world-1-1024x723-1.jpg\",\"datePublished\":\"2024-02-20T13:40:34+00:00\",\"dateModified\":\"2024-03-13T23:39:53+00:00\",\"description\":\"O biometano \u00e9 considerado como um dos recursos que mais contribuir\u00e1 para reduzir o atual estado de polui\u00e7\u00e3o atmosf\u00e9rica.\",\"breadcrumb\":{\"@id\":\"https:\/\/www.fiorentini-iberia.com\/pt\/especialistas\/biometano\/biometano-as-vantagens-deste-gas\/#breadcrumb\"},\"inLanguage\":\"pt-PTD\",\"potentialAction\":[{\"@type\":\"ReadAction\",\"target\":[\"https:\/\/www.fiorentini-iberia.com\/pt\/especialistas\/biometano\/biometano-as-vantagens-deste-gas\/\"]}]},{\"@type\":\"ImageObject\",\"inLanguage\":\"pt-PTD\",\"@id\":\"https:\/\/www.fiorentini-iberia.com\/pt\/especialistas\/biometano\/biometano-as-vantagens-deste-gas\/#primaryimage\",\"url\":\"https:\/\/www.fiorentini-iberia.com\/wp-content\/uploads\/2024\/02\/RENEWABLES_green_world-1-1024x723-1.jpg\",\"contentUrl\":\"https:\/\/www.fiorentini-iberia.com\/wp-content\/uploads\/2024\/02\/RENEWABLES_green_world-1-1024x723-1.jpg\"},{\"@type\":\"BreadcrumbList\",\"@id\":\"https:\/\/www.fiorentini-iberia.com\/pt\/especialistas\/biometano\/biometano-as-vantagens-deste-gas\/#breadcrumb\",\"itemListElement\":[{\"@type\":\"ListItem\",\"position\":1,\"name\":\"Home\",\"item\":\"https:\/\/www.fiorentini-iberia.com\/pt\/\"},{\"@type\":\"ListItem\",\"position\":2,\"name\":\"Especialistas\",\"item\":\"https:\/\/fiorentini-iberia.com\/pt\/especialistas\/\"},{\"@type\":\"ListItem\",\"position\":3,\"name\":\"Biometano\",\"item\":\"https:\/\/www.fiorentini-iberia.com\/pt\/especialistas\/biometano\/\"},{\"@type\":\"ListItem\",\"position\":4,\"name\":\"Biometano: as vantagens deste g\u00e1s\"}]},{\"@type\":\"WebSite\",\"@id\":\"https:\/\/www.fiorentini-iberia.com\/pt\/#website\",\"url\":\"https:\/\/www.fiorentini-iberia.com\/pt\/\",\"name\":\"Pietro Fiorentini Iberia\",\"description\":\"Pietro Fiorentini dise\u00f1a y fabrica componentes, sistemas y servicios para la regulaci\u00f3n, medici\u00f3n, gesti\u00f3n de redes de agua, energ\u00edas renovables, petr\u00f3leo y el gas natural, con sistemas adaptados 100% al hidr\u00f3geno.\",\"publisher\":{\"@id\":\"https:\/\/www.fiorentini-iberia.com\/pt\/#organization\"},\"potentialAction\":[{\"@type\":\"SearchAction\",\"target\":{\"@type\":\"EntryPoint\",\"urlTemplate\":\"https:\/\/www.fiorentini-iberia.com\/pt\/?s={search_term_string}\"},\"query-input\":{\"@type\":\"PropertyValueSpecification\",\"valueRequired\":true,\"valueName\":\"search_term_string\"}}],\"inLanguage\":\"pt-PTD\"},{\"@type\":\"Organization\",\"@id\":\"https:\/\/www.fiorentini-iberia.com\/pt\/#organization\",\"name\":\"Pietro Fiorentini Iberia\",\"url\":\"https:\/\/www.fiorentini-iberia.com\/pt\/\",\"logo\":{\"@type\":\"ImageObject\",\"inLanguage\":\"pt-PTD\",\"@id\":\"https:\/\/www.fiorentini-iberia.com\/pt\/#\/schema\/logo\/image\/\",\"url\":\"https:\/\/www.fiorentini-iberia.com\/wp-content\/uploads\/2020\/11\/logo.svg\",\"contentUrl\":\"https:\/\/www.fiorentini-iberia.com\/wp-content\/uploads\/2020\/11\/logo.svg\",\"width\":227,\"height\":59,\"caption\":\"Pietro Fiorentini Iberia\"},\"image\":{\"@id\":\"https:\/\/www.fiorentini-iberia.com\/pt\/#\/schema\/logo\/image\/\"},\"sameAs\":[\"https:\/\/x.com\/FiorentiniSpa\",\"https:\/\/www.linkedin.com\/company\/pietro-fiorentini-iberia\/\"]}]}<\/script>\n<!-- \/ Yoast SEO plugin. -->","yoast_head_json":{"title":"Biometano: as vantagens deste g\u00e1s - Pietro Fiorentini","description":"O biometano \u00e9 considerado como um dos recursos que mais contribuir\u00e1 para reduzir o atual estado de polui\u00e7\u00e3o atmosf\u00e9rica.","robots":{"index":"index","follow":"follow","max-snippet":"max-snippet:-1","max-image-preview":"max-image-preview:large","max-video-preview":"max-video-preview:-1"},"canonical":"https:\/\/www.fiorentini-iberia.com\/pt\/especialistas\/biometano\/biometano-as-vantagens-deste-gas\/","og_locale":"pt_PT","og_type":"article","og_title":"Biometano: as vantagens deste g\u00e1s - Pietro Fiorentini","og_description":"O biometano \u00e9 considerado como um dos recursos que mais contribuir\u00e1 para reduzir o atual estado de polui\u00e7\u00e3o atmosf\u00e9rica.","og_url":"https:\/\/www.fiorentini-iberia.com\/pt\/especialistas\/biometano\/biometano-as-vantagens-deste-gas\/","og_site_name":"Pietro Fiorentini","article_modified_time":"2024-03-13T23:39:53+00:00","og_image":[{"url":"https:\/\/www.fiorentini-iberia.com\/wp-content\/uploads\/2024\/02\/RENEWABLES_green_world-1-1024x723-1.jpg","type":"","width":"","height":""}],"twitter_card":"summary_large_image","twitter_site":"@FiorentiniSpa","twitter_misc":{"Est. reading time":"3 minutes"},"schema":{"@context":"https:\/\/schema.org","@graph":[{"@type":"WebPage","@id":"https:\/\/www.fiorentini-iberia.com\/pt\/especialistas\/biometano\/biometano-as-vantagens-deste-gas\/","url":"https:\/\/www.fiorentini-iberia.com\/pt\/especialistas\/biometano\/biometano-as-vantagens-deste-gas\/","name":"Biometano: as vantagens deste g\u00e1s - Pietro Fiorentini","isPartOf":{"@id":"https:\/\/www.fiorentini-iberia.com\/pt\/#website"},"primaryImageOfPage":{"@id":"https:\/\/www.fiorentini-iberia.com\/pt\/especialistas\/biometano\/biometano-as-vantagens-deste-gas\/#primaryimage"},"image":{"@id":"https:\/\/www.fiorentini-iberia.com\/pt\/especialistas\/biometano\/biometano-as-vantagens-deste-gas\/#primaryimage"},"thumbnailUrl":"https:\/\/www.fiorentini-iberia.com\/wp-content\/uploads\/2024\/02\/RENEWABLES_green_world-1-1024x723-1.jpg","datePublished":"2024-02-20T13:40:34+00:00","dateModified":"2024-03-13T23:39:53+00:00","description":"O biometano \u00e9 considerado como um dos recursos que mais contribuir\u00e1 para reduzir o atual estado de polui\u00e7\u00e3o atmosf\u00e9rica.","breadcrumb":{"@id":"https:\/\/www.fiorentini-iberia.com\/pt\/especialistas\/biometano\/biometano-as-vantagens-deste-gas\/#breadcrumb"},"inLanguage":"pt-PTD","potentialAction":[{"@type":"ReadAction","target":["https:\/\/www.fiorentini-iberia.com\/pt\/especialistas\/biometano\/biometano-as-vantagens-deste-gas\/"]}]},{"@type":"ImageObject","inLanguage":"pt-PTD","@id":"https:\/\/www.fiorentini-iberia.com\/pt\/especialistas\/biometano\/biometano-as-vantagens-deste-gas\/#primaryimage","url":"https:\/\/www.fiorentini-iberia.com\/wp-content\/uploads\/2024\/02\/RENEWABLES_green_world-1-1024x723-1.jpg","contentUrl":"https:\/\/www.fiorentini-iberia.com\/wp-content\/uploads\/2024\/02\/RENEWABLES_green_world-1-1024x723-1.jpg"},{"@type":"BreadcrumbList","@id":"https:\/\/www.fiorentini-iberia.com\/pt\/especialistas\/biometano\/biometano-as-vantagens-deste-gas\/#breadcrumb","itemListElement":[{"@type":"ListItem","position":1,"name":"Home","item":"https:\/\/www.fiorentini-iberia.com\/pt\/"},{"@type":"ListItem","position":2,"name":"Especialistas","item":"https:\/\/fiorentini-iberia.com\/pt\/especialistas\/"},{"@type":"ListItem","position":3,"name":"Biometano","item":"https:\/\/www.fiorentini-iberia.com\/pt\/especialistas\/biometano\/"},{"@type":"ListItem","position":4,"name":"Biometano: as vantagens deste g\u00e1s"}]},{"@type":"WebSite","@id":"https:\/\/www.fiorentini-iberia.com\/pt\/#website","url":"https:\/\/www.fiorentini-iberia.com\/pt\/","name":"Pietro Fiorentini Iberia","description":"Pietro Fiorentini dise\u00f1a y fabrica componentes, sistemas y servicios para la regulaci\u00f3n, medici\u00f3n, gesti\u00f3n de redes de agua, energ\u00edas renovables, petr\u00f3leo y el gas natural, con sistemas adaptados 100% al hidr\u00f3geno.","publisher":{"@id":"https:\/\/www.fiorentini-iberia.com\/pt\/#organization"},"potentialAction":[{"@type":"SearchAction","target":{"@type":"EntryPoint","urlTemplate":"https:\/\/www.fiorentini-iberia.com\/pt\/?s={search_term_string}"},"query-input":{"@type":"PropertyValueSpecification","valueRequired":true,"valueName":"search_term_string"}}],"inLanguage":"pt-PTD"},{"@type":"Organization","@id":"https:\/\/www.fiorentini-iberia.com\/pt\/#organization","name":"Pietro Fiorentini Iberia","url":"https:\/\/www.fiorentini-iberia.com\/pt\/","logo":{"@type":"ImageObject","inLanguage":"pt-PTD","@id":"https:\/\/www.fiorentini-iberia.com\/pt\/#\/schema\/logo\/image\/","url":"https:\/\/www.fiorentini-iberia.com\/wp-content\/uploads\/2020\/11\/logo.svg","contentUrl":"https:\/\/www.fiorentini-iberia.com\/wp-content\/uploads\/2020\/11\/logo.svg","width":227,"height":59,"caption":"Pietro Fiorentini Iberia"},"image":{"@id":"https:\/\/www.fiorentini-iberia.com\/pt\/#\/schema\/logo\/image\/"},"sameAs":["https:\/\/x.com\/FiorentiniSpa","https:\/\/www.linkedin.com\/company\/pietro-fiorentini-iberia\/"]}]}},"_links":{"self":[{"href":"https:\/\/www.fiorentini-iberia.com\/pt\/wp-json\/wp\/v2\/pages\/48886","targetHints":{"allow":["GET"]}}],"collection":[{"href":"https:\/\/www.fiorentini-iberia.com\/pt\/wp-json\/wp\/v2\/pages"}],"about":[{"href":"https:\/\/www.fiorentini-iberia.com\/pt\/wp-json\/wp\/v2\/types\/page"}],"author":[{"embeddable":true,"href":"https:\/\/www.fiorentini-iberia.com\/pt\/wp-json\/wp\/v2\/users\/15"}],"replies":[{"embeddable":true,"href":"https:\/\/www.fiorentini-iberia.com\/pt\/wp-json\/wp\/v2\/comments?post=48886"}],"version-history":[{"count":1,"href":"https:\/\/www.fiorentini-iberia.com\/pt\/wp-json\/wp\/v2\/pages\/48886\/revisions"}],"predecessor-version":[{"id":48888,"href":"https:\/\/www.fiorentini-iberia.com\/pt\/wp-json\/wp\/v2\/pages\/48886\/revisions\/48888"}],"up":[{"embeddable":true,"href":"https:\/\/www.fiorentini-iberia.com\/pt\/wp-json\/wp\/v2\/pages\/48238"}],"wp:attachment":[{"href":"https:\/\/www.fiorentini-iberia.com\/pt\/wp-json\/wp\/v2\/media?parent=48886"}],"curies":[{"name":"wp","href":"https:\/\/api.w.org\/{rel}","templated":true}]}}