{"id":48921,"date":"2024-02-20T15:56:42","date_gmt":"2024-02-20T14:56:42","guid":{"rendered":"https:\/\/www.fiorentini-iberia.com\/especialistas\/protecao-catodica\/aspectos-reglamentarios-y-operativos-de-la-proteccion-catodica\/"},"modified":"2024-02-20T16:10:45","modified_gmt":"2024-02-20T15:10:45","slug":"aspectos-regulamentares-e-operacionais-da-protecao-catodica","status":"publish","type":"page","link":"https:\/\/www.fiorentini-iberia.com\/pt\/especialistas\/protecao-catodica\/aspectos-regulamentares-e-operacionais-da-protecao-catodica\/","title":{"rendered":"Aspectos regulamentares e operacionais da prote\u00e7\u00e3o cat\u00f3dica"},"content":{"rendered":"\n<p>A qualidade do servi\u00e7o de prote\u00e7\u00e3o cat\u00f3dica \u00e9 determinada de forma diferente de pa\u00eds para pa\u00eds ou de acordo com as especifica\u00e7\u00f5es internas da empresa.<\/p>\n\n\n\n<p>No entanto, qualquer estrutura met\u00e1lica subterr\u00e2nea deve <strong>cumprir<\/strong> as <strong>normas internacionais<\/strong> que exigem a utiliza\u00e7\u00e3o do potencial el\u00e9trico entre a estrutura met\u00e1lica e o solo como crit\u00e9rio para definir a sua prote\u00e7\u00e3o, ou seja, a <strong>aceitabilidade t\u00e9cnica da taxa de corros\u00e3o<\/strong>.<\/p>\n\n\n\n<p>Como resultado, a prote\u00e7\u00e3o cat\u00f3dica \u00e9 aplicada <strong>a quase todas as estruturas subterr\u00e2neas<\/strong>, especialmente aquelas em que s\u00e3o canalizados fluidos potencialmente perigosos ou dispendiosos, como o petr\u00f3leo e o g\u00e1s natural.<\/p>\n\n\n\n<p>Para fornecer aos seus clientes uma atualiza\u00e7\u00e3o cont\u00ednua das normas, a Pietro Fiorentini participa nos <strong>grupos de trabalho t\u00e9cnicos nacionais UNI e internacionais EN e ISO e nos comit\u00e9s t\u00e9cnicos e de forma\u00e7\u00e3o PACE<\/strong>.<\/p>\n\n\n\n<ol class=\"wp-block-list\">\n<li><a href=\"#international\"><strong>Normas internacionais<\/strong><\/a><\/li>\n\n\n\n<li><strong><a href=\"#italian\">Legisla\u00e7\u00e3o italiana<\/a><\/strong><\/li>\n<\/ol>\n\n\n\n<p>&nbsp;<\/p>\n\n\n\n<h3 class=\"wp-block-heading\" id=\"international\">Normas internacionais<\/h3>\n\n\n\n<p>De acordo com as normas internacionais em vigor, os <strong>m\u00e9todos de medi\u00e7\u00e3o<\/strong> s\u00e3o identificados de acordo com a t\u00e9cnica de aquisi\u00e7\u00e3o: <strong>E<sub>ON<\/sub><\/strong> no caso das medi\u00e7\u00f5es para sistemas ligados, utilizada para avaliar de forma geral os par\u00e2metros el\u00e9ctricos da prote\u00e7\u00e3o cat\u00f3dica, <strong>E<sub>OFF<\/sub><\/strong> no caso da t\u00e9cnica para sistemas desligados, que tamb\u00e9m pode ser obtida com as novas unidades de aquisi\u00e7\u00e3o <strong>de \u00faltima gera\u00e7\u00e3o que incorporam um interrutor c\u00edclico integrado em combina\u00e7\u00e3o com el\u00e9ctrodos com \u00e2nodos<\/strong> que simulam as caracter\u00edsticas electroqu\u00edmicas e o comportamento do tubo nu.<\/p>\n\n\n\n<h3 class=\"wp-block-heading\" id=\"italian\">Legisla\u00e7\u00e3o italiana<\/h3>\n\n\n\n<p><strong>Em It\u00e1lia<\/strong>, o sector \u00e9 <strong>regulado pela APCE<\/strong>, a Associa\u00e7\u00e3o para a Prote\u00e7\u00e3o contra a Corros\u00e3o Electrol\u00edtica, <strong>reconhecida pela ARERA<\/strong>, a autoridade administrativa independente que regula a energia, as redes e o ambiente, <strong>como o organismo t\u00e9cnico competente para a defini\u00e7\u00e3o de orienta\u00e7\u00f5es<\/strong> no dom\u00ednio da prote\u00e7\u00e3o cat\u00f3dica das tubagens met\u00e1licas utilizadas para a distribui\u00e7\u00e3o, o transporte e as linhas de fluxo que ligam as instala\u00e7\u00f5es de armazenamento de g\u00e1s natural. A qualidade de servi\u00e7o \u00e9 avaliada atrav\u00e9s do <strong>algoritmo KT<\/strong>, que atribui uma pontua\u00e7\u00e3o a cada sistema el\u00e9trico: o cumprimento anual s\u00f3 \u00e9 atingido se for superior ou igual a 60 pontos num m\u00e1ximo de 100.<\/p>\n","protected":false},"excerpt":{"rendered":"<p>A qualidade do servi\u00e7o de prote\u00e7\u00e3o cat\u00f3dica \u00e9 determinada de diferentes formas. Existem normas internacionais que exigem a utiliza\u00e7\u00e3o do potencial el\u00e9trico entre a estrutura met\u00e1lica e o solo como crit\u00e9rio para definir a sua prote\u00e7\u00e3o.<\/p>\n","protected":false},"author":15,"featured_media":0,"parent":48253,"menu_order":0,"comment_status":"closed","ping_status":"closed","template":"template-expertise-post.php","meta":{"_acf_changed":false,"inline_featured_image":false,"footnotes":""},"class_list":["post-48921","page","type-page","status-publish","hentry"],"acf":[],"yoast_head":"<!-- This site is optimized with the Yoast SEO plugin v27.2 - https:\/\/yoast.com\/product\/yoast-seo-wordpress\/ -->\n<title>Aspectos regulamentares e operacionais da prote\u00e7\u00e3o cat\u00f3dica - Pietro Fiorentini<\/title>\n<meta name=\"description\" content=\"A prote\u00e7\u00e3o cat\u00f3dica \u00e9 aplicada em quase todas as estruturas subterr\u00e2neas, especialmente naquelas em que s\u00e3o canalizados fluidos potencialmente perigosos ou dispendiosos.\" \/>\n<meta name=\"robots\" content=\"index, follow, max-snippet:-1, max-image-preview:large, max-video-preview:-1\" \/>\n<link rel=\"canonical\" href=\"https:\/\/www.fiorentini-iberia.com\/pt\/especialistas\/protecao-catodica\/aspectos-regulamentares-e-operacionais-da-protecao-catodica\/\" \/>\n<meta property=\"og:locale\" content=\"pt_PT\" \/>\n<meta property=\"og:type\" content=\"article\" \/>\n<meta property=\"og:title\" content=\"Aspectos regulamentares e operacionais da prote\u00e7\u00e3o cat\u00f3dica - Pietro Fiorentini\" \/>\n<meta property=\"og:description\" content=\"A prote\u00e7\u00e3o cat\u00f3dica \u00e9 aplicada em quase todas as estruturas subterr\u00e2neas, especialmente naquelas em que s\u00e3o canalizados fluidos potencialmente perigosos ou dispendiosos.\" \/>\n<meta property=\"og:url\" content=\"https:\/\/www.fiorentini-iberia.com\/pt\/especialistas\/protecao-catodica\/aspectos-regulamentares-e-operacionais-da-protecao-catodica\/\" \/>\n<meta property=\"og:site_name\" content=\"Pietro Fiorentini\" \/>\n<meta property=\"article:modified_time\" content=\"2024-02-20T15:10:45+00:00\" \/>\n<meta name=\"twitter:card\" content=\"summary_large_image\" \/>\n<meta name=\"twitter:site\" content=\"@FiorentiniSpa\" \/>\n<meta name=\"twitter:label1\" content=\"Est. reading time\" \/>\n\t<meta name=\"twitter:data1\" content=\"2 minutes\" \/>\n<script type=\"application\/ld+json\" class=\"yoast-schema-graph\">{\"@context\":\"https:\/\/schema.org\",\"@graph\":[{\"@type\":\"WebPage\",\"@id\":\"https:\/\/www.fiorentini-iberia.com\/pt\/especialistas\/protecao-catodica\/aspectos-regulamentares-e-operacionais-da-protecao-catodica\/\",\"url\":\"https:\/\/www.fiorentini-iberia.com\/pt\/especialistas\/protecao-catodica\/aspectos-regulamentares-e-operacionais-da-protecao-catodica\/\",\"name\":\"Aspectos regulamentares e operacionais da prote\u00e7\u00e3o cat\u00f3dica - Pietro Fiorentini\",\"isPartOf\":{\"@id\":\"https:\/\/www.fiorentini-iberia.com\/pt\/#website\"},\"datePublished\":\"2024-02-20T14:56:42+00:00\",\"dateModified\":\"2024-02-20T15:10:45+00:00\",\"description\":\"A prote\u00e7\u00e3o cat\u00f3dica \u00e9 aplicada em quase todas as estruturas subterr\u00e2neas, especialmente naquelas em que s\u00e3o canalizados fluidos potencialmente perigosos ou dispendiosos.\",\"breadcrumb\":{\"@id\":\"https:\/\/www.fiorentini-iberia.com\/pt\/especialistas\/protecao-catodica\/aspectos-regulamentares-e-operacionais-da-protecao-catodica\/#breadcrumb\"},\"inLanguage\":\"pt-PTD\",\"potentialAction\":[{\"@type\":\"ReadAction\",\"target\":[\"https:\/\/www.fiorentini-iberia.com\/pt\/especialistas\/protecao-catodica\/aspectos-regulamentares-e-operacionais-da-protecao-catodica\/\"]}]},{\"@type\":\"BreadcrumbList\",\"@id\":\"https:\/\/www.fiorentini-iberia.com\/pt\/especialistas\/protecao-catodica\/aspectos-regulamentares-e-operacionais-da-protecao-catodica\/#breadcrumb\",\"itemListElement\":[{\"@type\":\"ListItem\",\"position\":1,\"name\":\"Home\",\"item\":\"https:\/\/www.fiorentini-iberia.com\/pt\/\"},{\"@type\":\"ListItem\",\"position\":2,\"name\":\"Especialistas\",\"item\":\"https:\/\/www.fiorentini-iberia.com\/pt\/especialistas\/\"},{\"@type\":\"ListItem\",\"position\":3,\"name\":\"Prote\u00e7\u00e3o cat\u00f3dica\",\"item\":\"https:\/\/www.fiorentini-iberia.com\/pt\/especialistas\/protecao-catodica\/\"},{\"@type\":\"ListItem\",\"position\":4,\"name\":\"Aspectos regulamentares e operacionais da prote\u00e7\u00e3o cat\u00f3dica\"}]},{\"@type\":\"WebSite\",\"@id\":\"https:\/\/www.fiorentini-iberia.com\/pt\/#website\",\"url\":\"https:\/\/www.fiorentini-iberia.com\/pt\/\",\"name\":\"Pietro Fiorentini Iberia\",\"description\":\"Pietro Fiorentini dise\u00f1a y fabrica componentes, sistemas y servicios para la regulaci\u00f3n, medici\u00f3n, gesti\u00f3n de redes de agua, energ\u00edas renovables, petr\u00f3leo y el gas natural, con sistemas adaptados 100% al hidr\u00f3geno.\",\"publisher\":{\"@id\":\"https:\/\/www.fiorentini-iberia.com\/pt\/#organization\"},\"potentialAction\":[{\"@type\":\"SearchAction\",\"target\":{\"@type\":\"EntryPoint\",\"urlTemplate\":\"https:\/\/www.fiorentini-iberia.com\/pt\/?s={search_term_string}\"},\"query-input\":{\"@type\":\"PropertyValueSpecification\",\"valueRequired\":true,\"valueName\":\"search_term_string\"}}],\"inLanguage\":\"pt-PTD\"},{\"@type\":\"Organization\",\"@id\":\"https:\/\/www.fiorentini-iberia.com\/pt\/#organization\",\"name\":\"Pietro Fiorentini Iberia\",\"url\":\"https:\/\/www.fiorentini-iberia.com\/pt\/\",\"logo\":{\"@type\":\"ImageObject\",\"inLanguage\":\"pt-PTD\",\"@id\":\"https:\/\/www.fiorentini-iberia.com\/pt\/#\/schema\/logo\/image\/\",\"url\":\"https:\/\/www.fiorentini-iberia.com\/wp-content\/uploads\/2020\/11\/logo.svg\",\"contentUrl\":\"https:\/\/www.fiorentini-iberia.com\/wp-content\/uploads\/2020\/11\/logo.svg\",\"width\":227,\"height\":59,\"caption\":\"Pietro Fiorentini Iberia\"},\"image\":{\"@id\":\"https:\/\/www.fiorentini-iberia.com\/pt\/#\/schema\/logo\/image\/\"},\"sameAs\":[\"https:\/\/x.com\/FiorentiniSpa\",\"https:\/\/www.linkedin.com\/company\/pietro-fiorentini-iberia\/\"]}]}<\/script>\n<!-- \/ Yoast SEO plugin. -->","yoast_head_json":{"title":"Aspectos regulamentares e operacionais da prote\u00e7\u00e3o cat\u00f3dica - Pietro Fiorentini","description":"A prote\u00e7\u00e3o cat\u00f3dica \u00e9 aplicada em quase todas as estruturas subterr\u00e2neas, especialmente naquelas em que s\u00e3o canalizados fluidos potencialmente perigosos ou dispendiosos.","robots":{"index":"index","follow":"follow","max-snippet":"max-snippet:-1","max-image-preview":"max-image-preview:large","max-video-preview":"max-video-preview:-1"},"canonical":"https:\/\/www.fiorentini-iberia.com\/pt\/especialistas\/protecao-catodica\/aspectos-regulamentares-e-operacionais-da-protecao-catodica\/","og_locale":"pt_PT","og_type":"article","og_title":"Aspectos regulamentares e operacionais da prote\u00e7\u00e3o cat\u00f3dica - Pietro Fiorentini","og_description":"A prote\u00e7\u00e3o cat\u00f3dica \u00e9 aplicada em quase todas as estruturas subterr\u00e2neas, especialmente naquelas em que s\u00e3o canalizados fluidos potencialmente perigosos ou dispendiosos.","og_url":"https:\/\/www.fiorentini-iberia.com\/pt\/especialistas\/protecao-catodica\/aspectos-regulamentares-e-operacionais-da-protecao-catodica\/","og_site_name":"Pietro Fiorentini","article_modified_time":"2024-02-20T15:10:45+00:00","twitter_card":"summary_large_image","twitter_site":"@FiorentiniSpa","twitter_misc":{"Est. reading time":"2 minutes"},"schema":{"@context":"https:\/\/schema.org","@graph":[{"@type":"WebPage","@id":"https:\/\/www.fiorentini-iberia.com\/pt\/especialistas\/protecao-catodica\/aspectos-regulamentares-e-operacionais-da-protecao-catodica\/","url":"https:\/\/www.fiorentini-iberia.com\/pt\/especialistas\/protecao-catodica\/aspectos-regulamentares-e-operacionais-da-protecao-catodica\/","name":"Aspectos regulamentares e operacionais da prote\u00e7\u00e3o cat\u00f3dica - Pietro Fiorentini","isPartOf":{"@id":"https:\/\/www.fiorentini-iberia.com\/pt\/#website"},"datePublished":"2024-02-20T14:56:42+00:00","dateModified":"2024-02-20T15:10:45+00:00","description":"A prote\u00e7\u00e3o cat\u00f3dica \u00e9 aplicada em quase todas as estruturas subterr\u00e2neas, especialmente naquelas em que s\u00e3o canalizados fluidos potencialmente perigosos ou dispendiosos.","breadcrumb":{"@id":"https:\/\/www.fiorentini-iberia.com\/pt\/especialistas\/protecao-catodica\/aspectos-regulamentares-e-operacionais-da-protecao-catodica\/#breadcrumb"},"inLanguage":"pt-PTD","potentialAction":[{"@type":"ReadAction","target":["https:\/\/www.fiorentini-iberia.com\/pt\/especialistas\/protecao-catodica\/aspectos-regulamentares-e-operacionais-da-protecao-catodica\/"]}]},{"@type":"BreadcrumbList","@id":"https:\/\/www.fiorentini-iberia.com\/pt\/especialistas\/protecao-catodica\/aspectos-regulamentares-e-operacionais-da-protecao-catodica\/#breadcrumb","itemListElement":[{"@type":"ListItem","position":1,"name":"Home","item":"https:\/\/www.fiorentini-iberia.com\/pt\/"},{"@type":"ListItem","position":2,"name":"Especialistas","item":"https:\/\/www.fiorentini-iberia.com\/pt\/especialistas\/"},{"@type":"ListItem","position":3,"name":"Prote\u00e7\u00e3o cat\u00f3dica","item":"https:\/\/www.fiorentini-iberia.com\/pt\/especialistas\/protecao-catodica\/"},{"@type":"ListItem","position":4,"name":"Aspectos regulamentares e operacionais da prote\u00e7\u00e3o cat\u00f3dica"}]},{"@type":"WebSite","@id":"https:\/\/www.fiorentini-iberia.com\/pt\/#website","url":"https:\/\/www.fiorentini-iberia.com\/pt\/","name":"Pietro Fiorentini Iberia","description":"Pietro Fiorentini dise\u00f1a y fabrica componentes, sistemas y servicios para la regulaci\u00f3n, medici\u00f3n, gesti\u00f3n de redes de agua, energ\u00edas renovables, petr\u00f3leo y el gas natural, con sistemas adaptados 100% al hidr\u00f3geno.","publisher":{"@id":"https:\/\/www.fiorentini-iberia.com\/pt\/#organization"},"potentialAction":[{"@type":"SearchAction","target":{"@type":"EntryPoint","urlTemplate":"https:\/\/www.fiorentini-iberia.com\/pt\/?s={search_term_string}"},"query-input":{"@type":"PropertyValueSpecification","valueRequired":true,"valueName":"search_term_string"}}],"inLanguage":"pt-PTD"},{"@type":"Organization","@id":"https:\/\/www.fiorentini-iberia.com\/pt\/#organization","name":"Pietro Fiorentini Iberia","url":"https:\/\/www.fiorentini-iberia.com\/pt\/","logo":{"@type":"ImageObject","inLanguage":"pt-PTD","@id":"https:\/\/www.fiorentini-iberia.com\/pt\/#\/schema\/logo\/image\/","url":"https:\/\/www.fiorentini-iberia.com\/wp-content\/uploads\/2020\/11\/logo.svg","contentUrl":"https:\/\/www.fiorentini-iberia.com\/wp-content\/uploads\/2020\/11\/logo.svg","width":227,"height":59,"caption":"Pietro Fiorentini Iberia"},"image":{"@id":"https:\/\/www.fiorentini-iberia.com\/pt\/#\/schema\/logo\/image\/"},"sameAs":["https:\/\/x.com\/FiorentiniSpa","https:\/\/www.linkedin.com\/company\/pietro-fiorentini-iberia\/"]}]}},"_links":{"self":[{"href":"https:\/\/www.fiorentini-iberia.com\/pt\/wp-json\/wp\/v2\/pages\/48921","targetHints":{"allow":["GET"]}}],"collection":[{"href":"https:\/\/www.fiorentini-iberia.com\/pt\/wp-json\/wp\/v2\/pages"}],"about":[{"href":"https:\/\/www.fiorentini-iberia.com\/pt\/wp-json\/wp\/v2\/types\/page"}],"author":[{"embeddable":true,"href":"https:\/\/www.fiorentini-iberia.com\/pt\/wp-json\/wp\/v2\/users\/15"}],"replies":[{"embeddable":true,"href":"https:\/\/www.fiorentini-iberia.com\/pt\/wp-json\/wp\/v2\/comments?post=48921"}],"version-history":[{"count":1,"href":"https:\/\/www.fiorentini-iberia.com\/pt\/wp-json\/wp\/v2\/pages\/48921\/revisions"}],"predecessor-version":[{"id":48923,"href":"https:\/\/www.fiorentini-iberia.com\/pt\/wp-json\/wp\/v2\/pages\/48921\/revisions\/48923"}],"up":[{"embeddable":true,"href":"https:\/\/www.fiorentini-iberia.com\/pt\/wp-json\/wp\/v2\/pages\/48253"}],"wp:attachment":[{"href":"https:\/\/www.fiorentini-iberia.com\/pt\/wp-json\/wp\/v2\/media?parent=48921"}],"curies":[{"name":"wp","href":"https:\/\/api.w.org\/{rel}","templated":true}]}}