{"id":48981,"date":"2024-02-20T17:44:39","date_gmt":"2024-02-20T16:44:39","guid":{"rendered":"https:\/\/www.fiorentini-iberia.com\/especialistas\/hidrogenio\/como-se-produce-el-hidrogeno\/"},"modified":"2024-02-20T19:17:49","modified_gmt":"2024-02-20T18:17:49","slug":"como-e-produzido-o-hidrogenio","status":"publish","type":"page","link":"https:\/\/www.fiorentini-iberia.com\/pt\/especialistas\/hidrogenio\/como-e-produzido-o-hidrogenio\/","title":{"rendered":"Como \u00e9 produzido o hidrog\u00e9nio"},"content":{"rendered":"\n<p class=\"has-text-color has-link-color has-medium-font-size wp-elements-2ba4f351d1f58f39d6dd43031ac6f1ea\" style=\"color:#199782\"><strong>UM ELEMENTO, DIFERENTES FORMAS DE O PRODUZIR<\/strong><\/p>\n\n\n\n<figure class=\"wp-block-image size-full\"><img loading=\"lazy\" decoding=\"async\" width=\"1024\" height=\"429\" src=\"https:\/\/www.fiorentini-iberia.com\/wp-content\/uploads\/2024\/02\/RENEWABLES_h2_energy-1-1024x429-1.jpg\" alt=\"How hydrogen is produced\" class=\"wp-image-48925\" srcset=\"https:\/\/www.fiorentini-iberia.com\/wp-content\/uploads\/2024\/02\/RENEWABLES_h2_energy-1-1024x429-1.jpg 1024w, https:\/\/www.fiorentini-iberia.com\/wp-content\/uploads\/2024\/02\/RENEWABLES_h2_energy-1-1024x429-1-300x126.jpg 300w, https:\/\/www.fiorentini-iberia.com\/wp-content\/uploads\/2024\/02\/RENEWABLES_h2_energy-1-1024x429-1-768x322.jpg 768w\" sizes=\"auto, (max-width: 1024px) 100vw, 1024px\" \/><\/figure>\n\n\n\n<p>&nbsp;<\/p>\n\n\n\n<p>O hidrog\u00e9nio \u00e9 o elemento mais abundante no universo, mas no nosso planeta s\u00f3 se encontra juntamente com outros elementos, como o oxig\u00e9nio ou o carbono. De facto, \u00e9 chamado de <strong>transportador de energia<\/strong>, e n\u00e3o de fonte, porque temos de utilizar energia para o separar e extrair, e este tipo de processo tem custos.<\/p>\n\n\n\n<ol class=\"wp-block-list\">\n<li><strong><a href=\"#colors\">Todas as cores do hidrog\u00e9nio<\/a><\/strong><\/li>\n\n\n\n<li><strong><a href=\"#technology\">Uma nova tecnologia para a produ\u00e7\u00e3o de hidrog\u00e9nio<\/a><\/strong><\/li>\n<\/ol>\n\n\n\n<h3 class=\"wp-block-heading\" id=\"colors\">\u00a0<br>Todas as cores do hidrog\u00e9nio<\/h3>\n\n\n\n<p>O hidrog\u00e9nio \u00e9 designado por diferentes nomes, dependendo da <strong>forma como \u00e9 produzido<\/strong> e do impacto <strong>ambiental resultante <\/strong>dos processos utilizados para o obter.<br>\u00a0<\/p>\n\n\n\n<figure class=\"wp-block-image size-full\"><img loading=\"lazy\" decoding=\"async\" width=\"1024\" height=\"442\" src=\"https:\/\/www.fiorentini-iberia.com\/wp-content\/uploads\/2024\/02\/i-colori-dell-idrogeno-1-1024x442-PT.jpg\" alt=\"\" class=\"wp-image-48994\" srcset=\"https:\/\/www.fiorentini-iberia.com\/wp-content\/uploads\/2024\/02\/i-colori-dell-idrogeno-1-1024x442-PT.jpg 1024w, https:\/\/www.fiorentini-iberia.com\/wp-content\/uploads\/2024\/02\/i-colori-dell-idrogeno-1-1024x442-PT-300x129.jpg 300w, https:\/\/www.fiorentini-iberia.com\/wp-content\/uploads\/2024\/02\/i-colori-dell-idrogeno-1-1024x442-PT-768x332.jpg 768w\" sizes=\"auto, (max-width: 1024px) 100vw, 1024px\" \/><\/figure>\n\n\n\n<p class=\"has-text-align-center has-cyan-bluish-gray-color has-text-color has-link-color wp-elements-10a752463b48464a646bac5fda6d43d0\"><em>As cores do hidrog\u00e9nio<\/em><br>\u00a0<em>\u00a0<\/em><\/p>\n\n\n\n<p><strong>Hidrog\u00e9nio cinzento<\/strong>: \u00e9 produzido a partir de fontes f\u00f3sseis<\/p>\n\n\n\n<p><strong>Hidrog\u00e9nio azul<\/strong>: produzido a partir de fontes f\u00f3sseis, mas capturado e armazenado<\/p>\n\n\n\n<p><strong>Hidrog\u00e9nio rosa<\/strong>: tamb\u00e9m conhecido como p\u00farpura, \u00e9 produzido a partir da energia nuclear<\/p>\n\n\n\n<p><strong>Hidrog\u00e9nio turquesa<\/strong>: produzido pela pir\u00f3lise do metano, produzindo carv\u00e3o vegetal<\/p>\n\n\n\n<p><strong>Hidrog\u00e9nio amarelo<\/strong>: produzido a partir da energia da rede el\u00e9ctrica nacional<\/p>\n\n\n\n<p><strong>Hidrog\u00e9nio verde<\/strong>: produzido a partir de energias renov\u00e1veis<\/p>\n\n\n\n<figure class=\"wp-block-image size-full\"><img loading=\"lazy\" decoding=\"async\" width=\"1024\" height=\"463\" src=\"https:\/\/www.fiorentini-iberia.com\/wp-content\/uploads\/2024\/02\/Expertise_Idrogeno_1ENG-EXPPAG-e1618588456689-1024x463-PT.jpg\" alt=\"Panor\u00e2mica dos diferentes m\u00e9todos de produ\u00e7\u00e3o de hidrog\u00e9nio\" class=\"wp-image-48988\" srcset=\"https:\/\/www.fiorentini-iberia.com\/wp-content\/uploads\/2024\/02\/Expertise_Idrogeno_1ENG-EXPPAG-e1618588456689-1024x463-PT.jpg 1024w, https:\/\/www.fiorentini-iberia.com\/wp-content\/uploads\/2024\/02\/Expertise_Idrogeno_1ENG-EXPPAG-e1618588456689-1024x463-PT-300x136.jpg 300w, https:\/\/www.fiorentini-iberia.com\/wp-content\/uploads\/2024\/02\/Expertise_Idrogeno_1ENG-EXPPAG-e1618588456689-1024x463-PT-768x347.jpg 768w\" sizes=\"auto, (max-width: 1024px) 100vw, 1024px\" \/><\/figure>\n\n\n\n<p class=\"has-text-align-center has-cyan-bluish-gray-color has-text-color has-link-color wp-elements-31b5f0dad0aecd3de6d96f133b3f8c68\"><em>Panor\u00e2mica dos diferentes m\u00e9todos de produ\u00e7\u00e3o de hidrog\u00e9nio<\/em><\/p>\n\n\n\n<figure class=\"wp-block-image size-full\"><img loading=\"lazy\" decoding=\"async\" width=\"951\" height=\"556\" src=\"https:\/\/www.fiorentini-iberia.com\/wp-content\/uploads\/2024\/02\/Expertise_Idrogeno_2PT.jpg\" alt=\"Emiss\u00f5es de CO2 em fun\u00e7\u00e3o da tecnologia de produ\u00e7\u00e3o de hidrog\u00e9nio utilizada\" class=\"wp-image-48982\" srcset=\"https:\/\/www.fiorentini-iberia.com\/wp-content\/uploads\/2024\/02\/Expertise_Idrogeno_2PT.jpg 951w, https:\/\/www.fiorentini-iberia.com\/wp-content\/uploads\/2024\/02\/Expertise_Idrogeno_2PT-300x175.jpg 300w, https:\/\/www.fiorentini-iberia.com\/wp-content\/uploads\/2024\/02\/Expertise_Idrogeno_2PT-768x449.jpg 768w\" sizes=\"auto, (max-width: 951px) 100vw, 951px\" \/><\/figure>\n\n\n\n<p class=\"has-text-align-center has-cyan-bluish-gray-color has-text-color has-link-color wp-elements-6dbd788cafef7fe91354e47647db7ac7\"><em>Emiss\u00f5es de CO2 em fun\u00e7\u00e3o da tecnologia de produ\u00e7\u00e3o de hidrog\u00e9nio utilizada<\/em><br>\u00a0<\/p>\n\n\n\n<p>Um dos principais m\u00e9todos de <strong>produ\u00e7\u00e3o de hidrog\u00e9nio \u00e9 a eletr\u00f3lise<\/strong>, um processo conhecido desde o s\u00e9culo XIX, em que a passagem de corrente el\u00e9ctrica atrav\u00e9s da \u00e1gua provoca a sua divis\u00e3o em gases de oxig\u00e9nio e hidrog\u00e9nio.<\/p>\n\n\n\n<p>O hidrog\u00e9nio produzido a partir de fontes de <strong>energia renov\u00e1veis<\/strong> \u00e9 designado por hidrog\u00e9nio verde, que \u00e9 atualmente produzido por duas tecnologias principais: alcalina (AEC) e membrana de permuta de prot\u00f5es (PEM).<\/p>\n\n\n\n<p>Atualmente, alguns estudos centram-se em <strong>novas formas de o obter<\/strong>, explorando a atividade das bact\u00e9rias vermelhas, das cianobact\u00e9rias e das microalgas, bem como a gaseifica\u00e7\u00e3o de res\u00edduos s\u00f3lidos urbanos e de pl\u00e1sticos n\u00e3o recicl\u00e1veis, atrav\u00e9s da decomposi\u00e7\u00e3o da mat\u00e9ria org\u00e2nica com tratamentos t\u00e9rmicos a altas temperaturas numa atmosfera quase sem oxig\u00e9nio.<br>\u00a0<\/p>\n\n\n\n<h3 class=\"wp-block-heading\" id=\"technology\">Uma nova tecnologia para a produ\u00e7\u00e3o de hidrog\u00e9nio<\/h3>\n\n\n\n<p><a href=\"https:\/\/hyter.it\/en\/\" target=\"_blank\" rel=\"noreferrer noopener\"><strong>Hyter<\/strong><\/a>, uma empresa pertencente ao Grupo Pietro Fiorentini desde 2021, desenvolveu <strong>um gerador de hidrog\u00e9nio baseado na inovadora tecnologia AEMWE<\/strong>, Anion Exchange Membrane Water Electrolyser.<br>\u00a0<\/p>\n\n\n<div class=\"wp-block-image\">\n<figure class=\"aligncenter size-full is-resized\"><img loading=\"lazy\" decoding=\"async\" width=\"991\" height=\"991\" src=\"https:\/\/www.fiorentini-iberia.com\/wp-content\/uploads\/2024\/02\/News_PLTEnergiaHyter_1-1.jpg\" alt=\"\" class=\"wp-image-48943\" style=\"width:581px;height:auto\" srcset=\"https:\/\/www.fiorentini-iberia.com\/wp-content\/uploads\/2024\/02\/News_PLTEnergiaHyter_1-1.jpg 991w, https:\/\/www.fiorentini-iberia.com\/wp-content\/uploads\/2024\/02\/News_PLTEnergiaHyter_1-1-300x300.jpg 300w, https:\/\/www.fiorentini-iberia.com\/wp-content\/uploads\/2024\/02\/News_PLTEnergiaHyter_1-1-150x150.jpg 150w, https:\/\/www.fiorentini-iberia.com\/wp-content\/uploads\/2024\/02\/News_PLTEnergiaHyter_1-1-768x768.jpg 768w\" sizes=\"auto, (max-width: 991px) 100vw, 991px\" \/><\/figure>\n<\/div>\n\n\n<p>&nbsp;<\/p>\n\n\n\n<p>O eletrolisador fornecido pela Hyter combina as <strong>vantagens dos sistemas PEM e alcalinos<\/strong>, reduzindo os custos de investimento e o <strong>impacto ambiental<\/strong> atrav\u00e9s da utiliza\u00e7\u00e3o reduzida de metais nobres.<\/p>\n\n\n\n<p>A troca de i\u00f5es ocorre atrav\u00e9s de uma membrana polim\u00e9rica fabricada internamente pela Hyter. Esta membrana cont\u00e9m subst\u00e2ncias electrol\u00edticas que melhoram a efici\u00eancia da separa\u00e7\u00e3o da \u00e1gua e tem a fun\u00e7\u00e3o de separar o hidrog\u00e9nio e o oxig\u00e9nio j\u00e1 durante a fase de produ\u00e7\u00e3o.<\/p>\n\n\n\n<p>Esta tecnologia \u00e9 muito menos dispendiosa do ponto de vista qu\u00edmico e, ao mesmo tempo, tem uma excelente efici\u00eancia em termos de rendimento.<\/p>\n\n\n\n<p>O eletrolisador fornecido pela Hyter ser\u00e1 utilizado no \u00e2mbito de um projeto para a <strong>PLT Energia<\/strong>, uma empresa que \u00e9 l\u00edder em toda a cadeia de valor das energias renov\u00e1veis h\u00e1 15 anos. O novo eletrolisador da Hyter ser\u00e1 interligado com o sistema fotovoltaico que funciona nos edif\u00edcios da PLT Energia: isto permitir\u00e1 produzir o hidrog\u00e9nio necess\u00e1rio para garantir a sustentabilidade ambiental dos consumos el\u00e9ctricos e t\u00e9rmicos da sua sede.<\/p>\n\n\n\n<p><a href=\"https:\/\/www.fiorentini-iberia.com\/pt\/noticias\/uma-central-de-hidrogenio-verde-para-a-plt-energia-gracas-ao-eletrolisador-hyter\/\">Uma central de hidrog\u00e9nio verde para a PLT energia gra\u00e7as ao eletrolisador Hyter<br><\/a>\u00a0<\/p>\n\n\n<div class=\"wp-block-image\">\n<figure class=\"aligncenter size-full is-resized\"><img loading=\"lazy\" decoding=\"async\" width=\"991\" height=\"991\" src=\"https:\/\/www.fiorentini-iberia.com\/wp-content\/uploads\/2024\/02\/News_PLTEnergiaHyter_2-1.jpg\" alt=\"\" class=\"wp-image-48947\" style=\"width:682px;height:auto\" srcset=\"https:\/\/www.fiorentini-iberia.com\/wp-content\/uploads\/2024\/02\/News_PLTEnergiaHyter_2-1.jpg 991w, https:\/\/www.fiorentini-iberia.com\/wp-content\/uploads\/2024\/02\/News_PLTEnergiaHyter_2-1-300x300.jpg 300w, https:\/\/www.fiorentini-iberia.com\/wp-content\/uploads\/2024\/02\/News_PLTEnergiaHyter_2-1-150x150.jpg 150w, https:\/\/www.fiorentini-iberia.com\/wp-content\/uploads\/2024\/02\/News_PLTEnergiaHyter_2-1-768x768.jpg 768w\" sizes=\"auto, (max-width: 991px) 100vw, 991px\" \/><\/figure>\n<\/div>\n\n\n<p>\u00a0<\/p>\n\n\n\n<p>A <strong>Hyter<\/strong> foi recentemente premiada com um dos concursos MiTE com o <strong>projeto Sirius<\/strong>, que consiste na constru\u00e7\u00e3o, no prazo de tr\u00eas anos, do <strong>primeiro eletrolisador do mundo com uma dimens\u00e3o superior a um megawatt baseado na tecnologia AEMWE<\/strong> (Anion Exchange Membrane Water Electrolyser). O projeto Sirius, que envolve, para al\u00e9m da Hyter, a <a href=\"https:\/\/www.inretedistribuzione.it\/energy_distribution_activity\/\" target=\"_blank\" rel=\"noreferrer noopener\">INRETE Distribuzione Energia<\/a> (Grupo Hera), a <a href=\"https:\/\/www.mbn.it\/en\/company\/\" target=\"_blank\" rel=\"noreferrer noopener\">MatRes<\/a> (MBN Nanomaterialia Group) e o <a href=\"https:\/\/www.chimica.unipd.it\/en\/\" target=\"_blank\" rel=\"noreferrer noopener\">Departamento de Ci\u00eancias Qu\u00edmicas da Universidade de P\u00e1dua<\/a>, foi classificado em <strong>terceiro lugar<\/strong> na categoria &#8220;Miss\u00e3o 2 &#8211; Componente 2 &#8211; Investimento 3. 5 &#8211; Investiga\u00e7\u00e3o e Desenvolvimento do Hidrog\u00e9nio&#8221; entre as cinquenta e seis propostas apresentadas ao Minist\u00e9rio italiano da Transi\u00e7\u00e3o Ecol\u00f3gica para financiamento da UE no \u00e2mbito do <strong>PNRR<\/strong>, Plano Nacional de Recupera\u00e7\u00e3o Econ\u00f3mica e Resili\u00eancia.<\/p>\n\n\n\n<p><a href=\"https:\/\/www.fiorentini-iberia.com\/pt\/pietro-fiorentini-group\/empresas-e-marcas-do-grupo-pietro-fiorentini\/#hyter\">O projeto Sirius, liderado pela Hyter, est\u00e1 entre os vencedores do convite \u00e0 apresenta\u00e7\u00e3o de propostas MiTE sobre investiga\u00e7\u00e3o no dom\u00ednio do hidrog\u00e9nio.<\/a><\/p>\n\n\n\n<p><em>Projeto financiado ao abrigo do NRRP, cofinanciado pela Uni\u00e3o Europeia &#8211; NextGenerationEU.<br><\/em>\u00a0<\/p>\n\n\n\n<figure class=\"wp-block-image size-full\"><img loading=\"lazy\" decoding=\"async\" width=\"1024\" height=\"1024\" src=\"https:\/\/www.fiorentini-iberia.com\/wp-content\/uploads\/2024\/02\/sirius-project-1024x1024-1.png\" alt=\"hydrogen research\" class=\"wp-image-48951\" srcset=\"https:\/\/www.fiorentini-iberia.com\/wp-content\/uploads\/2024\/02\/sirius-project-1024x1024-1.png 1024w, https:\/\/www.fiorentini-iberia.com\/wp-content\/uploads\/2024\/02\/sirius-project-1024x1024-1-300x300.png 300w, https:\/\/www.fiorentini-iberia.com\/wp-content\/uploads\/2024\/02\/sirius-project-1024x1024-1-150x150.png 150w, https:\/\/www.fiorentini-iberia.com\/wp-content\/uploads\/2024\/02\/sirius-project-1024x1024-1-768x768.png 768w\" sizes=\"auto, (max-width: 1024px) 100vw, 1024px\" \/><\/figure>\n","protected":false},"excerpt":{"rendered":"<p>O hidrog\u00e9nio pode ser produzido de diferentes formas, a partir de diferentes fontes de energia, assumindo nomes que lembram o impacto ambiental dos processos de produ\u00e7\u00e3o. A Hyter, empresa do Grupo Pietro Fiorentini, desenvolveu uma nova tecnologia para a produ\u00e7\u00e3o de hidrog\u00e9nio com reduzido impacto ambiental.<\/p>\n","protected":false},"author":15,"featured_media":0,"parent":48278,"menu_order":0,"comment_status":"closed","ping_status":"closed","template":"template-expertise-post.php","meta":{"_acf_changed":false,"inline_featured_image":false,"footnotes":""},"class_list":["post-48981","page","type-page","status-publish","hentry"],"acf":[],"yoast_head":"<!-- This site is optimized with the Yoast SEO plugin v27.2 - https:\/\/yoast.com\/product\/yoast-seo-wordpress\/ -->\n<title>Como \u00e9 produzido o hidrog\u00e9nio - Pietro Fiorentini<\/title>\n<meta name=\"description\" content=\"O hidrog\u00e9nio \u00e9 designado por diferentes nomes, dependendo da forma como \u00e9 produzido e do impacto ambiental resultante dos processos utilizados para o obter.\" \/>\n<meta name=\"robots\" content=\"index, follow, max-snippet:-1, max-image-preview:large, max-video-preview:-1\" \/>\n<link rel=\"canonical\" href=\"https:\/\/www.fiorentini-iberia.com\/pt\/especialistas\/hidrogenio\/como-e-produzido-o-hidrogenio\/\" \/>\n<meta property=\"og:locale\" content=\"pt_PT\" \/>\n<meta property=\"og:type\" content=\"article\" \/>\n<meta property=\"og:title\" content=\"Como \u00e9 produzido o hidrog\u00e9nio - Pietro Fiorentini\" \/>\n<meta property=\"og:description\" content=\"O hidrog\u00e9nio \u00e9 designado por diferentes nomes, dependendo da forma como \u00e9 produzido e do impacto ambiental resultante dos processos utilizados para o obter.\" \/>\n<meta property=\"og:url\" content=\"https:\/\/www.fiorentini-iberia.com\/pt\/especialistas\/hidrogenio\/como-e-produzido-o-hidrogenio\/\" \/>\n<meta property=\"og:site_name\" content=\"Pietro Fiorentini\" \/>\n<meta property=\"article:modified_time\" content=\"2024-02-20T18:17:49+00:00\" \/>\n<meta property=\"og:image\" content=\"https:\/\/www.fiorentini-iberia.com\/wp-content\/uploads\/2024\/02\/RENEWABLES_h2_energy-1-1024x429-1.jpg\" \/>\n<meta name=\"twitter:card\" content=\"summary_large_image\" \/>\n<meta name=\"twitter:site\" content=\"@FiorentiniSpa\" \/>\n<meta name=\"twitter:label1\" content=\"Est. reading time\" \/>\n\t<meta name=\"twitter:data1\" content=\"5 minutes\" \/>\n<script type=\"application\/ld+json\" class=\"yoast-schema-graph\">{\"@context\":\"https:\/\/schema.org\",\"@graph\":[{\"@type\":\"WebPage\",\"@id\":\"https:\/\/www.fiorentini-iberia.com\/pt\/especialistas\/hidrogenio\/como-e-produzido-o-hidrogenio\/\",\"url\":\"https:\/\/www.fiorentini-iberia.com\/pt\/especialistas\/hidrogenio\/como-e-produzido-o-hidrogenio\/\",\"name\":\"Como \u00e9 produzido o hidrog\u00e9nio - Pietro Fiorentini\",\"isPartOf\":{\"@id\":\"https:\/\/www.fiorentini-iberia.com\/pt\/#website\"},\"primaryImageOfPage\":{\"@id\":\"https:\/\/www.fiorentini-iberia.com\/pt\/especialistas\/hidrogenio\/como-e-produzido-o-hidrogenio\/#primaryimage\"},\"image\":{\"@id\":\"https:\/\/www.fiorentini-iberia.com\/pt\/especialistas\/hidrogenio\/como-e-produzido-o-hidrogenio\/#primaryimage\"},\"thumbnailUrl\":\"https:\/\/www.fiorentini-iberia.com\/wp-content\/uploads\/2024\/02\/RENEWABLES_h2_energy-1-1024x429-1.jpg\",\"datePublished\":\"2024-02-20T16:44:39+00:00\",\"dateModified\":\"2024-02-20T18:17:49+00:00\",\"description\":\"O hidrog\u00e9nio \u00e9 designado por diferentes nomes, dependendo da forma como \u00e9 produzido e do impacto ambiental resultante dos processos utilizados para o obter.\",\"breadcrumb\":{\"@id\":\"https:\/\/www.fiorentini-iberia.com\/pt\/especialistas\/hidrogenio\/como-e-produzido-o-hidrogenio\/#breadcrumb\"},\"inLanguage\":\"pt-PTD\",\"potentialAction\":[{\"@type\":\"ReadAction\",\"target\":[\"https:\/\/www.fiorentini-iberia.com\/pt\/especialistas\/hidrogenio\/como-e-produzido-o-hidrogenio\/\"]}]},{\"@type\":\"ImageObject\",\"inLanguage\":\"pt-PTD\",\"@id\":\"https:\/\/www.fiorentini-iberia.com\/pt\/especialistas\/hidrogenio\/como-e-produzido-o-hidrogenio\/#primaryimage\",\"url\":\"https:\/\/www.fiorentini-iberia.com\/wp-content\/uploads\/2024\/02\/RENEWABLES_h2_energy-1-1024x429-1.jpg\",\"contentUrl\":\"https:\/\/www.fiorentini-iberia.com\/wp-content\/uploads\/2024\/02\/RENEWABLES_h2_energy-1-1024x429-1.jpg\"},{\"@type\":\"BreadcrumbList\",\"@id\":\"https:\/\/www.fiorentini-iberia.com\/pt\/especialistas\/hidrogenio\/como-e-produzido-o-hidrogenio\/#breadcrumb\",\"itemListElement\":[{\"@type\":\"ListItem\",\"position\":1,\"name\":\"Home\",\"item\":\"https:\/\/www.fiorentini-iberia.com\/pt\/\"},{\"@type\":\"ListItem\",\"position\":2,\"name\":\"Especialistas\",\"item\":\"https:\/\/www.fiorentini-iberia.com\/pt\/especialistas\/\"},{\"@type\":\"ListItem\",\"position\":3,\"name\":\"Hidrog\u00e9nio\",\"item\":\"https:\/\/www.fiorentini-iberia.com\/pt\/especialistas\/hidrogenio\/\"},{\"@type\":\"ListItem\",\"position\":4,\"name\":\"Como \u00e9 produzido o hidrog\u00e9nio\"}]},{\"@type\":\"WebSite\",\"@id\":\"https:\/\/www.fiorentini-iberia.com\/pt\/#website\",\"url\":\"https:\/\/www.fiorentini-iberia.com\/pt\/\",\"name\":\"Pietro Fiorentini Iberia\",\"description\":\"Pietro Fiorentini dise\u00f1a y fabrica componentes, sistemas y servicios para la regulaci\u00f3n, medici\u00f3n, gesti\u00f3n de redes de agua, energ\u00edas renovables, petr\u00f3leo y el gas natural, con sistemas adaptados 100% al hidr\u00f3geno.\",\"publisher\":{\"@id\":\"https:\/\/www.fiorentini-iberia.com\/pt\/#organization\"},\"potentialAction\":[{\"@type\":\"SearchAction\",\"target\":{\"@type\":\"EntryPoint\",\"urlTemplate\":\"https:\/\/www.fiorentini-iberia.com\/pt\/?s={search_term_string}\"},\"query-input\":{\"@type\":\"PropertyValueSpecification\",\"valueRequired\":true,\"valueName\":\"search_term_string\"}}],\"inLanguage\":\"pt-PTD\"},{\"@type\":\"Organization\",\"@id\":\"https:\/\/www.fiorentini-iberia.com\/pt\/#organization\",\"name\":\"Pietro Fiorentini Iberia\",\"url\":\"https:\/\/www.fiorentini-iberia.com\/pt\/\",\"logo\":{\"@type\":\"ImageObject\",\"inLanguage\":\"pt-PTD\",\"@id\":\"https:\/\/www.fiorentini-iberia.com\/pt\/#\/schema\/logo\/image\/\",\"url\":\"https:\/\/www.fiorentini-iberia.com\/wp-content\/uploads\/2020\/11\/logo.svg\",\"contentUrl\":\"https:\/\/www.fiorentini-iberia.com\/wp-content\/uploads\/2020\/11\/logo.svg\",\"width\":227,\"height\":59,\"caption\":\"Pietro Fiorentini Iberia\"},\"image\":{\"@id\":\"https:\/\/www.fiorentini-iberia.com\/pt\/#\/schema\/logo\/image\/\"},\"sameAs\":[\"https:\/\/x.com\/FiorentiniSpa\",\"https:\/\/www.linkedin.com\/company\/pietro-fiorentini-iberia\/\"]}]}<\/script>\n<!-- \/ Yoast SEO plugin. -->","yoast_head_json":{"title":"Como \u00e9 produzido o hidrog\u00e9nio - Pietro Fiorentini","description":"O hidrog\u00e9nio \u00e9 designado por diferentes nomes, dependendo da forma como \u00e9 produzido e do impacto ambiental resultante dos processos utilizados para o obter.","robots":{"index":"index","follow":"follow","max-snippet":"max-snippet:-1","max-image-preview":"max-image-preview:large","max-video-preview":"max-video-preview:-1"},"canonical":"https:\/\/www.fiorentini-iberia.com\/pt\/especialistas\/hidrogenio\/como-e-produzido-o-hidrogenio\/","og_locale":"pt_PT","og_type":"article","og_title":"Como \u00e9 produzido o hidrog\u00e9nio - Pietro Fiorentini","og_description":"O hidrog\u00e9nio \u00e9 designado por diferentes nomes, dependendo da forma como \u00e9 produzido e do impacto ambiental resultante dos processos utilizados para o obter.","og_url":"https:\/\/www.fiorentini-iberia.com\/pt\/especialistas\/hidrogenio\/como-e-produzido-o-hidrogenio\/","og_site_name":"Pietro Fiorentini","article_modified_time":"2024-02-20T18:17:49+00:00","og_image":[{"url":"https:\/\/www.fiorentini-iberia.com\/wp-content\/uploads\/2024\/02\/RENEWABLES_h2_energy-1-1024x429-1.jpg","type":"","width":"","height":""}],"twitter_card":"summary_large_image","twitter_site":"@FiorentiniSpa","twitter_misc":{"Est. reading time":"5 minutes"},"schema":{"@context":"https:\/\/schema.org","@graph":[{"@type":"WebPage","@id":"https:\/\/www.fiorentini-iberia.com\/pt\/especialistas\/hidrogenio\/como-e-produzido-o-hidrogenio\/","url":"https:\/\/www.fiorentini-iberia.com\/pt\/especialistas\/hidrogenio\/como-e-produzido-o-hidrogenio\/","name":"Como \u00e9 produzido o hidrog\u00e9nio - Pietro Fiorentini","isPartOf":{"@id":"https:\/\/www.fiorentini-iberia.com\/pt\/#website"},"primaryImageOfPage":{"@id":"https:\/\/www.fiorentini-iberia.com\/pt\/especialistas\/hidrogenio\/como-e-produzido-o-hidrogenio\/#primaryimage"},"image":{"@id":"https:\/\/www.fiorentini-iberia.com\/pt\/especialistas\/hidrogenio\/como-e-produzido-o-hidrogenio\/#primaryimage"},"thumbnailUrl":"https:\/\/www.fiorentini-iberia.com\/wp-content\/uploads\/2024\/02\/RENEWABLES_h2_energy-1-1024x429-1.jpg","datePublished":"2024-02-20T16:44:39+00:00","dateModified":"2024-02-20T18:17:49+00:00","description":"O hidrog\u00e9nio \u00e9 designado por diferentes nomes, dependendo da forma como \u00e9 produzido e do impacto ambiental resultante dos processos utilizados para o obter.","breadcrumb":{"@id":"https:\/\/www.fiorentini-iberia.com\/pt\/especialistas\/hidrogenio\/como-e-produzido-o-hidrogenio\/#breadcrumb"},"inLanguage":"pt-PTD","potentialAction":[{"@type":"ReadAction","target":["https:\/\/www.fiorentini-iberia.com\/pt\/especialistas\/hidrogenio\/como-e-produzido-o-hidrogenio\/"]}]},{"@type":"ImageObject","inLanguage":"pt-PTD","@id":"https:\/\/www.fiorentini-iberia.com\/pt\/especialistas\/hidrogenio\/como-e-produzido-o-hidrogenio\/#primaryimage","url":"https:\/\/www.fiorentini-iberia.com\/wp-content\/uploads\/2024\/02\/RENEWABLES_h2_energy-1-1024x429-1.jpg","contentUrl":"https:\/\/www.fiorentini-iberia.com\/wp-content\/uploads\/2024\/02\/RENEWABLES_h2_energy-1-1024x429-1.jpg"},{"@type":"BreadcrumbList","@id":"https:\/\/www.fiorentini-iberia.com\/pt\/especialistas\/hidrogenio\/como-e-produzido-o-hidrogenio\/#breadcrumb","itemListElement":[{"@type":"ListItem","position":1,"name":"Home","item":"https:\/\/www.fiorentini-iberia.com\/pt\/"},{"@type":"ListItem","position":2,"name":"Especialistas","item":"https:\/\/www.fiorentini-iberia.com\/pt\/especialistas\/"},{"@type":"ListItem","position":3,"name":"Hidrog\u00e9nio","item":"https:\/\/www.fiorentini-iberia.com\/pt\/especialistas\/hidrogenio\/"},{"@type":"ListItem","position":4,"name":"Como \u00e9 produzido o hidrog\u00e9nio"}]},{"@type":"WebSite","@id":"https:\/\/www.fiorentini-iberia.com\/pt\/#website","url":"https:\/\/www.fiorentini-iberia.com\/pt\/","name":"Pietro Fiorentini Iberia","description":"Pietro Fiorentini dise\u00f1a y fabrica componentes, sistemas y servicios para la regulaci\u00f3n, medici\u00f3n, gesti\u00f3n de redes de agua, energ\u00edas renovables, petr\u00f3leo y el gas natural, con sistemas adaptados 100% al hidr\u00f3geno.","publisher":{"@id":"https:\/\/www.fiorentini-iberia.com\/pt\/#organization"},"potentialAction":[{"@type":"SearchAction","target":{"@type":"EntryPoint","urlTemplate":"https:\/\/www.fiorentini-iberia.com\/pt\/?s={search_term_string}"},"query-input":{"@type":"PropertyValueSpecification","valueRequired":true,"valueName":"search_term_string"}}],"inLanguage":"pt-PTD"},{"@type":"Organization","@id":"https:\/\/www.fiorentini-iberia.com\/pt\/#organization","name":"Pietro Fiorentini Iberia","url":"https:\/\/www.fiorentini-iberia.com\/pt\/","logo":{"@type":"ImageObject","inLanguage":"pt-PTD","@id":"https:\/\/www.fiorentini-iberia.com\/pt\/#\/schema\/logo\/image\/","url":"https:\/\/www.fiorentini-iberia.com\/wp-content\/uploads\/2020\/11\/logo.svg","contentUrl":"https:\/\/www.fiorentini-iberia.com\/wp-content\/uploads\/2020\/11\/logo.svg","width":227,"height":59,"caption":"Pietro Fiorentini Iberia"},"image":{"@id":"https:\/\/www.fiorentini-iberia.com\/pt\/#\/schema\/logo\/image\/"},"sameAs":["https:\/\/x.com\/FiorentiniSpa","https:\/\/www.linkedin.com\/company\/pietro-fiorentini-iberia\/"]}]}},"_links":{"self":[{"href":"https:\/\/www.fiorentini-iberia.com\/pt\/wp-json\/wp\/v2\/pages\/48981","targetHints":{"allow":["GET"]}}],"collection":[{"href":"https:\/\/www.fiorentini-iberia.com\/pt\/wp-json\/wp\/v2\/pages"}],"about":[{"href":"https:\/\/www.fiorentini-iberia.com\/pt\/wp-json\/wp\/v2\/types\/page"}],"author":[{"embeddable":true,"href":"https:\/\/www.fiorentini-iberia.com\/pt\/wp-json\/wp\/v2\/users\/15"}],"replies":[{"embeddable":true,"href":"https:\/\/www.fiorentini-iberia.com\/pt\/wp-json\/wp\/v2\/comments?post=48981"}],"version-history":[{"count":3,"href":"https:\/\/www.fiorentini-iberia.com\/pt\/wp-json\/wp\/v2\/pages\/48981\/revisions"}],"predecessor-version":[{"id":49003,"href":"https:\/\/www.fiorentini-iberia.com\/pt\/wp-json\/wp\/v2\/pages\/48981\/revisions\/49003"}],"up":[{"embeddable":true,"href":"https:\/\/www.fiorentini-iberia.com\/pt\/wp-json\/wp\/v2\/pages\/48278"}],"wp:attachment":[{"href":"https:\/\/www.fiorentini-iberia.com\/pt\/wp-json\/wp\/v2\/media?parent=48981"}],"curies":[{"name":"wp","href":"https:\/\/api.w.org\/{rel}","templated":true}]}}