{"id":49057,"date":"2024-02-21T11:43:43","date_gmt":"2024-02-21T10:43:43","guid":{"rendered":"https:\/\/www.fiorentini-iberia.com\/especialistas\/power-to-gas\/soluciones-completas-de-power-to-gas\/"},"modified":"2024-03-14T11:59:45","modified_gmt":"2024-03-14T10:59:45","slug":"solucoes-completas-de-energia-para-gas-da-pietro-fiorentini","status":"publish","type":"page","link":"https:\/\/www.fiorentini-iberia.com\/pt\/especialistas\/power-to-gas\/solucoes-completas-de-energia-para-gas-da-pietro-fiorentini\/","title":{"rendered":"Solu\u00e7\u00f5es completas de energia para g\u00e1s da Pietro Fiorentini"},"content":{"rendered":"\n<p>80 anos de experi\u00eancia no processamento de g\u00e1s natural, combinados com o nosso compromisso com o processo de descarboniza\u00e7\u00e3o, levaram-nos a desenvolver solu\u00e7\u00f5es completas de energia para g\u00e1s. <strong>Desde os sistemas de inje\u00e7\u00e3o p\u00f3s-mistura de hidrog\u00e9nio puro at\u00e9 ao desenvolvimento de solu\u00e7\u00f5es de rede prontas para o hidrog\u00e9nio<\/strong>, contribu\u00edmos para o desenvolvimento das infra-estruturas necess\u00e1rias para ultrapassar os constrangimentos tecnol\u00f3gicos que limitam a introdu\u00e7\u00e3o de gases verdes.<\/p>\n\n\n\n<p>Para al\u00e9m das solu\u00e7\u00f5es <strong>power-to-methane<\/strong>, que equilibram este esfor\u00e7o tornando o g\u00e1s verde produzido totalmente compat\u00edvel com as infra-estruturas relevantes desde o in\u00edcio, a Pietro Fiorentini alargou recentemente a sua oferta de servi\u00e7os a <strong>sistemas alternativos de metana\u00e7\u00e3o biol\u00f3gica <\/strong>concebidos para responder \u00e0s necessidades de <strong>produ\u00e7\u00e3o de energia renov\u00e1vel em pequenas e m\u00e9dias instala\u00e7\u00f5es<\/strong>.<\/p>\n\n\n\n<ol class=\"wp-block-list\">\n<li><strong><a href=\"#biomethanation-systems\">Sistemas de biometana\u00e7\u00e3o<\/a><\/strong><\/li>\n\n\n\n<li><strong><a href=\"#pietro-fiorentinis-commitment-to-energy-transition\">O empenhamento de Pietro Fiorentini na transi\u00e7\u00e3o energ\u00e9tica<\/a><\/strong><\/li>\n<\/ol>\n\n\n\n<h3 class=\"wp-block-heading\" id=\"biomethanation-systems\">&nbsp;<br>Sistemas de biometana\u00e7\u00e3o<\/h3>\n\n\n\n<p>No <strong>processo de biometana\u00e7\u00e3o<\/strong>, milhares de milh\u00f5es de <strong>microrganismos metanog\u00e9nicos chamados Archaea<\/strong> metabolizam o hidrog\u00e9nio e o di\u00f3xido de carbono em metano e \u00e1gua num ambiente anaer\u00f3bico.<\/p>\n\n\n\n<p>Este processo \u00e9 particularmente adequado quando \u00e9 necess\u00e1ria uma forte reatividade, como no caso da <strong>convers\u00e3o de energia em g\u00e1s<\/strong>, e nos casos em que os gases contaminados s\u00e3o processados com tecnologias tradicionais que exigiriam um pr\u00e9-tratamento para evitar o envenenamento dos catalisadores.<\/p>\n\n\n\n<p>A biometana\u00e7\u00e3o permite igualmente explorar as sinergias entre as instala\u00e7\u00f5es de produ\u00e7\u00e3o de g\u00e1s para energia e as instala\u00e7\u00f5es de <strong>digest\u00e3o anaer\u00f3bia do biog\u00e1s<\/strong>, uma vez que as lamas presentes podem servir de alimento \u00e0s arqueias.<\/p>\n\n\n\n<p>S\u00e3o <strong>solu\u00e7\u00f5es inovadoras<\/strong> que refor\u00e7am o empenho da Pietro Fiorentini na <strong>produ\u00e7\u00e3o de mol\u00e9culas verdes<\/strong>: os nossos sistemas de convers\u00e3o de biog\u00e1s em biometano, as solu\u00e7\u00f5es descentralizadas de inje\u00e7\u00e3o de g\u00e1s na rede e o BiRemi\u2122 j\u00e1 lan\u00e7aram e continuam a apoiar a <strong>moderniza\u00e7\u00e3o das infra-estruturas <\/strong>concebidas em fun\u00e7\u00e3o das necessidades de transporte e distribui\u00e7\u00e3o de g\u00e1s verde.<br>&nbsp;<\/p>\n\n\n\n<h3 class=\"wp-block-heading\" id=\"pietro-fiorentinis-commitment-to-energy-transition\">O empenhamento de Pietro Fiorentini na transi\u00e7\u00e3o energ\u00e9tica<\/h3>\n\n\n\n<p>A convers\u00e3o de energia em g\u00e1s \u00e9 atualmente uma das tecnologias mais promissoras para <strong>facilitar a<\/strong> <strong>transi\u00e7\u00e3o energ\u00e9tica<\/strong> e cumprir o <strong><a href=\"https:\/\/ec.europa.eu\/info\/strategy\/priorities-2019-2024\/european-green-deal_en\" target=\"_blank\" rel=\"noreferrer noopener\">Pacto Ecol\u00f3gico<\/a><\/strong> assinado pela Uni\u00e3o Europeia, que prev\u00ea zero emiss\u00f5es l\u00edquidas de gases com efeito de estufa at\u00e9 2050, com objectivos interm\u00e9dios extremamente exigentes para 2030.<\/p>\n\n\n\n<p>De facto, a utiliza\u00e7\u00e3o das infraestruturas de g\u00e1s existentes permitir\u00e1 a disponibiliza\u00e7\u00e3o generalizada de grandes quantidades de energia. Uma viagem rumo a <strong>sistemas de g\u00e1s descarbonizados e desfossilizados<\/strong> integrados em infra-estruturas energ\u00e9ticas que ser\u00e3o hol\u00edsticas, de acordo com a vis\u00e3o de Pietro Fiorentini. Assim, n\u00e3o incluir\u00e1 apenas instala\u00e7\u00f5es e tecnologias de tratamento de g\u00e1s, mas projectos capazes de englobar todas as solu\u00e7\u00f5es necess\u00e1rias para alcan\u00e7ar a <strong>resili\u00eancia do sistema<\/strong> num \u00fanico ambiente e responder \u00e0s novas exig\u00eancias de equil\u00edbrio entre a oferta e a procura de energia.<\/p>\n","protected":false},"excerpt":{"rendered":"<p>80 anos de experi\u00eancia no processamento de g\u00e1s natural, combinados com o nosso compromisso com o processo de descarboniza\u00e7\u00e3o, levaram-nos a desenvolver solu\u00e7\u00f5es completas que v\u00e3o desde a convers\u00e3o de eletricidade em metano, para converter eletricidade em g\u00e1s verde compat\u00edvel com as infra-estruturas correspondentes, at\u00e9 \u00e0s instala\u00e7\u00f5es de metaniza\u00e7\u00e3o biol\u00f3gica.<\/p>\n","protected":false},"author":15,"featured_media":0,"parent":48303,"menu_order":0,"comment_status":"closed","ping_status":"closed","template":"template-expertise-post.php","meta":{"_acf_changed":false,"inline_featured_image":false,"footnotes":""},"class_list":["post-49057","page","type-page","status-publish","hentry"],"acf":[],"yoast_head":"<!-- This site is optimized with the Yoast SEO plugin v27.2 - https:\/\/yoast.com\/product\/yoast-seo-wordpress\/ -->\n<title>Solu\u00e7\u00f5es completas de energia para g\u00e1s da Pietro Fiorentini - Pietro Fiorentini<\/title>\n<meta name=\"description\" content=\"A Pietro Fiorentini alargou recentemente a sua gama de servi\u00e7os aos sistemas alternativos de metaniza\u00e7\u00e3o biol\u00f3gica.\" \/>\n<meta name=\"robots\" content=\"index, follow, max-snippet:-1, max-image-preview:large, max-video-preview:-1\" \/>\n<link rel=\"canonical\" href=\"https:\/\/www.fiorentini-iberia.com\/pt\/especialistas\/power-to-gas\/solucoes-completas-de-energia-para-gas-da-pietro-fiorentini\/\" \/>\n<meta property=\"og:locale\" content=\"pt_PT\" \/>\n<meta property=\"og:type\" content=\"article\" \/>\n<meta property=\"og:title\" content=\"Solu\u00e7\u00f5es completas de energia para g\u00e1s da Pietro Fiorentini - Pietro Fiorentini\" \/>\n<meta property=\"og:description\" content=\"A Pietro Fiorentini alargou recentemente a sua gama de servi\u00e7os aos sistemas alternativos de metaniza\u00e7\u00e3o biol\u00f3gica.\" \/>\n<meta property=\"og:url\" content=\"https:\/\/www.fiorentini-iberia.com\/pt\/especialistas\/power-to-gas\/solucoes-completas-de-energia-para-gas-da-pietro-fiorentini\/\" \/>\n<meta property=\"og:site_name\" content=\"Pietro Fiorentini\" \/>\n<meta property=\"article:modified_time\" content=\"2024-03-14T10:59:45+00:00\" \/>\n<meta name=\"twitter:card\" content=\"summary_large_image\" \/>\n<meta name=\"twitter:site\" content=\"@FiorentiniSpa\" \/>\n<meta name=\"twitter:label1\" content=\"Est. reading time\" \/>\n\t<meta name=\"twitter:data1\" content=\"3 minutes\" \/>\n<script type=\"application\/ld+json\" class=\"yoast-schema-graph\">{\"@context\":\"https:\/\/schema.org\",\"@graph\":[{\"@type\":\"WebPage\",\"@id\":\"https:\/\/www.fiorentini-iberia.com\/pt\/especialistas\/power-to-gas\/solucoes-completas-de-energia-para-gas-da-pietro-fiorentini\/\",\"url\":\"https:\/\/www.fiorentini-iberia.com\/pt\/especialistas\/power-to-gas\/solucoes-completas-de-energia-para-gas-da-pietro-fiorentini\/\",\"name\":\"Solu\u00e7\u00f5es completas de energia para g\u00e1s da Pietro Fiorentini - Pietro Fiorentini\",\"isPartOf\":{\"@id\":\"https:\/\/www.fiorentini-iberia.com\/pt\/#website\"},\"datePublished\":\"2024-02-21T10:43:43+00:00\",\"dateModified\":\"2024-03-14T10:59:45+00:00\",\"description\":\"A Pietro Fiorentini alargou recentemente a sua gama de servi\u00e7os aos sistemas alternativos de metaniza\u00e7\u00e3o biol\u00f3gica.\",\"breadcrumb\":{\"@id\":\"https:\/\/www.fiorentini-iberia.com\/pt\/especialistas\/power-to-gas\/solucoes-completas-de-energia-para-gas-da-pietro-fiorentini\/#breadcrumb\"},\"inLanguage\":\"pt-PTD\",\"potentialAction\":[{\"@type\":\"ReadAction\",\"target\":[\"https:\/\/www.fiorentini-iberia.com\/pt\/especialistas\/power-to-gas\/solucoes-completas-de-energia-para-gas-da-pietro-fiorentini\/\"]}]},{\"@type\":\"BreadcrumbList\",\"@id\":\"https:\/\/www.fiorentini-iberia.com\/pt\/especialistas\/power-to-gas\/solucoes-completas-de-energia-para-gas-da-pietro-fiorentini\/#breadcrumb\",\"itemListElement\":[{\"@type\":\"ListItem\",\"position\":1,\"name\":\"Home\",\"item\":\"https:\/\/www.fiorentini-iberia.com\/pt\/\"},{\"@type\":\"ListItem\",\"position\":2,\"name\":\"Especialistas\",\"item\":\"https:\/\/www.fiorentini-iberia.com\/pt\/especialistas\/\"},{\"@type\":\"ListItem\",\"position\":3,\"name\":\"Power-to-gas\",\"item\":\"https:\/\/www.fiorentini-iberia.com\/pt\/especialistas\/power-to-gas\/\"},{\"@type\":\"ListItem\",\"position\":4,\"name\":\"Solu\u00e7\u00f5es completas de energia para g\u00e1s da Pietro Fiorentini\"}]},{\"@type\":\"WebSite\",\"@id\":\"https:\/\/www.fiorentini-iberia.com\/pt\/#website\",\"url\":\"https:\/\/www.fiorentini-iberia.com\/pt\/\",\"name\":\"Pietro Fiorentini Iberia\",\"description\":\"Pietro Fiorentini dise\u00f1a y fabrica componentes, sistemas y servicios para la regulaci\u00f3n, medici\u00f3n, gesti\u00f3n de redes de agua, energ\u00edas renovables, petr\u00f3leo y el gas natural, con sistemas adaptados 100% al hidr\u00f3geno.\",\"publisher\":{\"@id\":\"https:\/\/www.fiorentini-iberia.com\/pt\/#organization\"},\"potentialAction\":[{\"@type\":\"SearchAction\",\"target\":{\"@type\":\"EntryPoint\",\"urlTemplate\":\"https:\/\/www.fiorentini-iberia.com\/pt\/?s={search_term_string}\"},\"query-input\":{\"@type\":\"PropertyValueSpecification\",\"valueRequired\":true,\"valueName\":\"search_term_string\"}}],\"inLanguage\":\"pt-PTD\"},{\"@type\":\"Organization\",\"@id\":\"https:\/\/www.fiorentini-iberia.com\/pt\/#organization\",\"name\":\"Pietro Fiorentini Iberia\",\"url\":\"https:\/\/www.fiorentini-iberia.com\/pt\/\",\"logo\":{\"@type\":\"ImageObject\",\"inLanguage\":\"pt-PTD\",\"@id\":\"https:\/\/www.fiorentini-iberia.com\/pt\/#\/schema\/logo\/image\/\",\"url\":\"https:\/\/www.fiorentini-iberia.com\/wp-content\/uploads\/2020\/11\/logo.svg\",\"contentUrl\":\"https:\/\/www.fiorentini-iberia.com\/wp-content\/uploads\/2020\/11\/logo.svg\",\"width\":227,\"height\":59,\"caption\":\"Pietro Fiorentini Iberia\"},\"image\":{\"@id\":\"https:\/\/www.fiorentini-iberia.com\/pt\/#\/schema\/logo\/image\/\"},\"sameAs\":[\"https:\/\/x.com\/FiorentiniSpa\",\"https:\/\/www.linkedin.com\/company\/pietro-fiorentini-iberia\/\"]}]}<\/script>\n<!-- \/ Yoast SEO plugin. -->","yoast_head_json":{"title":"Solu\u00e7\u00f5es completas de energia para g\u00e1s da Pietro Fiorentini - Pietro Fiorentini","description":"A Pietro Fiorentini alargou recentemente a sua gama de servi\u00e7os aos sistemas alternativos de metaniza\u00e7\u00e3o biol\u00f3gica.","robots":{"index":"index","follow":"follow","max-snippet":"max-snippet:-1","max-image-preview":"max-image-preview:large","max-video-preview":"max-video-preview:-1"},"canonical":"https:\/\/www.fiorentini-iberia.com\/pt\/especialistas\/power-to-gas\/solucoes-completas-de-energia-para-gas-da-pietro-fiorentini\/","og_locale":"pt_PT","og_type":"article","og_title":"Solu\u00e7\u00f5es completas de energia para g\u00e1s da Pietro Fiorentini - Pietro Fiorentini","og_description":"A Pietro Fiorentini alargou recentemente a sua gama de servi\u00e7os aos sistemas alternativos de metaniza\u00e7\u00e3o biol\u00f3gica.","og_url":"https:\/\/www.fiorentini-iberia.com\/pt\/especialistas\/power-to-gas\/solucoes-completas-de-energia-para-gas-da-pietro-fiorentini\/","og_site_name":"Pietro Fiorentini","article_modified_time":"2024-03-14T10:59:45+00:00","twitter_card":"summary_large_image","twitter_site":"@FiorentiniSpa","twitter_misc":{"Est. reading time":"3 minutes"},"schema":{"@context":"https:\/\/schema.org","@graph":[{"@type":"WebPage","@id":"https:\/\/www.fiorentini-iberia.com\/pt\/especialistas\/power-to-gas\/solucoes-completas-de-energia-para-gas-da-pietro-fiorentini\/","url":"https:\/\/www.fiorentini-iberia.com\/pt\/especialistas\/power-to-gas\/solucoes-completas-de-energia-para-gas-da-pietro-fiorentini\/","name":"Solu\u00e7\u00f5es completas de energia para g\u00e1s da Pietro Fiorentini - Pietro Fiorentini","isPartOf":{"@id":"https:\/\/www.fiorentini-iberia.com\/pt\/#website"},"datePublished":"2024-02-21T10:43:43+00:00","dateModified":"2024-03-14T10:59:45+00:00","description":"A Pietro Fiorentini alargou recentemente a sua gama de servi\u00e7os aos sistemas alternativos de metaniza\u00e7\u00e3o biol\u00f3gica.","breadcrumb":{"@id":"https:\/\/www.fiorentini-iberia.com\/pt\/especialistas\/power-to-gas\/solucoes-completas-de-energia-para-gas-da-pietro-fiorentini\/#breadcrumb"},"inLanguage":"pt-PTD","potentialAction":[{"@type":"ReadAction","target":["https:\/\/www.fiorentini-iberia.com\/pt\/especialistas\/power-to-gas\/solucoes-completas-de-energia-para-gas-da-pietro-fiorentini\/"]}]},{"@type":"BreadcrumbList","@id":"https:\/\/www.fiorentini-iberia.com\/pt\/especialistas\/power-to-gas\/solucoes-completas-de-energia-para-gas-da-pietro-fiorentini\/#breadcrumb","itemListElement":[{"@type":"ListItem","position":1,"name":"Home","item":"https:\/\/www.fiorentini-iberia.com\/pt\/"},{"@type":"ListItem","position":2,"name":"Especialistas","item":"https:\/\/www.fiorentini-iberia.com\/pt\/especialistas\/"},{"@type":"ListItem","position":3,"name":"Power-to-gas","item":"https:\/\/www.fiorentini-iberia.com\/pt\/especialistas\/power-to-gas\/"},{"@type":"ListItem","position":4,"name":"Solu\u00e7\u00f5es completas de energia para g\u00e1s da Pietro Fiorentini"}]},{"@type":"WebSite","@id":"https:\/\/www.fiorentini-iberia.com\/pt\/#website","url":"https:\/\/www.fiorentini-iberia.com\/pt\/","name":"Pietro Fiorentini Iberia","description":"Pietro Fiorentini dise\u00f1a y fabrica componentes, sistemas y servicios para la regulaci\u00f3n, medici\u00f3n, gesti\u00f3n de redes de agua, energ\u00edas renovables, petr\u00f3leo y el gas natural, con sistemas adaptados 100% al hidr\u00f3geno.","publisher":{"@id":"https:\/\/www.fiorentini-iberia.com\/pt\/#organization"},"potentialAction":[{"@type":"SearchAction","target":{"@type":"EntryPoint","urlTemplate":"https:\/\/www.fiorentini-iberia.com\/pt\/?s={search_term_string}"},"query-input":{"@type":"PropertyValueSpecification","valueRequired":true,"valueName":"search_term_string"}}],"inLanguage":"pt-PTD"},{"@type":"Organization","@id":"https:\/\/www.fiorentini-iberia.com\/pt\/#organization","name":"Pietro Fiorentini Iberia","url":"https:\/\/www.fiorentini-iberia.com\/pt\/","logo":{"@type":"ImageObject","inLanguage":"pt-PTD","@id":"https:\/\/www.fiorentini-iberia.com\/pt\/#\/schema\/logo\/image\/","url":"https:\/\/www.fiorentini-iberia.com\/wp-content\/uploads\/2020\/11\/logo.svg","contentUrl":"https:\/\/www.fiorentini-iberia.com\/wp-content\/uploads\/2020\/11\/logo.svg","width":227,"height":59,"caption":"Pietro Fiorentini Iberia"},"image":{"@id":"https:\/\/www.fiorentini-iberia.com\/pt\/#\/schema\/logo\/image\/"},"sameAs":["https:\/\/x.com\/FiorentiniSpa","https:\/\/www.linkedin.com\/company\/pietro-fiorentini-iberia\/"]}]}},"_links":{"self":[{"href":"https:\/\/www.fiorentini-iberia.com\/pt\/wp-json\/wp\/v2\/pages\/49057","targetHints":{"allow":["GET"]}}],"collection":[{"href":"https:\/\/www.fiorentini-iberia.com\/pt\/wp-json\/wp\/v2\/pages"}],"about":[{"href":"https:\/\/www.fiorentini-iberia.com\/pt\/wp-json\/wp\/v2\/types\/page"}],"author":[{"embeddable":true,"href":"https:\/\/www.fiorentini-iberia.com\/pt\/wp-json\/wp\/v2\/users\/15"}],"replies":[{"embeddable":true,"href":"https:\/\/www.fiorentini-iberia.com\/pt\/wp-json\/wp\/v2\/comments?post=49057"}],"version-history":[{"count":3,"href":"https:\/\/www.fiorentini-iberia.com\/pt\/wp-json\/wp\/v2\/pages\/49057\/revisions"}],"predecessor-version":[{"id":50329,"href":"https:\/\/www.fiorentini-iberia.com\/pt\/wp-json\/wp\/v2\/pages\/49057\/revisions\/50329"}],"up":[{"embeddable":true,"href":"https:\/\/www.fiorentini-iberia.com\/pt\/wp-json\/wp\/v2\/pages\/48303"}],"wp:attachment":[{"href":"https:\/\/www.fiorentini-iberia.com\/pt\/wp-json\/wp\/v2\/media?parent=49057"}],"curies":[{"name":"wp","href":"https:\/\/api.w.org\/{rel}","templated":true}]}}