{"id":49153,"date":"2024-02-21T16:15:11","date_gmt":"2024-02-21T15:15:11","guid":{"rendered":"https:\/\/www.fiorentini-iberia.com\/especialistas\/redes-de-gas-inteligentes\/redes-digitalizadas-y-sostenibles-para-la-distribucion-de-gas\/"},"modified":"2024-02-21T16:57:23","modified_gmt":"2024-02-21T15:57:23","slug":"redes-de-distribuicao-de-gas-digitalizadas-e-sustentaveis","status":"publish","type":"page","link":"https:\/\/www.fiorentini-iberia.com\/pt\/especialistas\/redes-de-gas-inteligentes\/redes-de-distribuicao-de-gas-digitalizadas-e-sustentaveis\/","title":{"rendered":"Redes de distribui\u00e7\u00e3o de g\u00e1s digitalizadas e sustent\u00e1veis"},"content":{"rendered":"\n<p>H\u00e1 anos que Pietro Fiorentini investiga e desenvolve ativamente novas solu\u00e7\u00f5es que podem ser utilizadas em redes inteligentes, especialmente para o g\u00e1s natural.<\/p>\n\n\n\n<p>As <strong>actuais redes de distribui\u00e7\u00e3o de g\u00e1s<\/strong> t\u00eam uma limita\u00e7\u00e3o importante: <strong>est\u00e3o sujeitas a fugas previstas<\/strong>, especialmente nos pontos de jun\u00e7\u00e3o entre tubos e v\u00e1lvulas, quando ocorrem danos acidentais devido a trabalhos de escava\u00e7\u00e3o ou a ve\u00edculos que bloqueiam uma liga\u00e7\u00e3o, ou devido \u00e0 corros\u00e3o de tubos com prote\u00e7\u00e3o cat\u00f3dica insuficiente.<\/p>\n\n\n\n<p>As fugas s\u00e3o diretamente proporcionais \u00e0 press\u00e3o a que o g\u00e1s \u00e9 mantido para garantir padr\u00f5es de servi\u00e7o adequados nos pontos de entrega e s\u00e3o particularmente <strong>prejudiciais do ponto de vista ambiental<\/strong>. De facto, quando queimado, o g\u00e1s natural \u00e9 o combust\u00edvel f\u00f3ssil com o menor impacto ambiental dos atualmente dispon\u00edveis. No entanto, se for libertado para a atmosfera sem ser queimado, \u00e9 muito mais prejudicial do que o CO<sub>2<\/sub>.<\/p>\n\n\n\n<p>Distribuir o g\u00e1s natural atrav\u00e9s de redes sustent\u00e1veis e inteligentes significa, portanto, conceber sistemas que se caracterizam por:<\/p>\n\n\n\n<ul class=\"wp-block-list\">\n<li><strong>flexibilidade<\/strong> na gest\u00e3o de fluxos provenientes de diferentes recursos em m\u00faltiplos pontos de inje\u00e7\u00e3o e com diferentes propriedades;<\/li>\n\n\n\n<li>a <strong>capacidade de manter o equil\u00edbrio<\/strong> em redes descentralizadas com fluxos bidireccionais;<\/li>\n\n\n\n<li><strong>resili\u00eancia<\/strong>.<\/li>\n<\/ul>\n","protected":false},"excerpt":{"rendered":"<p>A distribui\u00e7\u00e3o de g\u00e1s natural atrav\u00e9s de redes sustent\u00e1veis e inteligentes implica a conce\u00e7\u00e3o de sistemas que se caracterizam pela flexibilidade na gest\u00e3o do fluxo, pela capacidade de manter o equil\u00edbrio em redes descentralizadas com fluxos bidireccionais e pela resili\u00eancia dos pr\u00f3prios sistemas.<\/p>\n","protected":false},"author":15,"featured_media":0,"parent":48325,"menu_order":0,"comment_status":"closed","ping_status":"closed","template":"template-expertise-post.php","meta":{"_acf_changed":false,"inline_featured_image":false,"footnotes":""},"class_list":["post-49153","page","type-page","status-publish","hentry"],"acf":[],"yoast_head":"<!-- This site is optimized with the Yoast SEO plugin v27.2 - https:\/\/yoast.com\/product\/yoast-seo-wordpress\/ -->\n<title>Redes de distribui\u00e7\u00e3o de g\u00e1s digitalizadas e sustent\u00e1veis - Pietro Fiorentini<\/title>\n<meta name=\"description\" content=\"H\u00e1 anos que Pietro Fiorentini investiga e desenvolve novas solu\u00e7\u00f5es para redes inteligentes, especialmente para o g\u00e1s natural.\" \/>\n<meta name=\"robots\" content=\"index, follow, max-snippet:-1, max-image-preview:large, max-video-preview:-1\" \/>\n<link rel=\"canonical\" href=\"https:\/\/www.fiorentini-iberia.com\/pt\/especialistas\/redes-de-gas-inteligentes\/redes-de-distribuicao-de-gas-digitalizadas-e-sustentaveis\/\" \/>\n<meta property=\"og:locale\" content=\"pt_PT\" \/>\n<meta property=\"og:type\" content=\"article\" \/>\n<meta property=\"og:title\" content=\"Redes de distribui\u00e7\u00e3o de g\u00e1s digitalizadas e sustent\u00e1veis - Pietro Fiorentini\" \/>\n<meta property=\"og:description\" content=\"H\u00e1 anos que Pietro Fiorentini investiga e desenvolve novas solu\u00e7\u00f5es para redes inteligentes, especialmente para o g\u00e1s natural.\" \/>\n<meta property=\"og:url\" content=\"https:\/\/www.fiorentini-iberia.com\/pt\/especialistas\/redes-de-gas-inteligentes\/redes-de-distribuicao-de-gas-digitalizadas-e-sustentaveis\/\" \/>\n<meta property=\"og:site_name\" content=\"Pietro Fiorentini\" \/>\n<meta property=\"article:modified_time\" content=\"2024-02-21T15:57:23+00:00\" \/>\n<meta name=\"twitter:card\" content=\"summary_large_image\" \/>\n<meta name=\"twitter:site\" content=\"@FiorentiniSpa\" \/>\n<meta name=\"twitter:label1\" content=\"Est. reading time\" \/>\n\t<meta name=\"twitter:data1\" content=\"1 minute\" \/>\n<script type=\"application\/ld+json\" class=\"yoast-schema-graph\">{\"@context\":\"https:\/\/schema.org\",\"@graph\":[{\"@type\":\"WebPage\",\"@id\":\"https:\/\/www.fiorentini-iberia.com\/pt\/especialistas\/redes-de-gas-inteligentes\/redes-de-distribuicao-de-gas-digitalizadas-e-sustentaveis\/\",\"url\":\"https:\/\/www.fiorentini-iberia.com\/pt\/especialistas\/redes-de-gas-inteligentes\/redes-de-distribuicao-de-gas-digitalizadas-e-sustentaveis\/\",\"name\":\"Redes de distribui\u00e7\u00e3o de g\u00e1s digitalizadas e sustent\u00e1veis - Pietro Fiorentini\",\"isPartOf\":{\"@id\":\"https:\/\/www.fiorentini-iberia.com\/pt\/#website\"},\"datePublished\":\"2024-02-21T15:15:11+00:00\",\"dateModified\":\"2024-02-21T15:57:23+00:00\",\"description\":\"H\u00e1 anos que Pietro Fiorentini investiga e desenvolve novas solu\u00e7\u00f5es para redes inteligentes, especialmente para o g\u00e1s natural.\",\"breadcrumb\":{\"@id\":\"https:\/\/www.fiorentini-iberia.com\/pt\/especialistas\/redes-de-gas-inteligentes\/redes-de-distribuicao-de-gas-digitalizadas-e-sustentaveis\/#breadcrumb\"},\"inLanguage\":\"pt-PTD\",\"potentialAction\":[{\"@type\":\"ReadAction\",\"target\":[\"https:\/\/www.fiorentini-iberia.com\/pt\/especialistas\/redes-de-gas-inteligentes\/redes-de-distribuicao-de-gas-digitalizadas-e-sustentaveis\/\"]}]},{\"@type\":\"BreadcrumbList\",\"@id\":\"https:\/\/www.fiorentini-iberia.com\/pt\/especialistas\/redes-de-gas-inteligentes\/redes-de-distribuicao-de-gas-digitalizadas-e-sustentaveis\/#breadcrumb\",\"itemListElement\":[{\"@type\":\"ListItem\",\"position\":1,\"name\":\"Home\",\"item\":\"https:\/\/www.fiorentini-iberia.com\/pt\/\"},{\"@type\":\"ListItem\",\"position\":2,\"name\":\"Especialistas\",\"item\":\"https:\/\/www.fiorentini-iberia.com\/pt\/especialistas\/\"},{\"@type\":\"ListItem\",\"position\":3,\"name\":\"Redes de g\u00e1s inteligentes\",\"item\":\"https:\/\/www.fiorentini-iberia.com\/pt\/especialistas\/redes-de-gas-inteligentes\/\"},{\"@type\":\"ListItem\",\"position\":4,\"name\":\"Redes de distribui\u00e7\u00e3o de g\u00e1s digitalizadas e sustent\u00e1veis\"}]},{\"@type\":\"WebSite\",\"@id\":\"https:\/\/www.fiorentini-iberia.com\/pt\/#website\",\"url\":\"https:\/\/www.fiorentini-iberia.com\/pt\/\",\"name\":\"Pietro Fiorentini Iberia\",\"description\":\"Pietro Fiorentini dise\u00f1a y fabrica componentes, sistemas y servicios para la regulaci\u00f3n, medici\u00f3n, gesti\u00f3n de redes de agua, energ\u00edas renovables, petr\u00f3leo y el gas natural, con sistemas adaptados 100% al hidr\u00f3geno.\",\"publisher\":{\"@id\":\"https:\/\/www.fiorentini-iberia.com\/pt\/#organization\"},\"potentialAction\":[{\"@type\":\"SearchAction\",\"target\":{\"@type\":\"EntryPoint\",\"urlTemplate\":\"https:\/\/www.fiorentini-iberia.com\/pt\/?s={search_term_string}\"},\"query-input\":{\"@type\":\"PropertyValueSpecification\",\"valueRequired\":true,\"valueName\":\"search_term_string\"}}],\"inLanguage\":\"pt-PTD\"},{\"@type\":\"Organization\",\"@id\":\"https:\/\/www.fiorentini-iberia.com\/pt\/#organization\",\"name\":\"Pietro Fiorentini Iberia\",\"url\":\"https:\/\/www.fiorentini-iberia.com\/pt\/\",\"logo\":{\"@type\":\"ImageObject\",\"inLanguage\":\"pt-PTD\",\"@id\":\"https:\/\/www.fiorentini-iberia.com\/pt\/#\/schema\/logo\/image\/\",\"url\":\"https:\/\/www.fiorentini-iberia.com\/wp-content\/uploads\/2020\/11\/logo.svg\",\"contentUrl\":\"https:\/\/www.fiorentini-iberia.com\/wp-content\/uploads\/2020\/11\/logo.svg\",\"width\":227,\"height\":59,\"caption\":\"Pietro Fiorentini Iberia\"},\"image\":{\"@id\":\"https:\/\/www.fiorentini-iberia.com\/pt\/#\/schema\/logo\/image\/\"},\"sameAs\":[\"https:\/\/x.com\/FiorentiniSpa\",\"https:\/\/www.linkedin.com\/company\/pietro-fiorentini-iberia\/\"]}]}<\/script>\n<!-- \/ Yoast SEO plugin. -->","yoast_head_json":{"title":"Redes de distribui\u00e7\u00e3o de g\u00e1s digitalizadas e sustent\u00e1veis - Pietro Fiorentini","description":"H\u00e1 anos que Pietro Fiorentini investiga e desenvolve novas solu\u00e7\u00f5es para redes inteligentes, especialmente para o g\u00e1s natural.","robots":{"index":"index","follow":"follow","max-snippet":"max-snippet:-1","max-image-preview":"max-image-preview:large","max-video-preview":"max-video-preview:-1"},"canonical":"https:\/\/www.fiorentini-iberia.com\/pt\/especialistas\/redes-de-gas-inteligentes\/redes-de-distribuicao-de-gas-digitalizadas-e-sustentaveis\/","og_locale":"pt_PT","og_type":"article","og_title":"Redes de distribui\u00e7\u00e3o de g\u00e1s digitalizadas e sustent\u00e1veis - Pietro Fiorentini","og_description":"H\u00e1 anos que Pietro Fiorentini investiga e desenvolve novas solu\u00e7\u00f5es para redes inteligentes, especialmente para o g\u00e1s natural.","og_url":"https:\/\/www.fiorentini-iberia.com\/pt\/especialistas\/redes-de-gas-inteligentes\/redes-de-distribuicao-de-gas-digitalizadas-e-sustentaveis\/","og_site_name":"Pietro Fiorentini","article_modified_time":"2024-02-21T15:57:23+00:00","twitter_card":"summary_large_image","twitter_site":"@FiorentiniSpa","twitter_misc":{"Est. reading time":"1 minute"},"schema":{"@context":"https:\/\/schema.org","@graph":[{"@type":"WebPage","@id":"https:\/\/www.fiorentini-iberia.com\/pt\/especialistas\/redes-de-gas-inteligentes\/redes-de-distribuicao-de-gas-digitalizadas-e-sustentaveis\/","url":"https:\/\/www.fiorentini-iberia.com\/pt\/especialistas\/redes-de-gas-inteligentes\/redes-de-distribuicao-de-gas-digitalizadas-e-sustentaveis\/","name":"Redes de distribui\u00e7\u00e3o de g\u00e1s digitalizadas e sustent\u00e1veis - Pietro Fiorentini","isPartOf":{"@id":"https:\/\/www.fiorentini-iberia.com\/pt\/#website"},"datePublished":"2024-02-21T15:15:11+00:00","dateModified":"2024-02-21T15:57:23+00:00","description":"H\u00e1 anos que Pietro Fiorentini investiga e desenvolve novas solu\u00e7\u00f5es para redes inteligentes, especialmente para o g\u00e1s natural.","breadcrumb":{"@id":"https:\/\/www.fiorentini-iberia.com\/pt\/especialistas\/redes-de-gas-inteligentes\/redes-de-distribuicao-de-gas-digitalizadas-e-sustentaveis\/#breadcrumb"},"inLanguage":"pt-PTD","potentialAction":[{"@type":"ReadAction","target":["https:\/\/www.fiorentini-iberia.com\/pt\/especialistas\/redes-de-gas-inteligentes\/redes-de-distribuicao-de-gas-digitalizadas-e-sustentaveis\/"]}]},{"@type":"BreadcrumbList","@id":"https:\/\/www.fiorentini-iberia.com\/pt\/especialistas\/redes-de-gas-inteligentes\/redes-de-distribuicao-de-gas-digitalizadas-e-sustentaveis\/#breadcrumb","itemListElement":[{"@type":"ListItem","position":1,"name":"Home","item":"https:\/\/www.fiorentini-iberia.com\/pt\/"},{"@type":"ListItem","position":2,"name":"Especialistas","item":"https:\/\/www.fiorentini-iberia.com\/pt\/especialistas\/"},{"@type":"ListItem","position":3,"name":"Redes de g\u00e1s inteligentes","item":"https:\/\/www.fiorentini-iberia.com\/pt\/especialistas\/redes-de-gas-inteligentes\/"},{"@type":"ListItem","position":4,"name":"Redes de distribui\u00e7\u00e3o de g\u00e1s digitalizadas e sustent\u00e1veis"}]},{"@type":"WebSite","@id":"https:\/\/www.fiorentini-iberia.com\/pt\/#website","url":"https:\/\/www.fiorentini-iberia.com\/pt\/","name":"Pietro Fiorentini Iberia","description":"Pietro Fiorentini dise\u00f1a y fabrica componentes, sistemas y servicios para la regulaci\u00f3n, medici\u00f3n, gesti\u00f3n de redes de agua, energ\u00edas renovables, petr\u00f3leo y el gas natural, con sistemas adaptados 100% al hidr\u00f3geno.","publisher":{"@id":"https:\/\/www.fiorentini-iberia.com\/pt\/#organization"},"potentialAction":[{"@type":"SearchAction","target":{"@type":"EntryPoint","urlTemplate":"https:\/\/www.fiorentini-iberia.com\/pt\/?s={search_term_string}"},"query-input":{"@type":"PropertyValueSpecification","valueRequired":true,"valueName":"search_term_string"}}],"inLanguage":"pt-PTD"},{"@type":"Organization","@id":"https:\/\/www.fiorentini-iberia.com\/pt\/#organization","name":"Pietro Fiorentini Iberia","url":"https:\/\/www.fiorentini-iberia.com\/pt\/","logo":{"@type":"ImageObject","inLanguage":"pt-PTD","@id":"https:\/\/www.fiorentini-iberia.com\/pt\/#\/schema\/logo\/image\/","url":"https:\/\/www.fiorentini-iberia.com\/wp-content\/uploads\/2020\/11\/logo.svg","contentUrl":"https:\/\/www.fiorentini-iberia.com\/wp-content\/uploads\/2020\/11\/logo.svg","width":227,"height":59,"caption":"Pietro Fiorentini Iberia"},"image":{"@id":"https:\/\/www.fiorentini-iberia.com\/pt\/#\/schema\/logo\/image\/"},"sameAs":["https:\/\/x.com\/FiorentiniSpa","https:\/\/www.linkedin.com\/company\/pietro-fiorentini-iberia\/"]}]}},"_links":{"self":[{"href":"https:\/\/www.fiorentini-iberia.com\/pt\/wp-json\/wp\/v2\/pages\/49153","targetHints":{"allow":["GET"]}}],"collection":[{"href":"https:\/\/www.fiorentini-iberia.com\/pt\/wp-json\/wp\/v2\/pages"}],"about":[{"href":"https:\/\/www.fiorentini-iberia.com\/pt\/wp-json\/wp\/v2\/types\/page"}],"author":[{"embeddable":true,"href":"https:\/\/www.fiorentini-iberia.com\/pt\/wp-json\/wp\/v2\/users\/15"}],"replies":[{"embeddable":true,"href":"https:\/\/www.fiorentini-iberia.com\/pt\/wp-json\/wp\/v2\/comments?post=49153"}],"version-history":[{"count":1,"href":"https:\/\/www.fiorentini-iberia.com\/pt\/wp-json\/wp\/v2\/pages\/49153\/revisions"}],"predecessor-version":[{"id":49155,"href":"https:\/\/www.fiorentini-iberia.com\/pt\/wp-json\/wp\/v2\/pages\/49153\/revisions\/49155"}],"up":[{"embeddable":true,"href":"https:\/\/www.fiorentini-iberia.com\/pt\/wp-json\/wp\/v2\/pages\/48325"}],"wp:attachment":[{"href":"https:\/\/www.fiorentini-iberia.com\/pt\/wp-json\/wp\/v2\/media?parent=49153"}],"curies":[{"name":"wp","href":"https:\/\/api.w.org\/{rel}","templated":true}]}}