{"id":50481,"date":"2024-03-15T12:34:27","date_gmt":"2024-03-15T11:34:27","guid":{"rendered":"https:\/\/www.fiorentini-iberia.com\/especialistas\/biometano\/biogas-cogeneration-with-engine\/"},"modified":"2024-03-15T13:13:57","modified_gmt":"2024-03-15T12:13:57","slug":"cogeracao-de-biogas-com-motor","status":"publish","type":"page","link":"https:\/\/www.fiorentini-iberia.com\/pt\/especialistas\/biometano\/cogeracao-de-biogas-com-motor\/","title":{"rendered":"Cogera\u00e7\u00e3o de biog\u00e1s com motor"},"content":{"rendered":"\n<p>A nossa s\u00e9rie de compressores para motores a g\u00e1s CHP distingue-se pela fiabilidade, elevada efici\u00eancia e f\u00e1cil manuten\u00e7\u00e3o, o que os torna perfeitos para o seu projeto de produ\u00e7\u00e3o de energia. Descubra as vantagens \u00fanicas dos <strong>compressores Biokomp<\/strong>, que combinam materiais de alta qualidade e revestimentos especiais para satisfazer os requisitos pesados de uma central el\u00e9ctrica industrial.<\/p>\n\n\n\n<p>&nbsp;<\/p>\n\n\n\n<figure class=\"wp-block-image size-full\"><img loading=\"lazy\" decoding=\"async\" width=\"864\" height=\"648\" src=\"https:\/\/www.fiorentini-iberia.com\/wp-content\/uploads\/2024\/03\/IMG_55C663-C7A526-6A377A-899E8D-F2AFCC-5C6CE7.jpg\" alt=\"\" class=\"wp-image-50470\" srcset=\"https:\/\/www.fiorentini-iberia.com\/wp-content\/uploads\/2024\/03\/IMG_55C663-C7A526-6A377A-899E8D-F2AFCC-5C6CE7.jpg 864w, https:\/\/www.fiorentini-iberia.com\/wp-content\/uploads\/2024\/03\/IMG_55C663-C7A526-6A377A-899E8D-F2AFCC-5C6CE7-300x225.jpg 300w, https:\/\/www.fiorentini-iberia.com\/wp-content\/uploads\/2024\/03\/IMG_55C663-C7A526-6A377A-899E8D-F2AFCC-5C6CE7-768x576.jpg 768w\" sizes=\"auto, (max-width: 864px) 100vw, 864px\" \/><\/figure>\n\n\n\n<p>\u00a0<br>Cliente:\u00a0<strong>SPUMADOR<\/strong><br>Pa\u00eds:\u00a0<strong>It\u00e1lia<\/strong><br>\u00a0<br>A Spumador S.p.A. \u00e9 um produtor de refrigerantes gaseificados. Fundada em 1888 em Cermenate, na prov\u00edncia de Como, Domenico e Regina Verga iniciaram a produ\u00e7\u00e3o de refrigerantes gaseificados.<br>\u00a0<br>Atualmente, o grupo sediado em Como tem mais de 400 empregados e um total de quatro f\u00e1bricas de engarrafamento para 22 linhas de produ\u00e7\u00e3o.<br>\u00a0<br><a href=\"https:\/\/www.bio-komp.com\/case-studies\" target=\"_blank\" rel=\"noreferrer noopener\"><strong>> Saiba mais sobre o estudo de caso neste link.<\/strong><\/a><br><a href=\"https:\/\/www.bio-komp.com\/filedata\/BIOKOMP_Biogas_2018.pdf\" target=\"_blank\" rel=\"noreferrer noopener\"><strong>> Descarregue a folha de dados das Solu\u00e7\u00f5es de Biog\u00e1s.<\/strong><\/a><\/p>\n\n\n\n<p>&nbsp;<\/p>\n\n\n\n<figure class=\"wp-block-image size-large\"><img decoding=\"async\" src=\"https:\/\/www.fiorentini-iberia.com\/wp-content\/uploads\/2024\/02\/case-study-04.jpg\" alt=\"\"\/><\/figure>\n\n\n\n<p>&nbsp;<\/p>\n\n\n\n<p class=\"has-text-color has-link-color has-large-font-size wp-elements-70c8e65898513aadf2b1d6bc718f090c\" style=\"color:#199782\"><strong>> <\/strong><a href=\"https:\/\/www.bio-komp.com\/impianti\/74\/SPUMADOR.html\" target=\"_blank\" rel=\"noreferrer noopener\"><strong>Mais detalhes do projeto.<\/strong><\/a><\/p>\n\n\n\n<div style=\"height:32px\" aria-hidden=\"true\" class=\"wp-block-spacer\"><\/div>\n\n\n\n<p class=\"has-text-color has-link-color has-large-font-size wp-elements-0add51245a87cface5715ec35bc07fbc\" style=\"color:#199782\"><strong>><\/strong>  <strong><a href=\"https:\/\/www.fiorentini-iberia.com\/pt\/noticias\/biokomp-estacao-de-tratamento-de-biogas\/\">Visite a not\u00edcia da apresenta\u00e7\u00e3o do BIOKOMP.<\/a><\/strong> <\/p>\n","protected":false},"excerpt":{"rendered":"<p>A nossa s\u00e9rie de compressores para motores a g\u00e1s CHP distingue-se pela fiabilidade, elevada efici\u00eancia e f\u00e1cil manuten\u00e7\u00e3o, o que os torna perfeitos para o seu projeto de produ\u00e7\u00e3o de energia. Descubra as vantagens \u00fanicas dos compressores Biokomp, que combinam materiais de alta qualidade e revestimentos especiais para satisfazer os requisitos pesados de uma central el\u00e9ctrica industrial.<\/p>\n","protected":false},"author":15,"featured_media":0,"parent":48238,"menu_order":0,"comment_status":"closed","ping_status":"closed","template":"template-expertise-post.php","meta":{"_acf_changed":false,"inline_featured_image":false,"footnotes":""},"class_list":["post-50481","page","type-page","status-publish","hentry"],"acf":[],"yoast_head":"<!-- This site is optimized with the Yoast SEO plugin v27.2 - https:\/\/yoast.com\/product\/yoast-seo-wordpress\/ -->\n<title>Cogera\u00e7\u00e3o de biog\u00e1s com motor - Pietro Fiorentini<\/title>\n<meta name=\"description\" content=\"Descubra as vantagens \u00fanicas dos compressores Biokomp, que combinam materiais de alta qualidade e revestimentos especiais para satisfazer os requisitos pesados de uma central el\u00e9ctrica industrial.\" \/>\n<meta name=\"robots\" content=\"index, follow, max-snippet:-1, max-image-preview:large, max-video-preview:-1\" \/>\n<link rel=\"canonical\" href=\"https:\/\/www.fiorentini-iberia.com\/pt\/especialistas\/biometano\/cogeracao-de-biogas-com-motor\/\" \/>\n<meta property=\"og:locale\" content=\"pt_PT\" \/>\n<meta property=\"og:type\" content=\"article\" \/>\n<meta property=\"og:title\" content=\"Cogera\u00e7\u00e3o de biog\u00e1s com motor - Pietro Fiorentini\" \/>\n<meta property=\"og:description\" content=\"Descubra as vantagens \u00fanicas dos compressores Biokomp, que combinam materiais de alta qualidade e revestimentos especiais para satisfazer os requisitos pesados de uma central el\u00e9ctrica industrial.\" \/>\n<meta property=\"og:url\" content=\"https:\/\/www.fiorentini-iberia.com\/pt\/especialistas\/biometano\/cogeracao-de-biogas-com-motor\/\" \/>\n<meta property=\"og:site_name\" content=\"Pietro Fiorentini\" \/>\n<meta property=\"article:modified_time\" content=\"2024-03-15T12:13:57+00:00\" \/>\n<meta property=\"og:image\" content=\"https:\/\/www.fiorentini-iberia.com\/wp-content\/uploads\/2024\/03\/IMG_55C663-C7A526-6A377A-899E8D-F2AFCC-5C6CE7.jpg\" \/>\n<meta name=\"twitter:card\" content=\"summary_large_image\" \/>\n<meta name=\"twitter:site\" content=\"@FiorentiniSpa\" \/>\n<meta name=\"twitter:label1\" content=\"Est. reading time\" \/>\n\t<meta name=\"twitter:data1\" content=\"2 minutes\" \/>\n<script type=\"application\/ld+json\" class=\"yoast-schema-graph\">{\"@context\":\"https:\/\/schema.org\",\"@graph\":[{\"@type\":\"WebPage\",\"@id\":\"https:\/\/www.fiorentini-iberia.com\/pt\/especialistas\/biometano\/cogeracao-de-biogas-com-motor\/\",\"url\":\"https:\/\/www.fiorentini-iberia.com\/pt\/especialistas\/biometano\/cogeracao-de-biogas-com-motor\/\",\"name\":\"Cogera\u00e7\u00e3o de biog\u00e1s com motor - Pietro Fiorentini\",\"isPartOf\":{\"@id\":\"https:\/\/www.fiorentini-iberia.com\/pt\/#website\"},\"primaryImageOfPage\":{\"@id\":\"https:\/\/www.fiorentini-iberia.com\/pt\/especialistas\/biometano\/cogeracao-de-biogas-com-motor\/#primaryimage\"},\"image\":{\"@id\":\"https:\/\/www.fiorentini-iberia.com\/pt\/especialistas\/biometano\/cogeracao-de-biogas-com-motor\/#primaryimage\"},\"thumbnailUrl\":\"https:\/\/www.fiorentini-iberia.com\/wp-content\/uploads\/2024\/03\/IMG_55C663-C7A526-6A377A-899E8D-F2AFCC-5C6CE7.jpg\",\"datePublished\":\"2024-03-15T11:34:27+00:00\",\"dateModified\":\"2024-03-15T12:13:57+00:00\",\"description\":\"Descubra as vantagens \u00fanicas dos compressores Biokomp, que combinam materiais de alta qualidade e revestimentos especiais para satisfazer os requisitos pesados de uma central el\u00e9ctrica industrial.\",\"breadcrumb\":{\"@id\":\"https:\/\/www.fiorentini-iberia.com\/pt\/especialistas\/biometano\/cogeracao-de-biogas-com-motor\/#breadcrumb\"},\"inLanguage\":\"pt-PTD\",\"potentialAction\":[{\"@type\":\"ReadAction\",\"target\":[\"https:\/\/www.fiorentini-iberia.com\/pt\/especialistas\/biometano\/cogeracao-de-biogas-com-motor\/\"]}]},{\"@type\":\"ImageObject\",\"inLanguage\":\"pt-PTD\",\"@id\":\"https:\/\/www.fiorentini-iberia.com\/pt\/especialistas\/biometano\/cogeracao-de-biogas-com-motor\/#primaryimage\",\"url\":\"https:\/\/www.fiorentini-iberia.com\/wp-content\/uploads\/2024\/03\/IMG_55C663-C7A526-6A377A-899E8D-F2AFCC-5C6CE7.jpg\",\"contentUrl\":\"https:\/\/www.fiorentini-iberia.com\/wp-content\/uploads\/2024\/03\/IMG_55C663-C7A526-6A377A-899E8D-F2AFCC-5C6CE7.jpg\"},{\"@type\":\"BreadcrumbList\",\"@id\":\"https:\/\/www.fiorentini-iberia.com\/pt\/especialistas\/biometano\/cogeracao-de-biogas-com-motor\/#breadcrumb\",\"itemListElement\":[{\"@type\":\"ListItem\",\"position\":1,\"name\":\"Home\",\"item\":\"https:\/\/www.fiorentini-iberia.com\/pt\/\"},{\"@type\":\"ListItem\",\"position\":2,\"name\":\"Especialistas\",\"item\":\"https:\/\/www.fiorentini-iberia.com\/pt\/especialistas\/\"},{\"@type\":\"ListItem\",\"position\":3,\"name\":\"Biometano\",\"item\":\"https:\/\/www.fiorentini-iberia.com\/pt\/especialistas\/biometano\/\"},{\"@type\":\"ListItem\",\"position\":4,\"name\":\"Cogera\u00e7\u00e3o de biog\u00e1s com motor\"}]},{\"@type\":\"WebSite\",\"@id\":\"https:\/\/www.fiorentini-iberia.com\/pt\/#website\",\"url\":\"https:\/\/www.fiorentini-iberia.com\/pt\/\",\"name\":\"Pietro Fiorentini Iberia\",\"description\":\"Pietro Fiorentini dise\u00f1a y fabrica componentes, sistemas y servicios para la regulaci\u00f3n, medici\u00f3n, gesti\u00f3n de redes de agua, energ\u00edas renovables, petr\u00f3leo y el gas natural, con sistemas adaptados 100% al hidr\u00f3geno.\",\"publisher\":{\"@id\":\"https:\/\/www.fiorentini-iberia.com\/pt\/#organization\"},\"potentialAction\":[{\"@type\":\"SearchAction\",\"target\":{\"@type\":\"EntryPoint\",\"urlTemplate\":\"https:\/\/www.fiorentini-iberia.com\/pt\/?s={search_term_string}\"},\"query-input\":{\"@type\":\"PropertyValueSpecification\",\"valueRequired\":true,\"valueName\":\"search_term_string\"}}],\"inLanguage\":\"pt-PTD\"},{\"@type\":\"Organization\",\"@id\":\"https:\/\/www.fiorentini-iberia.com\/pt\/#organization\",\"name\":\"Pietro Fiorentini Iberia\",\"url\":\"https:\/\/www.fiorentini-iberia.com\/pt\/\",\"logo\":{\"@type\":\"ImageObject\",\"inLanguage\":\"pt-PTD\",\"@id\":\"https:\/\/www.fiorentini-iberia.com\/pt\/#\/schema\/logo\/image\/\",\"url\":\"https:\/\/www.fiorentini-iberia.com\/wp-content\/uploads\/2020\/11\/logo.svg\",\"contentUrl\":\"https:\/\/www.fiorentini-iberia.com\/wp-content\/uploads\/2020\/11\/logo.svg\",\"width\":227,\"height\":59,\"caption\":\"Pietro Fiorentini Iberia\"},\"image\":{\"@id\":\"https:\/\/www.fiorentini-iberia.com\/pt\/#\/schema\/logo\/image\/\"},\"sameAs\":[\"https:\/\/x.com\/FiorentiniSpa\",\"https:\/\/www.linkedin.com\/company\/pietro-fiorentini-iberia\/\"]}]}<\/script>\n<!-- \/ Yoast SEO plugin. -->","yoast_head_json":{"title":"Cogera\u00e7\u00e3o de biog\u00e1s com motor - Pietro Fiorentini","description":"Descubra as vantagens \u00fanicas dos compressores Biokomp, que combinam materiais de alta qualidade e revestimentos especiais para satisfazer os requisitos pesados de uma central el\u00e9ctrica industrial.","robots":{"index":"index","follow":"follow","max-snippet":"max-snippet:-1","max-image-preview":"max-image-preview:large","max-video-preview":"max-video-preview:-1"},"canonical":"https:\/\/www.fiorentini-iberia.com\/pt\/especialistas\/biometano\/cogeracao-de-biogas-com-motor\/","og_locale":"pt_PT","og_type":"article","og_title":"Cogera\u00e7\u00e3o de biog\u00e1s com motor - Pietro Fiorentini","og_description":"Descubra as vantagens \u00fanicas dos compressores Biokomp, que combinam materiais de alta qualidade e revestimentos especiais para satisfazer os requisitos pesados de uma central el\u00e9ctrica industrial.","og_url":"https:\/\/www.fiorentini-iberia.com\/pt\/especialistas\/biometano\/cogeracao-de-biogas-com-motor\/","og_site_name":"Pietro Fiorentini","article_modified_time":"2024-03-15T12:13:57+00:00","og_image":[{"url":"https:\/\/www.fiorentini-iberia.com\/wp-content\/uploads\/2024\/03\/IMG_55C663-C7A526-6A377A-899E8D-F2AFCC-5C6CE7.jpg","type":"","width":"","height":""}],"twitter_card":"summary_large_image","twitter_site":"@FiorentiniSpa","twitter_misc":{"Est. reading time":"2 minutes"},"schema":{"@context":"https:\/\/schema.org","@graph":[{"@type":"WebPage","@id":"https:\/\/www.fiorentini-iberia.com\/pt\/especialistas\/biometano\/cogeracao-de-biogas-com-motor\/","url":"https:\/\/www.fiorentini-iberia.com\/pt\/especialistas\/biometano\/cogeracao-de-biogas-com-motor\/","name":"Cogera\u00e7\u00e3o de biog\u00e1s com motor - Pietro Fiorentini","isPartOf":{"@id":"https:\/\/www.fiorentini-iberia.com\/pt\/#website"},"primaryImageOfPage":{"@id":"https:\/\/www.fiorentini-iberia.com\/pt\/especialistas\/biometano\/cogeracao-de-biogas-com-motor\/#primaryimage"},"image":{"@id":"https:\/\/www.fiorentini-iberia.com\/pt\/especialistas\/biometano\/cogeracao-de-biogas-com-motor\/#primaryimage"},"thumbnailUrl":"https:\/\/www.fiorentini-iberia.com\/wp-content\/uploads\/2024\/03\/IMG_55C663-C7A526-6A377A-899E8D-F2AFCC-5C6CE7.jpg","datePublished":"2024-03-15T11:34:27+00:00","dateModified":"2024-03-15T12:13:57+00:00","description":"Descubra as vantagens \u00fanicas dos compressores Biokomp, que combinam materiais de alta qualidade e revestimentos especiais para satisfazer os requisitos pesados de uma central el\u00e9ctrica industrial.","breadcrumb":{"@id":"https:\/\/www.fiorentini-iberia.com\/pt\/especialistas\/biometano\/cogeracao-de-biogas-com-motor\/#breadcrumb"},"inLanguage":"pt-PTD","potentialAction":[{"@type":"ReadAction","target":["https:\/\/www.fiorentini-iberia.com\/pt\/especialistas\/biometano\/cogeracao-de-biogas-com-motor\/"]}]},{"@type":"ImageObject","inLanguage":"pt-PTD","@id":"https:\/\/www.fiorentini-iberia.com\/pt\/especialistas\/biometano\/cogeracao-de-biogas-com-motor\/#primaryimage","url":"https:\/\/www.fiorentini-iberia.com\/wp-content\/uploads\/2024\/03\/IMG_55C663-C7A526-6A377A-899E8D-F2AFCC-5C6CE7.jpg","contentUrl":"https:\/\/www.fiorentini-iberia.com\/wp-content\/uploads\/2024\/03\/IMG_55C663-C7A526-6A377A-899E8D-F2AFCC-5C6CE7.jpg"},{"@type":"BreadcrumbList","@id":"https:\/\/www.fiorentini-iberia.com\/pt\/especialistas\/biometano\/cogeracao-de-biogas-com-motor\/#breadcrumb","itemListElement":[{"@type":"ListItem","position":1,"name":"Home","item":"https:\/\/www.fiorentini-iberia.com\/pt\/"},{"@type":"ListItem","position":2,"name":"Especialistas","item":"https:\/\/www.fiorentini-iberia.com\/pt\/especialistas\/"},{"@type":"ListItem","position":3,"name":"Biometano","item":"https:\/\/www.fiorentini-iberia.com\/pt\/especialistas\/biometano\/"},{"@type":"ListItem","position":4,"name":"Cogera\u00e7\u00e3o de biog\u00e1s com motor"}]},{"@type":"WebSite","@id":"https:\/\/www.fiorentini-iberia.com\/pt\/#website","url":"https:\/\/www.fiorentini-iberia.com\/pt\/","name":"Pietro Fiorentini Iberia","description":"Pietro Fiorentini dise\u00f1a y fabrica componentes, sistemas y servicios para la regulaci\u00f3n, medici\u00f3n, gesti\u00f3n de redes de agua, energ\u00edas renovables, petr\u00f3leo y el gas natural, con sistemas adaptados 100% al hidr\u00f3geno.","publisher":{"@id":"https:\/\/www.fiorentini-iberia.com\/pt\/#organization"},"potentialAction":[{"@type":"SearchAction","target":{"@type":"EntryPoint","urlTemplate":"https:\/\/www.fiorentini-iberia.com\/pt\/?s={search_term_string}"},"query-input":{"@type":"PropertyValueSpecification","valueRequired":true,"valueName":"search_term_string"}}],"inLanguage":"pt-PTD"},{"@type":"Organization","@id":"https:\/\/www.fiorentini-iberia.com\/pt\/#organization","name":"Pietro Fiorentini Iberia","url":"https:\/\/www.fiorentini-iberia.com\/pt\/","logo":{"@type":"ImageObject","inLanguage":"pt-PTD","@id":"https:\/\/www.fiorentini-iberia.com\/pt\/#\/schema\/logo\/image\/","url":"https:\/\/www.fiorentini-iberia.com\/wp-content\/uploads\/2020\/11\/logo.svg","contentUrl":"https:\/\/www.fiorentini-iberia.com\/wp-content\/uploads\/2020\/11\/logo.svg","width":227,"height":59,"caption":"Pietro Fiorentini Iberia"},"image":{"@id":"https:\/\/www.fiorentini-iberia.com\/pt\/#\/schema\/logo\/image\/"},"sameAs":["https:\/\/x.com\/FiorentiniSpa","https:\/\/www.linkedin.com\/company\/pietro-fiorentini-iberia\/"]}]}},"_links":{"self":[{"href":"https:\/\/www.fiorentini-iberia.com\/pt\/wp-json\/wp\/v2\/pages\/50481","targetHints":{"allow":["GET"]}}],"collection":[{"href":"https:\/\/www.fiorentini-iberia.com\/pt\/wp-json\/wp\/v2\/pages"}],"about":[{"href":"https:\/\/www.fiorentini-iberia.com\/pt\/wp-json\/wp\/v2\/types\/page"}],"author":[{"embeddable":true,"href":"https:\/\/www.fiorentini-iberia.com\/pt\/wp-json\/wp\/v2\/users\/15"}],"replies":[{"embeddable":true,"href":"https:\/\/www.fiorentini-iberia.com\/pt\/wp-json\/wp\/v2\/comments?post=50481"}],"version-history":[{"count":2,"href":"https:\/\/www.fiorentini-iberia.com\/pt\/wp-json\/wp\/v2\/pages\/50481\/revisions"}],"predecessor-version":[{"id":50484,"href":"https:\/\/www.fiorentini-iberia.com\/pt\/wp-json\/wp\/v2\/pages\/50481\/revisions\/50484"}],"up":[{"embeddable":true,"href":"https:\/\/www.fiorentini-iberia.com\/pt\/wp-json\/wp\/v2\/pages\/48238"}],"wp:attachment":[{"href":"https:\/\/www.fiorentini-iberia.com\/pt\/wp-json\/wp\/v2\/media?parent=50481"}],"curies":[{"name":"wp","href":"https:\/\/api.w.org\/{rel}","templated":true}]}}