{"id":50494,"date":"2024-03-15T12:17:42","date_gmt":"2024-03-15T11:17:42","guid":{"rendered":"https:\/\/www.fiorentini-iberia.com\/especialistas\/biometano\/biogas-cogeneration-with-turbine\/"},"modified":"2024-03-15T13:32:20","modified_gmt":"2024-03-15T12:32:20","slug":"cogeracao-de-biogas-com-turbina","status":"publish","type":"page","link":"https:\/\/www.fiorentini-iberia.com\/pt\/especialistas\/biometano\/cogeracao-de-biogas-com-turbina\/","title":{"rendered":"Cogera\u00e7\u00e3o de biog\u00e1s com turbina"},"content":{"rendered":"\n<p>A\u00a0<strong>Biokomp<\/strong>\u00a0oferece uma ampla gama de sistemas de processamento de g\u00e1s para aplica\u00e7\u00f5es de\u00a0<strong>microturbinas<\/strong>\u00a0com capacidades que variam de 5 Nm3\/h por hora a 5.000 Nm3\/h. As nossas unidades de limpeza, desidrata\u00e7\u00e3o e compress\u00e3o s\u00e3o concebidas para funcionar com v\u00e1rios tipos de combust\u00edvel (g\u00e1s natural, g\u00e1s de po\u00e7o, g\u00e1s de petr\u00f3leo associado, biog\u00e1s).<\/p>\n\n\n\n<figure class=\"wp-block-embed is-type-video is-provider-youtube wp-block-embed-youtube wp-embed-aspect-16-9 wp-has-aspect-ratio\"><div class=\"wp-block-embed__wrapper\">\n<iframe loading=\"lazy\" title=\"bio-komp\u00ae compression technology\" width=\"500\" height=\"281\" src=\"https:\/\/www.youtube.com\/embed\/RP5QEUpZpns?feature=oembed\" frameborder=\"0\" allow=\"accelerometer; autoplay; clipboard-write; encrypted-media; gyroscope; picture-in-picture; web-share\" referrerpolicy=\"strict-origin-when-cross-origin\" allowfullscreen><\/iframe>\n<\/div><\/figure>\n\n\n\n<p>Cliente:\u00a0<strong>LAIBACH DOO<\/strong><br>Pa\u00eds:\u00a0<strong>Eslov\u00e9nia<\/strong><br>\u00a0<br>Fundada em 1992 como uma empresa familiar e inicialmente centrada na distribui\u00e7\u00e3o de produtos industriais semi-acabados, a Laibach tem estado ligada desde a sua cria\u00e7\u00e3o a clientes activos na distribui\u00e7\u00e3o de energia e a institutos de investiga\u00e7\u00e3o.<br>\u00a0<br>A equipa da Laibach \u00e9 respons\u00e1vel pelo planeamento do projeto, supervis\u00e3o da instala\u00e7\u00e3o, coloca\u00e7\u00e3o em funcionamento e manuten\u00e7\u00e3o dos produtos Capstone, assegurando solu\u00e7\u00f5es chave-na-m\u00e3o na Eslov\u00e9nia e na Cro\u00e1cia.<br>\u00a0<br><a href=\"https:\/\/www.bio-komp.com\/case-studies\" target=\"_blank\" rel=\"noreferrer noopener\"><strong>> Saiba mais sobre o estudo de caso neste link.<\/strong><\/a><br><a href=\"https:\/\/www.bio-komp.com\/filedata\/BIOKOMP_Natural_Gas_2018.pdf\" target=\"_blank\" rel=\"noreferrer noopener\"><strong>> Descarregue a folha de dados das Solu\u00e7\u00f5es de G\u00e1s Natural.<\/strong><\/a><\/p>\n\n\n\n<p>&nbsp;<\/p>\n\n\n\n<figure class=\"wp-block-image size-large\"><img decoding=\"async\" src=\"https:\/\/www.fiorentini-iberia.com\/wp-content\/uploads\/2024\/02\/case-study-03-1.jpg\" alt=\"\"\/><\/figure>\n\n\n\n<p>&nbsp;<\/p>\n\n\n\n<p class=\"has-text-color has-link-color has-large-font-size wp-elements-9ffdc06ffef03ba86b15cf1c9ce15424\" style=\"color:#199782\"><strong>> <\/strong><a href=\"https:\/\/www.bio-komp.com\/impianti\/103\/LAIBACH-DOO.html\" target=\"_blank\" rel=\"noreferrer noopener\"><strong>Mais detalhes do projeto.<\/strong><\/a><\/p>\n\n\n\n<div style=\"height:20px\" aria-hidden=\"true\" class=\"wp-block-spacer\"><\/div>\n\n\n\n<p class=\"has-text-color has-link-color has-large-font-size wp-elements-0add51245a87cface5715ec35bc07fbc\" style=\"color:#199782\"><strong>><\/strong>  <strong><a href=\"https:\/\/www.fiorentini-iberia.com\/pt\/noticias\/biokomp-estacao-de-tratamento-de-biogas\/\">Visite a not\u00edcia da apresenta\u00e7\u00e3o do BIOKOMP.<\/a><\/strong> <\/p>\n","protected":false},"excerpt":{"rendered":"<p>A Biokomp oferece uma ampla gama de sistemas de processamento de g\u00e1s para aplica\u00e7\u00f5es de microturbinas com capacidades que variam de 5 Nm3\/h por hora a 5.000 Nm3\/h. As nossas unidades de limpeza, desidrata\u00e7\u00e3o e compress\u00e3o s\u00e3o concebidas para funcionar com v\u00e1rios tipos de combust\u00edvel (g\u00e1s natural, g\u00e1s de po\u00e7o, g\u00e1s de petr\u00f3leo associado, biog\u00e1s).<\/p>\n","protected":false},"author":15,"featured_media":0,"parent":48238,"menu_order":0,"comment_status":"closed","ping_status":"closed","template":"template-expertise-post.php","meta":{"_acf_changed":false,"inline_featured_image":false,"footnotes":""},"class_list":["post-50494","page","type-page","status-publish","hentry"],"acf":[],"yoast_head":"<!-- This site is optimized with the Yoast SEO plugin v27.2 - https:\/\/yoast.com\/product\/yoast-seo-wordpress\/ -->\n<title>Cogera\u00e7\u00e3o de biog\u00e1s com turbina - Pietro Fiorentini<\/title>\n<meta name=\"description\" content=\"As nossas unidades de limpeza, desidrata\u00e7\u00e3o e compress\u00e3o s\u00e3o concebidas para funcionar com v\u00e1rios tipos de combust\u00edvel (g\u00e1s natural, g\u00e1s de po\u00e7o, g\u00e1s de petr\u00f3leo associado, biog\u00e1s).\" \/>\n<meta name=\"robots\" content=\"index, follow, max-snippet:-1, max-image-preview:large, max-video-preview:-1\" \/>\n<link rel=\"canonical\" href=\"https:\/\/www.fiorentini-iberia.com\/pt\/especialistas\/biometano\/cogeracao-de-biogas-com-turbina\/\" \/>\n<meta property=\"og:locale\" content=\"pt_PT\" \/>\n<meta property=\"og:type\" content=\"article\" \/>\n<meta property=\"og:title\" content=\"Cogera\u00e7\u00e3o de biog\u00e1s com turbina - Pietro Fiorentini\" \/>\n<meta property=\"og:description\" content=\"As nossas unidades de limpeza, desidrata\u00e7\u00e3o e compress\u00e3o s\u00e3o concebidas para funcionar com v\u00e1rios tipos de combust\u00edvel (g\u00e1s natural, g\u00e1s de po\u00e7o, g\u00e1s de petr\u00f3leo associado, biog\u00e1s).\" \/>\n<meta property=\"og:url\" content=\"https:\/\/www.fiorentini-iberia.com\/pt\/especialistas\/biometano\/cogeracao-de-biogas-com-turbina\/\" \/>\n<meta property=\"og:site_name\" content=\"Pietro Fiorentini\" \/>\n<meta property=\"article:modified_time\" content=\"2024-03-15T12:32:20+00:00\" \/>\n<meta property=\"og:image\" content=\"https:\/\/www.fiorentini-iberia.com\/wp-content\/uploads\/2024\/02\/case-study-03-1.jpg\" \/>\n<meta name=\"twitter:card\" content=\"summary_large_image\" \/>\n<meta name=\"twitter:site\" content=\"@FiorentiniSpa\" \/>\n<meta name=\"twitter:label1\" content=\"Est. reading time\" \/>\n\t<meta name=\"twitter:data1\" content=\"1 minute\" \/>\n<script type=\"application\/ld+json\" class=\"yoast-schema-graph\">{\"@context\":\"https:\/\/schema.org\",\"@graph\":[{\"@type\":\"WebPage\",\"@id\":\"https:\/\/www.fiorentini-iberia.com\/pt\/especialistas\/biometano\/cogeracao-de-biogas-com-turbina\/\",\"url\":\"https:\/\/www.fiorentini-iberia.com\/pt\/especialistas\/biometano\/cogeracao-de-biogas-com-turbina\/\",\"name\":\"Cogera\u00e7\u00e3o de biog\u00e1s com turbina - Pietro Fiorentini\",\"isPartOf\":{\"@id\":\"https:\/\/www.fiorentini-iberia.com\/pt\/#website\"},\"primaryImageOfPage\":{\"@id\":\"https:\/\/www.fiorentini-iberia.com\/pt\/especialistas\/biometano\/cogeracao-de-biogas-com-turbina\/#primaryimage\"},\"image\":{\"@id\":\"https:\/\/www.fiorentini-iberia.com\/pt\/especialistas\/biometano\/cogeracao-de-biogas-com-turbina\/#primaryimage\"},\"thumbnailUrl\":\"https:\/\/www.fiorentini-iberia.com\/wp-content\/uploads\/2024\/02\/case-study-03-1.jpg\",\"datePublished\":\"2024-03-15T11:17:42+00:00\",\"dateModified\":\"2024-03-15T12:32:20+00:00\",\"description\":\"As nossas unidades de limpeza, desidrata\u00e7\u00e3o e compress\u00e3o s\u00e3o concebidas para funcionar com v\u00e1rios tipos de combust\u00edvel (g\u00e1s natural, g\u00e1s de po\u00e7o, g\u00e1s de petr\u00f3leo associado, biog\u00e1s).\",\"breadcrumb\":{\"@id\":\"https:\/\/www.fiorentini-iberia.com\/pt\/especialistas\/biometano\/cogeracao-de-biogas-com-turbina\/#breadcrumb\"},\"inLanguage\":\"pt-PTD\",\"potentialAction\":[{\"@type\":\"ReadAction\",\"target\":[\"https:\/\/www.fiorentini-iberia.com\/pt\/especialistas\/biometano\/cogeracao-de-biogas-com-turbina\/\"]}]},{\"@type\":\"ImageObject\",\"inLanguage\":\"pt-PTD\",\"@id\":\"https:\/\/www.fiorentini-iberia.com\/pt\/especialistas\/biometano\/cogeracao-de-biogas-com-turbina\/#primaryimage\",\"url\":\"https:\/\/www.fiorentini-iberia.com\/wp-content\/uploads\/2024\/02\/case-study-03-1.jpg\",\"contentUrl\":\"https:\/\/www.fiorentini-iberia.com\/wp-content\/uploads\/2024\/02\/case-study-03-1.jpg\"},{\"@type\":\"BreadcrumbList\",\"@id\":\"https:\/\/www.fiorentini-iberia.com\/pt\/especialistas\/biometano\/cogeracao-de-biogas-com-turbina\/#breadcrumb\",\"itemListElement\":[{\"@type\":\"ListItem\",\"position\":1,\"name\":\"Home\",\"item\":\"https:\/\/www.fiorentini-iberia.com\/pt\/\"},{\"@type\":\"ListItem\",\"position\":2,\"name\":\"Especialistas\",\"item\":\"https:\/\/www.fiorentini-iberia.com\/pt\/especialistas\/\"},{\"@type\":\"ListItem\",\"position\":3,\"name\":\"Biometano\",\"item\":\"https:\/\/www.fiorentini-iberia.com\/pt\/especialistas\/biometano\/\"},{\"@type\":\"ListItem\",\"position\":4,\"name\":\"Cogera\u00e7\u00e3o de biog\u00e1s com turbina\"}]},{\"@type\":\"WebSite\",\"@id\":\"https:\/\/www.fiorentini-iberia.com\/pt\/#website\",\"url\":\"https:\/\/www.fiorentini-iberia.com\/pt\/\",\"name\":\"Pietro Fiorentini Iberia\",\"description\":\"Pietro Fiorentini dise\u00f1a y fabrica componentes, sistemas y servicios para la regulaci\u00f3n, medici\u00f3n, gesti\u00f3n de redes de agua, energ\u00edas renovables, petr\u00f3leo y el gas natural, con sistemas adaptados 100% al hidr\u00f3geno.\",\"publisher\":{\"@id\":\"https:\/\/www.fiorentini-iberia.com\/pt\/#organization\"},\"potentialAction\":[{\"@type\":\"SearchAction\",\"target\":{\"@type\":\"EntryPoint\",\"urlTemplate\":\"https:\/\/www.fiorentini-iberia.com\/pt\/?s={search_term_string}\"},\"query-input\":{\"@type\":\"PropertyValueSpecification\",\"valueRequired\":true,\"valueName\":\"search_term_string\"}}],\"inLanguage\":\"pt-PTD\"},{\"@type\":\"Organization\",\"@id\":\"https:\/\/www.fiorentini-iberia.com\/pt\/#organization\",\"name\":\"Pietro Fiorentini Iberia\",\"url\":\"https:\/\/www.fiorentini-iberia.com\/pt\/\",\"logo\":{\"@type\":\"ImageObject\",\"inLanguage\":\"pt-PTD\",\"@id\":\"https:\/\/www.fiorentini-iberia.com\/pt\/#\/schema\/logo\/image\/\",\"url\":\"https:\/\/www.fiorentini-iberia.com\/wp-content\/uploads\/2020\/11\/logo.svg\",\"contentUrl\":\"https:\/\/www.fiorentini-iberia.com\/wp-content\/uploads\/2020\/11\/logo.svg\",\"width\":227,\"height\":59,\"caption\":\"Pietro Fiorentini Iberia\"},\"image\":{\"@id\":\"https:\/\/www.fiorentini-iberia.com\/pt\/#\/schema\/logo\/image\/\"},\"sameAs\":[\"https:\/\/x.com\/FiorentiniSpa\",\"https:\/\/www.linkedin.com\/company\/pietro-fiorentini-iberia\/\"]}]}<\/script>\n<!-- \/ Yoast SEO plugin. -->","yoast_head_json":{"title":"Cogera\u00e7\u00e3o de biog\u00e1s com turbina - Pietro Fiorentini","description":"As nossas unidades de limpeza, desidrata\u00e7\u00e3o e compress\u00e3o s\u00e3o concebidas para funcionar com v\u00e1rios tipos de combust\u00edvel (g\u00e1s natural, g\u00e1s de po\u00e7o, g\u00e1s de petr\u00f3leo associado, biog\u00e1s).","robots":{"index":"index","follow":"follow","max-snippet":"max-snippet:-1","max-image-preview":"max-image-preview:large","max-video-preview":"max-video-preview:-1"},"canonical":"https:\/\/www.fiorentini-iberia.com\/pt\/especialistas\/biometano\/cogeracao-de-biogas-com-turbina\/","og_locale":"pt_PT","og_type":"article","og_title":"Cogera\u00e7\u00e3o de biog\u00e1s com turbina - Pietro Fiorentini","og_description":"As nossas unidades de limpeza, desidrata\u00e7\u00e3o e compress\u00e3o s\u00e3o concebidas para funcionar com v\u00e1rios tipos de combust\u00edvel (g\u00e1s natural, g\u00e1s de po\u00e7o, g\u00e1s de petr\u00f3leo associado, biog\u00e1s).","og_url":"https:\/\/www.fiorentini-iberia.com\/pt\/especialistas\/biometano\/cogeracao-de-biogas-com-turbina\/","og_site_name":"Pietro Fiorentini","article_modified_time":"2024-03-15T12:32:20+00:00","og_image":[{"url":"https:\/\/www.fiorentini-iberia.com\/wp-content\/uploads\/2024\/02\/case-study-03-1.jpg","type":"","width":"","height":""}],"twitter_card":"summary_large_image","twitter_site":"@FiorentiniSpa","twitter_misc":{"Est. reading time":"1 minute"},"schema":{"@context":"https:\/\/schema.org","@graph":[{"@type":"WebPage","@id":"https:\/\/www.fiorentini-iberia.com\/pt\/especialistas\/biometano\/cogeracao-de-biogas-com-turbina\/","url":"https:\/\/www.fiorentini-iberia.com\/pt\/especialistas\/biometano\/cogeracao-de-biogas-com-turbina\/","name":"Cogera\u00e7\u00e3o de biog\u00e1s com turbina - Pietro Fiorentini","isPartOf":{"@id":"https:\/\/www.fiorentini-iberia.com\/pt\/#website"},"primaryImageOfPage":{"@id":"https:\/\/www.fiorentini-iberia.com\/pt\/especialistas\/biometano\/cogeracao-de-biogas-com-turbina\/#primaryimage"},"image":{"@id":"https:\/\/www.fiorentini-iberia.com\/pt\/especialistas\/biometano\/cogeracao-de-biogas-com-turbina\/#primaryimage"},"thumbnailUrl":"https:\/\/www.fiorentini-iberia.com\/wp-content\/uploads\/2024\/02\/case-study-03-1.jpg","datePublished":"2024-03-15T11:17:42+00:00","dateModified":"2024-03-15T12:32:20+00:00","description":"As nossas unidades de limpeza, desidrata\u00e7\u00e3o e compress\u00e3o s\u00e3o concebidas para funcionar com v\u00e1rios tipos de combust\u00edvel (g\u00e1s natural, g\u00e1s de po\u00e7o, g\u00e1s de petr\u00f3leo associado, biog\u00e1s).","breadcrumb":{"@id":"https:\/\/www.fiorentini-iberia.com\/pt\/especialistas\/biometano\/cogeracao-de-biogas-com-turbina\/#breadcrumb"},"inLanguage":"pt-PTD","potentialAction":[{"@type":"ReadAction","target":["https:\/\/www.fiorentini-iberia.com\/pt\/especialistas\/biometano\/cogeracao-de-biogas-com-turbina\/"]}]},{"@type":"ImageObject","inLanguage":"pt-PTD","@id":"https:\/\/www.fiorentini-iberia.com\/pt\/especialistas\/biometano\/cogeracao-de-biogas-com-turbina\/#primaryimage","url":"https:\/\/www.fiorentini-iberia.com\/wp-content\/uploads\/2024\/02\/case-study-03-1.jpg","contentUrl":"https:\/\/www.fiorentini-iberia.com\/wp-content\/uploads\/2024\/02\/case-study-03-1.jpg"},{"@type":"BreadcrumbList","@id":"https:\/\/www.fiorentini-iberia.com\/pt\/especialistas\/biometano\/cogeracao-de-biogas-com-turbina\/#breadcrumb","itemListElement":[{"@type":"ListItem","position":1,"name":"Home","item":"https:\/\/www.fiorentini-iberia.com\/pt\/"},{"@type":"ListItem","position":2,"name":"Especialistas","item":"https:\/\/www.fiorentini-iberia.com\/pt\/especialistas\/"},{"@type":"ListItem","position":3,"name":"Biometano","item":"https:\/\/www.fiorentini-iberia.com\/pt\/especialistas\/biometano\/"},{"@type":"ListItem","position":4,"name":"Cogera\u00e7\u00e3o de biog\u00e1s com turbina"}]},{"@type":"WebSite","@id":"https:\/\/www.fiorentini-iberia.com\/pt\/#website","url":"https:\/\/www.fiorentini-iberia.com\/pt\/","name":"Pietro Fiorentini Iberia","description":"Pietro Fiorentini dise\u00f1a y fabrica componentes, sistemas y servicios para la regulaci\u00f3n, medici\u00f3n, gesti\u00f3n de redes de agua, energ\u00edas renovables, petr\u00f3leo y el gas natural, con sistemas adaptados 100% al hidr\u00f3geno.","publisher":{"@id":"https:\/\/www.fiorentini-iberia.com\/pt\/#organization"},"potentialAction":[{"@type":"SearchAction","target":{"@type":"EntryPoint","urlTemplate":"https:\/\/www.fiorentini-iberia.com\/pt\/?s={search_term_string}"},"query-input":{"@type":"PropertyValueSpecification","valueRequired":true,"valueName":"search_term_string"}}],"inLanguage":"pt-PTD"},{"@type":"Organization","@id":"https:\/\/www.fiorentini-iberia.com\/pt\/#organization","name":"Pietro Fiorentini Iberia","url":"https:\/\/www.fiorentini-iberia.com\/pt\/","logo":{"@type":"ImageObject","inLanguage":"pt-PTD","@id":"https:\/\/www.fiorentini-iberia.com\/pt\/#\/schema\/logo\/image\/","url":"https:\/\/www.fiorentini-iberia.com\/wp-content\/uploads\/2020\/11\/logo.svg","contentUrl":"https:\/\/www.fiorentini-iberia.com\/wp-content\/uploads\/2020\/11\/logo.svg","width":227,"height":59,"caption":"Pietro Fiorentini Iberia"},"image":{"@id":"https:\/\/www.fiorentini-iberia.com\/pt\/#\/schema\/logo\/image\/"},"sameAs":["https:\/\/x.com\/FiorentiniSpa","https:\/\/www.linkedin.com\/company\/pietro-fiorentini-iberia\/"]}]}},"_links":{"self":[{"href":"https:\/\/www.fiorentini-iberia.com\/pt\/wp-json\/wp\/v2\/pages\/50494","targetHints":{"allow":["GET"]}}],"collection":[{"href":"https:\/\/www.fiorentini-iberia.com\/pt\/wp-json\/wp\/v2\/pages"}],"about":[{"href":"https:\/\/www.fiorentini-iberia.com\/pt\/wp-json\/wp\/v2\/types\/page"}],"author":[{"embeddable":true,"href":"https:\/\/www.fiorentini-iberia.com\/pt\/wp-json\/wp\/v2\/users\/15"}],"replies":[{"embeddable":true,"href":"https:\/\/www.fiorentini-iberia.com\/pt\/wp-json\/wp\/v2\/comments?post=50494"}],"version-history":[{"count":1,"href":"https:\/\/www.fiorentini-iberia.com\/pt\/wp-json\/wp\/v2\/pages\/50494\/revisions"}],"predecessor-version":[{"id":50496,"href":"https:\/\/www.fiorentini-iberia.com\/pt\/wp-json\/wp\/v2\/pages\/50494\/revisions\/50496"}],"up":[{"embeddable":true,"href":"https:\/\/www.fiorentini-iberia.com\/pt\/wp-json\/wp\/v2\/pages\/48238"}],"wp:attachment":[{"href":"https:\/\/www.fiorentini-iberia.com\/pt\/wp-json\/wp\/v2\/media?parent=50494"}],"curies":[{"name":"wp","href":"https:\/\/api.w.org\/{rel}","templated":true}]}}