{"id":50513,"date":"2024-03-15T12:01:56","date_gmt":"2024-03-15T11:01:56","guid":{"rendered":"https:\/\/www.fiorentini-iberia.com\/especialistas\/biometano\/mejora-del-biogas-para-gm-green-methane\/"},"modified":"2024-03-15T13:56:54","modified_gmt":"2024-03-15T12:56:54","slug":"melhoramento-do-biogas-para-a-gm-green-methane","status":"publish","type":"page","link":"https:\/\/www.fiorentini-iberia.com\/pt\/especialistas\/biometano\/melhoramento-do-biogas-para-a-gm-green-methane\/","title":{"rendered":"Melhoramento do biog\u00e1s para a GM \u2013 Green Methane"},"content":{"rendered":"\n<p>Pioneiros na produ\u00e7\u00e3o de biometano: A <strong>Biokomp<\/strong> forneceu o tratamento e a compress\u00e3o do biog\u00e1s para a primeira central de biometano em It\u00e1lia, j\u00e1 em 2014. Os nossos sistemas podem ser aplicados a diferentes tecnologias de melhoramento (membrana, depura\u00e7\u00e3o, PSA), bem como \u00e0 inje\u00e7\u00e3o direta de biometano na rede.<\/p>\n\n\n\n<figure class=\"wp-block-embed is-type-video is-provider-youtube wp-block-embed-youtube wp-embed-aspect-16-9 wp-has-aspect-ratio\"><div class=\"wp-block-embed__wrapper\">\n<iframe loading=\"lazy\" title=\"Biomethane project\" width=\"500\" height=\"281\" src=\"https:\/\/www.youtube.com\/embed\/hgUTYt0md4o?feature=oembed\" frameborder=\"0\" allow=\"accelerometer; autoplay; clipboard-write; encrypted-media; gyroscope; picture-in-picture; web-share\" referrerpolicy=\"strict-origin-when-cross-origin\" allowfullscreen><\/iframe>\n<\/div><\/figure>\n\n\n\n<p>Cliente:\u00a0<strong>GM \u2013 GREEN METHANE<\/strong><br>Pa\u00eds:\u00a0<strong>It\u00e1lia<\/strong><br>\u00a0<br>A GM desenvolveu a sua pr\u00f3pria tecnologia comprovada para a convers\u00e3o de biog\u00e1s em biometano, cujo passo fundamental \u00e9 a remo\u00e7\u00e3o de CO<sub>2<\/sub>\u00a0do biog\u00e1s.<br>\u00a0<br>A GM tira partido da experi\u00eancia espec\u00edfica e sin\u00e9rgica dos parceiros na conce\u00e7\u00e3o, constru\u00e7\u00e3o, opera\u00e7\u00e3o e manuten\u00e7\u00e3o de instala\u00e7\u00f5es industriais.<br>\u00a0<br><a href=\"https:\/\/www.bio-komp.com\/case-studies\" target=\"_blank\" rel=\"noreferrer noopener\"><strong>> Saiba mais sobre o estudo de caso neste link.<\/strong><\/a><br><a href=\"https:\/\/www.bio-komp.com\/filedata\/BIOKOMP_Biomethane_2018.pdf\" target=\"_blank\" rel=\"noreferrer noopener\"><strong>> Descarregue a folha de dados das Solu\u00e7\u00f5es de Biometano.<\/strong><\/a><\/p>\n\n\n\n<p>&nbsp;<\/p>\n\n\n\n<figure class=\"wp-block-image size-large\"><img decoding=\"async\" src=\"https:\/\/www.fiorentini-iberia.com\/wp-content\/uploads\/2024\/02\/case-study-02.jpg\" alt=\"\"\/><\/figure>\n\n\n\n<p>&nbsp;<\/p>\n\n\n\n<p class=\"has-text-color has-link-color has-large-font-size wp-elements-dd5a41a0d2b74ae045131fbcc08daf5c\" style=\"color:#199782\"><strong>> <\/strong><a href=\"https:\/\/www.bio-komp.com\/impianti\/110\/GM-GREEN-METHANE.html\" target=\"_blank\" rel=\"noreferrer noopener\"><strong>Mais detalhes do projeto.<\/strong><\/a><\/p>\n\n\n\n<div style=\"height:20px\" aria-hidden=\"true\" class=\"wp-block-spacer\"><\/div>\n\n\n\n<p class=\"has-text-color has-link-color has-large-font-size wp-elements-29c84215e4cbf1d868391de269123f8b\" style=\"color:#199782\"><strong>><\/strong>  <strong><a href=\"https:\/\/www.fiorentini-iberia.com\/pt\/noticias\/biokomp-estacao-de-tratamento-de-biogas\/\">Visite a not\u00edcia da apresenta\u00e7\u00e3o do BIOKOMP.<\/a><\/strong>  <\/p>\n","protected":false},"excerpt":{"rendered":"<p>Pioneiros na produ\u00e7\u00e3o de biometano: A Biokomp forneceu o tratamento e a compress\u00e3o do biog\u00e1s para a primeira central de biometano em It\u00e1lia, j\u00e1 em 2014. Os nossos sistemas podem ser aplicados a diferentes tecnologias de melhoramento (membrana, depura\u00e7\u00e3o, PSA), bem como \u00e0 inje\u00e7\u00e3o direta de biometano na rede.<\/p>\n","protected":false},"author":15,"featured_media":0,"parent":48238,"menu_order":0,"comment_status":"closed","ping_status":"closed","template":"template-expertise-post.php","meta":{"_acf_changed":false,"inline_featured_image":false,"footnotes":""},"class_list":["post-50513","page","type-page","status-publish","hentry"],"acf":[],"yoast_head":"<!-- This site is optimized with the Yoast SEO plugin v27.2 - https:\/\/yoast.com\/product\/yoast-seo-wordpress\/ -->\n<title>Melhoramento do biog\u00e1s para a GM \u2013 Green Methane - Pietro Fiorentini<\/title>\n<meta name=\"description\" content=\"Os nossos sistemas podem ser aplicados a diferentes tecnologias de melhoramento (membrana, depura\u00e7\u00e3o, PSA), bem como \u00e0 inje\u00e7\u00e3o direta de biometano na rede.\" \/>\n<meta name=\"robots\" content=\"index, follow, max-snippet:-1, max-image-preview:large, max-video-preview:-1\" \/>\n<link rel=\"canonical\" href=\"https:\/\/www.fiorentini-iberia.com\/pt\/especialistas\/biometano\/melhoramento-do-biogas-para-a-gm-green-methane\/\" \/>\n<meta property=\"og:locale\" content=\"pt_PT\" \/>\n<meta property=\"og:type\" content=\"article\" \/>\n<meta property=\"og:title\" content=\"Melhoramento do biog\u00e1s para a GM \u2013 Green Methane - Pietro Fiorentini\" \/>\n<meta property=\"og:description\" content=\"Os nossos sistemas podem ser aplicados a diferentes tecnologias de melhoramento (membrana, depura\u00e7\u00e3o, PSA), bem como \u00e0 inje\u00e7\u00e3o direta de biometano na rede.\" \/>\n<meta property=\"og:url\" content=\"https:\/\/www.fiorentini-iberia.com\/pt\/especialistas\/biometano\/melhoramento-do-biogas-para-a-gm-green-methane\/\" \/>\n<meta property=\"og:site_name\" content=\"Pietro Fiorentini\" \/>\n<meta property=\"article:modified_time\" content=\"2024-03-15T12:56:54+00:00\" \/>\n<meta property=\"og:image\" content=\"https:\/\/www.fiorentini-iberia.com\/wp-content\/uploads\/2024\/02\/case-study-02.jpg\" \/>\n<meta name=\"twitter:card\" content=\"summary_large_image\" \/>\n<meta name=\"twitter:site\" content=\"@FiorentiniSpa\" \/>\n<meta name=\"twitter:label1\" content=\"Est. reading time\" \/>\n\t<meta name=\"twitter:data1\" content=\"1 minute\" \/>\n<script type=\"application\/ld+json\" class=\"yoast-schema-graph\">{\"@context\":\"https:\/\/schema.org\",\"@graph\":[{\"@type\":\"WebPage\",\"@id\":\"https:\/\/www.fiorentini-iberia.com\/pt\/especialistas\/biometano\/melhoramento-do-biogas-para-a-gm-green-methane\/\",\"url\":\"https:\/\/www.fiorentini-iberia.com\/pt\/especialistas\/biometano\/melhoramento-do-biogas-para-a-gm-green-methane\/\",\"name\":\"Melhoramento do biog\u00e1s para a GM \u2013 Green Methane - Pietro Fiorentini\",\"isPartOf\":{\"@id\":\"https:\/\/www.fiorentini-iberia.com\/pt\/#website\"},\"primaryImageOfPage\":{\"@id\":\"https:\/\/www.fiorentini-iberia.com\/pt\/especialistas\/biometano\/melhoramento-do-biogas-para-a-gm-green-methane\/#primaryimage\"},\"image\":{\"@id\":\"https:\/\/www.fiorentini-iberia.com\/pt\/especialistas\/biometano\/melhoramento-do-biogas-para-a-gm-green-methane\/#primaryimage\"},\"thumbnailUrl\":\"https:\/\/www.fiorentini-iberia.com\/wp-content\/uploads\/2024\/02\/case-study-02.jpg\",\"datePublished\":\"2024-03-15T11:01:56+00:00\",\"dateModified\":\"2024-03-15T12:56:54+00:00\",\"description\":\"Os nossos sistemas podem ser aplicados a diferentes tecnologias de melhoramento (membrana, depura\u00e7\u00e3o, PSA), bem como \u00e0 inje\u00e7\u00e3o direta de biometano na rede.\",\"breadcrumb\":{\"@id\":\"https:\/\/www.fiorentini-iberia.com\/pt\/especialistas\/biometano\/melhoramento-do-biogas-para-a-gm-green-methane\/#breadcrumb\"},\"inLanguage\":\"pt-PTD\",\"potentialAction\":[{\"@type\":\"ReadAction\",\"target\":[\"https:\/\/www.fiorentini-iberia.com\/pt\/especialistas\/biometano\/melhoramento-do-biogas-para-a-gm-green-methane\/\"]}]},{\"@type\":\"ImageObject\",\"inLanguage\":\"pt-PTD\",\"@id\":\"https:\/\/www.fiorentini-iberia.com\/pt\/especialistas\/biometano\/melhoramento-do-biogas-para-a-gm-green-methane\/#primaryimage\",\"url\":\"https:\/\/www.fiorentini-iberia.com\/wp-content\/uploads\/2024\/02\/case-study-02.jpg\",\"contentUrl\":\"https:\/\/www.fiorentini-iberia.com\/wp-content\/uploads\/2024\/02\/case-study-02.jpg\"},{\"@type\":\"BreadcrumbList\",\"@id\":\"https:\/\/www.fiorentini-iberia.com\/pt\/especialistas\/biometano\/melhoramento-do-biogas-para-a-gm-green-methane\/#breadcrumb\",\"itemListElement\":[{\"@type\":\"ListItem\",\"position\":1,\"name\":\"Home\",\"item\":\"https:\/\/www.fiorentini-iberia.com\/pt\/\"},{\"@type\":\"ListItem\",\"position\":2,\"name\":\"Especialistas\",\"item\":\"https:\/\/www.fiorentini-iberia.com\/pt\/especialistas\/\"},{\"@type\":\"ListItem\",\"position\":3,\"name\":\"Biometano\",\"item\":\"https:\/\/www.fiorentini-iberia.com\/pt\/especialistas\/biometano\/\"},{\"@type\":\"ListItem\",\"position\":4,\"name\":\"Melhoramento do biog\u00e1s para a GM \u2013 Green Methane\"}]},{\"@type\":\"WebSite\",\"@id\":\"https:\/\/www.fiorentini-iberia.com\/pt\/#website\",\"url\":\"https:\/\/www.fiorentini-iberia.com\/pt\/\",\"name\":\"Pietro Fiorentini Iberia\",\"description\":\"Pietro Fiorentini dise\u00f1a y fabrica componentes, sistemas y servicios para la regulaci\u00f3n, medici\u00f3n, gesti\u00f3n de redes de agua, energ\u00edas renovables, petr\u00f3leo y el gas natural, con sistemas adaptados 100% al hidr\u00f3geno.\",\"publisher\":{\"@id\":\"https:\/\/www.fiorentini-iberia.com\/pt\/#organization\"},\"potentialAction\":[{\"@type\":\"SearchAction\",\"target\":{\"@type\":\"EntryPoint\",\"urlTemplate\":\"https:\/\/www.fiorentini-iberia.com\/pt\/?s={search_term_string}\"},\"query-input\":{\"@type\":\"PropertyValueSpecification\",\"valueRequired\":true,\"valueName\":\"search_term_string\"}}],\"inLanguage\":\"pt-PTD\"},{\"@type\":\"Organization\",\"@id\":\"https:\/\/www.fiorentini-iberia.com\/pt\/#organization\",\"name\":\"Pietro Fiorentini Iberia\",\"url\":\"https:\/\/www.fiorentini-iberia.com\/pt\/\",\"logo\":{\"@type\":\"ImageObject\",\"inLanguage\":\"pt-PTD\",\"@id\":\"https:\/\/www.fiorentini-iberia.com\/pt\/#\/schema\/logo\/image\/\",\"url\":\"https:\/\/www.fiorentini-iberia.com\/wp-content\/uploads\/2020\/11\/logo.svg\",\"contentUrl\":\"https:\/\/www.fiorentini-iberia.com\/wp-content\/uploads\/2020\/11\/logo.svg\",\"width\":227,\"height\":59,\"caption\":\"Pietro Fiorentini Iberia\"},\"image\":{\"@id\":\"https:\/\/www.fiorentini-iberia.com\/pt\/#\/schema\/logo\/image\/\"},\"sameAs\":[\"https:\/\/x.com\/FiorentiniSpa\",\"https:\/\/www.linkedin.com\/company\/pietro-fiorentini-iberia\/\"]}]}<\/script>\n<!-- \/ Yoast SEO plugin. -->","yoast_head_json":{"title":"Melhoramento do biog\u00e1s para a GM \u2013 Green Methane - Pietro Fiorentini","description":"Os nossos sistemas podem ser aplicados a diferentes tecnologias de melhoramento (membrana, depura\u00e7\u00e3o, PSA), bem como \u00e0 inje\u00e7\u00e3o direta de biometano na rede.","robots":{"index":"index","follow":"follow","max-snippet":"max-snippet:-1","max-image-preview":"max-image-preview:large","max-video-preview":"max-video-preview:-1"},"canonical":"https:\/\/www.fiorentini-iberia.com\/pt\/especialistas\/biometano\/melhoramento-do-biogas-para-a-gm-green-methane\/","og_locale":"pt_PT","og_type":"article","og_title":"Melhoramento do biog\u00e1s para a GM \u2013 Green Methane - Pietro Fiorentini","og_description":"Os nossos sistemas podem ser aplicados a diferentes tecnologias de melhoramento (membrana, depura\u00e7\u00e3o, PSA), bem como \u00e0 inje\u00e7\u00e3o direta de biometano na rede.","og_url":"https:\/\/www.fiorentini-iberia.com\/pt\/especialistas\/biometano\/melhoramento-do-biogas-para-a-gm-green-methane\/","og_site_name":"Pietro Fiorentini","article_modified_time":"2024-03-15T12:56:54+00:00","og_image":[{"url":"https:\/\/www.fiorentini-iberia.com\/wp-content\/uploads\/2024\/02\/case-study-02.jpg","type":"","width":"","height":""}],"twitter_card":"summary_large_image","twitter_site":"@FiorentiniSpa","twitter_misc":{"Est. reading time":"1 minute"},"schema":{"@context":"https:\/\/schema.org","@graph":[{"@type":"WebPage","@id":"https:\/\/www.fiorentini-iberia.com\/pt\/especialistas\/biometano\/melhoramento-do-biogas-para-a-gm-green-methane\/","url":"https:\/\/www.fiorentini-iberia.com\/pt\/especialistas\/biometano\/melhoramento-do-biogas-para-a-gm-green-methane\/","name":"Melhoramento do biog\u00e1s para a GM \u2013 Green Methane - Pietro Fiorentini","isPartOf":{"@id":"https:\/\/www.fiorentini-iberia.com\/pt\/#website"},"primaryImageOfPage":{"@id":"https:\/\/www.fiorentini-iberia.com\/pt\/especialistas\/biometano\/melhoramento-do-biogas-para-a-gm-green-methane\/#primaryimage"},"image":{"@id":"https:\/\/www.fiorentini-iberia.com\/pt\/especialistas\/biometano\/melhoramento-do-biogas-para-a-gm-green-methane\/#primaryimage"},"thumbnailUrl":"https:\/\/www.fiorentini-iberia.com\/wp-content\/uploads\/2024\/02\/case-study-02.jpg","datePublished":"2024-03-15T11:01:56+00:00","dateModified":"2024-03-15T12:56:54+00:00","description":"Os nossos sistemas podem ser aplicados a diferentes tecnologias de melhoramento (membrana, depura\u00e7\u00e3o, PSA), bem como \u00e0 inje\u00e7\u00e3o direta de biometano na rede.","breadcrumb":{"@id":"https:\/\/www.fiorentini-iberia.com\/pt\/especialistas\/biometano\/melhoramento-do-biogas-para-a-gm-green-methane\/#breadcrumb"},"inLanguage":"pt-PTD","potentialAction":[{"@type":"ReadAction","target":["https:\/\/www.fiorentini-iberia.com\/pt\/especialistas\/biometano\/melhoramento-do-biogas-para-a-gm-green-methane\/"]}]},{"@type":"ImageObject","inLanguage":"pt-PTD","@id":"https:\/\/www.fiorentini-iberia.com\/pt\/especialistas\/biometano\/melhoramento-do-biogas-para-a-gm-green-methane\/#primaryimage","url":"https:\/\/www.fiorentini-iberia.com\/wp-content\/uploads\/2024\/02\/case-study-02.jpg","contentUrl":"https:\/\/www.fiorentini-iberia.com\/wp-content\/uploads\/2024\/02\/case-study-02.jpg"},{"@type":"BreadcrumbList","@id":"https:\/\/www.fiorentini-iberia.com\/pt\/especialistas\/biometano\/melhoramento-do-biogas-para-a-gm-green-methane\/#breadcrumb","itemListElement":[{"@type":"ListItem","position":1,"name":"Home","item":"https:\/\/www.fiorentini-iberia.com\/pt\/"},{"@type":"ListItem","position":2,"name":"Especialistas","item":"https:\/\/www.fiorentini-iberia.com\/pt\/especialistas\/"},{"@type":"ListItem","position":3,"name":"Biometano","item":"https:\/\/www.fiorentini-iberia.com\/pt\/especialistas\/biometano\/"},{"@type":"ListItem","position":4,"name":"Melhoramento do biog\u00e1s para a GM \u2013 Green Methane"}]},{"@type":"WebSite","@id":"https:\/\/www.fiorentini-iberia.com\/pt\/#website","url":"https:\/\/www.fiorentini-iberia.com\/pt\/","name":"Pietro Fiorentini Iberia","description":"Pietro Fiorentini dise\u00f1a y fabrica componentes, sistemas y servicios para la regulaci\u00f3n, medici\u00f3n, gesti\u00f3n de redes de agua, energ\u00edas renovables, petr\u00f3leo y el gas natural, con sistemas adaptados 100% al hidr\u00f3geno.","publisher":{"@id":"https:\/\/www.fiorentini-iberia.com\/pt\/#organization"},"potentialAction":[{"@type":"SearchAction","target":{"@type":"EntryPoint","urlTemplate":"https:\/\/www.fiorentini-iberia.com\/pt\/?s={search_term_string}"},"query-input":{"@type":"PropertyValueSpecification","valueRequired":true,"valueName":"search_term_string"}}],"inLanguage":"pt-PTD"},{"@type":"Organization","@id":"https:\/\/www.fiorentini-iberia.com\/pt\/#organization","name":"Pietro Fiorentini Iberia","url":"https:\/\/www.fiorentini-iberia.com\/pt\/","logo":{"@type":"ImageObject","inLanguage":"pt-PTD","@id":"https:\/\/www.fiorentini-iberia.com\/pt\/#\/schema\/logo\/image\/","url":"https:\/\/www.fiorentini-iberia.com\/wp-content\/uploads\/2020\/11\/logo.svg","contentUrl":"https:\/\/www.fiorentini-iberia.com\/wp-content\/uploads\/2020\/11\/logo.svg","width":227,"height":59,"caption":"Pietro Fiorentini Iberia"},"image":{"@id":"https:\/\/www.fiorentini-iberia.com\/pt\/#\/schema\/logo\/image\/"},"sameAs":["https:\/\/x.com\/FiorentiniSpa","https:\/\/www.linkedin.com\/company\/pietro-fiorentini-iberia\/"]}]}},"_links":{"self":[{"href":"https:\/\/www.fiorentini-iberia.com\/pt\/wp-json\/wp\/v2\/pages\/50513","targetHints":{"allow":["GET"]}}],"collection":[{"href":"https:\/\/www.fiorentini-iberia.com\/pt\/wp-json\/wp\/v2\/pages"}],"about":[{"href":"https:\/\/www.fiorentini-iberia.com\/pt\/wp-json\/wp\/v2\/types\/page"}],"author":[{"embeddable":true,"href":"https:\/\/www.fiorentini-iberia.com\/pt\/wp-json\/wp\/v2\/users\/15"}],"replies":[{"embeddable":true,"href":"https:\/\/www.fiorentini-iberia.com\/pt\/wp-json\/wp\/v2\/comments?post=50513"}],"version-history":[{"count":1,"href":"https:\/\/www.fiorentini-iberia.com\/pt\/wp-json\/wp\/v2\/pages\/50513\/revisions"}],"predecessor-version":[{"id":50515,"href":"https:\/\/www.fiorentini-iberia.com\/pt\/wp-json\/wp\/v2\/pages\/50513\/revisions\/50515"}],"up":[{"embeddable":true,"href":"https:\/\/www.fiorentini-iberia.com\/pt\/wp-json\/wp\/v2\/pages\/48238"}],"wp:attachment":[{"href":"https:\/\/www.fiorentini-iberia.com\/pt\/wp-json\/wp\/v2\/media?parent=50513"}],"curies":[{"name":"wp","href":"https:\/\/api.w.org\/{rel}","templated":true}]}}