{"id":50550,"date":"2024-03-14T23:50:42","date_gmt":"2024-03-14T22:50:42","guid":{"rendered":"https:\/\/www.fiorentini-iberia.com\/especialistas\/hidrogenio\/plt-energia\/"},"modified":"2024-03-15T18:26:05","modified_gmt":"2024-03-15T17:26:05","slug":"plt-energia","status":"publish","type":"page","link":"https:\/\/www.fiorentini-iberia.com\/pt\/especialistas\/hidrogenio\/plt-energia\/","title":{"rendered":"PLT ENERGIA"},"content":{"rendered":"\n<p class=\"has-text-color has-link-color wp-elements-d481187b30437959612f3d53b6f53a03\" style=\"color:#199782;font-size:24px\"><strong>UMA CENTRAL DE HIDROG\u00c9NIO VERDE PARA A PLT ENERGIA GRA\u00c7AS AO ELETROLISADOR HYTER<\/strong><\/p>\n\n\n\n<div style=\"height:35px\" aria-hidden=\"true\" class=\"wp-block-spacer\"><\/div>\n\n\n\n<figure class=\"wp-block-image size-large is-resized\"><img loading=\"lazy\" decoding=\"async\" width=\"1024\" height=\"384\" src=\"https:\/\/www.fiorentini-iberia.com\/wp-content\/uploads\/2024\/03\/Hyter-Electrolyser-1024x384.jpg\" alt=\"\" class=\"wp-image-50080\" style=\"width:1031px;height:auto\" srcset=\"https:\/\/www.fiorentini-iberia.com\/wp-content\/uploads\/2024\/03\/Hyter-Electrolyser-1024x384.jpg 1024w, https:\/\/www.fiorentini-iberia.com\/wp-content\/uploads\/2024\/03\/Hyter-Electrolyser-300x113.jpg 300w, https:\/\/www.fiorentini-iberia.com\/wp-content\/uploads\/2024\/03\/Hyter-Electrolyser-768x288.jpg 768w, https:\/\/www.fiorentini-iberia.com\/wp-content\/uploads\/2024\/03\/Hyter-Electrolyser-1536x576.jpg 1536w, https:\/\/www.fiorentini-iberia.com\/wp-content\/uploads\/2024\/03\/Hyter-Electrolyser.jpg 1600w\" sizes=\"auto, (max-width: 1024px) 100vw, 1024px\" \/><\/figure>\n\n\n\n<div style=\"height:28px\" aria-hidden=\"true\" class=\"wp-block-spacer\"><\/div>\n\n\n\n<p>Com o inovador eletrolisador fornecido pela Hyter, empresa do&nbsp;<a href=\"https:\/\/www.fiorentini-iberia.com\/pt\/pietro-fiorentini-group\/\"><strong>Grupo Pietro Fiorentini<\/strong><\/a>, a PLT energia poder\u00e1&nbsp;<strong>utilizar o hidrog\u00e9nio verde como vetor energ\u00e9tico<\/strong>&nbsp;para tornar os seus escrit\u00f3rios ainda mais sustent\u00e1veis.<\/p>\n\n\n\n<p>H\u00e1&nbsp;<strong>15 anos<\/strong>&nbsp;que a&nbsp;<a href=\"https:\/\/www.pltenergia.it\/EN\/\" target=\"_blank\" rel=\"noreferrer noopener\"><strong>PLT energia<\/strong><\/a>&nbsp;preside a<strong>&nbsp;toda a cadeia de valor das energias renov\u00e1veis<\/strong>, desde a conce\u00e7\u00e3o de centrais e\u00f3licas e fotovoltaicas at\u00e9 \u00e0 venda direta de energia. Agora, vai experimentar esta tecnologia pela primeira vez para zerar as emiss\u00f5es de CO2 dos seus escrit\u00f3rios e adquirir<strong>&nbsp;um know-how estrat\u00e9gico para um desenvolvimento em grande escala.<\/strong><\/p>\n\n\n\n<p>A&nbsp;<strong>PLT energia Srl<\/strong>&nbsp;\u00e9 uma empresa que gere&nbsp;<strong>centrais fotovoltaicas, e\u00f3licas, pequenas centrais e\u00f3licas e de biomassa<\/strong>&nbsp;em It\u00e1lia e no estrangeiro.<\/p>\n\n\n\n<p>O projeto centra-se na aquisi\u00e7\u00e3o da nova instala\u00e7\u00e3o constru\u00edda pela&nbsp;<strong>Hyter<\/strong>: uma joia tecnol\u00f3gica para a produ\u00e7\u00e3o de hidrog\u00e9nio verde atrav\u00e9s da eletr\u00f3lise da \u00e1gua, utilizando&nbsp;<strong>a inovadora tecnologia AEMWE<\/strong>, Anion Exchange Membrane Water Electrolyser.<\/p>\n\n\n\n<p>&nbsp;<\/p>\n\n\n\n<p class=\"has-text-color has-link-color has-large-font-size wp-elements-78fdb473b74c6b7bfb30df09ad731cce\" style=\"color:#199782\"><strong>> <\/strong><a href=\"https:\/\/hyter.it\/en\/plt-energia\/?bk=1\" target=\"_blank\" rel=\"noreferrer noopener\"><strong>Mais informa\u00e7\u00f5es sobre o projeto.<\/strong><\/a><\/p>\n\n\n\n<div style=\"height:20px\" aria-hidden=\"true\" class=\"wp-block-spacer\"><\/div>\n\n\n\n<p class=\"has-text-color has-link-color has-large-font-size wp-elements-bba2ce1a9b3fb1e886deb26c20c326da\" style=\"color:#199782\"><strong>><\/strong>  <strong><a href=\"https:\/\/www.fiorentini-iberia.com\/pt\/noticias\/hyter-producao-de-hidrogenio-verde-atraves-de-eletrolise\/\">Visite a not\u00edcia da apresenta\u00e7\u00e3o da HYTER.<\/a><\/strong><\/p>\n","protected":false},"excerpt":{"rendered":"<p>Uma central de hidrog\u00e9nio verde para a PLT Energia gra\u00e7as ao eletrolisador Hyter<br \/>\n\u00a0<br \/>\nCom o inovador eletrolisador fornecido pela Hyter, empresa do\u00a0Grupo Pietro Fiorentini, a PLT energia poder\u00e1\u00a0utilizar o hidrog\u00e9nio verde como vetor energ\u00e9tico\u00a0para tornar os seus escrit\u00f3rios ainda mais sustent\u00e1veis.<\/p>\n","protected":false},"author":15,"featured_media":0,"parent":48278,"menu_order":0,"comment_status":"closed","ping_status":"closed","template":"template-expertise-post.php","meta":{"_acf_changed":false,"inline_featured_image":false,"footnotes":""},"class_list":["post-50550","page","type-page","status-publish","hentry"],"acf":[],"yoast_head":"<!-- This site is optimized with the Yoast SEO plugin v27.2 - https:\/\/yoast.com\/product\/yoast-seo-wordpress\/ -->\n<title>PLT ENERGIA - Pietro Fiorentini<\/title>\n<meta name=\"description\" content=\"Com o inovador eletrolisador fornecido pela Hyter, empresa do\u00a0Grupo Pietro Fiorentini, a PLT energia poder\u00e1\u00a0utilizar o hidrog\u00e9nio verde como vetor energ\u00e9tico\u00a0para tornar os seus escrit\u00f3rios ainda mais sustent\u00e1veis.\" \/>\n<meta name=\"robots\" content=\"index, follow, max-snippet:-1, max-image-preview:large, max-video-preview:-1\" \/>\n<link rel=\"canonical\" href=\"https:\/\/www.fiorentini-iberia.com\/pt\/especialistas\/hidrogenio\/plt-energia\/\" \/>\n<meta property=\"og:locale\" content=\"pt_PT\" \/>\n<meta property=\"og:type\" content=\"article\" \/>\n<meta property=\"og:title\" content=\"PLT ENERGIA - Pietro Fiorentini\" \/>\n<meta property=\"og:description\" content=\"Com o inovador eletrolisador fornecido pela Hyter, empresa do\u00a0Grupo Pietro Fiorentini, a PLT energia poder\u00e1\u00a0utilizar o hidrog\u00e9nio verde como vetor energ\u00e9tico\u00a0para tornar os seus escrit\u00f3rios ainda mais sustent\u00e1veis.\" \/>\n<meta property=\"og:url\" content=\"https:\/\/www.fiorentini-iberia.com\/pt\/especialistas\/hidrogenio\/plt-energia\/\" \/>\n<meta property=\"og:site_name\" content=\"Pietro Fiorentini\" \/>\n<meta property=\"article:modified_time\" content=\"2024-03-15T17:26:05+00:00\" \/>\n<meta property=\"og:image\" content=\"https:\/\/www.fiorentini-iberia.com\/wp-content\/uploads\/2024\/03\/Hyter-Electrolyser-1024x384.jpg\" \/>\n<meta name=\"twitter:card\" content=\"summary_large_image\" \/>\n<meta name=\"twitter:site\" content=\"@FiorentiniSpa\" \/>\n<meta name=\"twitter:label1\" content=\"Est. reading time\" \/>\n\t<meta name=\"twitter:data1\" content=\"1 minute\" \/>\n<script type=\"application\/ld+json\" class=\"yoast-schema-graph\">{\"@context\":\"https:\/\/schema.org\",\"@graph\":[{\"@type\":\"WebPage\",\"@id\":\"https:\/\/www.fiorentini-iberia.com\/pt\/especialistas\/hidrogenio\/plt-energia\/\",\"url\":\"https:\/\/www.fiorentini-iberia.com\/pt\/especialistas\/hidrogenio\/plt-energia\/\",\"name\":\"PLT ENERGIA - Pietro Fiorentini\",\"isPartOf\":{\"@id\":\"https:\/\/www.fiorentini-iberia.com\/pt\/#website\"},\"primaryImageOfPage\":{\"@id\":\"https:\/\/www.fiorentini-iberia.com\/pt\/especialistas\/hidrogenio\/plt-energia\/#primaryimage\"},\"image\":{\"@id\":\"https:\/\/www.fiorentini-iberia.com\/pt\/especialistas\/hidrogenio\/plt-energia\/#primaryimage\"},\"thumbnailUrl\":\"https:\/\/www.fiorentini-iberia.com\/wp-content\/uploads\/2024\/03\/Hyter-Electrolyser-1024x384.jpg\",\"datePublished\":\"2024-03-14T22:50:42+00:00\",\"dateModified\":\"2024-03-15T17:26:05+00:00\",\"description\":\"Com o inovador eletrolisador fornecido pela Hyter, empresa do\u00a0Grupo Pietro Fiorentini, a PLT energia poder\u00e1\u00a0utilizar o hidrog\u00e9nio verde como vetor energ\u00e9tico\u00a0para tornar os seus escrit\u00f3rios ainda mais sustent\u00e1veis.\",\"breadcrumb\":{\"@id\":\"https:\/\/www.fiorentini-iberia.com\/pt\/especialistas\/hidrogenio\/plt-energia\/#breadcrumb\"},\"inLanguage\":\"pt-PTD\",\"potentialAction\":[{\"@type\":\"ReadAction\",\"target\":[\"https:\/\/www.fiorentini-iberia.com\/pt\/especialistas\/hidrogenio\/plt-energia\/\"]}]},{\"@type\":\"ImageObject\",\"inLanguage\":\"pt-PTD\",\"@id\":\"https:\/\/www.fiorentini-iberia.com\/pt\/especialistas\/hidrogenio\/plt-energia\/#primaryimage\",\"url\":\"https:\/\/www.fiorentini-iberia.com\/wp-content\/uploads\/2024\/03\/Hyter-Electrolyser-1024x384.jpg\",\"contentUrl\":\"https:\/\/www.fiorentini-iberia.com\/wp-content\/uploads\/2024\/03\/Hyter-Electrolyser-1024x384.jpg\"},{\"@type\":\"BreadcrumbList\",\"@id\":\"https:\/\/www.fiorentini-iberia.com\/pt\/especialistas\/hidrogenio\/plt-energia\/#breadcrumb\",\"itemListElement\":[{\"@type\":\"ListItem\",\"position\":1,\"name\":\"Home\",\"item\":\"https:\/\/www.fiorentini-iberia.com\/pt\/\"},{\"@type\":\"ListItem\",\"position\":2,\"name\":\"Especialistas\",\"item\":\"https:\/\/www.fiorentini-iberia.com\/pt\/especialistas\/\"},{\"@type\":\"ListItem\",\"position\":3,\"name\":\"Hidrog\u00e9nio\",\"item\":\"https:\/\/www.fiorentini-iberia.com\/pt\/especialistas\/hidrogenio\/\"},{\"@type\":\"ListItem\",\"position\":4,\"name\":\"PLT ENERGIA\"}]},{\"@type\":\"WebSite\",\"@id\":\"https:\/\/www.fiorentini-iberia.com\/pt\/#website\",\"url\":\"https:\/\/www.fiorentini-iberia.com\/pt\/\",\"name\":\"Pietro Fiorentini Iberia\",\"description\":\"Pietro Fiorentini dise\u00f1a y fabrica componentes, sistemas y servicios para la regulaci\u00f3n, medici\u00f3n, gesti\u00f3n de redes de agua, energ\u00edas renovables, petr\u00f3leo y el gas natural, con sistemas adaptados 100% al hidr\u00f3geno.\",\"publisher\":{\"@id\":\"https:\/\/www.fiorentini-iberia.com\/pt\/#organization\"},\"potentialAction\":[{\"@type\":\"SearchAction\",\"target\":{\"@type\":\"EntryPoint\",\"urlTemplate\":\"https:\/\/www.fiorentini-iberia.com\/pt\/?s={search_term_string}\"},\"query-input\":{\"@type\":\"PropertyValueSpecification\",\"valueRequired\":true,\"valueName\":\"search_term_string\"}}],\"inLanguage\":\"pt-PTD\"},{\"@type\":\"Organization\",\"@id\":\"https:\/\/www.fiorentini-iberia.com\/pt\/#organization\",\"name\":\"Pietro Fiorentini Iberia\",\"url\":\"https:\/\/www.fiorentini-iberia.com\/pt\/\",\"logo\":{\"@type\":\"ImageObject\",\"inLanguage\":\"pt-PTD\",\"@id\":\"https:\/\/www.fiorentini-iberia.com\/pt\/#\/schema\/logo\/image\/\",\"url\":\"https:\/\/www.fiorentini-iberia.com\/wp-content\/uploads\/2020\/11\/logo.svg\",\"contentUrl\":\"https:\/\/www.fiorentini-iberia.com\/wp-content\/uploads\/2020\/11\/logo.svg\",\"width\":227,\"height\":59,\"caption\":\"Pietro Fiorentini Iberia\"},\"image\":{\"@id\":\"https:\/\/www.fiorentini-iberia.com\/pt\/#\/schema\/logo\/image\/\"},\"sameAs\":[\"https:\/\/x.com\/FiorentiniSpa\",\"https:\/\/www.linkedin.com\/company\/pietro-fiorentini-iberia\/\"]}]}<\/script>\n<!-- \/ Yoast SEO plugin. -->","yoast_head_json":{"title":"PLT ENERGIA - Pietro Fiorentini","description":"Com o inovador eletrolisador fornecido pela Hyter, empresa do\u00a0Grupo Pietro Fiorentini, a PLT energia poder\u00e1\u00a0utilizar o hidrog\u00e9nio verde como vetor energ\u00e9tico\u00a0para tornar os seus escrit\u00f3rios ainda mais sustent\u00e1veis.","robots":{"index":"index","follow":"follow","max-snippet":"max-snippet:-1","max-image-preview":"max-image-preview:large","max-video-preview":"max-video-preview:-1"},"canonical":"https:\/\/www.fiorentini-iberia.com\/pt\/especialistas\/hidrogenio\/plt-energia\/","og_locale":"pt_PT","og_type":"article","og_title":"PLT ENERGIA - Pietro Fiorentini","og_description":"Com o inovador eletrolisador fornecido pela Hyter, empresa do\u00a0Grupo Pietro Fiorentini, a PLT energia poder\u00e1\u00a0utilizar o hidrog\u00e9nio verde como vetor energ\u00e9tico\u00a0para tornar os seus escrit\u00f3rios ainda mais sustent\u00e1veis.","og_url":"https:\/\/www.fiorentini-iberia.com\/pt\/especialistas\/hidrogenio\/plt-energia\/","og_site_name":"Pietro Fiorentini","article_modified_time":"2024-03-15T17:26:05+00:00","og_image":[{"url":"https:\/\/www.fiorentini-iberia.com\/wp-content\/uploads\/2024\/03\/Hyter-Electrolyser-1024x384.jpg","type":"","width":"","height":""}],"twitter_card":"summary_large_image","twitter_site":"@FiorentiniSpa","twitter_misc":{"Est. reading time":"1 minute"},"schema":{"@context":"https:\/\/schema.org","@graph":[{"@type":"WebPage","@id":"https:\/\/www.fiorentini-iberia.com\/pt\/especialistas\/hidrogenio\/plt-energia\/","url":"https:\/\/www.fiorentini-iberia.com\/pt\/especialistas\/hidrogenio\/plt-energia\/","name":"PLT ENERGIA - Pietro Fiorentini","isPartOf":{"@id":"https:\/\/www.fiorentini-iberia.com\/pt\/#website"},"primaryImageOfPage":{"@id":"https:\/\/www.fiorentini-iberia.com\/pt\/especialistas\/hidrogenio\/plt-energia\/#primaryimage"},"image":{"@id":"https:\/\/www.fiorentini-iberia.com\/pt\/especialistas\/hidrogenio\/plt-energia\/#primaryimage"},"thumbnailUrl":"https:\/\/www.fiorentini-iberia.com\/wp-content\/uploads\/2024\/03\/Hyter-Electrolyser-1024x384.jpg","datePublished":"2024-03-14T22:50:42+00:00","dateModified":"2024-03-15T17:26:05+00:00","description":"Com o inovador eletrolisador fornecido pela Hyter, empresa do\u00a0Grupo Pietro Fiorentini, a PLT energia poder\u00e1\u00a0utilizar o hidrog\u00e9nio verde como vetor energ\u00e9tico\u00a0para tornar os seus escrit\u00f3rios ainda mais sustent\u00e1veis.","breadcrumb":{"@id":"https:\/\/www.fiorentini-iberia.com\/pt\/especialistas\/hidrogenio\/plt-energia\/#breadcrumb"},"inLanguage":"pt-PTD","potentialAction":[{"@type":"ReadAction","target":["https:\/\/www.fiorentini-iberia.com\/pt\/especialistas\/hidrogenio\/plt-energia\/"]}]},{"@type":"ImageObject","inLanguage":"pt-PTD","@id":"https:\/\/www.fiorentini-iberia.com\/pt\/especialistas\/hidrogenio\/plt-energia\/#primaryimage","url":"https:\/\/www.fiorentini-iberia.com\/wp-content\/uploads\/2024\/03\/Hyter-Electrolyser-1024x384.jpg","contentUrl":"https:\/\/www.fiorentini-iberia.com\/wp-content\/uploads\/2024\/03\/Hyter-Electrolyser-1024x384.jpg"},{"@type":"BreadcrumbList","@id":"https:\/\/www.fiorentini-iberia.com\/pt\/especialistas\/hidrogenio\/plt-energia\/#breadcrumb","itemListElement":[{"@type":"ListItem","position":1,"name":"Home","item":"https:\/\/www.fiorentini-iberia.com\/pt\/"},{"@type":"ListItem","position":2,"name":"Especialistas","item":"https:\/\/www.fiorentini-iberia.com\/pt\/especialistas\/"},{"@type":"ListItem","position":3,"name":"Hidrog\u00e9nio","item":"https:\/\/www.fiorentini-iberia.com\/pt\/especialistas\/hidrogenio\/"},{"@type":"ListItem","position":4,"name":"PLT ENERGIA"}]},{"@type":"WebSite","@id":"https:\/\/www.fiorentini-iberia.com\/pt\/#website","url":"https:\/\/www.fiorentini-iberia.com\/pt\/","name":"Pietro Fiorentini Iberia","description":"Pietro Fiorentini dise\u00f1a y fabrica componentes, sistemas y servicios para la regulaci\u00f3n, medici\u00f3n, gesti\u00f3n de redes de agua, energ\u00edas renovables, petr\u00f3leo y el gas natural, con sistemas adaptados 100% al hidr\u00f3geno.","publisher":{"@id":"https:\/\/www.fiorentini-iberia.com\/pt\/#organization"},"potentialAction":[{"@type":"SearchAction","target":{"@type":"EntryPoint","urlTemplate":"https:\/\/www.fiorentini-iberia.com\/pt\/?s={search_term_string}"},"query-input":{"@type":"PropertyValueSpecification","valueRequired":true,"valueName":"search_term_string"}}],"inLanguage":"pt-PTD"},{"@type":"Organization","@id":"https:\/\/www.fiorentini-iberia.com\/pt\/#organization","name":"Pietro Fiorentini Iberia","url":"https:\/\/www.fiorentini-iberia.com\/pt\/","logo":{"@type":"ImageObject","inLanguage":"pt-PTD","@id":"https:\/\/www.fiorentini-iberia.com\/pt\/#\/schema\/logo\/image\/","url":"https:\/\/www.fiorentini-iberia.com\/wp-content\/uploads\/2020\/11\/logo.svg","contentUrl":"https:\/\/www.fiorentini-iberia.com\/wp-content\/uploads\/2020\/11\/logo.svg","width":227,"height":59,"caption":"Pietro Fiorentini Iberia"},"image":{"@id":"https:\/\/www.fiorentini-iberia.com\/pt\/#\/schema\/logo\/image\/"},"sameAs":["https:\/\/x.com\/FiorentiniSpa","https:\/\/www.linkedin.com\/company\/pietro-fiorentini-iberia\/"]}]}},"_links":{"self":[{"href":"https:\/\/www.fiorentini-iberia.com\/pt\/wp-json\/wp\/v2\/pages\/50550","targetHints":{"allow":["GET"]}}],"collection":[{"href":"https:\/\/www.fiorentini-iberia.com\/pt\/wp-json\/wp\/v2\/pages"}],"about":[{"href":"https:\/\/www.fiorentini-iberia.com\/pt\/wp-json\/wp\/v2\/types\/page"}],"author":[{"embeddable":true,"href":"https:\/\/www.fiorentini-iberia.com\/pt\/wp-json\/wp\/v2\/users\/15"}],"replies":[{"embeddable":true,"href":"https:\/\/www.fiorentini-iberia.com\/pt\/wp-json\/wp\/v2\/comments?post=50550"}],"version-history":[{"count":1,"href":"https:\/\/www.fiorentini-iberia.com\/pt\/wp-json\/wp\/v2\/pages\/50550\/revisions"}],"predecessor-version":[{"id":50552,"href":"https:\/\/www.fiorentini-iberia.com\/pt\/wp-json\/wp\/v2\/pages\/50550\/revisions\/50552"}],"up":[{"embeddable":true,"href":"https:\/\/www.fiorentini-iberia.com\/pt\/wp-json\/wp\/v2\/pages\/48278"}],"wp:attachment":[{"href":"https:\/\/www.fiorentini-iberia.com\/pt\/wp-json\/wp\/v2\/media?parent=50550"}],"curies":[{"name":"wp","href":"https:\/\/api.w.org\/{rel}","templated":true}]}}