{"id":50563,"date":"2024-03-15T00:08:52","date_gmt":"2024-03-14T23:08:52","guid":{"rendered":"https:\/\/www.fiorentini-iberia.com\/especialistas\/hidrogenio\/sirius\/"},"modified":"2024-03-15T18:47:35","modified_gmt":"2024-03-15T17:47:35","slug":"sirius","status":"publish","type":"page","link":"https:\/\/www.fiorentini-iberia.com\/pt\/especialistas\/hidrogenio\/sirius\/","title":{"rendered":"SIRIUS"},"content":{"rendered":"\n<p class=\"has-text-color has-link-color wp-elements-62f357e4ef7588d30316d5dfeaa77185\" style=\"color:#199782;font-size:24px\"><strong>O PROJETO SIRIUS, LIDERADO PELA HYTER, EST\u00c1 ENTRE OS VENCEDORES DO CONVITE \u00c0 APRESENTA\u00c7\u00c3O DE PROPOSTAS MITE SOBRE INVESTIGA\u00c7\u00c3O NO DOM\u00cdNIO DO HIDROG\u00c9NIO<\/strong><\/p>\n\n\n\n<div style=\"height:35px\" aria-hidden=\"true\" class=\"wp-block-spacer\"><\/div>\n\n\n\n<figure class=\"wp-block-image size-full is-resized\"><img loading=\"lazy\" decoding=\"async\" width=\"991\" height=\"495\" src=\"https:\/\/www.fiorentini-iberia.com\/wp-content\/uploads\/2024\/03\/Sirius_1.png\" alt=\"\" class=\"wp-image-50423\" style=\"width:1031px;height:auto\" srcset=\"https:\/\/www.fiorentini-iberia.com\/wp-content\/uploads\/2024\/03\/Sirius_1.png 991w, https:\/\/www.fiorentini-iberia.com\/wp-content\/uploads\/2024\/03\/Sirius_1-300x150.png 300w, https:\/\/www.fiorentini-iberia.com\/wp-content\/uploads\/2024\/03\/Sirius_1-768x384.png 768w\" sizes=\"auto, (max-width: 991px) 100vw, 991px\" \/><\/figure>\n\n\n\n<div style=\"height:54px\" aria-hidden=\"true\" class=\"wp-block-spacer\"><\/div>\n\n\n\n<p><br>A <strong>Hyter<\/strong> foi recentemente premiada com um dos concursos da MiTE com o projeto Sirius, que envolve a constru\u00e7\u00e3o, no prazo de tr\u00eas anos, do\u00a0<strong>primeiro eletrolisador do mundo com uma dimens\u00e3o superior a um megawatt baseado na tecnologia AEMWE<\/strong>, Anion Exchange Membrane Water Electrolyser.<\/p>\n\n\n\n<p>O Departamento de Ci\u00eancias Qu\u00edmicas da Universidade de P\u00e1dua e a MatRes levar\u00e3o a cabo as actividades de investiga\u00e7\u00e3o destinadas a&nbsp;<strong>melhorar o desempenho de componentes espec\u00edficos<\/strong>&nbsp;(as c\u00e9lulas catalisadoras), explorando novos materiais nanoestruturados que tamb\u00e9m conduzem a um menor impacto ambiental em compara\u00e7\u00e3o com os atualmente utilizados. O projeto ser\u00e1 conclu\u00eddo pela INRETE Distribuzione Energia com a constru\u00e7\u00e3o da&nbsp;<strong>unidade industrial experimental para a utiliza\u00e7\u00e3o do hidrog\u00e9nio<\/strong>.<\/p>\n\n\n\n<p><br>A&nbsp;<strong>INRETE Distribuzione Energia S.p.A.<\/strong>&nbsp;gere a atividade de distribui\u00e7\u00e3o de g\u00e1s natural e eletricidade principalmente na regi\u00e3o de Emilia Romagna, com a distribui\u00e7\u00e3o de g\u00e1s em 143 munic\u00edpios, mais 3 na Toscana, e de eletricidade em 24 munic\u00edpios.<\/p>\n\n\n\n<p>A&nbsp;<strong>MBN Nanomaterialia<\/strong>&nbsp;opera na promo\u00e7\u00e3o de materiais inovadores de alta tecnologia e na produ\u00e7\u00e3o de solu\u00e7\u00f5es de produtos espec\u00edficos para os clientes.<\/p>\n\n\n\n<p>&nbsp;<\/p>\n\n\n\n<p class=\"has-text-color has-link-color has-large-font-size wp-elements-ff0a0f44e1dcd59c9fbd94e6dac98165\" style=\"color:#199782\"><strong>> <\/strong><a href=\"https:\/\/hyter.it\/en\/sirius\/?bk=1\" target=\"_blank\" rel=\"noreferrer noopener\"><strong>Mais informa\u00e7\u00f5es sobre o projeto.<\/strong><\/a><\/p>\n\n\n\n<div style=\"height:20px\" aria-hidden=\"true\" class=\"wp-block-spacer\"><\/div>\n\n\n\n<p class=\"has-text-color has-link-color has-large-font-size wp-elements-bba2ce1a9b3fb1e886deb26c20c326da\" style=\"color:#199782\"><strong>><\/strong>  <strong><a href=\"https:\/\/www.fiorentini-iberia.com\/pt\/noticias\/hyter-producao-de-hidrogenio-verde-atraves-de-eletrolise\/\">Visite a not\u00edcia da apresenta\u00e7\u00e3o da HYTER.<\/a><\/strong><\/p>\n","protected":false},"excerpt":{"rendered":"<p>O projeto Sirius, liderado pela Hyter, est\u00e1 entre os vencedores do convite \u00e0 apresenta\u00e7\u00e3o de propostas MITE sobre investiga\u00e7\u00e3o no dom\u00ednio do hidrog\u00e9nio.<br \/>\n\u00a0<br \/>\nA Hyter foi recentemente premiada com um dos concursos da MiTE com o projeto Sirius, que envolve a constru\u00e7\u00e3o, no prazo de tr\u00eas anos, do\u00a0primeiro eletrolisador do mundo com uma dimens\u00e3o superior a um megawatt baseado na tecnologia AEMWE, Anion Exchange Membrane Water Electrolyser.<\/p>\n","protected":false},"author":15,"featured_media":0,"parent":48278,"menu_order":0,"comment_status":"closed","ping_status":"closed","template":"template-expertise-post.php","meta":{"_acf_changed":false,"inline_featured_image":false,"footnotes":""},"class_list":["post-50563","page","type-page","status-publish","hentry"],"acf":[],"yoast_head":"<!-- This site is optimized with the Yoast SEO plugin v27.2 - https:\/\/yoast.com\/product\/yoast-seo-wordpress\/ -->\n<title>SIRIUS - Pietro Fiorentini<\/title>\n<meta name=\"description\" content=\"O projeto Sirius, liderado pela Hyter, est\u00e1 entre os vencedores do convite \u00e0 apresenta\u00e7\u00e3o de propostas MITE sobre investiga\u00e7\u00e3o no dom\u00ednio do hidrog\u00e9nio.\" \/>\n<meta name=\"robots\" content=\"index, follow, max-snippet:-1, max-image-preview:large, max-video-preview:-1\" \/>\n<link rel=\"canonical\" href=\"https:\/\/www.fiorentini-iberia.com\/pt\/especialistas\/hidrogenio\/sirius\/\" \/>\n<meta property=\"og:locale\" content=\"pt_PT\" \/>\n<meta property=\"og:type\" content=\"article\" \/>\n<meta property=\"og:title\" content=\"SIRIUS - Pietro Fiorentini\" \/>\n<meta property=\"og:description\" content=\"O projeto Sirius, liderado pela Hyter, est\u00e1 entre os vencedores do convite \u00e0 apresenta\u00e7\u00e3o de propostas MITE sobre investiga\u00e7\u00e3o no dom\u00ednio do hidrog\u00e9nio.\" \/>\n<meta property=\"og:url\" content=\"https:\/\/www.fiorentini-iberia.com\/pt\/especialistas\/hidrogenio\/sirius\/\" \/>\n<meta property=\"og:site_name\" content=\"Pietro Fiorentini\" \/>\n<meta property=\"article:modified_time\" content=\"2024-03-15T17:47:35+00:00\" \/>\n<meta property=\"og:image\" content=\"https:\/\/www.fiorentini-iberia.com\/wp-content\/uploads\/2024\/03\/Sirius_1.png\" \/>\n<meta name=\"twitter:card\" content=\"summary_large_image\" \/>\n<meta name=\"twitter:site\" content=\"@FiorentiniSpa\" \/>\n<meta name=\"twitter:label1\" content=\"Est. reading time\" \/>\n\t<meta name=\"twitter:data1\" content=\"2 minutes\" \/>\n<script type=\"application\/ld+json\" class=\"yoast-schema-graph\">{\"@context\":\"https:\/\/schema.org\",\"@graph\":[{\"@type\":\"WebPage\",\"@id\":\"https:\/\/www.fiorentini-iberia.com\/pt\/especialistas\/hidrogenio\/sirius\/\",\"url\":\"https:\/\/www.fiorentini-iberia.com\/pt\/especialistas\/hidrogenio\/sirius\/\",\"name\":\"SIRIUS - Pietro Fiorentini\",\"isPartOf\":{\"@id\":\"https:\/\/www.fiorentini-iberia.com\/pt\/#website\"},\"primaryImageOfPage\":{\"@id\":\"https:\/\/www.fiorentini-iberia.com\/pt\/especialistas\/hidrogenio\/sirius\/#primaryimage\"},\"image\":{\"@id\":\"https:\/\/www.fiorentini-iberia.com\/pt\/especialistas\/hidrogenio\/sirius\/#primaryimage\"},\"thumbnailUrl\":\"https:\/\/www.fiorentini-iberia.com\/wp-content\/uploads\/2024\/03\/Sirius_1.png\",\"datePublished\":\"2024-03-14T23:08:52+00:00\",\"dateModified\":\"2024-03-15T17:47:35+00:00\",\"description\":\"O projeto Sirius, liderado pela Hyter, est\u00e1 entre os vencedores do convite \u00e0 apresenta\u00e7\u00e3o de propostas MITE sobre investiga\u00e7\u00e3o no dom\u00ednio do hidrog\u00e9nio.\",\"breadcrumb\":{\"@id\":\"https:\/\/www.fiorentini-iberia.com\/pt\/especialistas\/hidrogenio\/sirius\/#breadcrumb\"},\"inLanguage\":\"pt-PTD\",\"potentialAction\":[{\"@type\":\"ReadAction\",\"target\":[\"https:\/\/www.fiorentini-iberia.com\/pt\/especialistas\/hidrogenio\/sirius\/\"]}]},{\"@type\":\"ImageObject\",\"inLanguage\":\"pt-PTD\",\"@id\":\"https:\/\/www.fiorentini-iberia.com\/pt\/especialistas\/hidrogenio\/sirius\/#primaryimage\",\"url\":\"https:\/\/www.fiorentini-iberia.com\/wp-content\/uploads\/2024\/03\/Sirius_1.png\",\"contentUrl\":\"https:\/\/www.fiorentini-iberia.com\/wp-content\/uploads\/2024\/03\/Sirius_1.png\"},{\"@type\":\"BreadcrumbList\",\"@id\":\"https:\/\/www.fiorentini-iberia.com\/pt\/especialistas\/hidrogenio\/sirius\/#breadcrumb\",\"itemListElement\":[{\"@type\":\"ListItem\",\"position\":1,\"name\":\"Home\",\"item\":\"https:\/\/www.fiorentini-iberia.com\/pt\/\"},{\"@type\":\"ListItem\",\"position\":2,\"name\":\"Especialistas\",\"item\":\"https:\/\/www.fiorentini-iberia.com\/pt\/especialistas\/\"},{\"@type\":\"ListItem\",\"position\":3,\"name\":\"Hidrog\u00e9nio\",\"item\":\"https:\/\/www.fiorentini-iberia.com\/pt\/especialistas\/hidrogenio\/\"},{\"@type\":\"ListItem\",\"position\":4,\"name\":\"SIRIUS\"}]},{\"@type\":\"WebSite\",\"@id\":\"https:\/\/www.fiorentini-iberia.com\/pt\/#website\",\"url\":\"https:\/\/www.fiorentini-iberia.com\/pt\/\",\"name\":\"Pietro Fiorentini Iberia\",\"description\":\"Pietro Fiorentini dise\u00f1a y fabrica componentes, sistemas y servicios para la regulaci\u00f3n, medici\u00f3n, gesti\u00f3n de redes de agua, energ\u00edas renovables, petr\u00f3leo y el gas natural, con sistemas adaptados 100% al hidr\u00f3geno.\",\"publisher\":{\"@id\":\"https:\/\/www.fiorentini-iberia.com\/pt\/#organization\"},\"potentialAction\":[{\"@type\":\"SearchAction\",\"target\":{\"@type\":\"EntryPoint\",\"urlTemplate\":\"https:\/\/www.fiorentini-iberia.com\/pt\/?s={search_term_string}\"},\"query-input\":{\"@type\":\"PropertyValueSpecification\",\"valueRequired\":true,\"valueName\":\"search_term_string\"}}],\"inLanguage\":\"pt-PTD\"},{\"@type\":\"Organization\",\"@id\":\"https:\/\/www.fiorentini-iberia.com\/pt\/#organization\",\"name\":\"Pietro Fiorentini Iberia\",\"url\":\"https:\/\/www.fiorentini-iberia.com\/pt\/\",\"logo\":{\"@type\":\"ImageObject\",\"inLanguage\":\"pt-PTD\",\"@id\":\"https:\/\/www.fiorentini-iberia.com\/pt\/#\/schema\/logo\/image\/\",\"url\":\"https:\/\/www.fiorentini-iberia.com\/wp-content\/uploads\/2020\/11\/logo.svg\",\"contentUrl\":\"https:\/\/www.fiorentini-iberia.com\/wp-content\/uploads\/2020\/11\/logo.svg\",\"width\":227,\"height\":59,\"caption\":\"Pietro Fiorentini Iberia\"},\"image\":{\"@id\":\"https:\/\/www.fiorentini-iberia.com\/pt\/#\/schema\/logo\/image\/\"},\"sameAs\":[\"https:\/\/x.com\/FiorentiniSpa\",\"https:\/\/www.linkedin.com\/company\/pietro-fiorentini-iberia\/\"]}]}<\/script>\n<!-- \/ Yoast SEO plugin. -->","yoast_head_json":{"title":"SIRIUS - Pietro Fiorentini","description":"O projeto Sirius, liderado pela Hyter, est\u00e1 entre os vencedores do convite \u00e0 apresenta\u00e7\u00e3o de propostas MITE sobre investiga\u00e7\u00e3o no dom\u00ednio do hidrog\u00e9nio.","robots":{"index":"index","follow":"follow","max-snippet":"max-snippet:-1","max-image-preview":"max-image-preview:large","max-video-preview":"max-video-preview:-1"},"canonical":"https:\/\/www.fiorentini-iberia.com\/pt\/especialistas\/hidrogenio\/sirius\/","og_locale":"pt_PT","og_type":"article","og_title":"SIRIUS - Pietro Fiorentini","og_description":"O projeto Sirius, liderado pela Hyter, est\u00e1 entre os vencedores do convite \u00e0 apresenta\u00e7\u00e3o de propostas MITE sobre investiga\u00e7\u00e3o no dom\u00ednio do hidrog\u00e9nio.","og_url":"https:\/\/www.fiorentini-iberia.com\/pt\/especialistas\/hidrogenio\/sirius\/","og_site_name":"Pietro Fiorentini","article_modified_time":"2024-03-15T17:47:35+00:00","og_image":[{"url":"https:\/\/www.fiorentini-iberia.com\/wp-content\/uploads\/2024\/03\/Sirius_1.png","type":"","width":"","height":""}],"twitter_card":"summary_large_image","twitter_site":"@FiorentiniSpa","twitter_misc":{"Est. reading time":"2 minutes"},"schema":{"@context":"https:\/\/schema.org","@graph":[{"@type":"WebPage","@id":"https:\/\/www.fiorentini-iberia.com\/pt\/especialistas\/hidrogenio\/sirius\/","url":"https:\/\/www.fiorentini-iberia.com\/pt\/especialistas\/hidrogenio\/sirius\/","name":"SIRIUS - Pietro Fiorentini","isPartOf":{"@id":"https:\/\/www.fiorentini-iberia.com\/pt\/#website"},"primaryImageOfPage":{"@id":"https:\/\/www.fiorentini-iberia.com\/pt\/especialistas\/hidrogenio\/sirius\/#primaryimage"},"image":{"@id":"https:\/\/www.fiorentini-iberia.com\/pt\/especialistas\/hidrogenio\/sirius\/#primaryimage"},"thumbnailUrl":"https:\/\/www.fiorentini-iberia.com\/wp-content\/uploads\/2024\/03\/Sirius_1.png","datePublished":"2024-03-14T23:08:52+00:00","dateModified":"2024-03-15T17:47:35+00:00","description":"O projeto Sirius, liderado pela Hyter, est\u00e1 entre os vencedores do convite \u00e0 apresenta\u00e7\u00e3o de propostas MITE sobre investiga\u00e7\u00e3o no dom\u00ednio do hidrog\u00e9nio.","breadcrumb":{"@id":"https:\/\/www.fiorentini-iberia.com\/pt\/especialistas\/hidrogenio\/sirius\/#breadcrumb"},"inLanguage":"pt-PTD","potentialAction":[{"@type":"ReadAction","target":["https:\/\/www.fiorentini-iberia.com\/pt\/especialistas\/hidrogenio\/sirius\/"]}]},{"@type":"ImageObject","inLanguage":"pt-PTD","@id":"https:\/\/www.fiorentini-iberia.com\/pt\/especialistas\/hidrogenio\/sirius\/#primaryimage","url":"https:\/\/www.fiorentini-iberia.com\/wp-content\/uploads\/2024\/03\/Sirius_1.png","contentUrl":"https:\/\/www.fiorentini-iberia.com\/wp-content\/uploads\/2024\/03\/Sirius_1.png"},{"@type":"BreadcrumbList","@id":"https:\/\/www.fiorentini-iberia.com\/pt\/especialistas\/hidrogenio\/sirius\/#breadcrumb","itemListElement":[{"@type":"ListItem","position":1,"name":"Home","item":"https:\/\/www.fiorentini-iberia.com\/pt\/"},{"@type":"ListItem","position":2,"name":"Especialistas","item":"https:\/\/www.fiorentini-iberia.com\/pt\/especialistas\/"},{"@type":"ListItem","position":3,"name":"Hidrog\u00e9nio","item":"https:\/\/www.fiorentini-iberia.com\/pt\/especialistas\/hidrogenio\/"},{"@type":"ListItem","position":4,"name":"SIRIUS"}]},{"@type":"WebSite","@id":"https:\/\/www.fiorentini-iberia.com\/pt\/#website","url":"https:\/\/www.fiorentini-iberia.com\/pt\/","name":"Pietro Fiorentini Iberia","description":"Pietro Fiorentini dise\u00f1a y fabrica componentes, sistemas y servicios para la regulaci\u00f3n, medici\u00f3n, gesti\u00f3n de redes de agua, energ\u00edas renovables, petr\u00f3leo y el gas natural, con sistemas adaptados 100% al hidr\u00f3geno.","publisher":{"@id":"https:\/\/www.fiorentini-iberia.com\/pt\/#organization"},"potentialAction":[{"@type":"SearchAction","target":{"@type":"EntryPoint","urlTemplate":"https:\/\/www.fiorentini-iberia.com\/pt\/?s={search_term_string}"},"query-input":{"@type":"PropertyValueSpecification","valueRequired":true,"valueName":"search_term_string"}}],"inLanguage":"pt-PTD"},{"@type":"Organization","@id":"https:\/\/www.fiorentini-iberia.com\/pt\/#organization","name":"Pietro Fiorentini Iberia","url":"https:\/\/www.fiorentini-iberia.com\/pt\/","logo":{"@type":"ImageObject","inLanguage":"pt-PTD","@id":"https:\/\/www.fiorentini-iberia.com\/pt\/#\/schema\/logo\/image\/","url":"https:\/\/www.fiorentini-iberia.com\/wp-content\/uploads\/2020\/11\/logo.svg","contentUrl":"https:\/\/www.fiorentini-iberia.com\/wp-content\/uploads\/2020\/11\/logo.svg","width":227,"height":59,"caption":"Pietro Fiorentini Iberia"},"image":{"@id":"https:\/\/www.fiorentini-iberia.com\/pt\/#\/schema\/logo\/image\/"},"sameAs":["https:\/\/x.com\/FiorentiniSpa","https:\/\/www.linkedin.com\/company\/pietro-fiorentini-iberia\/"]}]}},"_links":{"self":[{"href":"https:\/\/www.fiorentini-iberia.com\/pt\/wp-json\/wp\/v2\/pages\/50563","targetHints":{"allow":["GET"]}}],"collection":[{"href":"https:\/\/www.fiorentini-iberia.com\/pt\/wp-json\/wp\/v2\/pages"}],"about":[{"href":"https:\/\/www.fiorentini-iberia.com\/pt\/wp-json\/wp\/v2\/types\/page"}],"author":[{"embeddable":true,"href":"https:\/\/www.fiorentini-iberia.com\/pt\/wp-json\/wp\/v2\/users\/15"}],"replies":[{"embeddable":true,"href":"https:\/\/www.fiorentini-iberia.com\/pt\/wp-json\/wp\/v2\/comments?post=50563"}],"version-history":[{"count":1,"href":"https:\/\/www.fiorentini-iberia.com\/pt\/wp-json\/wp\/v2\/pages\/50563\/revisions"}],"predecessor-version":[{"id":50565,"href":"https:\/\/www.fiorentini-iberia.com\/pt\/wp-json\/wp\/v2\/pages\/50563\/revisions\/50565"}],"up":[{"embeddable":true,"href":"https:\/\/www.fiorentini-iberia.com\/pt\/wp-json\/wp\/v2\/pages\/48278"}],"wp:attachment":[{"href":"https:\/\/www.fiorentini-iberia.com\/pt\/wp-json\/wp\/v2\/media?parent=50563"}],"curies":[{"name":"wp","href":"https:\/\/api.w.org\/{rel}","templated":true}]}}