{"id":50572,"date":"2024-03-15T00:15:32","date_gmt":"2024-03-14T23:15:32","guid":{"rendered":"https:\/\/www.fiorentini-iberia.com\/especialistas\/hidrogenio\/straubing\/"},"modified":"2024-03-15T19:01:55","modified_gmt":"2024-03-15T18:01:55","slug":"straubing","status":"publish","type":"page","link":"https:\/\/www.fiorentini-iberia.com\/pt\/especialistas\/hidrogenio\/straubing\/","title":{"rendered":"STRAUBING"},"content":{"rendered":"\n<p class=\"has-text-color has-link-color wp-elements-29cf1b8ff87309b25c68671c8efb4d03\" style=\"color:#199782;font-size:24px\"><strong>AS RAINHAS DAS ENERGIAS RENOV\u00c1VEIS CONQUISTAM A ALEMANHA: ARRANCAM OS TRABALHOS NA CENTRAL PILOTO DE STRAUBING<\/strong><\/p>\n\n\n\n<div style=\"height:35px\" aria-hidden=\"true\" class=\"wp-block-spacer\"><\/div>\n\n\n\n<figure class=\"wp-block-image size-full is-resized\"><img loading=\"lazy\" decoding=\"async\" width=\"991\" height=\"495\" src=\"https:\/\/www.fiorentini-iberia.com\/wp-content\/uploads\/2024\/03\/MicroPyrosBioEnerTecHyterBiokompPietroFiorentini_BiomethanationPlantStraubing.png\" alt=\"\" class=\"wp-image-50430\" style=\"width:1031px;height:auto\" srcset=\"https:\/\/www.fiorentini-iberia.com\/wp-content\/uploads\/2024\/03\/MicroPyrosBioEnerTecHyterBiokompPietroFiorentini_BiomethanationPlantStraubing.png 991w, https:\/\/www.fiorentini-iberia.com\/wp-content\/uploads\/2024\/03\/MicroPyrosBioEnerTecHyterBiokompPietroFiorentini_BiomethanationPlantStraubing-300x150.png 300w, https:\/\/www.fiorentini-iberia.com\/wp-content\/uploads\/2024\/03\/MicroPyrosBioEnerTecHyterBiokompPietroFiorentini_BiomethanationPlantStraubing-768x384.png 768w\" sizes=\"auto, (max-width: 991px) 100vw, 991px\" \/><\/figure>\n\n\n\n<div style=\"height:54px\" aria-hidden=\"true\" class=\"wp-block-spacer\"><\/div>\n\n\n\n<p>No dia 28 de julho de 2022, na&nbsp;<strong>esta\u00e7\u00e3o de tratamento de \u00e1guas residuais de Straubing, na Alemanha<\/strong>, foram iniciados os trabalhos de instala\u00e7\u00e3o de uma solu\u00e7\u00e3o espec\u00edfica da&nbsp;<a href=\"https:\/\/www.fiorentini-iberia.com\/pt\/pietro-fiorentini-group\/empresas-e-marcas-do-grupo-pietro-fiorentini\/#micropyros\"><strong>MicroPyros BioEnerTec<\/strong><\/a>,&nbsp;<a href=\"https:\/\/www.fiorentini-iberia.com\/pt\/pietro-fiorentini-group\/empresas-e-marcas-do-grupo-pietro-fiorentini\/#hyter\"><strong>Hyter<\/strong><\/a>,&nbsp;<strong>Biokomp<\/strong>&nbsp;e Pietro Fiorentini para a investiga\u00e7\u00e3o e experimenta\u00e7\u00e3o de processos de biometana\u00e7\u00e3o a partir de v\u00e1rias fontes, em particular biog\u00e1s e g\u00e1s de s\u00edntese.<\/p>\n\n\n\n<p>Todas as empresas envolvidas na conce\u00e7\u00e3o, constru\u00e7\u00e3o e instala\u00e7\u00e3o do projeto fazem parte do&nbsp;<a href=\"https:\/\/www.fiorentini-iberia.com\/pt\/pietro-fiorentini-group\/empresas-e-marcas-do-grupo-pietro-fiorentini\/\"><strong>Grupo Pietro Fiorentini<\/strong><\/a>, principal promotor de&nbsp;<strong>um sistema \u00fanico de investiga\u00e7\u00e3o e experimenta\u00e7\u00e3o da biometana\u00e7\u00e3o<\/strong>&nbsp;em toda a Europa, gra\u00e7as ao qual ser\u00e1 poss\u00edvel criar misturas gasosas no local e contar com a alimenta\u00e7\u00e3o direta de biog\u00e1s dos digestores da esta\u00e7\u00e3o de tratamento de \u00e1guas residuais.<\/p>\n\n\n\n<p>Cada empresa traz a sua pr\u00f3pria contribui\u00e7\u00e3o. A pilha&nbsp;<strong>electrol\u00edtica com tecnologia AEMWE (Anion Exchange Membrane Water Electrolyser)<\/strong>&nbsp;para a produ\u00e7\u00e3o de energia a partir do g\u00e1s ser\u00e1 fornecida pela&nbsp;<strong>Hyter<\/strong>.<\/p>\n\n\n\n<p>&nbsp;<\/p>\n\n\n\n<p class=\"has-text-color has-link-color has-large-font-size wp-elements-6bfa460779fa6f21061e67832b296dcf\" style=\"color:#199782\"><strong>> <\/strong><a href=\"https:\/\/hyter.it\/en\/straubing\/?bk=1\" target=\"_blank\" rel=\"noreferrer noopener\"><strong>Mais informa\u00e7\u00f5es sobre o projeto.<\/strong><\/a><\/p>\n\n\n\n<div style=\"height:20px\" aria-hidden=\"true\" class=\"wp-block-spacer\"><\/div>\n\n\n\n<p class=\"has-text-color has-link-color has-large-font-size wp-elements-bba2ce1a9b3fb1e886deb26c20c326da\" style=\"color:#199782\"><strong>><\/strong>  <strong><a href=\"https:\/\/www.fiorentini-iberia.com\/pt\/noticias\/hyter-producao-de-hidrogenio-verde-atraves-de-eletrolise\/\">Visite a not\u00edcia da apresenta\u00e7\u00e3o da HYTER.<\/a><\/strong><\/p>\n","protected":false},"excerpt":{"rendered":"<p>As rainhas das energias renov\u00e1veis conquistam a Alemanha: arrancam os trabalhos na central piloto de Straubing.<br \/>\n\u00a0<br \/>\nNo dia 28 de julho de 2022, na\u00a0esta\u00e7\u00e3o de tratamento de \u00e1guas residuais de Straubing, na Alemanha, foram iniciados os trabalhos de instala\u00e7\u00e3o de uma solu\u00e7\u00e3o espec\u00edfica da\u00a0MicroPyros BioEnerTec,\u00a0Hyter,\u00a0Biokomp\u00a0e Pietro Fiorentini para a investiga\u00e7\u00e3o e experimenta\u00e7\u00e3o de processos de biometana\u00e7\u00e3o a partir de v\u00e1rias fontes, em particular biog\u00e1s e g\u00e1s de s\u00edntese.<\/p>\n","protected":false},"author":15,"featured_media":0,"parent":48278,"menu_order":0,"comment_status":"closed","ping_status":"closed","template":"template-expertise-post.php","meta":{"_acf_changed":false,"inline_featured_image":false,"footnotes":""},"class_list":["post-50572","page","type-page","status-publish","hentry"],"acf":[],"yoast_head":"<!-- This site is optimized with the Yoast SEO plugin v27.2 - https:\/\/yoast.com\/product\/yoast-seo-wordpress\/ -->\n<title>STRAUBING - Pietro Fiorentini<\/title>\n<meta name=\"description\" content=\"As rainhas das energias renov\u00e1veis conquistam a Alemanha: arrancam os trabalhos na central piloto de Straubing.\" \/>\n<meta name=\"robots\" content=\"index, follow, max-snippet:-1, max-image-preview:large, max-video-preview:-1\" \/>\n<link rel=\"canonical\" href=\"https:\/\/www.fiorentini-iberia.com\/pt\/especialistas\/hidrogenio\/straubing\/\" \/>\n<meta property=\"og:locale\" content=\"pt_PT\" \/>\n<meta property=\"og:type\" content=\"article\" \/>\n<meta property=\"og:title\" content=\"STRAUBING - Pietro Fiorentini\" \/>\n<meta property=\"og:description\" content=\"As rainhas das energias renov\u00e1veis conquistam a Alemanha: arrancam os trabalhos na central piloto de Straubing.\" \/>\n<meta property=\"og:url\" content=\"https:\/\/www.fiorentini-iberia.com\/pt\/especialistas\/hidrogenio\/straubing\/\" \/>\n<meta property=\"og:site_name\" content=\"Pietro Fiorentini\" \/>\n<meta property=\"article:modified_time\" content=\"2024-03-15T18:01:55+00:00\" \/>\n<meta property=\"og:image\" content=\"https:\/\/www.fiorentini-iberia.com\/wp-content\/uploads\/2024\/03\/MicroPyrosBioEnerTecHyterBiokompPietroFiorentini_BiomethanationPlantStraubing.png\" \/>\n<meta name=\"twitter:card\" content=\"summary_large_image\" \/>\n<meta name=\"twitter:site\" content=\"@FiorentiniSpa\" \/>\n<meta name=\"twitter:label1\" content=\"Est. reading time\" \/>\n\t<meta name=\"twitter:data1\" content=\"2 minutes\" \/>\n<script type=\"application\/ld+json\" class=\"yoast-schema-graph\">{\"@context\":\"https:\/\/schema.org\",\"@graph\":[{\"@type\":\"WebPage\",\"@id\":\"https:\/\/www.fiorentini-iberia.com\/pt\/especialistas\/hidrogenio\/straubing\/\",\"url\":\"https:\/\/www.fiorentini-iberia.com\/pt\/especialistas\/hidrogenio\/straubing\/\",\"name\":\"STRAUBING - Pietro Fiorentini\",\"isPartOf\":{\"@id\":\"https:\/\/www.fiorentini-iberia.com\/pt\/#website\"},\"primaryImageOfPage\":{\"@id\":\"https:\/\/www.fiorentini-iberia.com\/pt\/especialistas\/hidrogenio\/straubing\/#primaryimage\"},\"image\":{\"@id\":\"https:\/\/www.fiorentini-iberia.com\/pt\/especialistas\/hidrogenio\/straubing\/#primaryimage\"},\"thumbnailUrl\":\"https:\/\/www.fiorentini-iberia.com\/wp-content\/uploads\/2024\/03\/MicroPyrosBioEnerTecHyterBiokompPietroFiorentini_BiomethanationPlantStraubing.png\",\"datePublished\":\"2024-03-14T23:15:32+00:00\",\"dateModified\":\"2024-03-15T18:01:55+00:00\",\"description\":\"As rainhas das energias renov\u00e1veis conquistam a Alemanha: arrancam os trabalhos na central piloto de Straubing.\",\"breadcrumb\":{\"@id\":\"https:\/\/www.fiorentini-iberia.com\/pt\/especialistas\/hidrogenio\/straubing\/#breadcrumb\"},\"inLanguage\":\"pt-PTD\",\"potentialAction\":[{\"@type\":\"ReadAction\",\"target\":[\"https:\/\/www.fiorentini-iberia.com\/pt\/especialistas\/hidrogenio\/straubing\/\"]}]},{\"@type\":\"ImageObject\",\"inLanguage\":\"pt-PTD\",\"@id\":\"https:\/\/www.fiorentini-iberia.com\/pt\/especialistas\/hidrogenio\/straubing\/#primaryimage\",\"url\":\"https:\/\/www.fiorentini-iberia.com\/wp-content\/uploads\/2024\/03\/MicroPyrosBioEnerTecHyterBiokompPietroFiorentini_BiomethanationPlantStraubing.png\",\"contentUrl\":\"https:\/\/www.fiorentini-iberia.com\/wp-content\/uploads\/2024\/03\/MicroPyrosBioEnerTecHyterBiokompPietroFiorentini_BiomethanationPlantStraubing.png\"},{\"@type\":\"BreadcrumbList\",\"@id\":\"https:\/\/www.fiorentini-iberia.com\/pt\/especialistas\/hidrogenio\/straubing\/#breadcrumb\",\"itemListElement\":[{\"@type\":\"ListItem\",\"position\":1,\"name\":\"Home\",\"item\":\"https:\/\/www.fiorentini-iberia.com\/pt\/\"},{\"@type\":\"ListItem\",\"position\":2,\"name\":\"Especialistas\",\"item\":\"https:\/\/www.fiorentini-iberia.com\/pt\/especialistas\/\"},{\"@type\":\"ListItem\",\"position\":3,\"name\":\"Hidrog\u00e9nio\",\"item\":\"https:\/\/www.fiorentini-iberia.com\/pt\/especialistas\/hidrogenio\/\"},{\"@type\":\"ListItem\",\"position\":4,\"name\":\"STRAUBING\"}]},{\"@type\":\"WebSite\",\"@id\":\"https:\/\/www.fiorentini-iberia.com\/pt\/#website\",\"url\":\"https:\/\/www.fiorentini-iberia.com\/pt\/\",\"name\":\"Pietro Fiorentini Iberia\",\"description\":\"Pietro Fiorentini dise\u00f1a y fabrica componentes, sistemas y servicios para la regulaci\u00f3n, medici\u00f3n, gesti\u00f3n de redes de agua, energ\u00edas renovables, petr\u00f3leo y el gas natural, con sistemas adaptados 100% al hidr\u00f3geno.\",\"publisher\":{\"@id\":\"https:\/\/www.fiorentini-iberia.com\/pt\/#organization\"},\"potentialAction\":[{\"@type\":\"SearchAction\",\"target\":{\"@type\":\"EntryPoint\",\"urlTemplate\":\"https:\/\/www.fiorentini-iberia.com\/pt\/?s={search_term_string}\"},\"query-input\":{\"@type\":\"PropertyValueSpecification\",\"valueRequired\":true,\"valueName\":\"search_term_string\"}}],\"inLanguage\":\"pt-PTD\"},{\"@type\":\"Organization\",\"@id\":\"https:\/\/www.fiorentini-iberia.com\/pt\/#organization\",\"name\":\"Pietro Fiorentini Iberia\",\"url\":\"https:\/\/www.fiorentini-iberia.com\/pt\/\",\"logo\":{\"@type\":\"ImageObject\",\"inLanguage\":\"pt-PTD\",\"@id\":\"https:\/\/www.fiorentini-iberia.com\/pt\/#\/schema\/logo\/image\/\",\"url\":\"https:\/\/www.fiorentini-iberia.com\/wp-content\/uploads\/2020\/11\/logo.svg\",\"contentUrl\":\"https:\/\/www.fiorentini-iberia.com\/wp-content\/uploads\/2020\/11\/logo.svg\",\"width\":227,\"height\":59,\"caption\":\"Pietro Fiorentini Iberia\"},\"image\":{\"@id\":\"https:\/\/www.fiorentini-iberia.com\/pt\/#\/schema\/logo\/image\/\"},\"sameAs\":[\"https:\/\/x.com\/FiorentiniSpa\",\"https:\/\/www.linkedin.com\/company\/pietro-fiorentini-iberia\/\"]}]}<\/script>\n<!-- \/ Yoast SEO plugin. -->","yoast_head_json":{"title":"STRAUBING - Pietro Fiorentini","description":"As rainhas das energias renov\u00e1veis conquistam a Alemanha: arrancam os trabalhos na central piloto de Straubing.","robots":{"index":"index","follow":"follow","max-snippet":"max-snippet:-1","max-image-preview":"max-image-preview:large","max-video-preview":"max-video-preview:-1"},"canonical":"https:\/\/www.fiorentini-iberia.com\/pt\/especialistas\/hidrogenio\/straubing\/","og_locale":"pt_PT","og_type":"article","og_title":"STRAUBING - Pietro Fiorentini","og_description":"As rainhas das energias renov\u00e1veis conquistam a Alemanha: arrancam os trabalhos na central piloto de Straubing.","og_url":"https:\/\/www.fiorentini-iberia.com\/pt\/especialistas\/hidrogenio\/straubing\/","og_site_name":"Pietro Fiorentini","article_modified_time":"2024-03-15T18:01:55+00:00","og_image":[{"url":"https:\/\/www.fiorentini-iberia.com\/wp-content\/uploads\/2024\/03\/MicroPyrosBioEnerTecHyterBiokompPietroFiorentini_BiomethanationPlantStraubing.png","type":"","width":"","height":""}],"twitter_card":"summary_large_image","twitter_site":"@FiorentiniSpa","twitter_misc":{"Est. reading time":"2 minutes"},"schema":{"@context":"https:\/\/schema.org","@graph":[{"@type":"WebPage","@id":"https:\/\/www.fiorentini-iberia.com\/pt\/especialistas\/hidrogenio\/straubing\/","url":"https:\/\/www.fiorentini-iberia.com\/pt\/especialistas\/hidrogenio\/straubing\/","name":"STRAUBING - Pietro Fiorentini","isPartOf":{"@id":"https:\/\/www.fiorentini-iberia.com\/pt\/#website"},"primaryImageOfPage":{"@id":"https:\/\/www.fiorentini-iberia.com\/pt\/especialistas\/hidrogenio\/straubing\/#primaryimage"},"image":{"@id":"https:\/\/www.fiorentini-iberia.com\/pt\/especialistas\/hidrogenio\/straubing\/#primaryimage"},"thumbnailUrl":"https:\/\/www.fiorentini-iberia.com\/wp-content\/uploads\/2024\/03\/MicroPyrosBioEnerTecHyterBiokompPietroFiorentini_BiomethanationPlantStraubing.png","datePublished":"2024-03-14T23:15:32+00:00","dateModified":"2024-03-15T18:01:55+00:00","description":"As rainhas das energias renov\u00e1veis conquistam a Alemanha: arrancam os trabalhos na central piloto de Straubing.","breadcrumb":{"@id":"https:\/\/www.fiorentini-iberia.com\/pt\/especialistas\/hidrogenio\/straubing\/#breadcrumb"},"inLanguage":"pt-PTD","potentialAction":[{"@type":"ReadAction","target":["https:\/\/www.fiorentini-iberia.com\/pt\/especialistas\/hidrogenio\/straubing\/"]}]},{"@type":"ImageObject","inLanguage":"pt-PTD","@id":"https:\/\/www.fiorentini-iberia.com\/pt\/especialistas\/hidrogenio\/straubing\/#primaryimage","url":"https:\/\/www.fiorentini-iberia.com\/wp-content\/uploads\/2024\/03\/MicroPyrosBioEnerTecHyterBiokompPietroFiorentini_BiomethanationPlantStraubing.png","contentUrl":"https:\/\/www.fiorentini-iberia.com\/wp-content\/uploads\/2024\/03\/MicroPyrosBioEnerTecHyterBiokompPietroFiorentini_BiomethanationPlantStraubing.png"},{"@type":"BreadcrumbList","@id":"https:\/\/www.fiorentini-iberia.com\/pt\/especialistas\/hidrogenio\/straubing\/#breadcrumb","itemListElement":[{"@type":"ListItem","position":1,"name":"Home","item":"https:\/\/www.fiorentini-iberia.com\/pt\/"},{"@type":"ListItem","position":2,"name":"Especialistas","item":"https:\/\/www.fiorentini-iberia.com\/pt\/especialistas\/"},{"@type":"ListItem","position":3,"name":"Hidrog\u00e9nio","item":"https:\/\/www.fiorentini-iberia.com\/pt\/especialistas\/hidrogenio\/"},{"@type":"ListItem","position":4,"name":"STRAUBING"}]},{"@type":"WebSite","@id":"https:\/\/www.fiorentini-iberia.com\/pt\/#website","url":"https:\/\/www.fiorentini-iberia.com\/pt\/","name":"Pietro Fiorentini Iberia","description":"Pietro Fiorentini dise\u00f1a y fabrica componentes, sistemas y servicios para la regulaci\u00f3n, medici\u00f3n, gesti\u00f3n de redes de agua, energ\u00edas renovables, petr\u00f3leo y el gas natural, con sistemas adaptados 100% al hidr\u00f3geno.","publisher":{"@id":"https:\/\/www.fiorentini-iberia.com\/pt\/#organization"},"potentialAction":[{"@type":"SearchAction","target":{"@type":"EntryPoint","urlTemplate":"https:\/\/www.fiorentini-iberia.com\/pt\/?s={search_term_string}"},"query-input":{"@type":"PropertyValueSpecification","valueRequired":true,"valueName":"search_term_string"}}],"inLanguage":"pt-PTD"},{"@type":"Organization","@id":"https:\/\/www.fiorentini-iberia.com\/pt\/#organization","name":"Pietro Fiorentini Iberia","url":"https:\/\/www.fiorentini-iberia.com\/pt\/","logo":{"@type":"ImageObject","inLanguage":"pt-PTD","@id":"https:\/\/www.fiorentini-iberia.com\/pt\/#\/schema\/logo\/image\/","url":"https:\/\/www.fiorentini-iberia.com\/wp-content\/uploads\/2020\/11\/logo.svg","contentUrl":"https:\/\/www.fiorentini-iberia.com\/wp-content\/uploads\/2020\/11\/logo.svg","width":227,"height":59,"caption":"Pietro Fiorentini Iberia"},"image":{"@id":"https:\/\/www.fiorentini-iberia.com\/pt\/#\/schema\/logo\/image\/"},"sameAs":["https:\/\/x.com\/FiorentiniSpa","https:\/\/www.linkedin.com\/company\/pietro-fiorentini-iberia\/"]}]}},"_links":{"self":[{"href":"https:\/\/www.fiorentini-iberia.com\/pt\/wp-json\/wp\/v2\/pages\/50572","targetHints":{"allow":["GET"]}}],"collection":[{"href":"https:\/\/www.fiorentini-iberia.com\/pt\/wp-json\/wp\/v2\/pages"}],"about":[{"href":"https:\/\/www.fiorentini-iberia.com\/pt\/wp-json\/wp\/v2\/types\/page"}],"author":[{"embeddable":true,"href":"https:\/\/www.fiorentini-iberia.com\/pt\/wp-json\/wp\/v2\/users\/15"}],"replies":[{"embeddable":true,"href":"https:\/\/www.fiorentini-iberia.com\/pt\/wp-json\/wp\/v2\/comments?post=50572"}],"version-history":[{"count":1,"href":"https:\/\/www.fiorentini-iberia.com\/pt\/wp-json\/wp\/v2\/pages\/50572\/revisions"}],"predecessor-version":[{"id":50574,"href":"https:\/\/www.fiorentini-iberia.com\/pt\/wp-json\/wp\/v2\/pages\/50572\/revisions\/50574"}],"up":[{"embeddable":true,"href":"https:\/\/www.fiorentini-iberia.com\/pt\/wp-json\/wp\/v2\/pages\/48278"}],"wp:attachment":[{"href":"https:\/\/www.fiorentini-iberia.com\/pt\/wp-json\/wp\/v2\/media?parent=50572"}],"curies":[{"name":"wp","href":"https:\/\/api.w.org\/{rel}","templated":true}]}}